{"id":996,"date":"2023-07-18T08:36:35","date_gmt":"2023-07-18T06:36:35","guid":{"rendered":"http:\/\/cuno-berufskolleg.de\/?page_id=996"},"modified":"2024-03-11T10:20:10","modified_gmt":"2024-03-11T09:20:10","slug":"aubsildungsvorbereitung","status":"publish","type":"page","link":"https:\/\/cuno-berufskolleg.de\/en\/aubsildungsvorbereitung\/","title":{"rendered":"Ausbildungsvorbereitung"},"content":{"rendered":"<div data-elementor-type=\"wp-page\" data-elementor-id=\"996\" class=\"elementor elementor-996\" data-elementor-post-type=\"page\">\n\t\t\t\t\t\t<section class=\"elementor-section elementor-top-section elementor-element elementor-element-73dfda16 elementor-section-boxed elementor-section-height-default elementor-section-height-default\" data-id=\"73dfda16\" data-element_type=\"section\" data-e-type=\"section\">\n\t\t\t\t\t\t<div class=\"elementor-container elementor-column-gap-default\">\n\t\t\t\t\t<div class=\"elementor-column elementor-col-100 elementor-top-column elementor-element elementor-element-69d533fe\" data-id=\"69d533fe\" data-element_type=\"column\" data-e-type=\"column\">\n\t\t\t<div class=\"elementor-widget-wrap elementor-element-populated\">\n\t\t\t\t\t\t<div class=\"elementor-element elementor-element-44db16d7 elementor-widget elementor-widget-text-editor\" data-id=\"44db16d7\" data-element_type=\"widget\" data-e-type=\"widget\" data-widget_type=\"text-editor.default\">\n\t\t\t\t<div class=\"elementor-widget-container\">\n\t\t\t\t\t\t\t\t\t<div id=\"c318\" class=\"csc-frame csc-frame-default\"><p class=\"bodytext\"><b>Ansprechpartner:<\/b> <a href=\"http:\/\/cuno-berufskolleg.de\/en\/intern\/frau-schaefer-roth\/\">Frau Sch\u00e4fer-Roth<\/a><br \/><b>Bereichsleiter:<\/b>\u00a0<a href=\"http:\/\/cuno-berufskolleg.de\/en\/intern\/herr-stegemann\/\">Herr Stegemann<\/a><\/p><\/div><div id=\"c319\" class=\"csc-frame csc-frame-default\"><div class=\"csc-header csc-header-n2\"><h4>Fachrichtungen<\/h4><\/div><p class=\"bodytext\">Metalltechnik; Elektrotechnik\u00a0\u00a0 (<a href=\"http:\/\/www.schueleranmeldung.de\" target=\"_blank\" rel=\"noopener\">Anmeldung \u00fcber &#8220;sch\u00fcler online&#8221;<\/a>)<\/p><\/div><div id=\"c320\" class=\"csc-frame csc-frame-default\"><div class=\"csc-header csc-header-n3\"><h4>Aufgabe und Ziel<\/h4><\/div><p class=\"bodytext\">Die Ausbildungsvorbereitung vermittelt berufliche Kenntnisse und Fertigkeiten in den oben genannten Berufsfeldern und erm\u00f6glicht den Erwerb des Ersten Schulabschluss (nach Klasse 9, vormals Hauptschulabschluss).<\/p><\/div><div id=\"c321\" class=\"csc-frame csc-frame-default\"><div class=\"csc-header csc-header-n4\"><h4>Voraussetzungen<\/h4><\/div><p class=\"bodytext\">Das Bildungsangebot dieser Klasse richtet sich an Jugendliche, denen es nach Erf\u00fcllung ihrer Vollzeitschulpflicht nicht gelungen ist, in ein Ausbildungsverh\u00e4ltnis einzutreten. In die Klassen der Ausbildungsvorbereitung wird auch aufgenommen, wer sich in einem sozialversicherungspflichtigen Arbeitsverh\u00e4ltnis befindet oder wer zur Vorbereitung auf eine Berufsausbildung an einer berufsvorbereitenden Ma\u00dfnahme teilnimmt.<\/p><\/div><div id=\"c322\" class=\"csc-frame csc-frame-default\"><div class=\"csc-header csc-header-n5\"><h4>Organisation und Unterricht<\/h4><\/div><p class=\"bodytext\">Berufsfeldbezogener Lernbereich: ca. 30 Unterrichtsstunden<br \/>Berufs\u00fcbergreifender Bereich: ca. 5 Unterrichtsstunden<\/p><\/div><div id=\"c323\" class=\"csc-frame csc-frame-default\"><div class=\"csc-header csc-header-n6\"><h4>Pr\u00fcfung \/ Abschluss<\/h4><\/div><p class=\"bodytext\">Die Sch\u00fclerinnen und Sch\u00fcler erhalten nach einem Jahr ein Abschlusszeugnis, wenn die Leistungsanforderungen erf\u00fcllt sind. Bei einem erfolgreichen Besuch dieser Klasse ist der Erwerb des Hauptschulabschlusses unter bestimmtem Voraussetzungen m\u00f6glich.<\/p><\/div><div id=\"c324\" class=\"csc-frame csc-frame-default\"><div class=\"csc-header csc-header-n7\"><h4>Perspektiven \/ Weiterbildung<\/h4><\/div><div><p class=\"bodytext\">Besuch der Berufsfachschule<br \/>Berufsausbildung<\/p><\/div><\/div>\t\t\t\t\t\t\t\t<\/div>\n\t\t\t\t<\/div>\n\t\t\t\t\t<\/div>\n\t\t<\/div>\n\t\t\t\t\t<\/div>\n\t\t<\/section>\n\t\t\t\t<\/div>","protected":false},"excerpt":{"rendered":"<p>Ansprechpartner: Frau Sch\u00e4fer-RothBereichsleiter:\u00a0Herr Stegemann Fachrichtungen Metalltechnik; Elektrotechnik\u00a0\u00a0 (Anmeldung \u00fcber &#8220;sch\u00fcler online&#8221;) Aufgabe und Ziel Die Ausbildungsvorbereitung vermittelt berufliche Kenntnisse und Fertigkeiten in den oben genannten Berufsfeldern und erm\u00f6glicht den Erwerb des Ersten Schulabschluss (nach Klasse 9, vormals Hauptschulabschluss). Voraussetzungen Das Bildungsangebot dieser Klasse richtet sich an Jugendliche, denen es nach Erf\u00fcllung ihrer Vollzeitschulpflicht nicht gelungen [&hellip;]<\/p>\n","protected":false},"author":1,"featured_media":0,"parent":0,"menu_order":0,"comment_status":"closed","ping_status":"closed","template":"","meta":{"footnotes":""},"class_list":["post-996","page","type-page","status-publish","hentry"],"publishpress_future_action":{"enabled":false,"date":"2026-04-12 04:08:06","action":"change-status","newStatus":"draft","terms":[],"taxonomy":"","extraData":[]},"publishpress_future_workflow_manual_trigger":{"enabledWorkflows":[]},"_links":{"self":[{"href":"https:\/\/cuno-berufskolleg.de\/en\/wp-json\/wp\/v2\/pages\/996","targetHints":{"allow":["GET"]}}],"collection":[{"href":"https:\/\/cuno-berufskolleg.de\/en\/wp-json\/wp\/v2\/pages"}],"about":[{"href":"https:\/\/cuno-berufskolleg.de\/en\/wp-json\/wp\/v2\/types\/page"}],"author":[{"embeddable":true,"href":"https:\/\/cuno-berufskolleg.de\/en\/wp-json\/wp\/v2\/users\/1"}],"replies":[{"embeddable":true,"href":"https:\/\/cuno-berufskolleg.de\/en\/wp-json\/wp\/v2\/comments?post=996"}],"version-history":[{"count":5,"href":"https:\/\/cuno-berufskolleg.de\/en\/wp-json\/wp\/v2\/pages\/996\/revisions"}],"predecessor-version":[{"id":4198,"href":"https:\/\/cuno-berufskolleg.de\/en\/wp-json\/wp\/v2\/pages\/996\/revisions\/4198"}],"wp:attachment":[{"href":"https:\/\/cuno-berufskolleg.de\/en\/wp-json\/wp\/v2\/media?parent=996"}],"curies":[{"name":"wp","href":"https:\/\/api.w.org\/{rel}","templated":true}]}}