{"id":55,"date":"2023-06-29T09:59:44","date_gmt":"2023-06-29T07:59:44","guid":{"rendered":"http:\/\/cuno-berufskolleg.de\/?page_id=55"},"modified":"2023-08-29T15:33:38","modified_gmt":"2023-08-29T13:33:38","slug":"schulsozialarbeit","status":"publish","type":"page","link":"https:\/\/cuno-berufskolleg.de\/en\/schulsozialarbeit\/","title":{"rendered":"School Social Work"},"content":{"rendered":"<div data-elementor-type=\"wp-page\" data-elementor-id=\"55\" class=\"elementor elementor-55\" data-elementor-post-type=\"page\">\n\t\t\t\t<div class=\"elementor-element elementor-element-05dfcd3 e-flex e-con-boxed e-con e-parent\" data-id=\"05dfcd3\" data-element_type=\"container\" data-e-type=\"container\">\n\t\t\t\t\t<div class=\"e-con-inner\">\n\t\t\t\t<div class=\"elementor-element elementor-element-45e61ef elementor-widget elementor-widget-text-editor\" data-id=\"45e61ef\" data-element_type=\"widget\" data-e-type=\"widget\" data-widget_type=\"text-editor.default\">\n\t\t\t\t<div class=\"elementor-widget-container\">\n\t\t\t\t\t\t\t\t\t<div id=\"c2246\" class=\"csc-frame csc-frame-default\">\n<div class=\"csc-header csc-header-n2\">\n<h4>Was ist Schulsozialarbeit und Schulp\u00e4dagogik?<\/h4>\n<\/div>\n<p class=\"bodytext\">Schulsozialarbeit \/-p\u00e4dagogik&nbsp;ist ein erg\u00e4nzendes Angebot der Jugendhilfe, um in der Schule, gemeinsam mit&nbsp; Lehrerinnen und Lehrern, Erziehungsberechtigten und anderen Netzwerkpartnern, junge Menschen in ihrer individuellen, sozialen, schulischen und beruflichen Entwicklung zu f\u00f6rdern, Bildungsbenachteiligung und Krisensituationen zu vermeiden und bzw. oder abzubauen als auch in der Erziehung und dem erzieherischen Kinder- und Jugendschutz zu beraten und zu unterst\u00fctzen.<\/p>\n<p class=\"bodytext\">Ihre Schwerpunkte finden sich in der Einzelfallhilfe und in der sozialen\/p\u00e4dagogischen Gruppenarbeit, der Krisenintervention und der Pr\u00e4ventionsarbeit und verstehen sich als erg\u00e4nzende, ineinander \u00fcbergehende Methoden.<\/p>\n<p class=\"bodytext\">\n<\/p><\/div>\n<div id=\"c2244\" class=\"csc-frame csc-frame-default\">\n<div class=\"csc-header csc-header-n3\">\n<h4>Ansprechpartnerin<\/h4>\n<\/div>\n<p class=\"bodytext\"><strong>Heike Hansen<\/strong><br>Dipl.\u2013Soz.\u2013p\u00e4d. und staatl. anerk. Heilp\u00e4dagogin<\/p>\n<p><em>Kontakt:<\/em><br>Tel:&nbsp;&nbsp;&nbsp;&nbsp;&nbsp; 02331 207-5471<br>E-Mail:&nbsp;<a href=\"mailto:hansen@cuno1.de\">hansen(at)cuno1.de<\/a><\/p>\n<p class=\"bodytext\"><em>erreichbar:<\/em><br>montags &#8211; donnerstags:&nbsp;&nbsp; 07:00 \u2013 14:00 Uhr<br>freitags: &nbsp; 07:00 \u2013 13:00 Uhr<br>und nach Vereinbarung<\/p>\n<\/div>\n<div id=\"c2242\" class=\"csc-frame csc-frame-default\">\n<div class=\"csc-header csc-header-n4\">\n<h4>Schulsozialarbeit\/-p\u00e4dagogik am Cuno-Berufskolleg I &#8230;<\/h4>\n<\/div>\n<p class=\"bodytext\">&#8230; bietet Unterst\u00fctzung und Beratung in den Bereichen:<\/p>\n<\/div>\n<div id=\"c2240\" class=\"csc-frame csc-frame-default\">\n<p class=\"bodytext\"><b>Berufswegplanung<\/b><br>&nbsp; &#8211;&nbsp;&nbsp;&nbsp; im Berufsfindungsprozess<br>&nbsp; &#8211;&nbsp;&nbsp;&nbsp; in der Berufsorientierung -planung<br>&nbsp; &#8211;&nbsp;&nbsp;&nbsp; im \u00dcbergang Schule \u2013Beruf<br>&nbsp; &#8211;&nbsp;&nbsp;&nbsp; im schulischen Alltag<br>&nbsp; &#8211;&nbsp;&nbsp;&nbsp; im Bewerberverfahren (Bewerbertraining)<br>&nbsp;durch<br>&nbsp; &#8211;&nbsp;&nbsp;&nbsp; Kooperation mit Netzwerkpartnern ( Betriebe, Schulen, AfA, Bildungseinrichtungen u. a. Institutionen)<br>&nbsp; &#8211;&nbsp;&nbsp;&nbsp; Zusammenarbeit mit Eltern und LehrerInnen<br>&nbsp; &#8211;&nbsp;&nbsp;&nbsp; Sozialtraining im Klassenverband<br>&nbsp; &#8211;&nbsp;&nbsp;&nbsp; gruppenp\u00e4dagogische. Angebote\/themenzentrierte Projekte<br>&nbsp; &#8211;&nbsp;&nbsp;&nbsp; individuelle Hilfen<\/p>\n<p class=\"bodytext\"><b>Lebenswegplanung<\/b><br>&nbsp; &#8211;&nbsp;&nbsp;&nbsp; in besonderen u.\/o. schwierigen Lebenssituationen<br>&nbsp; &#8211;&nbsp;&nbsp;&nbsp; in allgemeinen Lebensfragen<br>&nbsp; &#8211;&nbsp;&nbsp;&nbsp; im schulischen Alltag<br>&nbsp;durch<br>&nbsp; &#8211;&nbsp;&nbsp;&nbsp; Zusammenarbeit mit Lehrern und Eltern<br>&nbsp; &#8211;&nbsp;&nbsp;&nbsp; Kooperation mit Netzwerkpartner ( Fachdienste des Jugendamtes, Familienhilfe, Beratungsstellen etc.)<br>&nbsp; &#8211;&nbsp;&nbsp;&nbsp; Krisenintervention<br>&nbsp; &#8211;&nbsp;&nbsp;&nbsp; Sozialtraining<br>&nbsp; &#8211;&nbsp;&nbsp;&nbsp; gruppenp\u00e4dagogische. Angebote\/themenzentrierte Projekte<br>&nbsp; &#8211;&nbsp;&nbsp;&nbsp; Einzelfallhilfe<\/p>\n<p class=\"bodytext\"><b>Bildungs- und Teilhabepaket (BUT)<\/b><br>&nbsp; &#8211;&nbsp;&nbsp;&nbsp; Beantragung von Mitteln zur Lernf\u00f6rderung, zu Schulausfl\u00fcgen und mehrt\u00e4gigen Fahrten und zur Teilhabe am sozialen und kulturellem Leben,<\/p>\n<p class=\"bodytext\"><b>Internationale F\u00f6rderklassen<\/b><br>&nbsp; &#8211;&nbsp;&nbsp;&nbsp; Eingliederungsunterst\u00fctzung der jungen Menschen mit Migrationshintergrund<br>&nbsp;&nbsp;&nbsp;&nbsp;&nbsp;&nbsp; ( Anerkennung des Schul- Bildungsabschlusses u. o. aufgef\u00fchrten Hilfen)<\/p>\n<\/div>\t\t\t\t\t\t\t\t<\/div>\n\t\t\t\t<\/div>\n\t\t\t\t\t<\/div>\n\t\t\t\t<\/div>\n\t\t\t\t<\/div>","protected":false},"excerpt":{"rendered":"<p>Was ist Schulsozialarbeit und Schulp\u00e4dagogik? Schulsozialarbeit \/-p\u00e4dagogik&nbsp;ist ein erg\u00e4nzendes Angebot der Jugendhilfe, um in der Schule, gemeinsam mit&nbsp; Lehrerinnen und Lehrern, Erziehungsberechtigten und anderen Netzwerkpartnern, junge Menschen in ihrer individuellen, sozialen, schulischen und beruflichen Entwicklung zu f\u00f6rdern, Bildungsbenachteiligung und Krisensituationen zu vermeiden und bzw. oder abzubauen als auch in der Erziehung und dem erzieherischen Kinder- [&hellip;]<\/p>\n","protected":false},"author":1,"featured_media":0,"parent":0,"menu_order":0,"comment_status":"closed","ping_status":"closed","template":"","meta":{"footnotes":""},"class_list":["post-55","page","type-page","status-publish","hentry"],"publishpress_future_action":{"enabled":false,"date":"2026-05-01 18:31:57","action":"change-status","newStatus":"draft","terms":[],"taxonomy":"","extraData":[]},"publishpress_future_workflow_manual_trigger":{"enabledWorkflows":[]},"_links":{"self":[{"href":"https:\/\/cuno-berufskolleg.de\/en\/wp-json\/wp\/v2\/pages\/55","targetHints":{"allow":["GET"]}}],"collection":[{"href":"https:\/\/cuno-berufskolleg.de\/en\/wp-json\/wp\/v2\/pages"}],"about":[{"href":"https:\/\/cuno-berufskolleg.de\/en\/wp-json\/wp\/v2\/types\/page"}],"author":[{"embeddable":true,"href":"https:\/\/cuno-berufskolleg.de\/en\/wp-json\/wp\/v2\/users\/1"}],"replies":[{"embeddable":true,"href":"https:\/\/cuno-berufskolleg.de\/en\/wp-json\/wp\/v2\/comments?post=55"}],"version-history":[{"count":0,"href":"https:\/\/cuno-berufskolleg.de\/en\/wp-json\/wp\/v2\/pages\/55\/revisions"}],"wp:attachment":[{"href":"https:\/\/cuno-berufskolleg.de\/en\/wp-json\/wp\/v2\/media?parent=55"}],"curies":[{"name":"wp","href":"https:\/\/api.w.org\/{rel}","templated":true}]}}