{"id":53,"date":"2023-06-29T09:59:31","date_gmt":"2023-06-29T07:59:31","guid":{"rendered":"http:\/\/cuno-berufskolleg.de\/?page_id=53"},"modified":"2025-07-11T08:40:09","modified_gmt":"2025-07-11T06:40:09","slug":"foerderverein","status":"publish","type":"page","link":"https:\/\/cuno-berufskolleg.de\/en\/foerderverein\/","title":{"rendered":"Support association"},"content":{"rendered":"<div data-elementor-type=\"wp-page\" data-elementor-id=\"53\" class=\"elementor elementor-53\" data-elementor-post-type=\"page\">\n\t\t\t\t<div class=\"elementor-element elementor-element-54bf26c e-flex e-con-boxed e-con e-parent\" data-id=\"54bf26c\" data-element_type=\"container\" data-e-type=\"container\">\n\t\t\t\t\t<div class=\"e-con-inner\">\n\t\t\t\t<div class=\"elementor-element elementor-element-a4625aa elementor-widget elementor-widget-text-editor\" data-id=\"a4625aa\" data-element_type=\"widget\" data-e-type=\"widget\" data-widget_type=\"text-editor.default\">\n\t\t\t\t<div class=\"elementor-widget-container\">\n\t\t\t\t\t\t\t\t\t<div id=\"c1493\" class=\"csc-frame csc-frame-default\"><div class=\"csc-header csc-header-n1\"><h3>Ziele und Aufgaben des F\u00f6rdervereins<\/h3><\/div><\/div><div id=\"c1491\" class=\"csc-frame csc-frame-default\"><p class=\"bodytext\">Der Verein f\u00fchrt den Namen &#8220;<b>Verein der Freunde und F\u00f6rderer technologischer Innovation am Cuno-Berufskolleg I, Hagen e.V.<\/b>&#8220;, im nachfolgenden &#8220;F\u00f6rderverein&#8221; genannt. Er ist in das Vereinsregister eingetragen und tr\u00e4gt den Zusatz &#8220;e.V.&#8221;.<\/p><\/div><div id=\"c1489\" class=\"csc-frame csc-frame-default\">Der F\u00f6rderverein verfolgt ausschlie\u00dflich und unmittelbar gemeinn\u00fctzige Zwecke im Sinne des Abschnitts &#8220;Steuerbeg\u00fcnstigte Zwecke&#8221; der Abgabenordnung. Der Satzungszweck wird insbesondere verwirklicht durch:<\/div><div id=\"c1485\" class=\"csc-frame csc-frame-default\"><ul class=\"ce-bullets ce-bullets-0\"><li>Schaffung enger berufsbezogener und wirtschaftsnaher Verbindung zwischen dem Cuno-Berufskolleg I und allen mit der Berufsausbildung beauftragten sowie an der Berufsbildung interessierten \u00f6ffentlichen Institutionen<\/li><li>F\u00f6rderung und Unterst\u00fctzung beruflicher Aus- und Fortbildung durch Berufsqualifizierende Lehrg\u00e4nge<\/li><li>Ma\u00dfnahme innovativen Technologietransfers<\/li><li>F\u00f6rderung und Unterst\u00fctzung des Berufsauftrages am Cuno-Berufskolleg I<\/li><li>Unterst\u00fctzung und Intensivierung der \u00d6ffentlichkeitsarbeit zur Verdeutlichung der Bildungsarbeit<\/li><li><p>F\u00f6rderung des kulturellen Lebens und der kulturellen Atmosph\u00e4re des Berufskollegs<\/p><\/li><\/ul><\/div><div id=\"c1483\" class=\"csc-frame csc-frame-default\"><p>Der F\u00f6rderverein stellt die wichtigsten Informationen zum Cuno-Berufskolleg I f\u00fcr das aktuelle Schuljahr auf einem \u00fcbersichtlichen Informationsblatt zusammen.<\/p><p class=\"csc-header csc-header-n6\">Hier k\u00f6nnen Sie sich den beliebten <a href=\"http:\/\/cuno-berufskolleg.de\/wp-content\/uploads\/2025\/07\/Flyer_cuno20252026.pdf\">Flyer der Schule<\/a> f\u00fcr das Schuljahr 2025\/2026 herunterladen.<\/p><h3>Mitgliedschaft<\/h3><p>Mitglieder des F\u00f6rdervereins k\u00f6nnen nat\u00fcrliche und juristische Personen werden, die an der F\u00f6rderung des Cuno-Berufskollegs I in Hagen interessiert sind. Die Mitgliedschaft ist schriftlich gegen\u00fcber dem Vereinsvorstand zu beantragen: <a href=\"http:\/\/cuno-berufskolleg.de\/en\/foerderverein-downloads\/\">Downloads<\/a><\/p><p>J\u00e4hrlich finden Mitgliederversammlungen statt. Die letzten Protokolle finden Sie hier: <a href=\"http:\/\/cuno-berufskolleg.de\/en\/foerderverein-downloads\/\">Downloads<\/a><\/p><\/div><div id=\"c1481\" class=\"csc-frame csc-frame-default\"><div class=\"csc-header csc-header-n7\"><h3>Die Satzung<\/h3><p>Hier finden Sie die komplette Satzung als PDF. <a class=\"download\" title=\"Initiates file download\" href=\"http:\/\/cuno-berufskolleg.de\/wp-content\/uploads\/2023\/07\/2016_04_16_FV_Satzung-1.pdf\">-&gt; Satzung<\/a><\/p><\/div><\/div>\t\t\t\t\t\t\t\t<\/div>\n\t\t\t\t<\/div>\n\t\t\t\t\t<\/div>\n\t\t\t\t<\/div>\n\t\t<div class=\"elementor-element elementor-element-76292ce e-flex e-con-boxed e-con e-parent\" data-id=\"76292ce\" data-element_type=\"container\" data-e-type=\"container\">\n\t\t\t\t\t<div class=\"e-con-inner\">\n\t\t\t\t<div class=\"elementor-element elementor-element-377b1fd elementor-widget elementor-widget-text-editor\" data-id=\"377b1fd\" data-element_type=\"widget\" data-e-type=\"widget\" data-widget_type=\"text-editor.default\">\n\t\t\t\t<div class=\"elementor-widget-container\">\n\t\t\t\t\t\t\t\t\t<div id=\"c1493\" class=\"csc-frame csc-frame-default\"><div class=\"csc-header csc-header-n1\"><h3>Partner companies<\/h3><\/div><\/div>\t\t\t\t\t\t\t\t<\/div>\n\t\t\t\t<\/div>\n\t\t\t\t\t<\/div>\n\t\t\t\t<\/div>\n\t\t<div class=\"elementor-element elementor-element-b8d1bc1 e-flex e-con-boxed e-con e-parent\" data-id=\"b8d1bc1\" data-element_type=\"container\" data-e-type=\"container\">\n\t\t\t\t\t<div class=\"e-con-inner\">\n\t\t<div class=\"elementor-element elementor-element-9af6c73 e-con-full e-flex e-con e-child\" data-id=\"9af6c73\" data-element_type=\"container\" data-e-type=\"container\">\n\t\t\t\t<div class=\"elementor-element elementor-element-894de55 elementor-widget elementor-widget-image\" data-id=\"894de55\" data-element_type=\"widget\" data-e-type=\"widget\" data-widget_type=\"image.default\">\n\t\t\t\t<div class=\"elementor-widget-container\">\n\t\t\t\t\t\t\t\t\t\t\t\t\t\t\t<img decoding=\"async\" width=\"147\" height=\"80\" src=\"https:\/\/cuno-berufskolleg.de\/wp-content\/uploads\/2023\/08\/csm_Logo_Boehme_und_Weihs_7c3d9ac3eb.png\" class=\"attachment-full size-full wp-image-1924\" alt=\"\" \/>\t\t\t\t\t\t\t\t\t\t\t\t\t\t\t<\/div>\n\t\t\t\t<\/div>\n\t\t\t\t<\/div>\n\t\t<div class=\"elementor-element elementor-element-22cb286 e-con-full e-flex e-con e-child\" data-id=\"22cb286\" data-element_type=\"container\" data-e-type=\"container\">\n\t\t\t\t<div class=\"elementor-element elementor-element-f44aceb elementor-widget elementor-widget-text-editor\" data-id=\"f44aceb\" data-element_type=\"widget\" data-e-type=\"widget\" data-widget_type=\"text-editor.default\">\n\t\t\t\t<div class=\"elementor-widget-container\">\n\t\t\t\t\t\t\t\t\t<p>B\u00f6hme und Weihs, Engelsfeld 9, 45549 Sprockh\u00f6vel<br \/>Ansprechpartner: Arno Peters,\u00a0<a href=\"mailto:info@boehme-weihs.de\">info(at)boehme-weihs.de<\/a><\/p>\t\t\t\t\t\t\t\t<\/div>\n\t\t\t\t<\/div>\n\t\t\t\t<\/div>\n\t\t\t\t\t<\/div>\n\t\t\t\t<\/div>\n\t\t<div class=\"elementor-element elementor-element-6606972 e-flex e-con-boxed e-con e-parent\" data-id=\"6606972\" data-element_type=\"container\" data-e-type=\"container\">\n\t\t\t\t\t<div class=\"e-con-inner\">\n\t\t\t\t<div class=\"elementor-element elementor-element-17c8df8 elementor-widget-divider--view-line elementor-widget elementor-widget-divider\" data-id=\"17c8df8\" data-element_type=\"widget\" data-e-type=\"widget\" data-widget_type=\"divider.default\">\n\t\t\t\t<div class=\"elementor-widget-container\">\n\t\t\t\t\t\t\t<div class=\"elementor-divider\">\n\t\t\t<span class=\"elementor-divider-separator\">\n\t\t\t\t\t\t<\/span>\n\t\t<\/div>\n\t\t\t\t\t\t<\/div>\n\t\t\t\t<\/div>\n\t\t\t\t\t<\/div>\n\t\t\t\t<\/div>\n\t\t<div class=\"elementor-element elementor-element-556a3e0 elementor-hidden-mobile e-flex e-con-boxed e-con e-parent\" data-id=\"556a3e0\" data-element_type=\"container\" data-e-type=\"container\">\n\t\t\t\t\t<div class=\"e-con-inner\">\n\t\t<div class=\"elementor-element elementor-element-112646c e-con-full e-flex e-con e-child\" data-id=\"112646c\" data-element_type=\"container\" data-e-type=\"container\">\n\t\t\t\t<div class=\"elementor-element elementor-element-7389866 elementor-widget elementor-widget-text-editor\" data-id=\"7389866\" data-element_type=\"widget\" data-e-type=\"widget\" data-widget_type=\"text-editor.default\">\n\t\t\t\t<div class=\"elementor-widget-container\">\n\t\t\t\t\t\t\t\t\t<p>CD W\u00e4lzholz GmbH, Feldm\u00fchlenstra\u00dfe 55, 58093 Hagen<br \/>Ansprechpartner: Marco Luciani,\u00a0<a href=\"mailto:bewerbung@waelzholz.com\">bewerbung(at)waelzholz.com<\/a><\/p>\t\t\t\t\t\t\t\t<\/div>\n\t\t\t\t<\/div>\n\t\t\t\t<\/div>\n\t\t<div class=\"elementor-element elementor-element-2acc609 e-con-full e-flex e-con e-child\" data-id=\"2acc609\" data-element_type=\"container\" data-e-type=\"container\">\n\t\t\t\t<div class=\"elementor-element elementor-element-673b1e7 elementor-widget elementor-widget-image\" data-id=\"673b1e7\" data-element_type=\"widget\" data-e-type=\"widget\" data-widget_type=\"image.default\">\n\t\t\t\t<div class=\"elementor-widget-container\">\n\t\t\t\t\t\t\t\t\t\t\t\t\t\t\t<img decoding=\"async\" width=\"145\" height=\"43\" src=\"https:\/\/cuno-berufskolleg.de\/wp-content\/uploads\/2023\/08\/csm_Logo_waelzholz_b6eaa050b0.jpg\" class=\"attachment-large size-large wp-image-1926\" alt=\"\" \/>\t\t\t\t\t\t\t\t\t\t\t\t\t\t\t<\/div>\n\t\t\t\t<\/div>\n\t\t\t\t<\/div>\n\t\t\t\t\t<\/div>\n\t\t\t\t<\/div>\n\t\t<div class=\"elementor-element elementor-element-f9abd47 e-flex e-con-boxed e-con e-parent\" data-id=\"f9abd47\" data-element_type=\"container\" data-e-type=\"container\">\n\t\t\t\t\t<div class=\"e-con-inner\">\n\t\t\t\t<div class=\"elementor-element elementor-element-959a119 elementor-widget-divider--view-line elementor-widget elementor-widget-divider\" data-id=\"959a119\" data-element_type=\"widget\" data-e-type=\"widget\" data-widget_type=\"divider.default\">\n\t\t\t\t<div class=\"elementor-widget-container\">\n\t\t\t\t\t\t\t<div class=\"elementor-divider\">\n\t\t\t<span class=\"elementor-divider-separator\">\n\t\t\t\t\t\t<\/span>\n\t\t<\/div>\n\t\t\t\t\t\t<\/div>\n\t\t\t\t<\/div>\n\t\t\t\t\t<\/div>\n\t\t\t\t<\/div>\n\t\t<div class=\"elementor-element elementor-element-7cbb07a e-flex e-con-boxed e-con e-parent\" data-id=\"7cbb07a\" data-element_type=\"container\" data-e-type=\"container\">\n\t\t\t\t\t<div class=\"e-con-inner\">\n\t\t<div class=\"elementor-element elementor-element-aae31e3 e-con-full e-flex e-con e-child\" data-id=\"aae31e3\" data-element_type=\"container\" data-e-type=\"container\">\n\t\t\t\t<div class=\"elementor-element elementor-element-0a133bb elementor-widget elementor-widget-image\" data-id=\"0a133bb\" data-element_type=\"widget\" data-e-type=\"widget\" data-widget_type=\"image.default\">\n\t\t\t\t<div class=\"elementor-widget-container\">\n\t\t\t\t\t\t\t\t\t\t\t\t\t\t\t<img decoding=\"async\" width=\"145\" height=\"31\" src=\"https:\/\/cuno-berufskolleg.de\/wp-content\/uploads\/2023\/08\/csm_Logo_KOSTAL_A1_cmyk_43b5621e99.png\" class=\"attachment-large size-large wp-image-1925\" alt=\"\" \/>\t\t\t\t\t\t\t\t\t\t\t\t\t\t\t<\/div>\n\t\t\t\t<\/div>\n\t\t\t\t<\/div>\n\t\t<div class=\"elementor-element elementor-element-cc8d5ad e-con-full e-flex e-con e-child\" data-id=\"cc8d5ad\" data-element_type=\"container\" data-e-type=\"container\">\n\t\t\t\t<div class=\"elementor-element elementor-element-ec98c85 elementor-widget elementor-widget-text-editor\" data-id=\"ec98c85\" data-element_type=\"widget\" data-e-type=\"widget\" data-widget_type=\"text-editor.default\">\n\t\t\t\t<div class=\"elementor-widget-container\">\n\t\t\t\t\t\t\t\t\t<p>Kostal Gruppe, Stammsitz: An der Bellmerei 10, 58513 L\u00fcdenscheid<br \/>Ansprechpartner: Peter Zeisberg,\u00a0<a href=\"mailto:p.zeisberg@kostal.com\">p.zeisberg(at)kostal.com<\/a><\/p>\t\t\t\t\t\t\t\t<\/div>\n\t\t\t\t<\/div>\n\t\t\t\t<\/div>\n\t\t\t\t\t<\/div>\n\t\t\t\t<\/div>\n\t\t\t\t<\/div>","protected":false},"excerpt":{"rendered":"<p>Ziele und Aufgaben des F\u00f6rdervereins Der Verein f\u00fchrt den Namen &#8220;Verein der Freunde und F\u00f6rderer technologischer Innovation am Cuno-Berufskolleg I, Hagen e.V.&#8220;, im nachfolgenden &#8220;F\u00f6rderverein&#8221; genannt. Er ist in das Vereinsregister eingetragen und tr\u00e4gt den Zusatz &#8220;e.V.&#8221;. Der F\u00f6rderverein verfolgt ausschlie\u00dflich und unmittelbar gemeinn\u00fctzige Zwecke im Sinne des Abschnitts &#8220;Steuerbeg\u00fcnstigte Zwecke&#8221; der Abgabenordnung. Der Satzungszweck [&hellip;]<\/p>\n","protected":false},"author":1,"featured_media":0,"parent":0,"menu_order":0,"comment_status":"closed","ping_status":"closed","template":"","meta":{"footnotes":""},"class_list":["post-53","page","type-page","status-publish","hentry"],"publishpress_future_action":{"enabled":false,"date":"2026-04-14 16:50:50","action":"change-status","newStatus":"draft","terms":[],"taxonomy":"","extraData":[]},"publishpress_future_workflow_manual_trigger":{"enabledWorkflows":[]},"_links":{"self":[{"href":"https:\/\/cuno-berufskolleg.de\/en\/wp-json\/wp\/v2\/pages\/53","targetHints":{"allow":["GET"]}}],"collection":[{"href":"https:\/\/cuno-berufskolleg.de\/en\/wp-json\/wp\/v2\/pages"}],"about":[{"href":"https:\/\/cuno-berufskolleg.de\/en\/wp-json\/wp\/v2\/types\/page"}],"author":[{"embeddable":true,"href":"https:\/\/cuno-berufskolleg.de\/en\/wp-json\/wp\/v2\/users\/1"}],"replies":[{"embeddable":true,"href":"https:\/\/cuno-berufskolleg.de\/en\/wp-json\/wp\/v2\/comments?post=53"}],"version-history":[{"count":5,"href":"https:\/\/cuno-berufskolleg.de\/en\/wp-json\/wp\/v2\/pages\/53\/revisions"}],"predecessor-version":[{"id":5548,"href":"https:\/\/cuno-berufskolleg.de\/en\/wp-json\/wp\/v2\/pages\/53\/revisions\/5548"}],"wp:attachment":[{"href":"https:\/\/cuno-berufskolleg.de\/en\/wp-json\/wp\/v2\/media?parent=53"}],"curies":[{"name":"wp","href":"https:\/\/api.w.org\/{rel}","templated":true}]}}