{"id":47,"date":"2023-06-29T09:58:53","date_gmt":"2023-06-29T07:58:53","guid":{"rendered":"http:\/\/cuno-berufskolleg.de\/?page_id=47"},"modified":"2025-09-24T14:26:32","modified_gmt":"2025-09-24T12:26:32","slug":"schuelervertretung","status":"publish","type":"page","link":"https:\/\/cuno-berufskolleg.de\/en\/schuelervertretung\/","title":{"rendered":"Student Council"},"content":{"rendered":"<div data-elementor-type=\"wp-page\" data-elementor-id=\"47\" class=\"elementor elementor-47\" data-elementor-post-type=\"page\">\n\t\t\t\t<div class=\"elementor-element elementor-element-078b6d5 e-flex e-con-boxed e-con e-parent\" data-id=\"078b6d5\" data-element_type=\"container\" data-e-type=\"container\">\n\t\t\t\t\t<div class=\"e-con-inner\">\n\t\t\t\t<div class=\"elementor-element elementor-element-7c41373 elementor-widget elementor-widget-text-editor\" data-id=\"7c41373\" data-element_type=\"widget\" data-e-type=\"widget\" data-widget_type=\"text-editor.default\">\n\t\t\t\t<div class=\"elementor-widget-container\">\n\t\t\t\t\t\t\t\t\t<div id=\"c1094\" class=\"csc-frame csc-frame-default\"><div class=\"csc-header csc-header-n1\"><h3>Schuljahr 2025\/2026<\/h3><\/div><\/div><div class=\"csc-header csc-header-n3\"><h4>Die Sch\u00fclervertretung (SV)<\/h4><\/div><p class=\"csc-textpic csc-textpic-center csc-textpic-below\">Am 17.09.2025 w\u00e4hlte der Sch\u00fclerrat (alle Klassensprecher*innen) die neue Sch\u00fclervertretung. Deren Aufgabe ist es, die Interessen der Sch\u00fcler*innen bei der Gestaltung der Bildungs- und Erziehungsarbeit zu vertreten und die fachlichen, kulturellen, sportlichen, politischen und sozialen Interessen der Sch\u00fcler*innen zu f\u00f6rdern.<\/p><p>Gew\u00e4hlt wurden:<\/p><p class=\"csc-textpic csc-textpic-center csc-textpic-below\">Sch\u00fclersprecherin: Malsbender, Emilie<\/p><p class=\"csc-textpic csc-textpic-center csc-textpic-below\">1. Stellvertreter: Beydogan, Ozan<\/p><p>2. Stellvertreter: Schr\u00f6der, Mirco<\/p><p><span style=\"color: var( --e-global-color-b8ee05b ); font-family: var( --e-global-typography-text-font-family ), Sans-serif; font-weight: var( --e-global-typography-text-font-weight ); text-align: var(--text-align); font-size: 1rem;\">3. SV-Mitglied: Milosevic, David<\/span><\/p><p>4. SV-Mitglied: Brigante, Amerigo<\/p><p>5. SV-Mitglied: Breddermann, Zoe<\/p><p>6. SV-Mitglied: Zeciri, Elion<\/p><p>7. SV-Mitglied: Kress, Kevin<\/p><p>8. SV-Mitglied: Ali, Hasan<\/p><p>9. SV-Mitglied: Beyer, Vicktor<\/p><p>Wer sich mit einem Anliegen an sie wenden m\u00f6chte, kann gerne eine E-Mail an <a href=\"\/en\/Malsbender.Emilie@cbk1.de\/\">Emilie Malsbender<\/a> senden.<\/p>\t\t\t\t\t\t\t\t<\/div>\n\t\t\t\t<\/div>\n\t\t\t\t\t<\/div>\n\t\t\t\t<\/div>\n\t\t<div class=\"elementor-element elementor-element-bc568c4 e-flex e-con-boxed e-con e-parent\" data-id=\"bc568c4\" data-element_type=\"container\" data-e-type=\"container\">\n\t\t\t\t\t<div class=\"e-con-inner\">\n\t\t\t\t<div class=\"elementor-element elementor-element-378b938 elementor-widget__width-initial elementor-widget elementor-widget-image\" data-id=\"378b938\" data-element_type=\"widget\" data-e-type=\"widget\" data-widget_type=\"image.default\">\n\t\t\t\t<div class=\"elementor-widget-container\">\n\t\t\t\t\t\t\t\t\t\t\t\t<figure class=\"wp-caption\">\n\t\t\t\t\t\t\t\t\t\t<img decoding=\"async\" src=\"https:\/\/cuno-berufskolleg.de\/wp-content\/uploads\/2025\/09\/SV_2025_2026-scaled.jpg\" title=\"SV_2025_2026\" alt=\"SV_2025_2026\" loading=\"lazy\" \/>\t\t\t\t\t\t\t\t\t\t\t<figcaption class=\"widget-image-caption wp-caption-text\">\u00a9 Foto | Steffie Supp<\/figcaption>\n\t\t\t\t\t\t\t\t\t\t<\/figure>\n\t\t\t\t\t\t\t\t\t<\/div>\n\t\t\t\t<\/div>\n\t\t\t\t\t<\/div>\n\t\t\t\t<\/div>\n\t\t<div class=\"elementor-element elementor-element-b319ea5 e-flex e-con-boxed e-con e-parent\" data-id=\"b319ea5\" data-element_type=\"container\" data-e-type=\"container\">\n\t\t\t\t\t<div class=\"e-con-inner\">\n\t\t\t\t<div class=\"elementor-element elementor-element-6f674eb elementor-widget elementor-widget-text-editor\" data-id=\"6f674eb\" data-element_type=\"widget\" data-e-type=\"widget\" data-widget_type=\"text-editor.default\">\n\t\t\t\t<div class=\"elementor-widget-container\">\n\t\t\t\t\t\t\t\t\t<p>Oben von links: David Milosevic, Amerigo Brigante, Zoe Breddermann, Mirco Schr\u00f6der, Emilie Malsbender, Vicktor Beyer<\/p><p>Unten von links: Kevin Kress, Ozan Beydogan, Elion Zeciri, Hasan Ali<\/p>\t\t\t\t\t\t\t\t<\/div>\n\t\t\t\t<\/div>\n\t\t\t\t\t<\/div>\n\t\t\t\t<\/div>\n\t\t<div class=\"elementor-element elementor-element-14e492d e-flex e-con-boxed e-con e-parent\" data-id=\"14e492d\" data-element_type=\"container\" data-e-type=\"container\">\n\t\t\t\t\t<div class=\"e-con-inner\">\n\t\t\t\t<div class=\"elementor-element elementor-element-d3ad112 elementor-widget elementor-widget-text-editor\" data-id=\"d3ad112\" data-element_type=\"widget\" data-e-type=\"widget\" data-widget_type=\"text-editor.default\">\n\t\t\t\t<div class=\"elementor-widget-container\">\n\t\t\t\t\t\t\t\t\t<div class=\"csc-header csc-header-n5\"><h4>Sprechzeiten der SV:<\/h4><\/div><p>Die Sch\u00fcler*innen stehen per E-Mail zur Verf\u00fcgung.<\/p>\t\t\t\t\t\t\t\t<\/div>\n\t\t\t\t<\/div>\n\t\t\t\t\t<\/div>\n\t\t\t\t<\/div>\n\t\t<div class=\"elementor-element elementor-element-cc0746b e-flex e-con-boxed e-con e-parent\" data-id=\"cc0746b\" data-element_type=\"container\" data-e-type=\"container\">\n\t\t\t\t\t<div class=\"e-con-inner\">\n\t\t\t\t<div class=\"elementor-element elementor-element-dc2adf5 elementor-widget elementor-widget-text-editor\" data-id=\"dc2adf5\" data-element_type=\"widget\" data-e-type=\"widget\" data-widget_type=\"text-editor.default\">\n\t\t\t\t<div class=\"elementor-widget-container\">\n\t\t\t\t\t\t\t\t\t<h4>Die SV-Verbindungslehrerin und -lehrer:<\/h4>\t\t\t\t\t\t\t\t<\/div>\n\t\t\t\t<\/div>\n\t\t\t\t\t<\/div>\n\t\t\t\t<\/div>\n\t\t<div class=\"elementor-element elementor-element-44a552c e-grid e-con-boxed e-con e-parent\" data-id=\"44a552c\" data-element_type=\"container\" data-e-type=\"container\">\n\t\t\t\t\t<div class=\"e-con-inner\">\n\t\t\t\t<div class=\"elementor-element elementor-element-71e92dd elementor-widget elementor-widget-image\" data-id=\"71e92dd\" data-element_type=\"widget\" data-e-type=\"widget\" data-widget_type=\"image.default\">\n\t\t\t\t<div class=\"elementor-widget-container\">\n\t\t\t\t\t\t\t\t\t\t\t\t<figure class=\"wp-caption\">\n\t\t\t\t\t\t\t\t\t\t<img decoding=\"async\" width=\"150\" height=\"150\" src=\"https:\/\/cuno-berufskolleg.de\/wp-content\/uploads\/2024\/11\/Peters-150x150.jpg\" class=\"attachment-thumbnail size-thumbnail wp-image-5137\" alt=\"\" \/>\t\t\t\t\t\t\t\t\t\t\t<figcaption class=\"widget-image-caption wp-caption-text\">Herr Peters<\/figcaption>\n\t\t\t\t\t\t\t\t\t\t<\/figure>\n\t\t\t\t\t\t\t\t\t<\/div>\n\t\t\t\t<\/div>\n\t\t\t\t<div class=\"elementor-element elementor-element-8f204f0 elementor-widget elementor-widget-image\" data-id=\"8f204f0\" data-element_type=\"widget\" data-e-type=\"widget\" data-widget_type=\"image.default\">\n\t\t\t\t<div class=\"elementor-widget-container\">\n\t\t\t\t\t\t\t\t\t\t\t\t<figure class=\"wp-caption\">\n\t\t\t\t\t\t\t\t\t\t<img decoding=\"async\" width=\"150\" height=\"150\" src=\"https:\/\/cuno-berufskolleg.de\/wp-content\/uploads\/2024\/11\/Eindorf-Evers-150x150.jpg\" class=\"attachment-thumbnail size-thumbnail wp-image-5138\" alt=\"\" \/>\t\t\t\t\t\t\t\t\t\t\t<figcaption class=\"widget-image-caption wp-caption-text\">Frau Eindorf-Evers<\/figcaption>\n\t\t\t\t\t\t\t\t\t\t<\/figure>\n\t\t\t\t\t\t\t\t\t<\/div>\n\t\t\t\t<\/div>\n\t\t\t\t<div class=\"elementor-element elementor-element-ba958dd elementor-widget elementor-widget-image\" data-id=\"ba958dd\" data-element_type=\"widget\" data-e-type=\"widget\" data-widget_type=\"image.default\">\n\t\t\t\t<div class=\"elementor-widget-container\">\n\t\t\t\t\t\t\t\t\t\t\t\t<figure class=\"wp-caption\">\n\t\t\t\t\t\t\t\t\t\t<img decoding=\"async\" width=\"150\" height=\"150\" src=\"https:\/\/cuno-berufskolleg.de\/wp-content\/uploads\/2024\/11\/Supp-150x150.jpg\" class=\"attachment-thumbnail size-thumbnail wp-image-5139\" alt=\"\" srcset=\"https:\/\/cuno-berufskolleg.de\/wp-content\/uploads\/2024\/11\/Supp-150x150.jpg 150w, https:\/\/cuno-berufskolleg.de\/wp-content\/uploads\/2024\/11\/Supp-11x12.jpg 11w\" sizes=\"(max-width: 150px) 100vw, 150px\" \/>\t\t\t\t\t\t\t\t\t\t\t<figcaption class=\"widget-image-caption wp-caption-text\">Frau Supp<\/figcaption>\n\t\t\t\t\t\t\t\t\t\t<\/figure>\n\t\t\t\t\t\t\t\t\t<\/div>\n\t\t\t\t<\/div>\n\t\t\t\t\t<\/div>\n\t\t\t\t<\/div>\n\t\t\t\t<\/div>","protected":false},"excerpt":{"rendered":"<p>Schuljahr 2025\/2026 Die Sch\u00fclervertretung (SV) Am 17.09.2025 w\u00e4hlte der Sch\u00fclerrat (alle Klassensprecher*innen) die neue Sch\u00fclervertretung. Deren Aufgabe ist es, die Interessen der Sch\u00fcler*innen bei der Gestaltung der Bildungs- und Erziehungsarbeit zu vertreten und die fachlichen, kulturellen, sportlichen, politischen und sozialen Interessen der Sch\u00fcler*innen zu f\u00f6rdern. Gew\u00e4hlt wurden: Sch\u00fclersprecherin: Malsbender, Emilie 1. Stellvertreter: Beydogan, Ozan 2. [&hellip;]<\/p>\n","protected":false},"author":1,"featured_media":0,"parent":0,"menu_order":0,"comment_status":"closed","ping_status":"closed","template":"","meta":{"footnotes":""},"class_list":["post-47","page","type-page","status-publish","hentry"],"publishpress_future_action":{"enabled":false,"date":"2026-04-18 12:34:15","action":"change-status","newStatus":"draft","terms":[],"taxonomy":"","extraData":[]},"publishpress_future_workflow_manual_trigger":{"enabledWorkflows":[]},"_links":{"self":[{"href":"https:\/\/cuno-berufskolleg.de\/en\/wp-json\/wp\/v2\/pages\/47","targetHints":{"allow":["GET"]}}],"collection":[{"href":"https:\/\/cuno-berufskolleg.de\/en\/wp-json\/wp\/v2\/pages"}],"about":[{"href":"https:\/\/cuno-berufskolleg.de\/en\/wp-json\/wp\/v2\/types\/page"}],"author":[{"embeddable":true,"href":"https:\/\/cuno-berufskolleg.de\/en\/wp-json\/wp\/v2\/users\/1"}],"replies":[{"embeddable":true,"href":"https:\/\/cuno-berufskolleg.de\/en\/wp-json\/wp\/v2\/comments?post=47"}],"version-history":[{"count":5,"href":"https:\/\/cuno-berufskolleg.de\/en\/wp-json\/wp\/v2\/pages\/47\/revisions"}],"predecessor-version":[{"id":5868,"href":"https:\/\/cuno-berufskolleg.de\/en\/wp-json\/wp\/v2\/pages\/47\/revisions\/5868"}],"wp:attachment":[{"href":"https:\/\/cuno-berufskolleg.de\/en\/wp-json\/wp\/v2\/media?parent=47"}],"curies":[{"name":"wp","href":"https:\/\/api.w.org\/{rel}","templated":true}]}}