{"id":4456,"date":"2024-03-12T11:31:54","date_gmt":"2024-03-12T10:31:54","guid":{"rendered":"http:\/\/cuno-berufskolleg.de\/?page_id=4456"},"modified":"2024-03-12T11:32:12","modified_gmt":"2024-03-12T10:32:12","slug":"herr-sander","status":"publish","type":"page","link":"https:\/\/cuno-berufskolleg.de\/en\/intern\/herr-sander\/","title":{"rendered":"Herr Sander"},"content":{"rendered":"<div data-elementor-type=\"wp-page\" data-elementor-id=\"4456\" class=\"elementor elementor-4456\" data-elementor-post-type=\"page\">\n\t\t\t\t<div class=\"elementor-element elementor-element-4f81850 e-grid e-con-boxed e-con e-parent\" data-id=\"4f81850\" data-element_type=\"container\" data-e-type=\"container\">\n\t\t\t\t\t<div class=\"e-con-inner\">\n\t\t\t\t<div class=\"elementor-element elementor-element-e5fa61c elementor-widget elementor-widget-text-editor\" data-id=\"e5fa61c\" data-element_type=\"widget\" data-e-type=\"widget\" data-widget_type=\"text-editor.default\">\n\t\t\t\t<div class=\"elementor-widget-container\">\n\t\t\t\t\t\t\t\t\t<p><img fetchpriority=\"high\" decoding=\"async\" class=\"alignleft size-medium wp-image-4458\" src=\"http:\/\/cuno-berufskolleg.de\/wp-content\/uploads\/2024\/03\/Sander-252x300.jpg\" alt=\"\" width=\"252\" height=\"300\" srcset=\"https:\/\/cuno-berufskolleg.de\/wp-content\/uploads\/2024\/03\/Sander-252x300.jpg 252w, https:\/\/cuno-berufskolleg.de\/wp-content\/uploads\/2024\/03\/Sander-860x1024.jpg 860w, https:\/\/cuno-berufskolleg.de\/wp-content\/uploads\/2024\/03\/Sander-768x914.jpg 768w, https:\/\/cuno-berufskolleg.de\/wp-content\/uploads\/2024\/03\/Sander-1290x1536.jpg 1290w, https:\/\/cuno-berufskolleg.de\/wp-content\/uploads\/2024\/03\/Sander-10x12.jpg 10w, https:\/\/cuno-berufskolleg.de\/wp-content\/uploads\/2024\/03\/Sander.jpg 1456w\" sizes=\"(max-width: 252px) 100vw, 252px\" \/><\/p>\t\t\t\t\t\t\t\t<\/div>\n\t\t\t\t<\/div>\n\t\t\t\t<div class=\"elementor-element elementor-element-bc8dee8 elementor-widget elementor-widget-text-editor\" data-id=\"bc8dee8\" data-element_type=\"widget\" data-e-type=\"widget\" data-widget_type=\"text-editor.default\">\n\t\t\t\t<div class=\"elementor-widget-container\">\n\t\t\t\t\t\t\t\t\t<h3>Herr Sander<\/h3><p>E-Mail:\u00a0<a href=\"mailto:sander@cuno1.de\">sander(at)cuno1.de<\/a><\/p><p>Tel.: 02331 207-5460<\/p><p>Aufgabe:<\/p><ul><li>Elektroniker\/-in f\u00fcr Energie- u und Geb\u00e4udetechnik<\/li><li>Schulb\u00fccher<\/li><\/ul>\t\t\t\t\t\t\t\t<\/div>\n\t\t\t\t<\/div>\n\t\t\t\t\t<\/div>\n\t\t\t\t<\/div>\n\t\t\t\t<\/div>","protected":false},"excerpt":{"rendered":"<p>Herr Sander E-Mail:\u00a0sander(at)cuno1.de Tel.: 02331 207-5460 Aufgabe: Elektroniker\/-in f\u00fcr Energie- u und Geb\u00e4udetechnik Schulb\u00fccher<\/p>","protected":false},"author":15,"featured_media":0,"parent":69,"menu_order":0,"comment_status":"closed","ping_status":"closed","template":"","meta":{"footnotes":""},"class_list":["post-4456","page","type-page","status-publish","hentry"],"publishpress_future_action":{"enabled":false,"date":"2026-05-20 19:46:32","action":"change-status","newStatus":"draft","terms":[],"taxonomy":"","extraData":[]},"publishpress_future_workflow_manual_trigger":{"enabledWorkflows":[]},"_links":{"self":[{"href":"https:\/\/cuno-berufskolleg.de\/en\/wp-json\/wp\/v2\/pages\/4456","targetHints":{"allow":["GET"]}}],"collection":[{"href":"https:\/\/cuno-berufskolleg.de\/en\/wp-json\/wp\/v2\/pages"}],"about":[{"href":"https:\/\/cuno-berufskolleg.de\/en\/wp-json\/wp\/v2\/types\/page"}],"author":[{"embeddable":true,"href":"https:\/\/cuno-berufskolleg.de\/en\/wp-json\/wp\/v2\/users\/15"}],"replies":[{"embeddable":true,"href":"https:\/\/cuno-berufskolleg.de\/en\/wp-json\/wp\/v2\/comments?post=4456"}],"version-history":[{"count":4,"href":"https:\/\/cuno-berufskolleg.de\/en\/wp-json\/wp\/v2\/pages\/4456\/revisions"}],"predecessor-version":[{"id":4461,"href":"https:\/\/cuno-berufskolleg.de\/en\/wp-json\/wp\/v2\/pages\/4456\/revisions\/4461"}],"up":[{"embeddable":true,"href":"https:\/\/cuno-berufskolleg.de\/en\/wp-json\/wp\/v2\/pages\/69"}],"wp:attachment":[{"href":"https:\/\/cuno-berufskolleg.de\/en\/wp-json\/wp\/v2\/media?parent=4456"}],"curies":[{"name":"wp","href":"https:\/\/api.w.org\/{rel}","templated":true}]}}