{"id":4310,"date":"2024-03-11T15:15:57","date_gmt":"2024-03-11T14:15:57","guid":{"rendered":"http:\/\/cuno-berufskolleg.de\/?page_id=4310"},"modified":"2024-03-11T15:22:25","modified_gmt":"2024-03-11T14:22:25","slug":"herr-eckerle","status":"publish","type":"page","link":"https:\/\/cuno-berufskolleg.de\/en\/intern\/herr-eckerle\/","title":{"rendered":"Herr Eckerle"},"content":{"rendered":"<div data-elementor-type=\"wp-page\" data-elementor-id=\"4310\" class=\"elementor elementor-4310\" data-elementor-post-type=\"page\">\n\t\t\t\t<div class=\"elementor-element elementor-element-c1b7c40 e-grid e-con-boxed e-con e-parent\" data-id=\"c1b7c40\" data-element_type=\"container\" data-e-type=\"container\">\n\t\t\t\t\t<div class=\"e-con-inner\">\n\t\t\t\t<div class=\"elementor-element elementor-element-521d932 elementor-widget elementor-widget-text-editor\" data-id=\"521d932\" data-element_type=\"widget\" data-e-type=\"widget\" data-widget_type=\"text-editor.default\">\n\t\t\t\t<div class=\"elementor-widget-container\">\n\t\t\t\t\t\t\t\t\t<p><img fetchpriority=\"high\" decoding=\"async\" class=\"alignleft size-medium wp-image-4312\" src=\"http:\/\/cuno-berufskolleg.de\/wp-content\/uploads\/2024\/03\/Eckerle-255x300.jpg\" alt=\"\" width=\"255\" height=\"300\" srcset=\"https:\/\/cuno-berufskolleg.de\/wp-content\/uploads\/2024\/03\/Eckerle-255x300.jpg 255w, https:\/\/cuno-berufskolleg.de\/wp-content\/uploads\/2024\/03\/Eckerle-869x1024.jpg 869w, https:\/\/cuno-berufskolleg.de\/wp-content\/uploads\/2024\/03\/Eckerle-768x905.jpg 768w, https:\/\/cuno-berufskolleg.de\/wp-content\/uploads\/2024\/03\/Eckerle-1303x1536.jpg 1303w, https:\/\/cuno-berufskolleg.de\/wp-content\/uploads\/2024\/03\/Eckerle-10x12.jpg 10w, https:\/\/cuno-berufskolleg.de\/wp-content\/uploads\/2024\/03\/Eckerle.jpg 1474w\" sizes=\"(max-width: 255px) 100vw, 255px\" \/><\/p>\t\t\t\t\t\t\t\t<\/div>\n\t\t\t\t<\/div>\n\t\t\t\t<div class=\"elementor-element elementor-element-8e1c538 elementor-widget elementor-widget-text-editor\" data-id=\"8e1c538\" data-element_type=\"widget\" data-e-type=\"widget\" data-widget_type=\"text-editor.default\">\n\t\t\t\t<div class=\"elementor-widget-container\">\n\t\t\t\t\t\t\t\t\t<h3>Herr Eckerle<\/h3><p>E-Mail:\u00a0<a href=\"mailto:eckerle@cuno1.de\">eckerle(at)cuno1.de<\/a><\/p><p>Tel.: 02331 207-5460<\/p><p>Bereichsleiter:<\/p><ul><li>Fachangestellte\/-r f\u00fcr B\u00e4derbetriebe<\/li><li>Gie\u00dfereimechaniker\/-in<\/li><li>Technische\/-r Modellbauer\/-in<\/li><li><p>Verfahrensmechaniker\/-in f\u00fcr Kunststoff- und Kautschuktechnik<\/p><\/li><\/ul><p>Verantwortlich f\u00fcr:<\/p><ul><li>Vertretungsplanung<\/li><\/ul>\t\t\t\t\t\t\t\t<\/div>\n\t\t\t\t<\/div>\n\t\t\t\t\t<\/div>\n\t\t\t\t<\/div>\n\t\t\t\t<\/div>","protected":false},"excerpt":{"rendered":"<p>Herr Eckerle E-Mail:\u00a0eckerle(at)cuno1.de Tel.: 02331 207-5460 Bereichsleiter: Fachangestellte\/-r f\u00fcr B\u00e4derbetriebe Gie\u00dfereimechaniker\/-in Technische\/-r Modellbauer\/-in Verfahrensmechaniker\/-in f\u00fcr Kunststoff- und Kautschuktechnik Verantwortlich f\u00fcr: Vertretungsplanung<\/p>","protected":false},"author":15,"featured_media":0,"parent":69,"menu_order":0,"comment_status":"closed","ping_status":"closed","template":"","meta":{"footnotes":""},"class_list":["post-4310","page","type-page","status-publish","hentry"],"publishpress_future_action":{"enabled":false,"date":"2026-04-12 19:04:28","action":"change-status","newStatus":"draft","terms":[],"taxonomy":"","extraData":[]},"publishpress_future_workflow_manual_trigger":{"enabledWorkflows":[]},"_links":{"self":[{"href":"https:\/\/cuno-berufskolleg.de\/en\/wp-json\/wp\/v2\/pages\/4310","targetHints":{"allow":["GET"]}}],"collection":[{"href":"https:\/\/cuno-berufskolleg.de\/en\/wp-json\/wp\/v2\/pages"}],"about":[{"href":"https:\/\/cuno-berufskolleg.de\/en\/wp-json\/wp\/v2\/types\/page"}],"author":[{"embeddable":true,"href":"https:\/\/cuno-berufskolleg.de\/en\/wp-json\/wp\/v2\/users\/15"}],"replies":[{"embeddable":true,"href":"https:\/\/cuno-berufskolleg.de\/en\/wp-json\/wp\/v2\/comments?post=4310"}],"version-history":[{"count":4,"href":"https:\/\/cuno-berufskolleg.de\/en\/wp-json\/wp\/v2\/pages\/4310\/revisions"}],"predecessor-version":[{"id":4315,"href":"https:\/\/cuno-berufskolleg.de\/en\/wp-json\/wp\/v2\/pages\/4310\/revisions\/4315"}],"up":[{"embeddable":true,"href":"https:\/\/cuno-berufskolleg.de\/en\/wp-json\/wp\/v2\/pages\/69"}],"wp:attachment":[{"href":"https:\/\/cuno-berufskolleg.de\/en\/wp-json\/wp\/v2\/media?parent=4310"}],"curies":[{"name":"wp","href":"https:\/\/api.w.org\/{rel}","templated":true}]}}