{"id":35,"date":"2023-06-29T09:56:32","date_gmt":"2023-06-29T07:56:32","guid":{"rendered":"http:\/\/cuno-berufskolleg.de\/?page_id=35"},"modified":"2024-01-07T13:02:35","modified_gmt":"2024-01-07T12:02:35","slug":"ueberblick-europaschule","status":"publish","type":"page","link":"https:\/\/cuno-berufskolleg.de\/en\/ueberblick-europaschule\/","title":{"rendered":"EU-Mobilit\u00e4ten am Cuno-Berufskolleg I"},"content":{"rendered":"<div data-elementor-type=\"wp-page\" data-elementor-id=\"35\" class=\"elementor elementor-35\" data-elementor-post-type=\"page\">\n\t\t\t\t<div class=\"elementor-element elementor-element-8013d42 e-flex e-con-boxed e-con e-parent\" data-id=\"8013d42\" data-element_type=\"container\" data-e-type=\"container\">\n\t\t\t\t\t<div class=\"e-con-inner\">\n\t\t\t\t<div class=\"elementor-element elementor-element-5d473a6 elementor-widget elementor-widget-heading\" data-id=\"5d473a6\" data-element_type=\"widget\" data-e-type=\"widget\" data-widget_type=\"heading.default\">\n\t\t\t\t<div class=\"elementor-widget-container\">\n\t\t\t\t\t<h2 class=\"elementor-heading-title elementor-size-default\">Berufliche Erfahrungen im Ausland sammeln<\/h2>\t\t\t\t<\/div>\n\t\t\t\t<\/div>\n\t\t\t\t\t<\/div>\n\t\t\t\t<\/div>\n\t\t<div class=\"elementor-element elementor-element-0d3bbe0 e-flex e-con-boxed e-con e-parent\" data-id=\"0d3bbe0\" data-element_type=\"container\" data-e-type=\"container\">\n\t\t\t\t\t<div class=\"e-con-inner\">\n\t\t\t\t<div class=\"elementor-element elementor-element-86987e3 elementor-widget elementor-widget-text-editor\" data-id=\"86987e3\" data-element_type=\"widget\" data-e-type=\"widget\" data-widget_type=\"text-editor.default\">\n\t\t\t\t<div class=\"elementor-widget-container\">\n\t\t\t\t\t\t\t\t\t<p>Im Rahmen von internationalen Mobilit\u00e4ten, bietet das Cuno Berufskolleg I seinen Sch\u00fclerinnen und Sch\u00fclern die M\u00f6glichkeit eines mehrw\u00f6chigen Praktikums im Ausland an.<\/p>\t\t\t\t\t\t\t\t<\/div>\n\t\t\t\t<\/div>\n\t\t\t\t\t<\/div>\n\t\t\t\t<\/div>\n\t\t<div class=\"elementor-element elementor-element-c64b710 e-flex e-con-boxed e-con e-parent\" data-id=\"c64b710\" data-element_type=\"container\" data-e-type=\"container\">\n\t\t\t\t\t<div class=\"e-con-inner\">\n\t\t\t\t<div class=\"elementor-element elementor-element-30d6b92 elementor-widget elementor-widget-text-editor\" data-id=\"30d6b92\" data-element_type=\"widget\" data-e-type=\"widget\" data-widget_type=\"text-editor.default\">\n\t\t\t\t<div class=\"elementor-widget-container\">\n\t\t\t\t\t\t\t\t\t<p>In Kooperation mit verschiedenen Organisationen wie dem Deutsch-Franz\u00f6sischen Jugendwerk (OFAJ) und dem Erasmus+ Programm der Europ\u00e4ischen Union, sowie internationalen Partnerbetrieben, k\u00f6nnen interessierte Sch\u00fclerinnen und Sch\u00fcler erste berufliche Erfahrung im europ\u00e4ischen Ausland sammeln und ihre bereits erworbenen Kenntnisse anwenden.<\/p>\t\t\t\t\t\t\t\t<\/div>\n\t\t\t\t<\/div>\n\t\t\t\t\t<\/div>\n\t\t\t\t<\/div>\n\t\t<div class=\"elementor-element elementor-element-5775611 e-flex e-con-boxed e-con e-parent\" data-id=\"5775611\" data-element_type=\"container\" data-e-type=\"container\">\n\t\t\t\t\t<div class=\"e-con-inner\">\n\t\t\t\t<div class=\"elementor-element elementor-element-9146e09 elementor-widget elementor-widget-text-editor\" data-id=\"9146e09\" data-element_type=\"widget\" data-e-type=\"widget\" data-widget_type=\"text-editor.default\">\n\t\t\t\t<div class=\"elementor-widget-container\">\n\t\t\t\t\t\t\t\t\t<p>Derzeit bietet unsere Schule Mobilit\u00e4ten in die L\u00e4nder Frankreich, Spanien, Italien, Irland, Griechenland, Kroatien, Norwegen und Finnland an. Interessierte Sch\u00fcler melden sich bitte f\u00fcr weitere Informationen und Anmeldem\u00f6glichkeiten bei Ihrem Klassenlehrer \/ ihrer Klassenlehrerin oder schreiben eine E-Mail an erasmus(at)cuno1.de .<\/p>\t\t\t\t\t\t\t\t<\/div>\n\t\t\t\t<\/div>\n\t\t\t\t\t<\/div>\n\t\t\t\t<\/div>\n\t\t<div class=\"elementor-element elementor-element-c2184ef e-con-full e-flex e-con e-parent\" data-id=\"c2184ef\" data-element_type=\"container\" data-e-type=\"container\">\n\t\t\t\t<div class=\"elementor-element elementor-element-c8fb02d elementor-grid-4 elementor-grid-tablet-2 elementor-grid-mobile-1 elementor-posts--thumbnail-top elementor-card-shadow-yes elementor-posts__hover-gradient elementor-widget elementor-widget-posts\" data-id=\"c8fb02d\" data-element_type=\"widget\" data-e-type=\"widget\" data-settings=\"{&quot;cards_columns&quot;:&quot;4&quot;,&quot;cards_columns_tablet&quot;:&quot;2&quot;,&quot;cards_columns_mobile&quot;:&quot;1&quot;,&quot;cards_row_gap&quot;:{&quot;unit&quot;:&quot;px&quot;,&quot;size&quot;:35,&quot;sizes&quot;:[]},&quot;cards_row_gap_tablet&quot;:{&quot;unit&quot;:&quot;px&quot;,&quot;size&quot;:&quot;&quot;,&quot;sizes&quot;:[]},&quot;cards_row_gap_mobile&quot;:{&quot;unit&quot;:&quot;px&quot;,&quot;size&quot;:&quot;&quot;,&quot;sizes&quot;:[]}}\" data-widget_type=\"posts.cards\">\n\t\t\t\t<div class=\"elementor-widget-container\">\n\t\t\t\t\t\t\t<div class=\"elementor-posts-container elementor-posts elementor-posts--skin-cards elementor-grid\" role=\"list\">\n\t\t\t\t<article class=\"elementor-post elementor-grid-item post-5472 post type-post status-publish format-standard has-post-thumbnail hentry category-aktuelles category-europa\" role=\"listitem\">\n\t\t\t<div class=\"elementor-post__card\">\n\t\t\t\t<a class=\"elementor-post__thumbnail__link\" href=\"https:\/\/cuno-berufskolleg.de\/en\/auslandspraktikum-in-spanien-ein-erfahrungsbericht-aus-valladolid\/\" tabindex=\"-1\" ><div class=\"elementor-post__thumbnail\"><img fetchpriority=\"high\" decoding=\"async\" width=\"300\" height=\"225\" src=\"https:\/\/cuno-berufskolleg.de\/wp-content\/uploads\/2025\/06\/europaflagge-300x225.jpg\" class=\"attachment-medium size-medium wp-image-5474\" alt=\"\" srcset=\"https:\/\/cuno-berufskolleg.de\/wp-content\/uploads\/2025\/06\/europaflagge-300x225.jpg 300w, https:\/\/cuno-berufskolleg.de\/wp-content\/uploads\/2025\/06\/europaflagge-1024x768.jpg 1024w, https:\/\/cuno-berufskolleg.de\/wp-content\/uploads\/2025\/06\/europaflagge-768x576.jpg 768w, https:\/\/cuno-berufskolleg.de\/wp-content\/uploads\/2025\/06\/europaflagge-16x12.jpg 16w, https:\/\/cuno-berufskolleg.de\/wp-content\/uploads\/2025\/06\/europaflagge.jpg 1200w\" sizes=\"(max-width: 300px) 100vw, 300px\" \/><\/div><\/a>\n\t\t\t\t<div class=\"elementor-post__badge\">News<\/div>\n\t\t\t\t<div class=\"elementor-post__text\">\n\t\t\t\t<h3 class=\"elementor-post__title\">\n\t\t\t<a href=\"https:\/\/cuno-berufskolleg.de\/en\/auslandspraktikum-in-spanien-ein-erfahrungsbericht-aus-valladolid\/\" >\n\t\t\t\tAuslandspraktikum in Spanien: Ein Erfahrungsbericht aus Valladolid\t\t\t<\/a>\n\t\t<\/h3>\n\t\t\t\t<div class=\"elementor-post__excerpt\">\n\t\t\t\t\t<\/div>\n\t\t\n\t\t<a class=\"elementor-post__read-more\" href=\"https:\/\/cuno-berufskolleg.de\/en\/auslandspraktikum-in-spanien-ein-erfahrungsbericht-aus-valladolid\/\" aria-label=\"Read more about Auslandspraktikum in Spanien: Ein Erfahrungsbericht aus Valladolid\" tabindex=\"-1\" >\n\t\t\tWeiterlesen \u00bb\t\t<\/a>\n\n\t\t\t\t<\/div>\n\t\t\t\t<div class=\"elementor-post__meta-data\">\n\t\t\t\t\t<span class=\"elementor-post-date\">\n\t\t\t11. June 2025\t\t<\/span>\n\t\t\t\t<\/div>\n\t\t\t\t\t<\/div>\n\t\t<\/article>\n\t\t\t\t<article class=\"elementor-post elementor-grid-item post-5430 post type-post status-publish format-standard has-post-thumbnail hentry category-aktuelles category-europa\" role=\"listitem\">\n\t\t\t<div class=\"elementor-post__card\">\n\t\t\t\t<a class=\"elementor-post__thumbnail__link\" href=\"https:\/\/cuno-berufskolleg.de\/en\/europawoche-2025-demokratie-in-europa-staerken\/\" tabindex=\"-1\" ><div class=\"elementor-post__thumbnail\"><img decoding=\"async\" width=\"300\" height=\"188\" src=\"https:\/\/cuno-berufskolleg.de\/wp-content\/uploads\/2025\/05\/EU-Woche-02-300x188.jpg\" class=\"attachment-medium size-medium wp-image-5432\" alt=\"\" srcset=\"https:\/\/cuno-berufskolleg.de\/wp-content\/uploads\/2025\/05\/EU-Woche-02-300x188.jpg 300w, https:\/\/cuno-berufskolleg.de\/wp-content\/uploads\/2025\/05\/EU-Woche-02-1024x640.jpg 1024w, https:\/\/cuno-berufskolleg.de\/wp-content\/uploads\/2025\/05\/EU-Woche-02-768x480.jpg 768w, https:\/\/cuno-berufskolleg.de\/wp-content\/uploads\/2025\/05\/EU-Woche-02-18x12.jpg 18w, https:\/\/cuno-berufskolleg.de\/wp-content\/uploads\/2025\/05\/EU-Woche-02.jpg 1280w\" sizes=\"(max-width: 300px) 100vw, 300px\" \/><\/div><\/a>\n\t\t\t\t<div class=\"elementor-post__badge\">News<\/div>\n\t\t\t\t<div class=\"elementor-post__text\">\n\t\t\t\t<h3 class=\"elementor-post__title\">\n\t\t\t<a href=\"https:\/\/cuno-berufskolleg.de\/en\/europawoche-2025-demokratie-in-europa-staerken\/\" >\n\t\t\t\tEuropawoche-2025: \u201eDemokratie in Europa st\u00e4rken\u201c\t\t\t<\/a>\n\t\t<\/h3>\n\t\t\t\t<div class=\"elementor-post__excerpt\">\n\t\t\t\t\t<\/div>\n\t\t\n\t\t<a class=\"elementor-post__read-more\" href=\"https:\/\/cuno-berufskolleg.de\/en\/europawoche-2025-demokratie-in-europa-staerken\/\" aria-label=\"Read more about Europawoche-2025: \u201eDemokratie in Europa st\u00e4rken\u201c\" tabindex=\"-1\" >\n\t\t\tWeiterlesen \u00bb\t\t<\/a>\n\n\t\t\t\t<\/div>\n\t\t\t\t<div class=\"elementor-post__meta-data\">\n\t\t\t\t\t<span class=\"elementor-post-date\">\n\t\t\t22. May 2025\t\t<\/span>\n\t\t\t\t<\/div>\n\t\t\t\t\t<\/div>\n\t\t<\/article>\n\t\t\t\t<article class=\"elementor-post elementor-grid-item post-5423 post type-post status-publish format-standard has-post-thumbnail hentry category-aktuelles category-europa\" role=\"listitem\">\n\t\t\t<div class=\"elementor-post__card\">\n\t\t\t\t<a class=\"elementor-post__thumbnail__link\" href=\"https:\/\/cuno-berufskolleg.de\/en\/erasmus-mobilitaet-die-niederlande-unter-deutscher-besatzung\/\" tabindex=\"-1\" ><div class=\"elementor-post__thumbnail\"><img decoding=\"async\" width=\"300\" height=\"169\" src=\"https:\/\/cuno-berufskolleg.de\/wp-content\/uploads\/2025\/05\/Erasmus00-300x169.jpg\" class=\"attachment-medium size-medium wp-image-5424\" alt=\"\" srcset=\"https:\/\/cuno-berufskolleg.de\/wp-content\/uploads\/2025\/05\/Erasmus00-300x169.jpg 300w, https:\/\/cuno-berufskolleg.de\/wp-content\/uploads\/2025\/05\/Erasmus00-18x10.jpg 18w, https:\/\/cuno-berufskolleg.de\/wp-content\/uploads\/2025\/05\/Erasmus00.jpg 767w\" sizes=\"(max-width: 300px) 100vw, 300px\" \/><\/div><\/a>\n\t\t\t\t<div class=\"elementor-post__badge\">News<\/div>\n\t\t\t\t<div class=\"elementor-post__text\">\n\t\t\t\t<h3 class=\"elementor-post__title\">\n\t\t\t<a href=\"https:\/\/cuno-berufskolleg.de\/en\/erasmus-mobilitaet-die-niederlande-unter-deutscher-besatzung\/\" >\n\t\t\t\tErasmus+-Mobilit\u00e4t: Die Niederlande unter deutscher Besatzung\t\t\t<\/a>\n\t\t<\/h3>\n\t\t\t\t<div class=\"elementor-post__excerpt\">\n\t\t\t\t\t<\/div>\n\t\t\n\t\t<a class=\"elementor-post__read-more\" href=\"https:\/\/cuno-berufskolleg.de\/en\/erasmus-mobilitaet-die-niederlande-unter-deutscher-besatzung\/\" aria-label=\"Read more about Erasmus+-Mobilit\u00e4t: Die Niederlande unter deutscher Besatzung\" tabindex=\"-1\" >\n\t\t\tWeiterlesen \u00bb\t\t<\/a>\n\n\t\t\t\t<\/div>\n\t\t\t\t<div class=\"elementor-post__meta-data\">\n\t\t\t\t\t<span class=\"elementor-post-date\">\n\t\t\t22. May 2025\t\t<\/span>\n\t\t\t\t<\/div>\n\t\t\t\t\t<\/div>\n\t\t<\/article>\n\t\t\t\t<article class=\"elementor-post elementor-grid-item post-4832 post type-post status-publish format-standard has-post-thumbnail hentry category-aktuelles category-europa\" role=\"listitem\">\n\t\t\t<div class=\"elementor-post__card\">\n\t\t\t\t<a class=\"elementor-post__thumbnail__link\" href=\"https:\/\/cuno-berufskolleg.de\/en\/betrieblicher-austausch-in-libourne-frankreich\/\" tabindex=\"-1\" ><div class=\"elementor-post__thumbnail\"><img loading=\"lazy\" decoding=\"async\" width=\"300\" height=\"225\" src=\"https:\/\/cuno-berufskolleg.de\/wp-content\/uploads\/2024\/07\/PHOTO-2024-06-15-10-15-03-300x225.jpg\" class=\"attachment-medium size-medium wp-image-4834\" alt=\"\" srcset=\"https:\/\/cuno-berufskolleg.de\/wp-content\/uploads\/2024\/07\/PHOTO-2024-06-15-10-15-03-300x225.jpg 300w, https:\/\/cuno-berufskolleg.de\/wp-content\/uploads\/2024\/07\/PHOTO-2024-06-15-10-15-03-1024x768.jpg 1024w, https:\/\/cuno-berufskolleg.de\/wp-content\/uploads\/2024\/07\/PHOTO-2024-06-15-10-15-03-768x576.jpg 768w, https:\/\/cuno-berufskolleg.de\/wp-content\/uploads\/2024\/07\/PHOTO-2024-06-15-10-15-03-1536x1152.jpg 1536w, https:\/\/cuno-berufskolleg.de\/wp-content\/uploads\/2024\/07\/PHOTO-2024-06-15-10-15-03-16x12.jpg 16w, https:\/\/cuno-berufskolleg.de\/wp-content\/uploads\/2024\/07\/PHOTO-2024-06-15-10-15-03.jpg 1600w\" sizes=\"(max-width: 300px) 100vw, 300px\" \/><\/div><\/a>\n\t\t\t\t<div class=\"elementor-post__badge\">News<\/div>\n\t\t\t\t<div class=\"elementor-post__text\">\n\t\t\t\t<h3 class=\"elementor-post__title\">\n\t\t\t<a href=\"https:\/\/cuno-berufskolleg.de\/en\/betrieblicher-austausch-in-libourne-frankreich\/\" >\n\t\t\t\tBetrieblicher Austausch in Libourne, Frankreich\t\t\t<\/a>\n\t\t<\/h3>\n\t\t\t\t<div class=\"elementor-post__excerpt\">\n\t\t\t\t\t<\/div>\n\t\t\n\t\t<a class=\"elementor-post__read-more\" href=\"https:\/\/cuno-berufskolleg.de\/en\/betrieblicher-austausch-in-libourne-frankreich\/\" aria-label=\"Read more about Betrieblicher Austausch in Libourne, Frankreich\" tabindex=\"-1\" >\n\t\t\tWeiterlesen \u00bb\t\t<\/a>\n\n\t\t\t\t<\/div>\n\t\t\t\t<div class=\"elementor-post__meta-data\">\n\t\t\t\t\t<span class=\"elementor-post-date\">\n\t\t\t3. July 2024\t\t<\/span>\n\t\t\t\t<\/div>\n\t\t\t\t\t<\/div>\n\t\t<\/article>\n\t\t\t\t<\/div>\n\t\t\n\t\t\t\t\t\t<\/div>\n\t\t\t\t<\/div>\n\t\t\t\t<\/div>\n\t\t<div class=\"elementor-element elementor-element-4f5305c e-grid e-con-boxed e-con e-parent\" data-id=\"4f5305c\" data-element_type=\"container\" data-e-type=\"container\">\n\t\t\t\t\t<div class=\"e-con-inner\">\n\t\t\t\t<div class=\"elementor-element elementor-element-d4e230e elementor-widget elementor-widget-image\" data-id=\"d4e230e\" data-element_type=\"widget\" data-e-type=\"widget\" data-widget_type=\"image.default\">\n\t\t\t\t<div class=\"elementor-widget-container\">\n\t\t\t\t\t\t\t\t\t\t\t\t\t\t\t\t<a href=\"http:\/\/cuno-berufskolleg.de\/en\/erasmus\/\">\n\t\t\t\t\t\t\t<img loading=\"lazy\" decoding=\"async\" width=\"397\" height=\"113\" src=\"https:\/\/cuno-berufskolleg.de\/wp-content\/uploads\/2024\/01\/Erasmus.png\" class=\"attachment-large size-large wp-image-2980\" alt=\"\" srcset=\"https:\/\/cuno-berufskolleg.de\/wp-content\/uploads\/2024\/01\/Erasmus.png 397w, https:\/\/cuno-berufskolleg.de\/wp-content\/uploads\/2024\/01\/Erasmus-300x85.png 300w, https:\/\/cuno-berufskolleg.de\/wp-content\/uploads\/2024\/01\/Erasmus-18x5.png 18w\" sizes=\"(max-width: 397px) 100vw, 397px\" \/>\t\t\t\t\t\t\t\t<\/a>\n\t\t\t\t\t\t\t\t\t\t\t\t\t\t\t<\/div>\n\t\t\t\t<\/div>\n\t\t\t\t<div class=\"elementor-element elementor-element-9133eec elementor-widget elementor-widget-image\" data-id=\"9133eec\" data-element_type=\"widget\" data-e-type=\"widget\" data-widget_type=\"image.default\">\n\t\t\t\t<div class=\"elementor-widget-container\">\n\t\t\t\t\t\t\t\t\t\t\t\t\t\t\t<img loading=\"lazy\" decoding=\"async\" width=\"170\" height=\"171\" src=\"https:\/\/cuno-berufskolleg.de\/wp-content\/uploads\/2024\/01\/OFAJ.png\" class=\"attachment-large size-large wp-image-2981\" alt=\"\" srcset=\"https:\/\/cuno-berufskolleg.de\/wp-content\/uploads\/2024\/01\/OFAJ.png 170w, https:\/\/cuno-berufskolleg.de\/wp-content\/uploads\/2024\/01\/OFAJ-150x150.png 150w, https:\/\/cuno-berufskolleg.de\/wp-content\/uploads\/2024\/01\/OFAJ-12x12.png 12w\" sizes=\"(max-width: 170px) 100vw, 170px\" \/>\t\t\t\t\t\t\t\t\t\t\t\t\t\t\t<\/div>\n\t\t\t\t<\/div>\n\t\t\t\t<div class=\"elementor-element elementor-element-3b759a7 elementor-widget elementor-widget-image\" data-id=\"3b759a7\" data-element_type=\"widget\" data-e-type=\"widget\" data-widget_type=\"image.default\">\n\t\t\t\t<div class=\"elementor-widget-container\">\n\t\t\t\t\t\t\t\t\t\t\t\t\t\t\t<img loading=\"lazy\" decoding=\"async\" width=\"297\" height=\"100\" src=\"https:\/\/cuno-berufskolleg.de\/wp-content\/uploads\/2024\/01\/ProTandem.png\" class=\"attachment-large size-large wp-image-2982\" alt=\"\" srcset=\"https:\/\/cuno-berufskolleg.de\/wp-content\/uploads\/2024\/01\/ProTandem.png 297w, https:\/\/cuno-berufskolleg.de\/wp-content\/uploads\/2024\/01\/ProTandem-18x6.png 18w\" sizes=\"(max-width: 297px) 100vw, 297px\" \/>\t\t\t\t\t\t\t\t\t\t\t\t\t\t\t<\/div>\n\t\t\t\t<\/div>\n\t\t\t\t\t<\/div>\n\t\t\t\t<\/div>\n\t\t\t\t<\/div>","protected":false},"excerpt":{"rendered":"<p>Berufliche Erfahrungen im Ausland sammeln Im Rahmen von internationalen Mobilit\u00e4ten, bietet das Cuno Berufskolleg I seinen Sch\u00fclerinnen und Sch\u00fclern die M\u00f6glichkeit eines mehrw\u00f6chigen Praktikums im Ausland an. In Kooperation mit verschiedenen Organisationen wie dem Deutsch-Franz\u00f6sischen Jugendwerk (OFAJ) und dem Erasmus+ Programm der Europ\u00e4ischen Union, sowie internationalen Partnerbetrieben, k\u00f6nnen interessierte Sch\u00fclerinnen und Sch\u00fcler erste berufliche Erfahrung [&hellip;]<\/p>\n","protected":false},"author":1,"featured_media":0,"parent":0,"menu_order":0,"comment_status":"closed","ping_status":"closed","template":"","meta":{"footnotes":""},"class_list":["post-35","page","type-page","status-publish","hentry"],"publishpress_future_action":{"enabled":false,"date":"2026-04-23 15:56:20","action":"change-status","newStatus":"draft","terms":[],"taxonomy":"","extraData":[]},"publishpress_future_workflow_manual_trigger":{"enabledWorkflows":[]},"_links":{"self":[{"href":"https:\/\/cuno-berufskolleg.de\/en\/wp-json\/wp\/v2\/pages\/35","targetHints":{"allow":["GET"]}}],"collection":[{"href":"https:\/\/cuno-berufskolleg.de\/en\/wp-json\/wp\/v2\/pages"}],"about":[{"href":"https:\/\/cuno-berufskolleg.de\/en\/wp-json\/wp\/v2\/types\/page"}],"author":[{"embeddable":true,"href":"https:\/\/cuno-berufskolleg.de\/en\/wp-json\/wp\/v2\/users\/1"}],"replies":[{"embeddable":true,"href":"https:\/\/cuno-berufskolleg.de\/en\/wp-json\/wp\/v2\/comments?post=35"}],"version-history":[{"count":5,"href":"https:\/\/cuno-berufskolleg.de\/en\/wp-json\/wp\/v2\/pages\/35\/revisions"}],"predecessor-version":[{"id":3085,"href":"https:\/\/cuno-berufskolleg.de\/en\/wp-json\/wp\/v2\/pages\/35\/revisions\/3085"}],"wp:attachment":[{"href":"https:\/\/cuno-berufskolleg.de\/en\/wp-json\/wp\/v2\/media?parent=35"}],"curies":[{"name":"wp","href":"https:\/\/api.w.org\/{rel}","templated":true}]}}