{"id":31,"date":"2023-06-29T09:56:04","date_gmt":"2023-06-29T07:56:04","guid":{"rendered":"http:\/\/cuno-berufskolleg.de\/?page_id=31"},"modified":"2025-07-08T07:44:13","modified_gmt":"2025-07-08T05:44:13","slug":"doppelqualifizierung","status":"publish","type":"page","link":"https:\/\/cuno-berufskolleg.de\/en\/doppelqualifizierung\/","title":{"rendered":"Dual qualification"},"content":{"rendered":"<div data-elementor-type=\"wp-page\" data-elementor-id=\"31\" class=\"elementor elementor-31\" data-elementor-post-type=\"page\">\n\t\t\t\t\t\t<section class=\"elementor-section elementor-top-section elementor-element elementor-element-0ce63b0 elementor-section-boxed elementor-section-height-default elementor-section-height-default\" data-id=\"0ce63b0\" data-element_type=\"section\" data-e-type=\"section\">\n\t\t\t\t\t\t<div class=\"elementor-container elementor-column-gap-default\">\n\t\t\t\t\t<div class=\"elementor-column elementor-col-100 elementor-top-column elementor-element elementor-element-94a8eae\" data-id=\"94a8eae\" data-element_type=\"column\" data-e-type=\"column\">\n\t\t\t<div class=\"elementor-widget-wrap\">\n\t\t\t\t\t\t\t<\/div>\n\t\t<\/div>\n\t\t\t\t\t<\/div>\n\t\t<\/section>\n\t\t\t\t<section class=\"elementor-section elementor-top-section elementor-element elementor-element-3aaea27 elementor-section-boxed elementor-section-height-default elementor-section-height-default\" data-id=\"3aaea27\" data-element_type=\"section\" data-e-type=\"section\">\n\t\t\t\t\t\t<div class=\"elementor-container elementor-column-gap-default\">\n\t\t\t\t\t<div class=\"elementor-column elementor-col-100 elementor-top-column elementor-element elementor-element-59c1338\" data-id=\"59c1338\" data-element_type=\"column\" data-e-type=\"column\">\n\t\t\t<div class=\"elementor-widget-wrap elementor-element-populated\">\n\t\t\t\t\t\t<div class=\"elementor-element elementor-element-b859f59 elementor-widget elementor-widget-text-editor\" data-id=\"b859f59\" data-element_type=\"widget\" data-e-type=\"widget\" data-widget_type=\"text-editor.default\">\n\t\t\t\t<div class=\"elementor-widget-container\">\n\t\t\t\t\t\t\t\t\t<div id=\"c3618\" class=\"csc-frame csc-frame-default\"><div class=\"csc-header csc-header-n7\"><p><strong>Ansprechpartner: <\/strong><a href=\"http:\/\/cuno-berufskolleg.de\/en\/intern\/herr-klein\/\">Herr Klein<\/a><\/p><p><strong>Bereichsleiter:<\/strong> <a href=\"http:\/\/cuno-berufskolleg.de\/en\/intern\/herr-klein\/\">Herr Klein<\/a><\/p><h4>Voraussetzungen<\/h4><\/div><p class=\"bodytext\">Die Aufnahmevoraussetzungen erf\u00fcllt, wer &#8230;<\/p><\/div><div id=\"c3616\" class=\"csc-frame csc-frame-default\"><ul class=\"ce-bullets ce-bullets-0\"><li>den Sekundarabschluss I &#8211; Fachoberschulreife besitzt<\/li><li>ein auf den Schultyp bezogenes Berufsausbildungsverh\u00e4ltnis nachweist<\/li><li>eine Zustimmung des Ausbildungsbetriebes vorweist<\/li><\/ul><\/div><div id=\"c3614\" class=\"csc-frame csc-frame-default\"><div class=\"csc-header csc-header-n9\"><h4>Anmeldeverfahren<\/h4><\/div><p class=\"bodytext\">Die Anmeldung erfolgt\u00a0<strong>in der Regel<\/strong> mit der Anmeldung zur Berufsschule durch den Ausbildungsbetrieb. Die Anmeldeunterlagen (<a href=\"http:\/\/cuno-berufskolleg.de\/wp-content\/uploads\/2024\/03\/Aufnahmeantrag-DQ_2021_10_06_oe.pdf\">Aufnahmeantrag<\/a>) sind rechtzeitig im Sekretariat des Cuno-Berufskolleg I einzureichen. Eine Aufnahmepr\u00fcfung wird nicht durchgef\u00fchrt. Die Schule f\u00fchrt mit jeder Bewerberin und jedem Bewerber ein Beratungsgespr\u00e4ch durch.<\/p><\/div><div id=\"c3610\" class=\"csc-frame csc-frame-default\"><div class=\"csc-header csc-header-n10\"><h4>Kosten<\/h4><\/div><p class=\"bodytext\">Es werden weder Kosten noch Pr\u00fcfungsgeb\u00fchren erhoben. Lernmittel werden im Rahmen des Lernmittelfreiheitsgesetzes kostenlos zur Verf\u00fcgung gestellt.<\/p><\/div><div id=\"c3606\" class=\"csc-frame csc-frame-default\"><div class=\"csc-header csc-header-n11\"><h4>Pr\u00fcfung \/ Abschluss<\/h4><\/div><p class=\"bodytext\">Die Ausbildung schlie\u00dft mit einer schriftlichen\u00a0<b>Fachhochschulreifepr\u00fcfung\u00a0<\/b>in den F\u00e4chern\u00a0<b>Deutsch<\/b>,\u00a0<b>Englisch<\/b>\u00a0und\u00a0<b>Mathematik\u00a0<\/b>ab.<\/p><\/div>\t\t\t\t\t\t\t\t<\/div>\n\t\t\t\t<\/div>\n\t\t\t\t\t<\/div>\n\t\t<\/div>\n\t\t\t\t\t<\/div>\n\t\t<\/section>\n\t\t\t\t<\/div>","protected":false},"excerpt":{"rendered":"<p>Ansprechpartner: Herr Klein Bereichsleiter: Herr Klein Voraussetzungen Die Aufnahmevoraussetzungen erf\u00fcllt, wer &#8230; den Sekundarabschluss I &#8211; Fachoberschulreife besitzt ein auf den Schultyp bezogenes Berufsausbildungsverh\u00e4ltnis nachweist eine Zustimmung des Ausbildungsbetriebes vorweist Anmeldeverfahren Die Anmeldung erfolgt\u00a0in der Regel mit der Anmeldung zur Berufsschule durch den Ausbildungsbetrieb. Die Anmeldeunterlagen (Aufnahmeantrag) sind rechtzeitig im Sekretariat des Cuno-Berufskolleg I einzureichen. [&hellip;]<\/p>\n","protected":false},"author":1,"featured_media":0,"parent":0,"menu_order":0,"comment_status":"closed","ping_status":"closed","template":"","meta":{"footnotes":""},"class_list":["post-31","page","type-page","status-publish","hentry"],"publishpress_future_action":{"enabled":false,"date":"2026-04-16 16:08:51","action":"change-status","newStatus":"draft","terms":[],"taxonomy":"","extraData":[]},"publishpress_future_workflow_manual_trigger":{"enabledWorkflows":[]},"_links":{"self":[{"href":"https:\/\/cuno-berufskolleg.de\/en\/wp-json\/wp\/v2\/pages\/31","targetHints":{"allow":["GET"]}}],"collection":[{"href":"https:\/\/cuno-berufskolleg.de\/en\/wp-json\/wp\/v2\/pages"}],"about":[{"href":"https:\/\/cuno-berufskolleg.de\/en\/wp-json\/wp\/v2\/types\/page"}],"author":[{"embeddable":true,"href":"https:\/\/cuno-berufskolleg.de\/en\/wp-json\/wp\/v2\/users\/1"}],"replies":[{"embeddable":true,"href":"https:\/\/cuno-berufskolleg.de\/en\/wp-json\/wp\/v2\/comments?post=31"}],"version-history":[{"count":5,"href":"https:\/\/cuno-berufskolleg.de\/en\/wp-json\/wp\/v2\/pages\/31\/revisions"}],"predecessor-version":[{"id":5505,"href":"https:\/\/cuno-berufskolleg.de\/en\/wp-json\/wp\/v2\/pages\/31\/revisions\/5505"}],"wp:attachment":[{"href":"https:\/\/cuno-berufskolleg.de\/en\/wp-json\/wp\/v2\/media?parent=31"}],"curies":[{"name":"wp","href":"https:\/\/api.w.org\/{rel}","templated":true}]}}