{"id":17,"date":"2023-06-29T09:54:24","date_gmt":"2023-06-29T07:54:24","guid":{"rendered":"http:\/\/cuno-berufskolleg.de\/?page_id=17"},"modified":"2026-03-23T13:37:37","modified_gmt":"2026-03-23T12:37:37","slug":"hagener-berufsschultag","status":"publish","type":"page","link":"https:\/\/cuno-berufskolleg.de\/en\/hagener-berufsschultag\/","title":{"rendered":"Hagen Vocational School Day"},"content":{"rendered":"<div data-elementor-type=\"wp-page\" data-elementor-id=\"17\" class=\"elementor elementor-17\" data-elementor-post-type=\"page\">\n\t\t\t\t<div class=\"elementor-element elementor-element-50e1124 e-flex e-con-boxed e-con e-parent\" data-id=\"50e1124\" data-element_type=\"container\" data-e-type=\"container\">\n\t\t\t\t\t<div class=\"e-con-inner\">\n\t\t\t\t<div class=\"elementor-element elementor-element-773c3d6 elementor-widget elementor-widget-text-editor\" data-id=\"773c3d6\" data-element_type=\"widget\" data-e-type=\"widget\" data-widget_type=\"text-editor.default\">\n\t\t\t\t<div class=\"elementor-widget-container\">\n\t\t\t\t\t\t\t\t\t<h2>Safe the date: 30. Hagener Berufsschultag 2026<\/h2>\t\t\t\t\t\t\t\t<\/div>\n\t\t\t\t<\/div>\n\t\t\t\t\t<\/div>\n\t\t\t\t<\/div>\n\t\t<div class=\"elementor-element elementor-element-8dd5879 e-con-full e-flex e-con e-parent\" data-id=\"8dd5879\" data-element_type=\"container\" data-e-type=\"container\">\n\t\t<div class=\"elementor-element elementor-element-f8b8e94 e-con-full e-flex e-con e-child\" data-id=\"f8b8e94\" data-element_type=\"container\" data-e-type=\"container\">\n\t\t\t\t<div class=\"elementor-element elementor-element-4fc1b4e elementor-widget elementor-widget-image\" data-id=\"4fc1b4e\" data-element_type=\"widget\" data-e-type=\"widget\" data-widget_type=\"image.default\">\n\t\t\t\t<div class=\"elementor-widget-container\">\n\t\t\t\t\t\t\t\t\t\t\t\t\t\t\t\t<a href=\"http:\/\/www.5-hagener-berufskollegs.de\/\" target=\"_blank\">\n\t\t\t\t\t\t\t<img fetchpriority=\"high\" decoding=\"async\" width=\"583\" height=\"171\" src=\"https:\/\/cuno-berufskolleg.de\/wp-content\/uploads\/2024\/03\/5HagenerBerufskollegs.jpg\" class=\"attachment-full size-full wp-image-4152\" alt=\"\" srcset=\"https:\/\/cuno-berufskolleg.de\/wp-content\/uploads\/2024\/03\/5HagenerBerufskollegs.jpg 583w, https:\/\/cuno-berufskolleg.de\/wp-content\/uploads\/2024\/03\/5HagenerBerufskollegs-300x88.jpg 300w, https:\/\/cuno-berufskolleg.de\/wp-content\/uploads\/2024\/03\/5HagenerBerufskollegs-18x5.jpg 18w\" sizes=\"(max-width: 583px) 100vw, 583px\" \/>\t\t\t\t\t\t\t\t<\/a>\n\t\t\t\t\t\t\t\t\t\t\t\t\t\t\t<\/div>\n\t\t\t\t<\/div>\n\t\t\t\t<\/div>\n\t\t<div class=\"elementor-element elementor-element-e564772 e-con-full e-flex e-con e-child\" data-id=\"e564772\" data-element_type=\"container\" data-e-type=\"container\">\n\t\t\t\t<div class=\"elementor-element elementor-element-775962f elementor-widget elementor-widget-image\" data-id=\"775962f\" data-element_type=\"widget\" data-e-type=\"widget\" data-widget_type=\"image.default\">\n\t\t\t\t<div class=\"elementor-widget-container\">\n\t\t\t\t\t\t\t\t\t\t\t\t\t\t\t\t<a href=\"http:\/\/talenttageruhr.de\/\" target=\"_blank\">\n\t\t\t\t\t\t\t<img decoding=\"async\" width=\"192\" height=\"106\" src=\"https:\/\/cuno-berufskolleg.de\/wp-content\/uploads\/2023\/07\/csm_LogoTMR_Claim_9516710905.jpg\" class=\"attachment-full size-full wp-image-1688\" alt=\"\" \/>\t\t\t\t\t\t\t\t<\/a>\n\t\t\t\t\t\t\t\t\t\t\t\t\t\t\t<\/div>\n\t\t\t\t<\/div>\n\t\t\t\t<\/div>\n\t\t\t\t<\/div>\n\t\t<div class=\"elementor-element elementor-element-d5d1c6b e-flex e-con-boxed e-con e-parent\" data-id=\"d5d1c6b\" data-element_type=\"container\" data-e-type=\"container\">\n\t\t\t\t\t<div class=\"e-con-inner\">\n\t\t\t\t<div class=\"elementor-element elementor-element-3099e7c elementor-widget elementor-widget-text-editor\" data-id=\"3099e7c\" data-element_type=\"widget\" data-e-type=\"widget\" data-widget_type=\"text-editor.default\">\n\t\t\t\t<div class=\"elementor-widget-container\">\n\t\t\t\t\t\t\t\t\t<div id=\"c293\" class=\"csc-frame csc-frame-default\"><div class=\"csc-textpic csc-textpic-intext-right-nowrap csc-textpic-intext-right-nowrap-318 csc-textpic-equalheight\"><div class=\"csc-textpicHeader csc-textpicHeader-25\">Am <b>Mittwoch, dem 25. November 2026<\/b>, von\u00a0<strong>8:30 Uhr <\/strong>bis<strong> 14:00 Uhr,<\/strong> laden die f\u00fcnf Hagener Berufskollegs wieder zum traditionsreichen <b>Hagen Vocational School Day<\/b> ein. Veranstaltungsort ist das <strong>K\u00e4the-Kollwitz-Berufskolleg<\/strong>, Liebigstra\u00dfe 20-22, 58095 Hagen.<\/div><\/div><div>\u00a0<\/div><div class=\"csc-textpic csc-textpic-intext-right-nowrap csc-textpic-intext-right-nowrap-318 csc-textpic-equalheight\"><strong>Beteiligt sind:<\/strong><ul><li class=\"bodytext\"><strong>Cuno-Berufskolleg I<\/strong><\/li><li class=\"bodytext\"><strong>Cuno-Berufskolleg II<\/strong><\/li><li class=\"bodytext\"><strong>Kaufmannsschule I<\/strong><\/li><li class=\"bodytext\"><strong>Kaufmannsschule II<\/strong><\/li><li class=\"bodytext\"><p><strong>K\u00e4the-Kollwitz-Berufskolleg<\/strong><\/p><\/li><\/ul><p>Eingeladen sind alle Sch\u00fclerinnen und Sch\u00fcler der Jahrg\u00e4nge 8-10 von Haupt-, Real-, Sonder- und Gesamtschulen, der Gymnasien sowie die Sch\u00fclerinnen und Sch\u00fcler der Berufskollegs in den Vollzeitbildungsg\u00e4ngen.<\/p><\/div><\/div><p>Das Einzugsgebiet reicht weit \u00fcber Hagen hinaus \u2013 auch Jugendliche aus den St\u00e4dten der umliegenden Region und Kreise nutzen die Gelegenheit, sich vor Ort zu informieren.<\/p><p><b>Was erwartet die Besucher\/-innen?<\/b><\/p><ul><li>Informationen zu <b>\u00fcber 100 Ausbildungsberufen<\/b> in der Region<\/li><li>Vorstellung der <b>Vollzeitbildungsg\u00e4nge<\/b> der Hagener Berufskollegs<\/li><li>Austausch mit <b>Kammern, Verb\u00e4nden, Unternehmen<\/b> und der <b>Agentur f\u00fcr Arbeit<\/b><\/li><li>Das bew\u00e4hrte Konzept <b>\u201eSch\u00fcler informieren Sch\u00fcler\u201c<\/b>, das authentische Einblicke in die Berufswelt erm\u00f6glicht<\/li><\/ul><p>\u00a0<\/p><p>Weiter Informationen finden Sie hier: <a href=\"https:\/\/stadt-hagen.taskcards.app\/#\/board\/e2b3076f-198e-4d04-830f-9a2e6fb52a4a?token=315789be-ca65-4c4f-a186-5db96793112b\">Taskcard<\/a><\/p><p>Wir freuen uns auf Ihren Besuch!<\/p>\t\t\t\t\t\t\t\t<\/div>\n\t\t\t\t<\/div>\n\t\t\t\t\t<\/div>\n\t\t\t\t<\/div>\n\t\t<div class=\"elementor-element elementor-element-dc083da e-flex e-con-boxed e-con e-parent\" data-id=\"dc083da\" data-element_type=\"container\" data-e-type=\"container\">\n\t\t\t\t\t<div class=\"e-con-inner\">\n\t\t\t\t<div class=\"elementor-element elementor-element-56e4351 elementor-widget elementor-widget-image\" data-id=\"56e4351\" data-element_type=\"widget\" data-e-type=\"widget\" data-widget_type=\"image.default\">\n\t\t\t\t<div class=\"elementor-widget-container\">\n\t\t\t\t\t\t\t\t\t\t\t\t\t\t\t<img decoding=\"async\" width=\"719\" height=\"978\" src=\"https:\/\/cuno-berufskolleg.de\/wp-content\/uploads\/2026\/03\/30_HBS_2026_11_25_.jpg\" class=\"attachment-large size-large wp-image-6283\" alt=\"\" srcset=\"https:\/\/cuno-berufskolleg.de\/wp-content\/uploads\/2026\/03\/30_HBS_2026_11_25_.jpg 719w, https:\/\/cuno-berufskolleg.de\/wp-content\/uploads\/2026\/03\/30_HBS_2026_11_25_-221x300.jpg 221w, https:\/\/cuno-berufskolleg.de\/wp-content\/uploads\/2026\/03\/30_HBS_2026_11_25_-9x12.jpg 9w\" sizes=\"(max-width: 719px) 100vw, 719px\" \/>\t\t\t\t\t\t\t\t\t\t\t\t\t\t\t<\/div>\n\t\t\t\t<\/div>\n\t\t\t\t\t<\/div>\n\t\t\t\t<\/div>\n\t\t\t\t<\/div>","protected":false},"excerpt":{"rendered":"<p>Safe the date: 30. Hagener Berufsschultag 2026 Am Mittwoch, dem 25. November 2026, von\u00a08:30 Uhr bis 14:00 Uhr, laden die f\u00fcnf Hagener Berufskollegs wieder zum traditionsreichen Hagener Berufsschultag ein. Veranstaltungsort ist das K\u00e4the-Kollwitz-Berufskolleg, Liebigstra\u00dfe 20-22, 58095 Hagen.\u00a0Beteiligt sind: Cuno-Berufskolleg I Cuno-Berufskolleg II Kaufmannsschule I Kaufmannsschule II K\u00e4the-Kollwitz-Berufskolleg Eingeladen sind alle Sch\u00fclerinnen und Sch\u00fcler der Jahrg\u00e4nge [&hellip;]<\/p>\n","protected":false},"author":1,"featured_media":0,"parent":0,"menu_order":0,"comment_status":"closed","ping_status":"closed","template":"","meta":{"footnotes":""},"class_list":["post-17","page","type-page","status-publish","hentry"],"publishpress_future_action":{"enabled":false,"date":"2026-05-01 18:38:21","action":"change-status","newStatus":"draft","terms":[],"taxonomy":"","extraData":[]},"publishpress_future_workflow_manual_trigger":{"enabledWorkflows":[]},"_links":{"self":[{"href":"https:\/\/cuno-berufskolleg.de\/en\/wp-json\/wp\/v2\/pages\/17","targetHints":{"allow":["GET"]}}],"collection":[{"href":"https:\/\/cuno-berufskolleg.de\/en\/wp-json\/wp\/v2\/pages"}],"about":[{"href":"https:\/\/cuno-berufskolleg.de\/en\/wp-json\/wp\/v2\/types\/page"}],"author":[{"embeddable":true,"href":"https:\/\/cuno-berufskolleg.de\/en\/wp-json\/wp\/v2\/users\/1"}],"replies":[{"embeddable":true,"href":"https:\/\/cuno-berufskolleg.de\/en\/wp-json\/wp\/v2\/comments?post=17"}],"version-history":[{"count":5,"href":"https:\/\/cuno-berufskolleg.de\/en\/wp-json\/wp\/v2\/pages\/17\/revisions"}],"predecessor-version":[{"id":6286,"href":"https:\/\/cuno-berufskolleg.de\/en\/wp-json\/wp\/v2\/pages\/17\/revisions\/6286"}],"wp:attachment":[{"href":"https:\/\/cuno-berufskolleg.de\/en\/wp-json\/wp\/v2\/media?parent=17"}],"curies":[{"name":"wp","href":"https:\/\/api.w.org\/{rel}","templated":true}]}}