{"id":1607,"date":"2023-07-29T07:39:10","date_gmt":"2023-07-29T05:39:10","guid":{"rendered":"http:\/\/cuno-berufskolleg.de\/?page_id=1607"},"modified":"2025-03-20T12:50:34","modified_gmt":"2025-03-20T11:50:34","slug":"anfahrt-und-parken","status":"publish","type":"page","link":"https:\/\/cuno-berufskolleg.de\/en\/anfahrt-und-parken\/","title":{"rendered":"Directions and parking"},"content":{"rendered":"<div data-elementor-type=\"wp-page\" data-elementor-id=\"1607\" class=\"elementor elementor-1607\" data-elementor-post-type=\"page\">\n\t\t\t\t<div class=\"elementor-element elementor-element-54ea7be e-flex e-con-boxed e-con e-parent\" data-id=\"54ea7be\" data-element_type=\"container\" data-e-type=\"container\">\n\t\t\t\t\t<div class=\"e-con-inner\">\n\t\t<div class=\"elementor-element elementor-element-4332bc6 e-con-full e-flex e-con e-child\" data-id=\"4332bc6\" data-element_type=\"container\" data-e-type=\"container\">\n\t\t\t\t<div class=\"elementor-element elementor-element-463d60b elementor-widget elementor-widget-text-editor\" data-id=\"463d60b\" data-element_type=\"widget\" data-e-type=\"widget\" data-widget_type=\"text-editor.default\">\n\t\t\t\t<div class=\"elementor-widget-container\">\n\t\t\t\t\t\t\t\t\t<div id=\"c1339\" class=\"csc-frame csc-frame-default\"><div class=\"csc-header csc-header-n1\"><h3>Anschrift<\/h3><\/div><\/div><div id=\"c1338\" class=\"csc-frame csc-frame-default\"><div class=\"csc-textpic csc-textpic-intext-right-nowrap csc-textpic-equalheight\"><div class=\"csc-textpic-text\"><div class=\"csc-textpicHeader csc-textpicHeader-25\"><h4>Cuno-Berufskolleg I<\/h4><\/div><p class=\"bodytext\">Berufskolleg f\u00fcr Technik der Stadt Hagen<br \/>Viktoriastr. 2<br \/>58095 Hagen<\/p><p class=\"bodytext\"><a class=\"internal-link\" title=\"Opens internal link in current window\" href=\"http:\/\/cuno-berufskolleg.de\/en\/die-schulbueros\/\">zum Sekretariat<\/a><\/p><p class=\"bodytext\"><a title=\"Schulleitung\" href=\"http:\/\/cuno-berufskolleg.de\/en\/die-schulleitung\/\">zur Schulleitung<\/a><\/p><\/div><\/div><\/div><div id=\"c1337\" class=\"csc-frame csc-frame-default csc-space-after-medium\"><div class=\"csc-header csc-header-n3\"><h4>\u00d6ffnungszeiten des Sekretariates<\/h4><\/div><p class=\"bodytext\">Montag bis Donnerstag: 07:00 &#8211; 14:15 Uhr<br \/>Freitag: 07:00 &#8211; 13:00 Uhr<\/p><\/div><div id=\"c3350\" class=\"csc-frame csc-frame-default csc-space-after-medium\"><div class=\"csc-header csc-header-n4\"><h4>\u00d6ffnungszeiten des Sekretariates w\u00e4hrend der Ferien<\/h4><\/div><p class=\"bodytext\">Montag bis Freitag: 08:00 &#8211; 13:00 Uhr<\/p><\/div>\t\t\t\t\t\t\t\t<\/div>\n\t\t\t\t<\/div>\n\t\t\t\t<\/div>\n\t\t<div class=\"elementor-element elementor-element-ba42f15 e-con-full e-flex e-con e-child\" data-id=\"ba42f15\" data-element_type=\"container\" data-e-type=\"container\">\n\t\t\t\t<div class=\"elementor-element elementor-element-32e371b elementor-widget elementor-widget-image\" data-id=\"32e371b\" data-element_type=\"widget\" data-e-type=\"widget\" data-widget_type=\"image.default\">\n\t\t\t\t<div class=\"elementor-widget-container\">\n\t\t\t\t\t\t\t\t\t\t\t\t\t\t\t<img fetchpriority=\"high\" decoding=\"async\" width=\"800\" height=\"600\" src=\"https:\/\/cuno-berufskolleg.de\/wp-content\/uploads\/2023\/06\/Cuno1-1024x768.jpg\" class=\"attachment-large size-large wp-image-125\" alt=\"\" srcset=\"https:\/\/cuno-berufskolleg.de\/wp-content\/uploads\/2023\/06\/Cuno1-1024x768.jpg 1024w, https:\/\/cuno-berufskolleg.de\/wp-content\/uploads\/2023\/06\/Cuno1-300x225.jpg 300w, https:\/\/cuno-berufskolleg.de\/wp-content\/uploads\/2023\/06\/Cuno1-768x576.jpg 768w, https:\/\/cuno-berufskolleg.de\/wp-content\/uploads\/2023\/06\/Cuno1-1536x1152.jpg 1536w, https:\/\/cuno-berufskolleg.de\/wp-content\/uploads\/2023\/06\/Cuno1-2048x1536.jpg 2048w\" sizes=\"(max-width: 800px) 100vw, 800px\" \/>\t\t\t\t\t\t\t\t\t\t\t\t\t\t\t<\/div>\n\t\t\t\t<\/div>\n\t\t\t\t<\/div>\n\t\t\t\t\t<\/div>\n\t\t\t\t<\/div>\n\t\t<div class=\"elementor-element elementor-element-546b664 e-flex e-con-boxed e-con e-parent\" data-id=\"546b664\" data-element_type=\"container\" data-e-type=\"container\">\n\t\t\t\t\t<div class=\"e-con-inner\">\n\t\t<div class=\"elementor-element elementor-element-0d3deba e-con-full e-flex e-con e-child\" data-id=\"0d3deba\" data-element_type=\"container\" data-e-type=\"container\">\n\t\t\t\t<div class=\"elementor-element elementor-element-f6e641f elementor-widget elementor-widget-image\" data-id=\"f6e641f\" data-element_type=\"widget\" data-e-type=\"widget\" data-widget_type=\"image.default\">\n\t\t\t\t<div class=\"elementor-widget-container\">\n\t\t\t\t\t\t\t\t\t\t\t\t<figure class=\"wp-caption\">\n\t\t\t\t\t\t\t\t\t\t<img decoding=\"async\" width=\"300\" height=\"225\" src=\"https:\/\/cuno-berufskolleg.de\/wp-content\/uploads\/2023\/07\/csm_IMG_0911_7f9352ef0a.jpg\" class=\"attachment-full size-full wp-image-1610\" alt=\"\" \/>\t\t\t\t\t\t\t\t\t\t\t<figcaption class=\"widget-image-caption wp-caption-text\">\"Lehrer und Sch\u00fcler\", 1951, Kurt Schwippert<\/figcaption>\n\t\t\t\t\t\t\t\t\t\t<\/figure>\n\t\t\t\t\t\t\t\t\t<\/div>\n\t\t\t\t<\/div>\n\t\t\t\t<\/div>\n\t\t<div class=\"elementor-element elementor-element-db3e5d0 e-con-full e-flex e-con e-child\" data-id=\"db3e5d0\" data-element_type=\"container\" data-e-type=\"container\">\n\t\t\t\t<div class=\"elementor-element elementor-element-c8a362a elementor-widget elementor-widget-text-editor\" data-id=\"c8a362a\" data-element_type=\"widget\" data-e-type=\"widget\" data-widget_type=\"text-editor.default\">\n\t\t\t\t<div class=\"elementor-widget-container\">\n\t\t\t\t\t\t\t\t\t<div id=\"c1337\" class=\"csc-frame csc-frame-default csc-space-after-medium\">\n<div class=\"csc-header csc-header-n3\">\n<h4><span style=\"color: inherit; font-family: inherit; font-size: 1.5rem; text-align: var(--text-align);\">contact<\/span><br><\/h4><\/div><\/div><div id=\"c3353\" class=\"csc-frame csc-frame-default\">\n<div class=\"csc-textpic csc-textpic-intext-right\">\n<div class=\"csc-textpic-text\">\n<p class=\"bodytext\">Telefon: 0049 (0)2331 207-5460 (Sekretariat)<br>Telefax: 0049 (0)2331 207-5465<br>E-Mail:&nbsp;<a class=\"mail\" title=\"Mail an info@cuno1.de schreiben\" href=\"mailto:info@cuno1.de\">info(at)cuno1.de<\/a><br>Internet:&nbsp;<a href=\"http:\/\/www.cuno1.de\/\" target=\"_top\">www.cuno1.de<\/a><br>Schulnummer: 180506<\/p>\n<\/div>\n<\/div>\n<\/div>\t\t\t\t\t\t\t\t<\/div>\n\t\t\t\t<\/div>\n\t\t\t\t<\/div>\n\t\t\t\t\t<\/div>\n\t\t\t\t<\/div>\n\t\t<div class=\"elementor-element elementor-element-e0c227e e-flex e-con-boxed e-con e-parent\" data-id=\"e0c227e\" data-element_type=\"container\" data-e-type=\"container\">\n\t\t\t\t\t<div class=\"e-con-inner\">\n\t\t<div class=\"elementor-element elementor-element-542fda4 e-con-full e-flex e-con e-child\" data-id=\"542fda4\" data-element_type=\"container\" data-e-type=\"container\">\n\t\t\t\t<div class=\"elementor-element elementor-element-7caab2f elementor-widget elementor-widget-text-editor\" data-id=\"7caab2f\" data-element_type=\"widget\" data-e-type=\"widget\" data-widget_type=\"text-editor.default\">\n\t\t\t\t<div class=\"elementor-widget-container\">\n\t\t\t\t\t\t\t\t\t<div id=\"c1428\" class=\"csc-frame csc-frame-default\"><div class=\"csc-header csc-header-n6\"><h4>Anfahrt<\/h4><\/div><div class=\"csc-textpic csc-textpic-intext-right\"><div class=\"csc-textpic-text\"><p class=\"bodytext\"><strong>mit \u00f6ffentlichen Verkehrsmitteln (bis Hauptbahnhof Hagen):<\/strong><\/p><p class=\"bodytext\">den Bahnhofsvorplatz \u00fcberqueren, der Bahnhofstra\u00dfe folgen, f\u00fcnfte Kreuzung rechts in die Karl-Marx-Stra\u00dfe, erste Stra\u00dfe links in die Elberfelder Stra\u00dfe, rechts in die Spinngasse und geradeaus weiter in die Viktoriastra\u00dfe (Fu\u00dfweg ca. 15 Minuten)<\/p><p class=\"bodytext\"><strong>Anfahrt \u00fcber die A1:<\/strong><\/p><p class=\"bodytext\">bis Abfahrt 88-Hagen West auf B226 in Richtung Hagen\/Wetter (Ruhr)\/Herdecke fahren, im Kreisverkehr erste Ausfahrt B54\/B7 Richtung Innenstadt, Hinweisschildern Richtung Hauptbahnhof folgen, am Hauptbahnhof vorbeifahren, an der Ampel links in die Elberfelder Stra\u00dfe, erste Stra\u00dfe rechts in die Bergstra\u00dfe, im Kreisverkehr dritte Ausfahrt (Konkordiastra\u00dfe) nehmen, erste Stra\u00dfe rechts in die Hochstra\u00dfe, erste Stra\u00dfe rechts in die Viktoriastra\u00dfe.<\/p><p class=\"bodytext\"><strong>Anfahrt \u00fcber die A45:<\/strong><\/p><p class=\"bodytext\">bis zum Autobahnkreuz 11-Hagen, auf A46 Richtung Innenstadt, einen der zwei linken Fahrstreifen benutzen um links auf M\u00e4rkischer Ring\/B54\/B7 abzubiegen, zweite Ampel rechts auf M\u00e4rkischer Ring, zweite Ampel rechts auf Hochstra\u00dfe, dritte Stra\u00dfe links in die Viktoriastra\u00dfe.<\/p><\/div><\/div><\/div>\t\t\t\t\t\t\t\t<\/div>\n\t\t\t\t<\/div>\n\t\t\t\t<\/div>\n\t\t<div class=\"elementor-element elementor-element-f2d0092 e-con-full e-flex e-con e-child\" data-id=\"f2d0092\" data-element_type=\"container\" data-e-type=\"container\">\n\t\t\t\t<div class=\"elementor-element elementor-element-8b26aa7 elementor-widget elementor-widget-image\" data-id=\"8b26aa7\" data-element_type=\"widget\" data-e-type=\"widget\" data-widget_type=\"image.default\">\n\t\t\t\t<div class=\"elementor-widget-container\">\n\t\t\t\t\t\t\t\t\t\t\t\t\t\t\t<img decoding=\"async\" width=\"311\" height=\"301\" src=\"https:\/\/cuno-berufskolleg.de\/wp-content\/uploads\/2024\/11\/Anfahrt_Fussweg.jpg\" class=\"attachment-full size-full wp-image-5131\" alt=\"\" srcset=\"https:\/\/cuno-berufskolleg.de\/wp-content\/uploads\/2024\/11\/Anfahrt_Fussweg.jpg 311w, https:\/\/cuno-berufskolleg.de\/wp-content\/uploads\/2024\/11\/Anfahrt_Fussweg-300x290.jpg 300w, https:\/\/cuno-berufskolleg.de\/wp-content\/uploads\/2024\/11\/Anfahrt_Fussweg-12x12.jpg 12w\" sizes=\"(max-width: 311px) 100vw, 311px\" \/>\t\t\t\t\t\t\t\t\t\t\t\t\t\t\t<\/div>\n\t\t\t\t<\/div>\n\t\t\t\t<\/div>\n\t\t\t\t\t<\/div>\n\t\t\t\t<\/div>\n\t\t<div class=\"elementor-element elementor-element-c42a835 e-flex e-con-boxed e-con e-parent\" data-id=\"c42a835\" data-element_type=\"container\" data-e-type=\"container\">\n\t\t\t\t\t<div class=\"e-con-inner\">\n\t\t<div class=\"elementor-element elementor-element-3e87d12 e-con-full e-flex e-con e-child\" data-id=\"3e87d12\" data-element_type=\"container\" data-e-type=\"container\">\n\t\t\t\t<div class=\"elementor-element elementor-element-f6b8fc4 elementor-widget elementor-widget-image\" data-id=\"f6b8fc4\" data-element_type=\"widget\" data-e-type=\"widget\" data-widget_type=\"image.default\">\n\t\t\t\t<div class=\"elementor-widget-container\">\n\t\t\t\t\t\t\t\t\t\t\t\t\t\t\t<img loading=\"lazy\" decoding=\"async\" width=\"167\" height=\"144\" src=\"https:\/\/cuno-berufskolleg.de\/wp-content\/uploads\/2024\/11\/Anfahrt_Autobahnen.jpg\" class=\"attachment-large size-large wp-image-5130\" alt=\"\" srcset=\"https:\/\/cuno-berufskolleg.de\/wp-content\/uploads\/2024\/11\/Anfahrt_Autobahnen.jpg 167w, https:\/\/cuno-berufskolleg.de\/wp-content\/uploads\/2024\/11\/Anfahrt_Autobahnen-14x12.jpg 14w\" sizes=\"(max-width: 167px) 100vw, 167px\" \/>\t\t\t\t\t\t\t\t\t\t\t\t\t\t\t<\/div>\n\t\t\t\t<\/div>\n\t\t\t\t<\/div>\n\t\t<div class=\"elementor-element elementor-element-6055013 e-con-full e-flex e-con e-child\" data-id=\"6055013\" data-element_type=\"container\" data-e-type=\"container\">\n\t\t\t\t<div class=\"elementor-element elementor-element-91980d5 elementor-widget elementor-widget-text-editor\" data-id=\"91980d5\" data-element_type=\"widget\" data-e-type=\"widget\" data-widget_type=\"text-editor.default\">\n\t\t\t\t<div class=\"elementor-widget-container\">\n\t\t\t\t\t\t\t\t\t<div class=\"csc-header csc-header-n7\"><h4>Parken<\/h4><\/div><div class=\"csc-textpic-text\"><p class=\"bodytext\">z.B.:<\/p><ul><li><a class=\"external-link-new-window\" title=\"Opens external link in new window\" href=\"https:\/\/www.google.de\/maps\/place\/Q-Park+Mittelstadt\/@51.357119,7.464448,17z\/data=!3m1!4b1!4m2!3m1!1s0x47b93b634f9e246f:0x3eb9d0a530c697f9\" target=\"_blank\" rel=\"noopener\">Parkhaus Mittelstadt<\/a>, Bergischer Ring 82,58095 Hagen<\/li><li><a class=\"external-link-new-window\" title=\"Opens external link in new window\" href=\"https:\/\/www.google.de\/maps\/place\/Q-Park+Volme+Galerie\/@51.359528,7.474616,17z\/data=!3m1!4b1!4m2!3m1!1s0x47b93b7e40b8d6d3:0xcf9c3be6cb77214d\" target=\"_blank\" rel=\"noopener\">Q-Park Volme Galerie<\/a>, Friedrich-Ebert-Platz 3, 58095 Hagen<\/li><li><a class=\"external-link-new-window\" title=\"Opens external link in new window\" href=\"https:\/\/www.google.de\/maps\/place\/Parkbetriebe+P.+Eckhardt\/@51.358119,7.476481,17z\/data=!3m1!4b1!4m2!3m1!1s0x47b93b7f07e06473:0x321c8b68e4225ce4\" target=\"_blank\" rel=\"noopener\">Parkbetriebe P. Eckhardt<\/a>, Potthofstra\u00dfe 15-17, 58095 Hagen<\/li><\/ul><\/div>\t\t\t\t\t\t\t\t<\/div>\n\t\t\t\t<\/div>\n\t\t\t\t<\/div>\n\t\t\t\t\t<\/div>\n\t\t\t\t<\/div>\n\t\t\t\t<\/div>","protected":false},"excerpt":{"rendered":"<p>Anschrift Cuno-Berufskolleg I Berufskolleg f\u00fcr Technik der Stadt HagenViktoriastr. 258095 Hagen zum Sekretariat zur Schulleitung \u00d6ffnungszeiten des Sekretariates Montag bis Donnerstag: 07:00 &#8211; 14:15 UhrFreitag: 07:00 &#8211; 13:00 Uhr \u00d6ffnungszeiten des Sekretariates w\u00e4hrend der Ferien Montag bis Freitag: 08:00 &#8211; 13:00 Uhr &#8220;Lehrer und Sch\u00fcler&#8221;, 1951, Kurt Schwippert Kontakt Telefon: 0049 (0)2331 207-5460 (Sekretariat)Telefax: 0049 [&hellip;]<\/p>\n","protected":false},"author":1,"featured_media":0,"parent":0,"menu_order":0,"comment_status":"closed","ping_status":"closed","template":"","meta":{"footnotes":""},"class_list":["post-1607","page","type-page","status-publish","hentry"],"publishpress_future_action":{"enabled":false,"date":"2026-04-12 17:51:13","action":"change-status","newStatus":"draft","terms":[],"taxonomy":"","extraData":[]},"publishpress_future_workflow_manual_trigger":{"enabledWorkflows":[]},"_links":{"self":[{"href":"https:\/\/cuno-berufskolleg.de\/en\/wp-json\/wp\/v2\/pages\/1607","targetHints":{"allow":["GET"]}}],"collection":[{"href":"https:\/\/cuno-berufskolleg.de\/en\/wp-json\/wp\/v2\/pages"}],"about":[{"href":"https:\/\/cuno-berufskolleg.de\/en\/wp-json\/wp\/v2\/types\/page"}],"author":[{"embeddable":true,"href":"https:\/\/cuno-berufskolleg.de\/en\/wp-json\/wp\/v2\/users\/1"}],"replies":[{"embeddable":true,"href":"https:\/\/cuno-berufskolleg.de\/en\/wp-json\/wp\/v2\/comments?post=1607"}],"version-history":[{"count":5,"href":"https:\/\/cuno-berufskolleg.de\/en\/wp-json\/wp\/v2\/pages\/1607\/revisions"}],"predecessor-version":[{"id":5372,"href":"https:\/\/cuno-berufskolleg.de\/en\/wp-json\/wp\/v2\/pages\/1607\/revisions\/5372"}],"wp:attachment":[{"href":"https:\/\/cuno-berufskolleg.de\/en\/wp-json\/wp\/v2\/media?parent=1607"}],"curies":[{"name":"wp","href":"https:\/\/api.w.org\/{rel}","templated":true}]}}