{"id":1601,"date":"2023-07-28T14:48:24","date_gmt":"2023-07-28T12:48:24","guid":{"rendered":"http:\/\/cuno-berufskolleg.de\/?page_id=1601"},"modified":"2023-07-31T10:47:31","modified_gmt":"2023-07-31T08:47:31","slug":"foerderverein-kontakt","status":"publish","type":"page","link":"https:\/\/cuno-berufskolleg.de\/en\/foerderverein-kontakt\/","title":{"rendered":"F\u00f6rderverein Kontakt"},"content":{"rendered":"<div data-elementor-type=\"wp-page\" data-elementor-id=\"1601\" class=\"elementor elementor-1601\" data-elementor-post-type=\"page\">\n\t\t\t\t<div class=\"elementor-element elementor-element-9c5200c e-flex e-con-boxed e-con e-parent\" data-id=\"9c5200c\" data-element_type=\"container\" data-e-type=\"container\">\n\t\t\t\t\t<div class=\"e-con-inner\">\n\t\t\t\t<div class=\"elementor-element elementor-element-dda7211 elementor-widget elementor-widget-text-editor\" data-id=\"dda7211\" data-element_type=\"widget\" data-e-type=\"widget\" data-widget_type=\"text-editor.default\">\n\t\t\t\t<div class=\"elementor-widget-container\">\n\t\t\t\t\t\t\t\t\t<div id=\"c1147\" class=\"csc-frame csc-frame-default\">\n<div class=\"csc-header csc-header-n1\">\n<h3>contact<\/h3>\n<\/div>\n<\/div>\n<div id=\"c4283\" class=\"csc-frame csc-frame-default\">\n<div class=\"csc-textpic csc-textpic-center csc-textpic-above csc-textpic-equalheight\">\n<div class=\"csc-textpic-imagewrap\" data-csc-images=\"1\" data-csc-cols=\"1\">\n<div class=\"csc-textpic-center-outer\">\n<div class=\"csc-textpic-center-inner\">\n<figure class=\"csc-textpic-image csc-textpic-last\"><img decoding=\"async\" src=\"http:\/\/cuno-berufskolleg.de\/fileadmin\/_processed_\/6\/8\/csm_flogoklein_734b858a43.jpg\" alt=\"Logo F\u00f6rderverein\" width=\"245\" height=\"120\"><\/figure>\n<\/div>\n<\/div>\n<\/div>\n<\/div>\n<\/div>\n<div id=\"c1142\" class=\"csc-frame csc-frame-default\">\n<div class=\"csc-header csc-header-n3\">\n<h5>Anschrift<\/h5>\n<\/div>\n<p class=\"bodytext\">Verein der Freunde und F\u00f6rderer technologischer Innovation am Cuno-Berufskolleg I, Hagen e.V.<br>Viktoriastr. 2<br>58095 Hagen<\/p>\n<p class=\"bodytext\">Telefon: 0049 (0)2331 207-5460 (Sekretariat)<br>Telefax: 0049 (0)2331 207-5465<\/p>\n<\/div>\n<div id=\"c1145\" class=\"csc-frame csc-frame-default\">\n<div class=\"csc-header csc-header-n4\">\n<h5>B\u00fcrozeiten:<\/h5>\n<\/div>\n<p class=\"bodytext\">siehe&nbsp;<a class=\"internal-link\" title=\"Opens internal link in current window\" href=\"http:\/\/cuno-berufskolleg.de\/en\/anfahrt-und-parken\/\">B\u00fcrozeiten<\/a>&nbsp;des Cuno-Berufskolleg I<\/p>\n<\/div>\n<div id=\"c1143\" class=\"csc-frame csc-frame-default\">\n<div>\n<p class=\"bodytext\">Ansprechpartner und Gesch\u00e4ftsf\u00fchrer:<br>Gerd Eckerle; E-Mail:&nbsp;<a class=\"mail\" href=\"mailto:eckerle@cuno1.de\">eckerle(at)cuno1.de<\/a><\/p>\n<\/div>\n<\/div>\n<div id=\"c1144\" class=\"csc-frame csc-frame-default\">\n<div class=\"csc-header csc-header-n6\">\n<h5>Konten<\/h5>\n<\/div>\n<table class=\"contenttable contenttable-0\" style=\"height: 51px;\" width=\"189\">\n<tbody>\n<tr>\n<td>Sparkasse Hagen:<\/td>\n<td>IBAN:<\/td>\n<td>DE32 4505 0001 0100 1270 61<\/td>\n<\/tr>\n<tr>\n<td>&nbsp;<\/td>\n<td>BIC:<\/td>\n<td>WELADE3HXXX<\/td>\n<\/tr>\n<\/tbody>\n<\/table>\n<\/div>\t\t\t\t\t\t\t\t<\/div>\n\t\t\t\t<\/div>\n\t\t\t\t\t<\/div>\n\t\t\t\t<\/div>\n\t\t\t\t<\/div>","protected":false},"excerpt":{"rendered":"<p>Kontakt Anschrift Verein der Freunde und F\u00f6rderer technologischer Innovation am Cuno-Berufskolleg I, Hagen e.V.Viktoriastr. 258095 Hagen Telefon: 0049 (0)2331 207-5460 (Sekretariat)Telefax: 0049 (0)2331 207-5465 B\u00fcrozeiten: siehe&nbsp;B\u00fcrozeiten&nbsp;des Cuno-Berufskolleg I Ansprechpartner und Gesch\u00e4ftsf\u00fchrer:Gerd Eckerle; E-Mail:&nbsp;eckerle(at)cuno1.de Konten Sparkasse Hagen: IBAN: DE32 4505 0001 0100 1270 61 &nbsp; BIC: WELADE3HXXX<\/p>","protected":false},"author":1,"featured_media":0,"parent":0,"menu_order":0,"comment_status":"closed","ping_status":"closed","template":"","meta":{"footnotes":""},"class_list":["post-1601","page","type-page","status-publish","hentry"],"publishpress_future_action":{"enabled":false,"date":"2026-05-09 09:57:18","action":"change-status","newStatus":"draft","terms":[],"taxonomy":"","extraData":[]},"publishpress_future_workflow_manual_trigger":{"enabledWorkflows":[]},"_links":{"self":[{"href":"https:\/\/cuno-berufskolleg.de\/en\/wp-json\/wp\/v2\/pages\/1601","targetHints":{"allow":["GET"]}}],"collection":[{"href":"https:\/\/cuno-berufskolleg.de\/en\/wp-json\/wp\/v2\/pages"}],"about":[{"href":"https:\/\/cuno-berufskolleg.de\/en\/wp-json\/wp\/v2\/types\/page"}],"author":[{"embeddable":true,"href":"https:\/\/cuno-berufskolleg.de\/en\/wp-json\/wp\/v2\/users\/1"}],"replies":[{"embeddable":true,"href":"https:\/\/cuno-berufskolleg.de\/en\/wp-json\/wp\/v2\/comments?post=1601"}],"version-history":[{"count":0,"href":"https:\/\/cuno-berufskolleg.de\/en\/wp-json\/wp\/v2\/pages\/1601\/revisions"}],"wp:attachment":[{"href":"https:\/\/cuno-berufskolleg.de\/en\/wp-json\/wp\/v2\/media?parent=1601"}],"curies":[{"name":"wp","href":"https:\/\/api.w.org\/{rel}","templated":true}]}}