{"id":1560,"date":"2023-07-28T09:04:57","date_gmt":"2023-07-28T07:04:57","guid":{"rendered":"http:\/\/cuno-berufskolleg.de\/?page_id=1560"},"modified":"2024-03-14T12:16:06","modified_gmt":"2024-03-14T11:16:06","slug":"fachschule-fuer-technik","status":"publish","type":"page","link":"https:\/\/cuno-berufskolleg.de\/en\/fachschule-fuer-technik\/","title":{"rendered":"Technical college"},"content":{"rendered":"<div data-elementor-type=\"wp-page\" data-elementor-id=\"1560\" class=\"elementor elementor-1560\" data-elementor-post-type=\"page\">\n\t\t\t\t<div class=\"elementor-element elementor-element-e06c34b e-flex e-con-boxed e-con e-parent\" data-id=\"e06c34b\" data-element_type=\"container\" data-e-type=\"container\">\n\t\t\t\t\t<div class=\"e-con-inner\">\n\t\t\t\t<div class=\"elementor-element elementor-element-9de15ee elementor-widget elementor-widget-text-editor\" data-id=\"9de15ee\" data-element_type=\"widget\" data-e-type=\"widget\" data-widget_type=\"text-editor.default\">\n\t\t\t\t<div class=\"elementor-widget-container\">\n\t\t\t\t\t\t\t\t\t<div id=\"c513\" class=\"csc-frame csc-frame-default\"><strong>Ansprechpartner:<\/strong> <a href=\"http:\/\/cuno-berufskolleg.de\/en\/intern\/herr-pfeffer\/\">Herr Pfeffer<\/a><p class=\"bodytext\"><b>Bereichsleiter:<\/b> <a href=\"http:\/\/cuno-berufskolleg.de\/en\/intern\/herr-pfeffer\/\">Herr Pfeffer<\/a><\/p><\/div><div id=\"c519\" class=\"csc-frame csc-frame-default\"><div class=\"csc-header csc-header-n2\"><h4>Fachrichtungen<\/h4><\/div><ul class=\"ce-bullets ce-bullets-0\"><li>Elektrotechnik<\/li><li>Maschinenbautechnik<\/li><li>Mechatronik<\/li><\/ul><\/div><div id=\"c520\" class=\"csc-frame csc-frame-default\"><div class=\"csc-header csc-header-n3\"><h4><span style=\"color: #333333;\">Aufgabe und Ziel<\/span><\/h4><p class=\"bodytext\" style=\"color: #7a7a7a;\"><span style=\"color: #333333;\">Technikerinnen und Techniker verf\u00fcgen \u00fcber ein breites Spektrum beruflicher Qualifikationen, die ihnen Wege zu vielf\u00e4ltigen T\u00e4tigkeiten er\u00f6ffnen. Diese k\u00f6nnen sich sowohl auf \u00fcbergreifende, koordinierende als auch auf spezifische, technikgestaltende Aufgaben erstrecken. Sie nehmen dabei eine vermittelnde Stellung zwischen dem ausf\u00fchrenden Praktiker und dem akademischen Ingenieur ein. Diese Tatsache wird vom Arbeitsmarkt besonders gesch\u00e4tzt und erm\u00f6glicht der Technikerin und dem Techniker eine langfristige Entwicklungsm\u00f6glichkeit. Unabh\u00e4ngig von der Branche werden von Technikerinnen und Technikern ausgepr\u00e4gte kommunikative und soziale F\u00e4higkeiten verlangt. Diese sind Voraussetzung f\u00fcr die verantwortliche Mitwirkung in aufgaben- bzw. projektbezogenen Teams und die Wahrnehmung von F\u00fchrungsaufgaben. Die T\u00e4tigkeiten k\u00f6nnen sich auf einzelne Funktionsbereiche eines Unternehmens konzentrieren, z. B. Forschung, Entwicklung, Beschaffung, Produktionsplanung und -steuerung, Fertigung, Materialflusssteuerung, Montage, Instandhaltung, Qualit\u00e4tsmanagement, Vertrieb, Service.<\/span><\/p><\/div><\/div><div id=\"c521\" class=\"csc-frame csc-frame-default\"><div class=\"csc-header csc-header-n4\"><h4>Voraussetzungen<\/h4><\/div><p class=\"bodytext\">Eine Aufnahmepr\u00fcfung wird nicht durchgef\u00fchrt. In die Fachschule wird aufgenommen, wer mindestens:<\/p><ul><li>den Abschluss der Ausbildung in einem f\u00fcr die Zielsetzung der jeweiligen Fachrichtung einschl\u00e4gigen Ausbildungsberuf nach dem Berufsbildungsgesetz, der Handwerksordnung, dem Landes- oder Bundesrecht<b>\u00a0und<\/b><\/li><\/ul><ul><li>den Berufsschulabschluss, soweit w\u00e4hrend der Berufsausbildung die Pflicht zum Berufsschulbesuch bestand<b>\u00a0und<br \/><\/b><\/li><\/ul><ul><li>eine Berufst\u00e4tigkeit im Ausbildungsberuf von mindestens einem Jahr, die auch w\u00e4hrend der Fachschulausbildung abgeleistet werden kann, nachweist.<\/li><\/ul><\/div><div id=\"c522\" class=\"csc-frame csc-frame-default\"><p class=\"bodytext\"><b>alternativ dazu<\/b><\/p><ul><li>In die Fachschule kann abweichend auch aufgenommen werden, wer eine einschl\u00e4gige Berufst\u00e4tigkeit von mindestens f\u00fcnf Jahren nachweist. Auf die Berufst\u00e4tigkeit kann der Besuch einer einschl\u00e4gigen Berufsfachschule angerechnet werden.<\/li><\/ul><\/div><div id=\"c523\" class=\"csc-frame csc-frame-default\"><div class=\"csc-header csc-header-n6\"><h4>Organisation<\/h4><\/div><p class=\"bodytext\">Die Ausbildung zum\/zur Techniker\/in f\u00fcr die Fachrichtungen Elektrotechnik, Maschinenbautechnik und Mechatronik findet in Teilzeitform statt und erstreckt sich \u00fcber 3,5 Schuljahre (7 Semester) und umfasst 2400 Unterrichtsstunden. Hier besteht die M\u00f6glichkeit, dass die Studierenden ihren Beruf weiter aus\u00fcben k\u00f6nnen, da der Unterricht zu folgenden Zeiten stattfindet:<\/p><ul><li>Dienstag- und Donnerstagabend von 17:00 bis 21:15 Uhr<\/li><li>Samstag von 7:30 Uhr bis 12:30 Uhr.<\/li><\/ul><\/div><div id=\"c524\" class=\"csc-frame csc-frame-default\"><p class=\"bodytext\">Begonnen wird hier jeweils zum Februar eines Jahres. Es gilt die Ferienordnung, die der Kultusminister j\u00e4hrlich f\u00fcr \u00f6ffentliche Schulen festlegt. In den Schulferien findet kein Unterricht statt.<\/p><\/div><div id=\"c525\" class=\"csc-frame csc-frame-default\"><div class=\"csc-header csc-header-n8\"><h4>F\u00e4cher<\/h4><\/div><p class=\"bodytext\">Stundentafel f\u00fcr die Fachrichtungen:<\/p><ul><li><a href=\"http:\/\/cuno-berufskolleg.de\/wp-content\/uploads\/2024\/03\/Stundentafel-Fachschule-fuer-Elektrotechnik.pdf\">Elektrotechnik<\/a><\/li><li><a href=\"http:\/\/cuno-berufskolleg.de\/wp-content\/uploads\/2024\/03\/Stundentafel-Fachschule-fuer-Maschinenbautechnik.pdf\">Maschinenbautechnik<\/a><\/li><li><a href=\"http:\/\/cuno-berufskolleg.de\/wp-content\/uploads\/2024\/03\/Stundentafel-Fachschule-fuer-Mechatronik.pdf\">Mechatronik<\/a><\/li><\/ul><\/div><div id=\"c528\" class=\"csc-frame csc-frame-default\"><div class=\"csc-header csc-header-n9\"><h4>Fachschulexamen<\/h4><\/div><p class=\"bodytext\">Die Ausbildung ist eigenst\u00e4ndig, orientiert sich an den Aufgaben und T\u00e4tigkeiten von Technikerinnen und Technikern und f\u00fchrt zu einer gehobenen beruflichen Qualifikation. Abgeschlossen wird die Ausbildung mit dem Fachschulexamen, bestehend aus drei schriftlichen Abschlusspr\u00fcfungen. Das Bestehen des Examens verleiht die Berechtigung zur F\u00fchrung der Berufsbezeichnung: Staatlich gepr\u00fcfte\/r Techniker\/in<\/p><\/div><div id=\"c529\" class=\"csc-frame csc-frame-default\"><div class=\"csc-header csc-header-n10\"><h4>Zusatzqualifikationen<\/h4><\/div><p class=\"bodytext\">Die Vorbereitung auf die Ausbildereignungspr\u00fcfung ist bei entsprechender Nachfrage m\u00f6glich. Dar\u00fcber hinaus ist unter bestimmten Voraussetzungen der Erwerb weiterer Zusatzqualifikationen m\u00f6glich.<\/p><\/div><div id=\"c530\" class=\"csc-frame csc-frame-default\"><div class=\"csc-header csc-header-n11\"><h4>Kosten und BAf\u00f6G<\/h4><\/div><p class=\"bodytext\">Schulgeld wird nicht erhoben. Im Lernmittelfreiheitsgesetz liegt der Durchschnittsbetrag f\u00fcr die Fachschule f\u00fcr Technik zurzeit bei 224 Euro. Der Eigenanteil der Fachsch\u00fclerinnen und Fachsch\u00fcler betr\u00e4gt nach neuem Lehrmittelgesetz ein Drittel des Durchschnittsbetrages.<\/p><\/div><div id=\"c531\" class=\"csc-frame csc-frame-default\"><p class=\"bodytext\">Ggf. k\u00f6nnen Sie F\u00f6rderung nach dem Berufsausbildungsf\u00f6rderungsgesetz oder nach dem Ausbildungsf\u00f6rderungsgesetz (sog. Meister-BAf\u00f6G) erhalten.<\/p><\/div><div id=\"c532\" class=\"csc-frame csc-frame-default\"><p class=\"bodytext\">\u00dcber F\u00f6rderungsm\u00f6glichkeiten k\u00f6nnen Sie sich ggf. bei folgenden Institutionen und \u00c4mtern informieren:<\/p><ul><li>Arbeitsamt &#8211; Ausbildungsf\u00f6rderungsamt<\/li><li>Industrie- und Handelskammer Siegen<\/li><li>Landesamt f\u00fcr Ausbildungsf\u00f6rderung<\/li><\/ul><\/div><div id=\"c533\" class=\"csc-frame csc-frame-default\"><div class=\"csc-header csc-header-n14\"><h4>Perspektiven \/ Weiterbildung<\/h4><\/div><p class=\"bodytext\">Mit dem erfolgreichen Abschluss der staatlich gepr\u00fcften Technikerin bzw. des staatlich gepr\u00fcften Technikers besteht au\u00dferdem die M\u00f6glichkeit, an einigen Fachhochschulen ein fachbezogenes Studium aufzunehmen (s. \u00a749 Abs. 6 des Hochschulgesetztes).<\/p><\/div><div id=\"c534\" class=\"csc-frame csc-frame-default\"><p class=\"bodytext\">Der Abschluss der Fachschule kann von der zust\u00e4ndigen Stelle ganz oder in Teilen auf die Meisterpr\u00fcfung angerechnet werden.<\/p><\/div><div id=\"c535\" class=\"csc-frame csc-frame-default\"><div class=\"csc-header csc-header-n16\"><h4>Registration<\/h4><\/div><p class=\"bodytext\">Eine Anmeldung ist jederzeit m\u00f6glich. Anmeldeschluss ist der 30.11. des Vorjahres. Beginn der Ausbildung ist der darauffolgende 01. Februar.<\/p><\/div><div id=\"c536\" class=\"csc-frame csc-frame-default\"><p class=\"bodytext\">Zeugnisse und Bescheinigungen sind in beglaubigter Abschrift oder Fotokopie beizulegen. Sollte die Anzahl der Bewerber die Aufnahmekapazit\u00e4t der Schule \u00fcbersteigen, werden die Pl\u00e4tze nach einem Auswahlverfahren zugewiesen. Die Entscheidung \u00fcber die Aufnahme in die Fachschule wird dem Bewerber zwei Monate vor Beginn der Ausbildung mitgeteilt.<\/p><\/div><div id=\"c537\" class=\"csc-frame csc-frame-default\"><div class=\"csc-header csc-header-n18\"><h4>Unsere Anschrift<\/h4><\/div><div><p class=\"bodytext\"><a class=\"internal-link\" title=\"Opens internal link in current window\" href=\"http:\/\/cuno-berufskolleg.de\/en\/anfahrt-und-parken\/\">-&gt; Kontakt<\/a><\/p><\/div><\/div><div id=\"c538\" class=\"csc-frame csc-frame-default\"><div class=\"csc-header csc-header-n19\"><h4>Download: Anmeldeformular<\/h4><\/div><p class=\"bodytext\"><a href=\"http:\/\/cuno-berufskolleg.de\/wp-content\/uploads\/2024\/03\/Aufnahmeantrag_FT_2015_08_oe.pdf\">Anmeldung zum Besuch der Fachschule f\u00fcr Technik<\/a><\/p><\/div>\t\t\t\t\t\t\t\t<\/div>\n\t\t\t\t<\/div>\n\t\t\t\t\t<\/div>\n\t\t\t\t<\/div>\n\t\t\t\t<\/div>","protected":false},"excerpt":{"rendered":"<p>Ansprechpartner: Herr Pfeffer Bereichsleiter: Herr Pfeffer Fachrichtungen Elektrotechnik Maschinenbautechnik Mechatronik Aufgabe und Ziel Technikerinnen und Techniker verf\u00fcgen \u00fcber ein breites Spektrum beruflicher Qualifikationen, die ihnen Wege zu vielf\u00e4ltigen T\u00e4tigkeiten er\u00f6ffnen. Diese k\u00f6nnen sich sowohl auf \u00fcbergreifende, koordinierende als auch auf spezifische, technikgestaltende Aufgaben erstrecken. Sie nehmen dabei eine vermittelnde Stellung zwischen dem ausf\u00fchrenden Praktiker und [&hellip;]<\/p>\n","protected":false},"author":1,"featured_media":0,"parent":0,"menu_order":0,"comment_status":"closed","ping_status":"closed","template":"","meta":{"footnotes":""},"class_list":["post-1560","page","type-page","status-publish","hentry"],"publishpress_future_action":{"enabled":false,"date":"2026-04-16 11:14:02","action":"change-status","newStatus":"draft","terms":[],"taxonomy":"","extraData":[]},"publishpress_future_workflow_manual_trigger":{"enabledWorkflows":[]},"_links":{"self":[{"href":"https:\/\/cuno-berufskolleg.de\/en\/wp-json\/wp\/v2\/pages\/1560","targetHints":{"allow":["GET"]}}],"collection":[{"href":"https:\/\/cuno-berufskolleg.de\/en\/wp-json\/wp\/v2\/pages"}],"about":[{"href":"https:\/\/cuno-berufskolleg.de\/en\/wp-json\/wp\/v2\/types\/page"}],"author":[{"embeddable":true,"href":"https:\/\/cuno-berufskolleg.de\/en\/wp-json\/wp\/v2\/users\/1"}],"replies":[{"embeddable":true,"href":"https:\/\/cuno-berufskolleg.de\/en\/wp-json\/wp\/v2\/comments?post=1560"}],"version-history":[{"count":5,"href":"https:\/\/cuno-berufskolleg.de\/en\/wp-json\/wp\/v2\/pages\/1560\/revisions"}],"predecessor-version":[{"id":4544,"href":"https:\/\/cuno-berufskolleg.de\/en\/wp-json\/wp\/v2\/pages\/1560\/revisions\/4544"}],"wp:attachment":[{"href":"https:\/\/cuno-berufskolleg.de\/en\/wp-json\/wp\/v2\/media?parent=1560"}],"curies":[{"name":"wp","href":"https:\/\/api.w.org\/{rel}","templated":true}]}}