{"id":1554,"date":"2023-07-28T08:56:49","date_gmt":"2023-07-28T06:56:49","guid":{"rendered":"http:\/\/cuno-berufskolleg.de\/?page_id=1554"},"modified":"2024-05-16T09:54:00","modified_gmt":"2024-05-16T07:54:00","slug":"anmeldung-am-cuno-berufskolleg","status":"publish","type":"page","link":"https:\/\/cuno-berufskolleg.de\/en\/anmeldung-am-cuno-berufskolleg\/","title":{"rendered":"Registration"},"content":{"rendered":"<div data-elementor-type=\"wp-page\" data-elementor-id=\"1554\" class=\"elementor elementor-1554\" data-elementor-post-type=\"page\">\n\t\t\t\t\t\t<section class=\"elementor-section elementor-top-section elementor-element elementor-element-56afe9f6 elementor-section-boxed elementor-section-height-default elementor-section-height-default\" data-id=\"56afe9f6\" data-element_type=\"section\" data-e-type=\"section\">\n\t\t\t\t\t\t<div class=\"elementor-container elementor-column-gap-default\">\n\t\t\t\t\t<div class=\"elementor-column elementor-col-100 elementor-top-column elementor-element elementor-element-4b25d77e\" data-id=\"4b25d77e\" data-element_type=\"column\" data-e-type=\"column\">\n\t\t\t<div class=\"elementor-widget-wrap elementor-element-populated\">\n\t\t\t\t\t\t<div class=\"elementor-element elementor-element-7770cde0 elementor-widget elementor-widget-text-editor\" data-id=\"7770cde0\" data-element_type=\"widget\" data-e-type=\"widget\" data-widget_type=\"text-editor.default\">\n\t\t\t\t<div class=\"elementor-widget-container\">\n\t\t\t\t\t\t\t\t\t<div>\n<div>\n<h3>Anmeldung am Cuno-Berufskolleg I \u00fcber &#8220;sch\u00fcler online&#8221;<\/h3>\n<\/div>\n<\/div>\n<div>\n<div>\n<div data-csc-images=\"1\" data-csc-cols=\"1\">\n<figure>\n<figcaption><img decoding=\"async\" src=\"data:image\/png;base64,iVBORw0KGgoAAAANSUhEUgAAAUoAAAB6CAYAAADZJBocAAAd5UlEQVR4Ae1d97ccxZX2P7G\/rdnFGAwGTDYZDDYmY7JBgMjZ5CRyVEYPZYQCQighCYECyhLKEqCcswQo58nhTbh7vuG0tl9PpU7v9Zu5dc6cnq6u+N2qr6urbt36HbFjBBgBRoARUCLwO+VTfsgIMAKMACNATJTcCBgBRoAR0CDARKkBiB8zAowAI8BEyW2AEWAEGAENAkyUGoD4MSPACDACTJTcBhgBRoAR0CDARKkBiB8zAowAI8BEyW2AEWAEGAENAkyUGoD4MSPACDACTJTcBhgBRoAR0CDARKkBiB8zAowAI8BEyW2AEWAEGAENAkyUGoCa+3EimaH\/+uNtVb\/r\/\/2msCifD5taFRbxvxgxTRiePRkBRsA9AkyUDswGDJkkJB6QT7c+Yxyhg79tbqIEoYqIGX6du38VfAU5RSECpcReKuxeQfmNUyi\/dAhl5jbwb24DZRf2pvzqr6mwYwGVDm0lyqeE+IXtyUTpQJiJ8v9Hs0yUjsYR4G3p4GbK\/TiAUiPvo6Ptj+OfCwwS\/a6g7OxOVNgxn6jYGKBU5EkxUTqwYaJkonQ0iUBv82vGUmLwv5gYXRCj6kUS73EOZaa+RaXD2wOVkzMxJkoHIkyUTJSOJhHILUY\/qVEPMEEGRJBO8ow3nEG5BT1D+zRnonR0AyZKJkpHk\/B1W84nKTPpVSbIkAjSSZiJ\/ldV5jR9CU0QmYnSAcrALydLFzeaYzEHxenSY1TVb\/iYWY6S\/na7fNWWqrCIv2L1VmF4p6dqMQfpsPOOQOnwNkoOu5NJsplI0k6a6alveRecICYTpQOUlh5ROooT+q2KKHkxxzv8hZ8XMUG2AEHayTI5+CbvAnTEZKJ0AMJEyZ\/ejibh+ja7oCeTZAuTpJ0wXQtQEIGJ0gEKEyUTpaNJuLrNLRvKJBkhkgRhJr+83ZUMRYFDJ8ojRxO0et12WrZyM+34ZS\/F4uEpjG7etosmT\/+R+g+ZRD36fUMjvv6e5ixYSfFEWlR3oZ\/bOcpsNk\/rNvxMq9ZuI9S1tTnVpzfPUbqTZuP675gkI0aS1sgyM+N9d8J0hA6cKDdt3Unt3h9Il173Av3P6W2ECyO\/P+1uuvaO1+mFN\/rSxKmLHUVyd\/vLzv304puf0knn3C\/My9p1cmvb92j85EXaxE2Jsu+gCXT1ra9V5XnahY\/Qc+36VF4M2sxsAZ56uSf9q83bwl8qnbWFFP995tXewrhIUxU\/bKKcu3AVvfpuf7rqllfp9IsereD1p\/MeqLSPB5\/uSmPGzyPsRnLjlizfJK0rXoyWm\/b9Unrjg0F0ze2v0ynnP0T\/fepddNE\/n6W7Hv6I3u04pPJys8L6vRb3r6dYj\/M8EWXyi5spM\/NDwrxm8eAWKmdjfotTM\/HLxUYqxXdTcc8qyq8aTemJL1G890WecM7M6eoZl8CI8vCRBP3n1V5VxGERleqKDvRJ37GuKoGR3FsfDXad3633vUfbduyR5qUjSnTSC656xijfB57qQiinibtQkabJKPySa5+XlkkVPyyixBTGGZc8Ji2Tsz1AlvsOHDGBikCAzvjW\/Zhxcwkva+yNt\/xUV7xkg3Dpye1cd970uGeouHtFENnXXRr55cMpMeh615gX9672hFUgRIlPaoykVA3S5NlZlz9BK9ds01Zky\/bdhLAmaYrCHHd6G5o07QdhPiqiVJGRKB\/43XzPO8J8nJ4qojwa009XXHLNc1I8VPGDJkrkdeVNL0vLIsMJ\/sefca\/RSHzqrCXS9O9\/qktl5KjKx\/nsvU5fOsXh6h6dz\/rEM702bpzqKg8OLEYAe+JNMUc4vNC8ON9EmUxl6C8X\/\/ZJ5WyAbu+vu\/MN5WciKojR0V\/\/\/rS0o5jmefblTwpHeyqiNE3bGa7TJyO1sqkFosRc8GXXv+BLNv\/7l3sIo3aVUxGlE3vd\/S33vkuZTE6VnfaZ29Fk6cjP2jQ5gDkCuSWDXZGll1Glb6J87b0BvjqG1ZDxqaSaS7Ngu\/exjr7zw6fznn2HrSSbXMMgStTx4CH1vFMtECXmHC15+rmeeuHDyoWxoIjy7kfaN5G9lxu3o8ly5qiXbDiOBgE3eqteRpW+iDKdySk\/c66+rR31\/OzbypzSgh\/WEn5fT5hHHRtG0hU3vnSsU5mS5MIf1x2LI+uI+OyzdrZg3su5yHPx1c\/R\/gPyxmpKlJh\/w0LJjXe9RVickpXH8tft6lERpWqO0Wo\/qmkBVfygPr2\/GjtbicEfzryX2j7Zmd7vPJSefLE7nXel+qvgof98bFWt6qqao7Tw1l0ffkaeflWGCo\/s\/B7GoxmsirMLD4G8oWpWrNtprhfMfBElVHFkDbJDwwgtIiDN29q+bzSSRGKqCXqsaIpW0DFndueDH1bKiZX4Q4fjynKZECXC2B3yePz5T6RYACOskKtcayfKc694Slr\/t9sPFlYd8pK1H\/iv3\/iLMJ4JUf7j5leabOPcun13RcsC6ULDICiX+MLMElB2UTCLRkGVu1bTSY1+yOjFlV\/lbnuuL6LsN3iitKEHrVO4cctOaV5o\/ENHzVTKHqPYI7GkMgwe6ogSn30y9\/QrPZVlVK2At2ainDV3ubTemJpRuW8mLpDGla1I64gSqmAyZ1cfkoUx9S8d3GTUKZNDbjVNksP5RKCwZaaRTFJjHnWVky+ixCKFbESwbNUWVwXRBW7o87U0L3z+BuVURHnHAx8os8FoVYYH\/KHzKXOtmSjxKS2qNzQTTFybRzoI42PaROR0RCmbfxal5cfPdKtiYfN0P9lwXJcIGBlD7nA8UblonLIvouw9YJywgaPTQF1l\/uI1xgXRBfz3Qx9J8xo59ntddOPnKqL89POJ2nTwySciDfipXh6tmSihQSCqM5S9Tdyob+YI4yNN7LZyOhVRQk+2uRwUxXWqKZX5sGaywt1c9Y56PqYqQ4Xtc42r4ososdNF1EHsfmdd9nhlEv\/1DwYRiPXb7xbQ0hWb6MBB+YKKqPQq5WW3aYnSt\/xURAllZp2774lOUkx+WLJBGr21EiWUxO3ytv83fYH9tGyjNI3R386pwkxFlM++1rsqfFge8V4XaInS7SdeWGWtp3SLu5Zp5YIXnJt5Sl9EqfvUtHca0X\/syHnlnf6EiXadE8WHHxTdg3R+ifLR5xqknb4WiXLRT3JNhMtveFG61dC+XRPhZPLFy9XpVET5\/Ot9ncFDuz\/a4Xhth8wu6BVa\/pywHIFYpxMMZGO+qOeLKFFMr9sWnR0DaiMyh1VlZ3jrHiOxIJ1fonzk2W7Ssi5esl5aVNWIEvXXuZbamTNlxk\/S+loy8nP9oEt1u1DpUTYXUZZTB7UdEaOW3Ao+yVLXdsN4bjLaz0x5wzhr30QJgwZQ3PXTGay4Mt05fFpbYZzXv93wknFlTQL6Jcp6G1Gq5hedsvJy\/\/Lbn1WJLQojyuLeNUZEWdgitkxfVSn2CBSBxOc3aOUDVSJT55sorYy+\/GoGwSqMl85gj\/PZF9VKuVA1soex\/4c1mCCdX6KstxHlsNEzpbKxy8nr\/5fe6lcl3iiMKE13giAcu+ZHwOQIDoQxdYERJTLETh3oM97zaAeSrYTqOgwUl50O+oeyeJjnDNL5Jcp6G1FigUsmmyD8XxYQZRRGlEyUQfa64NOKNFGKqrtz1wH6cemGit1BmFLD1jFY71F1og2bqndkwFiCLA4IOigXRaL0O0cZ5hbGKTPlc5RQD7K2rnq9ihb6mCiDau21m06rI0qRKDDnqBpx4nPO6VQrozAOG5RrKaJULcbs3H1QW70zL31c+iIJkyihGyp7gbXvNlxbbi8BmCi9oFZfcWqCKCEyjC5lHezj3mOqpAqr4bLwsFoTlPNLlF7nKGFiTlY\/3bY7lVYA0lSNSP0axYCZPVm5YcU+DMdzlGGgWltpRpYoZ8xe5grpPgPHSzsY9pA73bhJC6Xh0VFhWUjluvYabXRej1+i9DpHed\/jckV1WEpXOdX2TmCjHFGOnC7F9d1OQ1TZHnumGu3jk9vUqcppT4NHlHY0+L8IgUgSJUgIHRJqQioTZlaF8Cmp+lSEVSKnw8gFFrBloxeY8RJZD0Lns3bLwIIP0lG5liLKD7sOk9YNdcZhaSI3fbb8WAQLKxUBYaeUFc55NVW9glk7Z1zrHjuqME+tc7A4D3N1KqMjVhpMlBYSfJUhEDmiFI1m8PmJ7Y12C0J79x+ujPqgWK5TI5KZQlN1SKtjYq+1ZY\/ynQ5f0EnnNlVZgqk21eJPSxHlhCn67aAwF4fFk3kLV1e0Cx57Xr4LyMIDVxVR4ugNe1jnf1gAx2jeWowRLa6otjEiPcgbZ+js2tN0rhXWnDAfjTzs+YpeePYOwURpR4P\/ixCIFFHCGK29gQfxH2eeyBw6\/B\/Pbus7T1gbkpk880uUXucoMdJVrez7wVY1RwmsTzjrPmNMReo6SANbUU3KePJfHyQYdNadsTR24nxZM6iMOmV5NdfOHFYPkoonEg8iQ5SikaSs8brxx8FhKqebqzTNC6MzkWspokRZsEpsWn434XREaTJSt\/KTESVGlc7RuxXH6xWjZ5HjxRwRKuxnRyAyROmmc5l2FCzwmDgY4TVNUxYOIz+Ra0miRHm8nmAoqyf8dUSJ0axuhGelLyNKlB1m9axwfq+Y75Yd+sVEKWq57GdHIDJEiUJBtSSIT2Ec9gUrNG5cl57yBQRdJ8Xcpcz5JUqvq95WeX7dtd\/1KZOnnP9Q5eweWb1Vc5RWvirysaerIkqkhU9me3gv\/9u9P9AqlvDKc5RCWNjThkCkiBLlOnwkQWjYXs7ZxkFfmOT36rA6jpVs0854ze2va88N90uUXuco7RjgNErTOT+oFUGLAAQmw0E3orTyhr6mShsB6euIEmmt3bDD07G1WIjDsRI6pyJ1nqPUoVcfzyNHlHbYsYoJNQ9sXbvhrjcJpsMweY8OBrP+ONwLizWwMYjV1qDcth17KoSL7ZE4V\/rEc9pWTofE7h+scuOgs1VrzfLDThNr1dx5XbdBfx4zVq+d8ax7kx02dkygKQCr6rDubr2IUCfMr\/bq\/y1t\/3nvseB9B02Q2n40OQb4WEJEhBMVISfYjMShaVb5ccVoztQBc8y73nT328KTKrFPH4fLQRNCZf3dmR\/O\/bbbs7T\/F9mvdMYP4p4Xc4JAMbw0Ik2U4VWbU64FBHC2OUaby1Zuls4\/tpZ6MlFGW1JMlNGWD5euThBgooy2oJkooy0fLl2dIMBEGW1BM1FGWz5cujpBgIky2oJmooy2fLh0dYIAE2W0Bc1EGW35cOnqBAEmymgLmoky2vLh0tUJAkyU0RY0E2W05cOlqxMEmCijLWgmymjLh0tXJwgwUUZb0EyU0ZYPl65OECjuW6c9N\/po++OocePUOkEkWtU0Otd77BPGhQ70uFrjXDkgI9DKEShn40ZEmV82tJXXtHUWP97rAq18MtPfM64cE6UxVByQEWiKQKzbafrOOLehaSS+axYEYp1O0Momt7ifcVmYKI2h4oCMQFMEEgOv0XZGzJWxa14ETOeP82u+NS4YE6UxVByQEWiKQPq7l7VEiXnKcvpQ04h8FyoCmVntjeQCQjV1TJSmSBFR6eivVPh5sfBXSu43Sql0eBtl5zUIf\/nVXxulwYGigQBGJCBC3S+3RG4oOho1qa1SJAZdr5VJ7JOzXFWaidIFXNk5XaUCyK8YYZRS45aZ0jSSw+82SoMDRQOB0uHtUlnayTPW6wIqx9VnQUWjRq2\/FPnlw41kkv7uFVeVZaJ0ARcTpQuw6iRoov9VRh0zM+3tOkGkZatpMprES6xx8wxXBWWidAEXE6ULsOokqKpN2EeV+J\/hFfBQW0Vm1kdGL61430tdl4OJ0gVkqk7Bn94ugKyhoKWjv1Ds4z8bddDKSGbr7BqqfXSqgpeQ88Uku\/fywmKidCFrJkoXYNVR0My0d407aYUsebdOoK0j9c2TxvjHe55HZcOFV3shmSjtaGj+q4lypCb2b4\/LmSPCVXOsphf3rzdKgwNFCwHT7Yz2EQ5GNV46bLRq3rKlKe5dTW5IEvh7GU2ilkyULmStJkqzVW8X2XHQVoRAdkFP41GNRZgY3aDj4vOdnTkCxT0rKT25nSe8vb6cmCjN5UNMlC7AqsOgqa\/auu68FdLs+AdKjX2coABdOriZFdRtbadcbKRSfDcV96yi\/NIhZGIVyHoROa+Na8fZUnb3l4nSBV5MlC7AqsOg+BSMfXyqN7IUKK4n+v+jMnKKEpSFbXMIOogom5OIonyfWz7MF4yhE2Vx9wpqXDeBcj8NouzC3pRfOYoat86mci7hq+BuIpdzSSruW0uYSyrnU26iNgmrJkqzOcomCYZ8A4yLe9dU5j7LjelQcyunDlXyKexaVvmULBeyoeYX1cQb138XCoG0dH0r84Hjnw+lbmETLLY0+nWhEGUptpMy096heI9zlcAmR9xD+XXjXdchM\/Utabrl9OFKesX9GwhmlBKfXVkVFtuXkDfI040LgiiLBzZWlcdqKLqdOekJL0rjlgu53+q9by0Bn3i\/v1WFjXU\/i\/B5WDywyU21pWEbN0+n9IQXpOoxiYHXEubu0B7qyYVBltnvO7UIhPjszc4000+02nGUrqkR9wSCW+BEmZn5YVUH1QEHMivsWm5cIRVRYj926utHjcsAMsVKtImLNFGmDlJq1APm9Z7VnsrZmEm1q8Lk146j+KfVRKySMwi1FNtVlVateoAsY11PMZaHCjs8i\/c4p1mhwhdBblFfinc\/K7A66OoY9PMgd0MFSpSpUQ96B7XziVT45QejxpCZ8qY0n3jfy6TPZIKI97mYYIhV56JMlF7qneh3BZUbM7pqN3menvSqa3wt3GG\/sfDL4ibp1fJNYedSSg65xTNeFm7WtbB3TbPAhemxxIB\/BlZuq\/zNdY01nEm55cFqoQRGlFi18wtErMvJVDy4WdsYVCNKr2VIjX5Im2+UidJrvdPjntHW2wrgVmdNVqbCjoVWkjV\/xZx4esobvvsGsHRjFswLsNj\/nBrRJpCyymQftn96\/PNU3Be8PnIgRJlbMjgwcLEP05pvkwlbNaL0IwgofaucmijN3mCYO5WV0c8cpSxNE3\/opekctmiapGUSBnPXXj\/7deWM6vP8xikE+ZrgIwsTFlFi2gsvTFm+rcE\/ObwNNW6ZFZr4fRMl5jJi3U5Xgoy9sMmhd1Z+8d4XKsNCKFghVznjEWXnEykx6LpKvibzRakxj6qy1ehRmq16h7WYY2\/MsS5\/IlhRSQ69g\/Df\/kz0Pz3+WWW9QWqqdCDfzJQ3KL96TEWjASb2IW9RXpYfZFiPDjZHk4NvUmJjYeS8Bk2UUHTPTHe3\/dJZppa8j3U+sbIekVth1vf8tDffRJlf+ZVS6JhQdY4QMQcS63ySNB7m21ROS5SdT6TcD\/2bJAFCx0q8SrDo8CqnHlGaCStMogSZOY3EQjVKZ4k73l29UJD7cYAUN+jTQTVI5PJrvpHGg\/zrbVRpxwhqVMAV0xmxnudLcbK316CIEtMBXnYS2cvSEv9j3c+uDHzwUq6MHn2o+tllYfLfN1FCzUYGGlbAZQ4NRRYP\/qp9zzqiLGyfK8uWdGbiVdvJok6UhV9\/lNdboVIFvFUW2uOfXi6UFcgO6iMqp5omyf30uSpq3TzLzvtEiK+zfwRBlLllw8jkUDRn3qJ7qKuhTKH+oJeLNlYutmh78E2UKhNTuhVV1Ugnt3SIFBgVUabGPCKNhweVqQKFWSwQuMxFmSh1izIYWapG8bIXE9StRJ0EftnZnWVQHfMvpw5K40ONix1RcxAlzhcX6dbKZKvyhxqaajBSizL1RZTlzFFpJ8Aclc41bpoqja8ajSpHKQqCtcqTGinfk6uaEI4yUWJ+UOcwZynrADLVLNXnc\/HgFl2Wleepr+4X5hv75Eyj+LUeCIYxZHKx+3sZURZ+\/akyV21Px+v\/xOCbyM9+6dYsR19EiR0eMtBNlD1V5qmgoCxzqhFl44bJsmjH\/FW6gI0bJh0L5\/wTZaJs3KY3CItFG5m8ZPGhkC+L48RHdo+9wbI0MNKtdxfGiLJ0aBulxprbaZTJB\/7xPpf8tsBaLtetqHwRJUYhMoCdiykihDH3IIuvWoFWEqWBUVRl\/FomSsXxqth\/L3IqtRFLk0F3xZZRmZzxaV\/vLsgRJb7ydIuWMlk4\/TGthsEBH7fr0x4l5imc4Fr3uWVDte0fq6VWeOcVe5JlTkl0TJQy2JSr3zKi9Gw6TGANxylj3MN8Vr27oEaUQa5kY2W5ZDi1Ug\/y8zWiROcSNX745VeN1uIHNQVZ\/OSIe6XxmSirz5KWfTrbQVQtnsmIMvnl7VIZyWTnxh9zaPXu\/I4o8ytG0lEDfVkTuaTHPkFFhfZEvcoqPKJcPlyLqZIoFYtBqsUckzlKJdGu\/05abvUcZcvuzJERnb0y6YkvSUmvcev39qDH\/vsxlGrSMVUqTccKUeN\/vBIlthzCToEJzrowmD5p3DilxpH2Xj1fRKn89DbQkYMhCpkAVavmSqLjT29pa\/AyolR9emMVXTc\/qXuOLZ317tx+ehd2r6DkkJulfUfWp0T+2DCQMxjU1LuM\/BHlziVSYWW+76jFtnTkZ2l8lZEKHlEKPr0lizF2IXgZUcLIgKiDwa+ed9bYcfX7382IEoucMnm48Y93P5uyC3v5MmTtt96tKb4voiwd3iYVmoroLIAKOxZI40OFR+Z4RCkgShP1IA+r3tm5H0tlxAsxshbqzt+UKN0QoSxsrOPxlJnxQd0ZU3YnkerQvogSO2+kAulycnVuDh8V4cFoqMyp4mEHgs4p47N6UBP4VJsCsvMamoTlG28INBdRpsY\/R4XdektR3mpR27F8ESWgUVm6zq8ZK0WvlNyn3FKHQ4xkTkl0YRLl3G7SF4PO4pFVl7CMYoS16o3Pa+nL8OM\/a\/d6W\/XGfDTOXWFXjUDYRJkc2bZi1ak6Z\/YxRcA3Uap2XcR7nEeYhxQ53VyLyuK4kig3hTeiVNndTI68T1TNKr+WJUr5DhkV0SaH3Coly8TAa6TWg6zKY4om0f+qytEIsPrNrikCYRFl4vMbSDVYaVoKvlMh4JsooVYiG3HAH3YgsbCDzzTrJ7NGY6WjM2zRUkQJw75WGUVXlNuqI66i\/dOtkShVn98VGXc7nXD4Fb4CsIsDu0Nw+iPMiDlJFlbs6+k4CFXns54FTZTx3hdVsG9piztW\/Wrh6psoAQKMxIqIw6sfyETllKveBrpgSqJVzFHCrqabc5uxU8LpWpQoJ74slZNMj9Iqf+Kzv0vjepFzYft8K+m6vwZGlF1OpszszgSLTeyCRSAQosTuCi+dRRQnO7+7toZKogtxjhIFg0qFqNwiv8gRpYdVb0sYONrXxEq8CAeRH\/YRs0GM39ANgijTk14j3QDDkiVf3SMQCFEi28YtM313JJ1NRat6LUmUKIPpCLqWiBL1xihQRHpu\/WINZ1Bxt\/nxxJbca\/Xqhyhh01N31lOt4tac9QqMKFFo2CdUrYKrOpSJtSELmJYmSszDJQZeqyWNWiPKioz3rSPMgalkqXqGBQaVFXlLxvV0hQEZFWaiZ9iDrzIJWE\/4NUddAyVKq8CqPdFOoSc+v5GKh7ZaUY2uLU2UKCTmK7MLexPO8XDWybqvRaKs1D0bp+yiPoTtb1ZdddfEgKspv2qUkXzrLVApvscYx3i\/KyhvYJmr3jAMu76hECUKXU4fpvzyYYS9wol+Vxw7pyPe6wJKfnFzZXeAV1URLDzYV5ft\/01IVxnf4Fxxp1CKu1dUTiDMzu\/RpFyiVW+YlrOX1\/4fJ\/SpHFaf7eHt\/0tHdqiiVp41bp7uK74oA9gUhSGS7OwuhC2SUJOq7O8e0Yaw6IZzcXgHjwi5pn66M9NjDWcS2lc5l2gake+aBYHQiLJZSs+ZMAI1hICMLHGkrEwfuYaqH+mqMFFGWjxcuHpDAMc\/pye3qxxji\/OKSrFd9QZBJOvLRBlJsXChGAFGIEoIMFFGSRpcFkaAEYgkAkyUkRQLF4oRYASihAATZZSkwWVhBBiBSCLARBlJsXChGAFGIEoIMFFGSRpcFkaAEYgkAkyUkRQLF4oRYASihAATZZSkwWVhBBiBSCLARBlJsXChGAFGIEoIMFFGSRpcFkaAEYgkAkyUkRQLF4oRYASihAATZZSkwWVhBBiBSCLARBlJsXChGAFGIEoIMFFGSRpcFkaAEYgkAkyUkRQLF4oRYASihMD\/AdayrjdSBZe1AAAAAElFTkSuQmCC\" alt=\"\"><\/figcaption>\n<figcaption><\/figcaption>\n<\/figure>\n<\/div>\n<div>\n<div>\n<h5>&#8220;www.schueleranmeldung.de&#8221; als zentrales Anmeldeportal f\u00fcr Hagener Schulen<\/h5>\n<\/div>\n<\/div>\n<\/div>\n<\/div>\n<div>\n<p>F\u00fcr einen vollzeitschulischen Bildungsgang (<a href=\"http:\/\/cuno-berufskolleg.de\/en\/aubsildungsvorbereitung\/\" rel=\"noopener\">Ausbildungsvorbereitung<\/a>,<a href=\"http:\/\/cuno-berufskolleg.de\/en\/berufsfachschule-i\/\"> Berufsfachschule I<\/a>,&nbsp;<a href=\"http:\/\/cuno-berufskolleg.de\/en\/berufsfachschule-ii\/\">Berufsfachschule II<\/a> und <a href=\"http:\/\/cuno-berufskolleg.de\/en\/hoehere-berufsfachschule\/\">H\u00f6here Berufsfachschule<\/a>) im kommenden Schuljahr, k\u00f6nnen sich die Sch\u00fclerinnen und Sch\u00fcler zu bestimmten Anmeldezeiten \u00fcber das Internet anmelden. Details lesen Sie bitte <a href=\"http:\/\/cuno-berufskolleg.de\/en\/schulanmeldungen\/\">&gt;&gt;hier&lt;&lt;<\/a>.<\/p>\n<p>Ausbildungsbetriebe k\u00f6nnen das ganze Schuljahr \u00fcber ihre Auszubildenden f\u00fcr eine <a href=\"http:\/\/cuno-berufskolleg.de\/en\/ausbildung\/\">Berufsausbildung<\/a> \u00fcber das <a href=\"https:\/\/schueleranmeldung.de\">Online-Portal<\/a> anmelden.<\/p>\n<\/div>\n<div>\n<p>Eine Anmeldung f\u00fcr die berufsbegleitende&nbsp;<a href=\"http:\/\/cuno-berufskolleg.de\/en\/fachoberschule-fuer-technik\/\">Fachoberschule (FOS)<\/a>, eine&nbsp;<a href=\"http:\/\/cuno-berufskolleg.de\/en\/doppelqualifizierung\/\">Doppelqualifizierung parallel zur Berufsausbildung<\/a>&nbsp;und die&nbsp;<a href=\"http:\/\/cuno-berufskolleg.de\/en\/fachschule-fuer-technik\/\">Fachschulen f\u00fcr Technik<\/a>&nbsp;erfolgt <strong>nicht<\/strong> \u00fcber &#8220;sch\u00fcler online&#8221;.<\/p>\n<\/div>\n<div>\n<div>\n<h4>F\u00fcr tiefergehende Informationen zu den Bildungsg\u00e4ngen&#8230;<\/h4>\n<\/div>\n<p>&#8230;des Cuno-Berufskolleg I empfehlen wir unsere Homepage <a href=\"http:\/\/cuno-berufskolleg.de\/en\/bildungsgaenge-2\/\">&gt;&gt;hier&lt;&lt;<\/a><\/p>\n<\/div>\n<div>\n<div>\n<h4>Vorteile f\u00fcr &#8220;sch\u00fcler online&#8221;<\/h4>\n<\/div>\n<p>Mit \u201esch\u00fcler online\u201c haben Sie viele Vorteile. Sie k\u00f6nnen jederzeit:<\/p>\n<\/div>\n<div>\n<ul>\n<li>den Stand der eigenen Anmeldung online abrufen,<\/li>\n<li>Mitteilungen der Schule erhalten (z. B. bei unvollst\u00e4ndigen Unterlagen),<\/li>\n<li>eine schnelle Info \u00fcber die Bildungsg\u00e4nge an den Schulen aufrufen, da die Schulen diese immer aktuell halten und<\/li>\n<\/ul>\n<\/div>\n<div>\n<ul>\n<li>\n<p>&#8220;sch\u00fcler online\u201c ist sicher in Sachen Datenschutz.<\/p>\n<\/li>\n<\/ul>\n<\/div>\n<div>\n<div>\n<h4>\u00dcbrigens<\/h4>\n<\/div>\n<p>Hinweise zum Anmeldeverfahren finden Sie<span style=\"color: var( --e-global-color-b8ee05b ); font-family: var( --e-global-typography-text-font-family ), Sans-serif; font-weight: var( --e-global-typography-text-font-weight ); font-size: 1rem;\"> bei Ihrer bisherigen Schule, in unserem Sekretariat und unter&nbsp;<\/span><a href=\"http:\/\/www.schueleranmeldung.de\" target=\"_blank\" rel=\"noopener\">&#8220;www.schueleranmeldung.de&#8221;<\/a><span style=\"font-size: 1rem; font-weight: var( --e-global-typography-text-font-weight ); font-family: var( --e-global-typography-text-font-family ), Sans-serif; color: var( --e-global-color-b8ee05b );\">.<\/span><\/p>\n<p><span style=\"font-family: var( --e-global-typography-text-font-family ), Sans-serif;\"><span style=\"font-weight: var( --e-global-typography-text-font-weight ); background-color: #ffffff; font-size: 1rem;\">Wenn Sie als Betrieb z. B. Ihren Login nicht mehr wissen, steht Ihnen das <\/span><\/span><a href=\"https:\/\/www.krz.de\/Support\/Ticketsystem\/index.php?ModID=9&amp;object=tx%7c2669.50&amp;FID=2669.360.1&amp;NavID=2669.378&amp;La=1\" target=\"_blank\" rel=\"noopener\">Rechenzentrum&nbsp;Minden-Ravensberg\/Lippe<\/a><span style=\"font-family: var( --e-global-typography-text-font-family ), Sans-serif;\"><span style=\"font-weight: var( --e-global-typography-text-font-weight ); background-color: #ffffff; font-size: 1rem;\"> als Ansprechpartner zur Verf\u00fcgung.&nbsp;<\/span><\/span><\/p>\n<p>Wenn Sie nicht weiter wissen, k\u00f6nnen Sie sich auch pers\u00f6nlich bei uns anmelden.<\/p>\n<\/div>\t\t\t\t\t\t\t\t<\/div>\n\t\t\t\t<\/div>\n\t\t\t\t\t<\/div>\n\t\t<\/div>\n\t\t\t\t\t<\/div>\n\t\t<\/section>\n\t\t\t\t<\/div>","protected":false},"excerpt":{"rendered":"<p>Anmeldung am Cuno-Berufskolleg I \u00fcber &#8220;sch\u00fcler online&#8221; &#8220;www.schueleranmeldung.de&#8221; als zentrales Anmeldeportal f\u00fcr Hagener Schulen F\u00fcr einen vollzeitschulischen Bildungsgang (Ausbildungsvorbereitung, Berufsfachschule I,&nbsp;Berufsfachschule II und H\u00f6here Berufsfachschule) im kommenden Schuljahr, k\u00f6nnen sich die Sch\u00fclerinnen und Sch\u00fcler zu bestimmten Anmeldezeiten \u00fcber das Internet anmelden. Details lesen Sie bitte &gt;&gt;hier&lt;&lt;. Ausbildungsbetriebe k\u00f6nnen das ganze Schuljahr \u00fcber ihre Auszubildenden f\u00fcr [&hellip;]<\/p>\n","protected":false},"author":1,"featured_media":0,"parent":0,"menu_order":0,"comment_status":"closed","ping_status":"closed","template":"","meta":{"footnotes":""},"class_list":["post-1554","page","type-page","status-publish","hentry"],"publishpress_future_action":{"enabled":false,"date":"2026-04-10 19:25:53","action":"change-status","newStatus":"draft","terms":[],"taxonomy":"","extraData":[]},"publishpress_future_workflow_manual_trigger":{"enabledWorkflows":[]},"_links":{"self":[{"href":"https:\/\/cuno-berufskolleg.de\/en\/wp-json\/wp\/v2\/pages\/1554","targetHints":{"allow":["GET"]}}],"collection":[{"href":"https:\/\/cuno-berufskolleg.de\/en\/wp-json\/wp\/v2\/pages"}],"about":[{"href":"https:\/\/cuno-berufskolleg.de\/en\/wp-json\/wp\/v2\/types\/page"}],"author":[{"embeddable":true,"href":"https:\/\/cuno-berufskolleg.de\/en\/wp-json\/wp\/v2\/users\/1"}],"replies":[{"embeddable":true,"href":"https:\/\/cuno-berufskolleg.de\/en\/wp-json\/wp\/v2\/comments?post=1554"}],"version-history":[{"count":5,"href":"https:\/\/cuno-berufskolleg.de\/en\/wp-json\/wp\/v2\/pages\/1554\/revisions"}],"predecessor-version":[{"id":4740,"href":"https:\/\/cuno-berufskolleg.de\/en\/wp-json\/wp\/v2\/pages\/1554\/revisions\/4740"}],"wp:attachment":[{"href":"https:\/\/cuno-berufskolleg.de\/en\/wp-json\/wp\/v2\/media?parent=1554"}],"curies":[{"name":"wp","href":"https:\/\/api.w.org\/{rel}","templated":true}]}}