{"id":1547,"date":"2023-07-28T08:40:24","date_gmt":"2023-07-28T06:40:24","guid":{"rendered":"http:\/\/cuno-berufskolleg.de\/?page_id=1547"},"modified":"2025-08-19T10:02:27","modified_gmt":"2025-08-19T08:02:27","slug":"downloads","status":"publish","type":"page","link":"https:\/\/cuno-berufskolleg.de\/en\/downloads\/","title":{"rendered":"Downloads"},"content":{"rendered":"<div data-elementor-type=\"wp-page\" data-elementor-id=\"1547\" class=\"elementor elementor-1547\" data-elementor-post-type=\"page\">\n\t\t\t\t<div class=\"elementor-element elementor-element-53411c0 e-flex e-con-boxed e-con e-parent\" data-id=\"53411c0\" data-element_type=\"container\" data-e-type=\"container\">\n\t\t\t\t\t<div class=\"e-con-inner\">\n\t\t\t\t<div class=\"elementor-element elementor-element-2de0e24 elementor-headline--style-highlight elementor-widget elementor-widget-animated-headline\" data-id=\"2de0e24\" data-element_type=\"widget\" data-e-type=\"widget\" data-settings=\"{&quot;marker&quot;:&quot;double_underline&quot;,&quot;highlighted_text&quot;:&quot;Anmeldung&quot;,&quot;headline_style&quot;:&quot;highlight&quot;,&quot;loop&quot;:&quot;yes&quot;,&quot;highlight_animation_duration&quot;:1200,&quot;highlight_iteration_delay&quot;:8000}\" data-widget_type=\"animated-headline.default\">\n\t\t\t\t<div class=\"elementor-widget-container\">\n\t\t\t\t\t\t\t<h3 class=\"elementor-headline\">\n\t\t\t\t<span class=\"elementor-headline-dynamic-wrapper elementor-headline-text-wrapper\">\n\t\t\t\t\t<span class=\"elementor-headline-dynamic-text elementor-headline-text-active\">Registration<\/span>\n\t\t\t\t<\/span>\n\t\t\t\t<\/h3>\n\t\t\t\t\t\t<\/div>\n\t\t\t\t<\/div>\n\t\t\t\t<div class=\"elementor-element elementor-element-e47dc27 elementor-widget elementor-widget-text-editor\" data-id=\"e47dc27\" data-element_type=\"widget\" data-e-type=\"widget\" data-widget_type=\"text-editor.default\">\n\t\t\t\t<div class=\"elementor-widget-container\">\n\t\t\t\t\t\t\t\t\t<ul><li>Die Anmeldung der neuen Auszubildenden erfolgt \u00fcber\u00a0<a href=\"http:\/\/www.schulbewerbung.de\" target=\"_blank\" rel=\"noopener\">&#8220;<\/a><a href=\"http:\/\/www.schueleranmeldung.de\" target=\"_blank\" rel=\"noopener\">sch\u00fcler online<\/a><a href=\"http:\/\/www.schulbewerbung.de\" target=\"_blank\" rel=\"noopener\">&#8220;<\/a>. Weiter Hinweise finden Sie\u00a0\u00a0<a href=\"http:\/\/cuno-berufskolleg.de\/en\/anmeldung-am-cuno-berufskolleg\/\">&gt;&gt;hier&lt;&lt;<\/a>.<\/li><li>Eine Anmeldung zu allen vollzeitschulischen Bildungsg\u00e4ngen ist nur in bestimmten Zeitr\u00e4umen \u00fcber\u00a0<a href=\"http:\/\/www.schueleranmeldung.de\" target=\"_blank\" rel=\"noopener\">&#8220;sch\u00fcler online&#8221;<\/a>\u00a0m\u00f6glich. Weiter Hinweise finden Sie auf dem\u00a0<a href=\"http:\/\/cuno-berufskolleg.de\/wp-content\/uploads\/2023\/07\/schueler-online_2023_web.pdf\" target=\"_blank\" rel=\"noopener\">&#8220;sch\u00fcler online&#8221;-Flyer<\/a>\u00a0der Stadt Hagen.<\/li><li><a href=\"http:\/\/cuno-berufskolleg.de\/wp-content\/uploads\/2023\/07\/Aufnahmeantrag_DQ_2021_10_06-1.pdf\">Anmeldeformular zur ausbildungsbegleitenden Doppelqualifizierung (PDF-Format)<\/a>\u00a0oder\u00a0<a href=\"http:\/\/cuno-berufskolleg.de\/wp-content\/uploads\/2023\/07\/Aufnahmeantrag_DQ_2021_10_06.docx\">(Word-Format)<\/a><\/li><li><a href=\"http:\/\/cuno-berufskolleg.de\/wp-content\/uploads\/2023\/07\/Aufnahmeantrag_FT_2015_08.pdf\">Anmeldeformular zur Fachschule f\u00fcr Technik (PDF-Format)<\/a>\u00a0oder\u00a0<a href=\"http:\/\/cuno-berufskolleg.de\/wp-content\/uploads\/2023\/07\/Aufnahmeantrag_FT_2015_08.docx\">(Word-Format)<\/a><\/li><li><a href=\"http:\/\/cuno-berufskolleg.de\/wp-content\/uploads\/2023\/07\/Schueler_Stammblatt_Berufsschule_Druck_2018_09.pdf\" target=\"_blank\" rel=\"noopener\">Anmeldeformular f\u00fcr Sch\u00fcler\/-innen der Einstiegsqualifizierung\u00a0(PDF-Formular)<\/a>\u00a0oder\u00a0<a href=\"http:\/\/cuno-berufskolleg.de\/wp-content\/uploads\/2024\/05\/Schueler_Stammblatt_Berufsschule_Druck_2018_09.docx\" target=\"_blank\" rel=\"noopener\">(Word-Formular)<\/a><\/li><\/ul>\t\t\t\t\t\t\t\t<\/div>\n\t\t\t\t<\/div>\n\t\t\t\t\t<\/div>\n\t\t\t\t<\/div>\n\t\t<div class=\"elementor-element elementor-element-775633a e-flex e-con-boxed e-con e-parent\" data-id=\"775633a\" data-element_type=\"container\" data-e-type=\"container\">\n\t\t\t\t\t<div class=\"e-con-inner\">\n\t\t\t\t<div class=\"elementor-element elementor-element-eb08c67 elementor-widget elementor-widget-spacer\" data-id=\"eb08c67\" data-element_type=\"widget\" data-e-type=\"widget\" data-widget_type=\"spacer.default\">\n\t\t\t\t<div class=\"elementor-widget-container\">\n\t\t\t\t\t\t\t<div class=\"elementor-spacer\">\n\t\t\t<div class=\"elementor-spacer-inner\"><\/div>\n\t\t<\/div>\n\t\t\t\t\t\t<\/div>\n\t\t\t\t<\/div>\n\t\t\t\t\t<\/div>\n\t\t\t\t<\/div>\n\t\t<div class=\"elementor-element elementor-element-4162c98 e-flex e-con-boxed e-con e-parent\" data-id=\"4162c98\" data-element_type=\"container\" data-e-type=\"container\">\n\t\t\t\t\t<div class=\"e-con-inner\">\n\t\t\t\t<div class=\"elementor-element elementor-element-6f25380 elementor-headline--style-highlight elementor-widget elementor-widget-animated-headline\" data-id=\"6f25380\" data-element_type=\"widget\" data-e-type=\"widget\" data-settings=\"{&quot;marker&quot;:&quot;double_underline&quot;,&quot;highlighted_text&quot;:&quot;Antr\\u00e4ge&quot;,&quot;headline_style&quot;:&quot;highlight&quot;,&quot;loop&quot;:&quot;yes&quot;,&quot;highlight_animation_duration&quot;:1200,&quot;highlight_iteration_delay&quot;:8000}\" data-widget_type=\"animated-headline.default\">\n\t\t\t\t<div class=\"elementor-widget-container\">\n\t\t\t\t\t\t\t<h3 class=\"elementor-headline\">\n\t\t\t\t<span class=\"elementor-headline-dynamic-wrapper elementor-headline-text-wrapper\">\n\t\t\t\t\t<span class=\"elementor-headline-dynamic-text elementor-headline-text-active\">Antr\u00e4ge<\/span>\n\t\t\t\t<\/span>\n\t\t\t\t<\/h3>\n\t\t\t\t\t\t<\/div>\n\t\t\t\t<\/div>\n\t\t\t\t<div class=\"elementor-element elementor-element-c9018fc elementor-widget elementor-widget-text-editor\" data-id=\"c9018fc\" data-element_type=\"widget\" data-e-type=\"widget\" data-widget_type=\"text-editor.default\">\n\t\t\t\t<div class=\"elementor-widget-container\">\n\t\t\t\t\t\t\t\t\t<ul><li><a href=\"http:\/\/cuno-berufskolleg.de\/wp-content\/uploads\/2023\/07\/Antrag_auf_Beurlaubung_vom_Unterricht_2017_03_oe.pdf\">Antrag auf Beurlaubung vom Unterricht<\/a><\/li><\/ul>\t\t\t\t\t\t\t\t<\/div>\n\t\t\t\t<\/div>\n\t\t\t\t\t<\/div>\n\t\t\t\t<\/div>\n\t\t<div class=\"elementor-element elementor-element-88b73da e-flex e-con-boxed e-con e-parent\" data-id=\"88b73da\" data-element_type=\"container\" data-e-type=\"container\">\n\t\t\t\t\t<div class=\"e-con-inner\">\n\t\t\t\t<div class=\"elementor-element elementor-element-8d7d156 elementor-widget elementor-widget-spacer\" data-id=\"8d7d156\" data-element_type=\"widget\" data-e-type=\"widget\" data-widget_type=\"spacer.default\">\n\t\t\t\t<div class=\"elementor-widget-container\">\n\t\t\t\t\t\t\t<div class=\"elementor-spacer\">\n\t\t\t<div class=\"elementor-spacer-inner\"><\/div>\n\t\t<\/div>\n\t\t\t\t\t\t<\/div>\n\t\t\t\t<\/div>\n\t\t\t\t\t<\/div>\n\t\t\t\t<\/div>\n\t\t<div class=\"elementor-element elementor-element-9919ae9 e-flex e-con-boxed e-con e-parent\" data-id=\"9919ae9\" data-element_type=\"container\" data-e-type=\"container\">\n\t\t\t\t\t<div class=\"e-con-inner\">\n\t\t\t\t<div class=\"elementor-element elementor-element-f45863f elementor-headline--style-highlight elementor-widget elementor-widget-animated-headline\" data-id=\"f45863f\" data-element_type=\"widget\" data-e-type=\"widget\" data-settings=\"{&quot;marker&quot;:&quot;double_underline&quot;,&quot;highlighted_text&quot;:&quot;F\\u00f6rderverein&quot;,&quot;headline_style&quot;:&quot;highlight&quot;,&quot;loop&quot;:&quot;yes&quot;,&quot;highlight_animation_duration&quot;:1200,&quot;highlight_iteration_delay&quot;:8000}\" data-widget_type=\"animated-headline.default\">\n\t\t\t\t<div class=\"elementor-widget-container\">\n\t\t\t\t\t\t\t<h3 class=\"elementor-headline\">\n\t\t\t\t<span class=\"elementor-headline-dynamic-wrapper elementor-headline-text-wrapper\">\n\t\t\t\t\t<span class=\"elementor-headline-dynamic-text elementor-headline-text-active\">Support association<\/span>\n\t\t\t\t<\/span>\n\t\t\t\t<\/h3>\n\t\t\t\t\t\t<\/div>\n\t\t\t\t<\/div>\n\t\t\t\t<div class=\"elementor-element elementor-element-7cb5802 elementor-widget elementor-widget-text-editor\" data-id=\"7cb5802\" data-element_type=\"widget\" data-e-type=\"widget\" data-widget_type=\"text-editor.default\">\n\t\t\t\t<div class=\"elementor-widget-container\">\n\t\t\t\t\t\t\t\t\t<ul><li><a href=\"http:\/\/cuno-berufskolleg.de\/wp-content\/uploads\/2025\/08\/Flyer_cuno20252026.pdf\">Flyer \u00fcber die Schule<\/a> f\u00fcr das Schuljahr 2025\/2026 (unterst\u00fctzt vom <a href=\"http:\/\/cuno-berufskolleg.de\/en\/foerderverein\/\">Support association<\/a>)<\/li><li><a href=\"http:\/\/cuno-berufskolleg.de\/wp-content\/uploads\/2023\/07\/Aufnahmeantrag_Foerderverein_Cuno_I_2020_08_31.pdf\">Aufnahmeantrag<\/a><\/li><\/ul>\t\t\t\t\t\t\t\t<\/div>\n\t\t\t\t<\/div>\n\t\t\t\t\t<\/div>\n\t\t\t\t<\/div>\n\t\t<div class=\"elementor-element elementor-element-224dcf8 e-flex e-con-boxed e-con e-parent\" data-id=\"224dcf8\" data-element_type=\"container\" data-e-type=\"container\">\n\t\t\t\t\t<div class=\"e-con-inner\">\n\t\t\t\t<div class=\"elementor-element elementor-element-a77a390 elementor-widget elementor-widget-spacer\" data-id=\"a77a390\" data-element_type=\"widget\" data-e-type=\"widget\" data-widget_type=\"spacer.default\">\n\t\t\t\t<div class=\"elementor-widget-container\">\n\t\t\t\t\t\t\t<div class=\"elementor-spacer\">\n\t\t\t<div class=\"elementor-spacer-inner\"><\/div>\n\t\t<\/div>\n\t\t\t\t\t\t<\/div>\n\t\t\t\t<\/div>\n\t\t\t\t\t<\/div>\n\t\t\t\t<\/div>\n\t\t<div class=\"elementor-element elementor-element-43af755 e-flex e-con-boxed e-con e-parent\" data-id=\"43af755\" data-element_type=\"container\" data-e-type=\"container\">\n\t\t\t\t\t<div class=\"e-con-inner\">\n\t\t\t\t<div class=\"elementor-element elementor-element-1c91047 elementor-headline--style-highlight elementor-widget elementor-widget-animated-headline\" data-id=\"1c91047\" data-element_type=\"widget\" data-e-type=\"widget\" data-settings=\"{&quot;marker&quot;:&quot;double_underline&quot;,&quot;highlighted_text&quot;:&quot;Technische Modellbauer\\\/-innen&quot;,&quot;headline_style&quot;:&quot;highlight&quot;,&quot;loop&quot;:&quot;yes&quot;,&quot;highlight_animation_duration&quot;:1200,&quot;highlight_iteration_delay&quot;:8000}\" data-widget_type=\"animated-headline.default\">\n\t\t\t\t<div class=\"elementor-widget-container\">\n\t\t\t\t\t\t\t<h3 class=\"elementor-headline\">\n\t\t\t\t<span class=\"elementor-headline-dynamic-wrapper elementor-headline-text-wrapper\">\n\t\t\t\t\t<span class=\"elementor-headline-dynamic-text elementor-headline-text-active\">Technische Modellbauer\/-innen<\/span>\n\t\t\t\t<\/span>\n\t\t\t\t<\/h3>\n\t\t\t\t\t\t<\/div>\n\t\t\t\t<\/div>\n\t\t\t\t<div class=\"elementor-element elementor-element-05ee26b elementor-widget elementor-widget-text-editor\" data-id=\"05ee26b\" data-element_type=\"widget\" data-e-type=\"widget\" data-widget_type=\"text-editor.default\">\n\t\t\t\t<div class=\"elementor-widget-container\">\n\t\t\t\t\t\t\t\t\t<ul><li>Blockzeiten der Technischen Modellbauer\/-innen im\u00a0<a href=\"http:\/\/cuno-berufskolleg.de\/wp-content\/uploads\/2024\/04\/Blockzeiten_MMO_2024_25_oe.pdf\">Schuljahr<\/a> <a href=\"http:\/\/cuno-berufskolleg.de\/wp-content\/uploads\/2024\/04\/Blockzeiten_MMO_2024_25_oe.pdf\">2024\/25<\/a>\u00a0 und im <a href=\"http:\/\/cuno-berufskolleg.de\/wp-content\/uploads\/2025\/06\/Blockzeiten_MMO_2025_26.pdf\">Schuljahr 2025\/26<\/a><\/li><\/ul>\t\t\t\t\t\t\t\t<\/div>\n\t\t\t\t<\/div>\n\t\t\t\t\t<\/div>\n\t\t\t\t<\/div>\n\t\t<div class=\"elementor-element elementor-element-f14ba1c e-flex e-con-boxed e-con e-parent\" data-id=\"f14ba1c\" data-element_type=\"container\" data-e-type=\"container\">\n\t\t\t\t\t<div class=\"e-con-inner\">\n\t\t\t\t<div class=\"elementor-element elementor-element-bef6b99 elementor-widget elementor-widget-spacer\" data-id=\"bef6b99\" data-element_type=\"widget\" data-e-type=\"widget\" data-widget_type=\"spacer.default\">\n\t\t\t\t<div class=\"elementor-widget-container\">\n\t\t\t\t\t\t\t<div class=\"elementor-spacer\">\n\t\t\t<div class=\"elementor-spacer-inner\"><\/div>\n\t\t<\/div>\n\t\t\t\t\t\t<\/div>\n\t\t\t\t<\/div>\n\t\t\t\t\t<\/div>\n\t\t\t\t<\/div>\n\t\t<div class=\"elementor-element elementor-element-76dc61a e-flex e-con-boxed e-con e-parent\" data-id=\"76dc61a\" data-element_type=\"container\" data-e-type=\"container\">\n\t\t\t\t\t<div class=\"e-con-inner\">\n\t\t\t\t<div class=\"elementor-element elementor-element-3bf4b78 elementor-headline--style-highlight elementor-widget elementor-widget-animated-headline\" data-id=\"3bf4b78\" data-element_type=\"widget\" data-e-type=\"widget\" data-settings=\"{&quot;marker&quot;:&quot;double_underline&quot;,&quot;highlighted_text&quot;:&quot;Bildungsperspektiven&quot;,&quot;headline_style&quot;:&quot;highlight&quot;,&quot;loop&quot;:&quot;yes&quot;,&quot;highlight_animation_duration&quot;:1200,&quot;highlight_iteration_delay&quot;:8000}\" data-widget_type=\"animated-headline.default\">\n\t\t\t\t<div class=\"elementor-widget-container\">\n\t\t\t\t\t\t\t<h3 class=\"elementor-headline\">\n\t\t\t\t<span class=\"elementor-headline-dynamic-wrapper elementor-headline-text-wrapper\">\n\t\t\t\t\t<span class=\"elementor-headline-dynamic-text elementor-headline-text-active\">Bildungsperspektiven<\/span>\n\t\t\t\t<\/span>\n\t\t\t\t<\/h3>\n\t\t\t\t\t\t<\/div>\n\t\t\t\t<\/div>\n\t\t\t\t<div class=\"elementor-element elementor-element-4be7973 elementor-widget elementor-widget-text-editor\" data-id=\"4be7973\" data-element_type=\"widget\" data-e-type=\"widget\" data-widget_type=\"text-editor.default\">\n\t\t\t\t<div class=\"elementor-widget-container\">\n\t\t\t\t\t\t\t\t\t<ul><li><a href=\"http:\/\/cuno-berufskolleg.de\/wp-content\/uploads\/2024\/05\/Bildungsperspektiven-am-Cuno-Berufskolleg-I_2023_09_11_oe.pdf\" target=\"_blank\" rel=\"noopener\">Ihre pers\u00f6nliche Bildungsperspektive am Cuno-Berufskolleg I<\/a><\/li><li><a href=\"http:\/\/cuno-berufskolleg.de\/wp-content\/uploads\/2023\/07\/schulische_Bildungsgaenge_der_5_Berufskollegs_2021_11_29.pdf\">Vollzeit- und teilzeitschulische Bildungsangebote der 5 Hagener Berufskollegs<\/a><\/li><\/ul>\t\t\t\t\t\t\t\t<\/div>\n\t\t\t\t<\/div>\n\t\t\t\t\t<\/div>\n\t\t\t\t<\/div>\n\t\t<div class=\"elementor-element elementor-element-94e7a03 e-flex e-con-boxed e-con e-parent\" data-id=\"94e7a03\" data-element_type=\"container\" data-e-type=\"container\">\n\t\t\t\t\t<div class=\"e-con-inner\">\n\t\t\t\t<div class=\"elementor-element elementor-element-725a321 elementor-widget elementor-widget-spacer\" data-id=\"725a321\" data-element_type=\"widget\" data-e-type=\"widget\" data-widget_type=\"spacer.default\">\n\t\t\t\t<div class=\"elementor-widget-container\">\n\t\t\t\t\t\t\t<div class=\"elementor-spacer\">\n\t\t\t<div class=\"elementor-spacer-inner\"><\/div>\n\t\t<\/div>\n\t\t\t\t\t\t<\/div>\n\t\t\t\t<\/div>\n\t\t\t\t\t<\/div>\n\t\t\t\t<\/div>\n\t\t<div class=\"elementor-element elementor-element-3c0ddcc e-flex e-con-boxed e-con e-parent\" data-id=\"3c0ddcc\" data-element_type=\"container\" data-e-type=\"container\">\n\t\t\t\t\t<div class=\"e-con-inner\">\n\t\t\t\t<div class=\"elementor-element elementor-element-fecc169 elementor-widget elementor-widget-text-editor\" data-id=\"fecc169\" data-element_type=\"widget\" data-e-type=\"widget\" data-widget_type=\"text-editor.default\">\n\t\t\t\t<div class=\"elementor-widget-container\">\n\t\t\t\t\t\t\t\t\t<p><strong>Einschl\u00e4giges halbj\u00e4hriges Praktikum f\u00fcr Sch\u00fcler*innen \/ Absolven*innen der zweij\u00e4hrigen \u201cH\u00f6heren\u201c Berufsfachschule zum Erwerb der Fachhochschulreife<\/strong><\/p>\t\t\t\t\t\t\t\t<\/div>\n\t\t\t\t<\/div>\n\t\t\t\t<div class=\"elementor-element elementor-element-d413fef elementor-widget elementor-widget-text-editor\" data-id=\"d413fef\" data-element_type=\"widget\" data-e-type=\"widget\" data-widget_type=\"text-editor.default\">\n\t\t\t\t<div class=\"elementor-widget-container\">\n\t\t\t\t\t\t\t\t\t<ul><li><a href=\"http:\/\/cuno-berufskolleg.de\/wp-content\/uploads\/2023\/07\/HBF_Praktikum_Schuelerinfo_2022-06-18_1_.pdf\">Information f\u00fcr Sch\u00fclerinnen und Sch\u00fcler vom Cuno-Berufskolleg I<\/a><\/li><li>Formular \u201e<a href=\"http:\/\/cuno-berufskolleg.de\/wp-content\/uploads\/2023\/07\/HBF_Praktikum_Bescheinigung_2019_03_11.pdf\">Bescheinigung des Betriebspraktikums<\/a>\u201c vom Cuno-Berufskolleg I<\/li><li><a href=\"https:\/\/www.bra.nrw.de\/system\/files\/media\/document\/file\/praktikumsbroschuere.pdf\" target=\"_blank\" rel=\"noopener\">Informationen\u00a0<\/a>f\u00fcr Sch\u00fcler\/-innen von der Bezirksregierung Arnsberg<\/li><li>alle Formulare usw. im\u00a0<a href=\"https:\/\/www.bra.nrw.de\/bildung-schule\/schulformen-abschluesse\/und-zuerkennung-der-fachhochschulreife\/und-zuerkennung-der-fachhochschulreife-downloads\" target=\"_blank\" rel=\"noopener\">Download-Verzeichnis<\/a>\u00a0der Bezirksregierung Arnsberg<\/li><\/ul>\t\t\t\t\t\t\t\t<\/div>\n\t\t\t\t<\/div>\n\t\t\t\t\t<\/div>\n\t\t\t\t<\/div>\n\t\t<div class=\"elementor-element elementor-element-1fe324f e-flex e-con-boxed e-con e-parent\" data-id=\"1fe324f\" data-element_type=\"container\" data-e-type=\"container\">\n\t\t\t\t\t<div class=\"e-con-inner\">\n\t\t\t\t<div class=\"elementor-element elementor-element-62e64cb elementor-widget elementor-widget-spacer\" data-id=\"62e64cb\" data-element_type=\"widget\" data-e-type=\"widget\" data-widget_type=\"spacer.default\">\n\t\t\t\t<div class=\"elementor-widget-container\">\n\t\t\t\t\t\t\t<div class=\"elementor-spacer\">\n\t\t\t<div class=\"elementor-spacer-inner\"><\/div>\n\t\t<\/div>\n\t\t\t\t\t\t<\/div>\n\t\t\t\t<\/div>\n\t\t\t\t\t<\/div>\n\t\t\t\t<\/div>\n\t\t<div class=\"elementor-element elementor-element-c811cc7 e-flex e-con-boxed e-con e-parent\" data-id=\"c811cc7\" data-element_type=\"container\" data-e-type=\"container\">\n\t\t\t\t\t<div class=\"e-con-inner\">\n\t\t\t\t<div class=\"elementor-element elementor-element-a08d861 elementor-headline--style-highlight elementor-widget elementor-widget-animated-headline\" data-id=\"a08d861\" data-element_type=\"widget\" data-e-type=\"widget\" data-settings=\"{&quot;marker&quot;:&quot;double_underline&quot;,&quot;highlighted_text&quot;:&quot;Fahrtkostenerstattung&quot;,&quot;headline_style&quot;:&quot;highlight&quot;,&quot;loop&quot;:&quot;yes&quot;,&quot;highlight_animation_duration&quot;:1200,&quot;highlight_iteration_delay&quot;:8000}\" data-widget_type=\"animated-headline.default\">\n\t\t\t\t<div class=\"elementor-widget-container\">\n\t\t\t\t\t\t\t<h3 class=\"elementor-headline\">\n\t\t\t\t<span class=\"elementor-headline-dynamic-wrapper elementor-headline-text-wrapper\">\n\t\t\t\t\t<span class=\"elementor-headline-dynamic-text elementor-headline-text-active\">Fahrtkostenerstattung<\/span>\n\t\t\t\t<\/span>\n\t\t\t\t<\/h3>\n\t\t\t\t\t\t<\/div>\n\t\t\t\t<\/div>\n\t\t\t\t<div class=\"elementor-element elementor-element-3442cad elementor-widget elementor-widget-text-editor\" data-id=\"3442cad\" data-element_type=\"widget\" data-e-type=\"widget\" data-widget_type=\"text-editor.default\">\n\t\t\t\t<div class=\"elementor-widget-container\">\n\t\t\t\t\t\t\t\t\t<p>Antr\u00e4ge f\u00fcr ein DeutschlandTicket Schule sind im Sekretariat der Schule zu erhalten.<\/p><p style=\"padding-left: 40px;\">Berechtigung auf ein DeutschlandTicket Schule hat, wer:<\/p><ul><li style=\"list-style-type: none;\"><ul><li>eine Vollzeitklasse besucht und<\/li><li>mindestens 5 km von der Schule entfernt wohnt. (Wer weniger als 5 km von der Schule entfernt wohnt, kann eine DeutschlandTicket Schule f\u00fcr zurzeit 38\u20ac beantragen.)<\/li><\/ul><\/li><\/ul><p>\u00a0<\/p><p class=\"bodytext\">Sch\u00fcler\/-innen der Bezirksfachklassen und ohne Berechtigung auf ein DeutschlandTicket Schule erhalten Sie \u00fcber die nachfolgenden Links Antr\u00e4ge auf \u00dcbernahme von Sch\u00fclerfahrkosten:<br \/><a href=\"https:\/\/www.hagen.de\/irj\/portal\/ODFK?id=07010409\" target=\"_blank\" rel=\"noopener\">Antrag und Merkblatt auf \u00dcbernahme von Sch\u00fclerfahrkosten &#8211; Berufskolleg<\/a><br \/><a href=\"https:\/\/www.hagen.de\/irj\/portal\/ODFK?id=07010410\" target=\"_blank\" rel=\"noopener\">Abrechnung von Sch\u00fclerfahrkosten &#8211; Berufskolleg<\/a><\/p>\t\t\t\t\t\t\t\t<\/div>\n\t\t\t\t<\/div>\n\t\t\t\t\t<\/div>\n\t\t\t\t<\/div>\n\t\t\t\t<\/div>","protected":false},"excerpt":{"rendered":"<p>Anmeldung Die Anmeldung der neuen Auszubildenden erfolgt \u00fcber\u00a0&#8220;sch\u00fcler online&#8220;. Weiter Hinweise finden Sie\u00a0\u00a0&gt;&gt;hier&lt;&lt;. Eine Anmeldung zu allen vollzeitschulischen Bildungsg\u00e4ngen ist nur in bestimmten Zeitr\u00e4umen \u00fcber\u00a0&#8220;sch\u00fcler online&#8221;\u00a0m\u00f6glich. Weiter Hinweise finden Sie auf dem\u00a0&#8220;sch\u00fcler online&#8221;-Flyer\u00a0der Stadt Hagen. Anmeldeformular zur ausbildungsbegleitenden Doppelqualifizierung (PDF-Format)\u00a0oder\u00a0(Word-Format) Anmeldeformular zur Fachschule f\u00fcr Technik (PDF-Format)\u00a0oder\u00a0(Word-Format) Anmeldeformular f\u00fcr Sch\u00fcler\/-innen der Einstiegsqualifizierung\u00a0(PDF-Formular)\u00a0oder\u00a0(Word-Formular) Antr\u00e4ge Antrag auf Beurlaubung [&hellip;]<\/p>\n","protected":false},"author":1,"featured_media":0,"parent":0,"menu_order":0,"comment_status":"closed","ping_status":"closed","template":"","meta":{"footnotes":""},"class_list":["post-1547","page","type-page","status-publish","hentry"],"publishpress_future_action":{"enabled":false,"date":"2026-04-10 19:21:00","action":"change-status","newStatus":"draft","terms":[],"taxonomy":"","extraData":[]},"publishpress_future_workflow_manual_trigger":{"enabledWorkflows":[]},"_links":{"self":[{"href":"https:\/\/cuno-berufskolleg.de\/en\/wp-json\/wp\/v2\/pages\/1547","targetHints":{"allow":["GET"]}}],"collection":[{"href":"https:\/\/cuno-berufskolleg.de\/en\/wp-json\/wp\/v2\/pages"}],"about":[{"href":"https:\/\/cuno-berufskolleg.de\/en\/wp-json\/wp\/v2\/types\/page"}],"author":[{"embeddable":true,"href":"https:\/\/cuno-berufskolleg.de\/en\/wp-json\/wp\/v2\/users\/1"}],"replies":[{"embeddable":true,"href":"https:\/\/cuno-berufskolleg.de\/en\/wp-json\/wp\/v2\/comments?post=1547"}],"version-history":[{"count":5,"href":"https:\/\/cuno-berufskolleg.de\/en\/wp-json\/wp\/v2\/pages\/1547\/revisions"}],"predecessor-version":[{"id":5590,"href":"https:\/\/cuno-berufskolleg.de\/en\/wp-json\/wp\/v2\/pages\/1547\/revisions\/5590"}],"wp:attachment":[{"href":"https:\/\/cuno-berufskolleg.de\/en\/wp-json\/wp\/v2\/media?parent=1547"}],"curies":[{"name":"wp","href":"https:\/\/api.w.org\/{rel}","templated":true}]}}