{"id":1195,"date":"2023-07-25T08:23:11","date_gmt":"2023-07-25T06:23:11","guid":{"rendered":"http:\/\/cuno-berufskolleg.de\/?page_id=1195"},"modified":"2024-03-12T08:53:49","modified_gmt":"2024-03-12T07:53:49","slug":"werkzeugmechaniker-in","status":"publish","type":"page","link":"https:\/\/cuno-berufskolleg.de\/en\/werkzeugmechaniker-in\/","title":{"rendered":"Werkzeugmechaniker\/-in"},"content":{"rendered":"<div data-elementor-type=\"wp-page\" data-elementor-id=\"1195\" class=\"elementor elementor-1195\" data-elementor-post-type=\"page\">\n\t\t\t\t\t\t<section class=\"elementor-section elementor-top-section elementor-element elementor-element-15c2ad16 elementor-section-boxed elementor-section-height-default elementor-section-height-default\" data-id=\"15c2ad16\" data-element_type=\"section\" data-e-type=\"section\">\n\t\t\t\t\t\t<div class=\"elementor-container elementor-column-gap-default\">\n\t\t\t\t\t<div class=\"elementor-column elementor-col-100 elementor-top-column elementor-element elementor-element-7de46da7\" data-id=\"7de46da7\" data-element_type=\"column\" data-e-type=\"column\">\n\t\t\t<div class=\"elementor-widget-wrap elementor-element-populated\">\n\t\t\t\t\t\t<div class=\"elementor-element elementor-element-39e3fe09 elementor-widget elementor-widget-text-editor\" data-id=\"39e3fe09\" data-element_type=\"widget\" data-e-type=\"widget\" data-widget_type=\"text-editor.default\">\n\t\t\t\t<div class=\"elementor-widget-container\">\n\t\t\t\t\t\t\t\t\t<div id=\"c908\" class=\"csc-frame csc-frame-default\"><div class=\"csc-textpic csc-textpic-intext-right\"><div class=\"csc-textpic-imagewrap\" data-csc-images=\"1\" data-csc-cols=\"1\"><figure id=\"attachment_3756\" aria-describedby=\"caption-attachment-3756\" style=\"width: 300px\" class=\"wp-caption alignright\"><a href=\"https:\/\/web.arbeitsagentur.de\/berufenet\/beruf\/29051\" target=\"_blank\" rel=\"noopener\"><img decoding=\"async\" class=\"wp-image-3756 size-medium\" src=\"http:\/\/cuno-berufskolleg.de\/wp-content\/uploads\/2024\/02\/Logo_Berufenet-300x76.jpg\" alt=\"\" width=\"300\" height=\"76\" \/><\/a><figcaption id=\"caption-attachment-3756\" class=\"wp-caption-text\">Weitere Informationen finden Sie hier<\/figcaption><\/figure><strong>Ansprechpartnerin:<\/strong>\u00a0<a href=\"http:\/\/cuno-berufskolleg.de\/en\/intern\/frau-baesler\/\">Frau Baesler<\/a><\/div><div class=\"csc-textpic-text\"><p class=\"bodytext\"><strong>Bereichsleiterin<\/strong>: <a href=\"http:\/\/cuno-berufskolleg.de\/en\/intern\/frau-luongo-schnitzler\/\">Frau Luongo-Schnitzler<\/a><\/p><\/div><\/div><\/div><div id=\"c909\" class=\"csc-frame csc-frame-default\"><div><ul><li><a class=\"internal-link\" title=\"Opens internal link in current window\" href=\"#wasmachtwerkzeug\">Was machen Werkzeugmechaniker\/-innen?<\/a><\/li><li><a class=\"internal-link\" title=\"Opens internal link in current window\" href=\"#fuerwenwerkzeug\">F\u00fcr wen ist der Job geeignet?<\/a><\/li><li><a class=\"internal-link\" title=\"Opens internal link in current window\" href=\"#wasistgutwerkzeug\">Was ist besonders gut?<\/a><\/li><li><a class=\"internal-link\" title=\"Opens internal link in current window\" href=\"#ausbildungaufgebautwerkzeug\">Wie ist die Ausbildung aufgebaut?<\/a><\/li><li><a class=\"internal-link\" title=\"Opens internal link in current window\" href=\"#waskannichmachenwerkzeug\">Was kann ich aus dem Beruf sp\u00e4ter einmal machen?<\/a><\/li><li><a class=\"internal-link\" title=\"Opens internal link in current window\" href=\"#kurzinfowerkzeug\">Kurzinfo<\/a><\/li><\/ul><\/div><\/div>\t\t\t\t\t\t\t\t<\/div>\n\t\t\t\t<\/div>\n\t\t\t\t\t<\/div>\n\t\t<\/div>\n\t\t\t\t\t<\/div>\n\t\t<\/section>\n\t\t\t\t<section class=\"elementor-section elementor-top-section elementor-element elementor-element-19401376 elementor-section-boxed elementor-section-height-default elementor-section-height-default\" data-id=\"19401376\" data-element_type=\"section\" data-e-type=\"section\">\n\t\t\t\t\t\t<div class=\"elementor-container elementor-column-gap-default\">\n\t\t\t\t\t<div class=\"elementor-column elementor-col-100 elementor-top-column elementor-element elementor-element-5d7b2d5e\" data-id=\"5d7b2d5e\" data-element_type=\"column\" data-e-type=\"column\">\n\t\t\t<div class=\"elementor-widget-wrap elementor-element-populated\">\n\t\t\t\t\t\t<div class=\"elementor-element elementor-element-6612fd8b elementor-widget elementor-widget-menu-anchor\" data-id=\"6612fd8b\" data-element_type=\"widget\" data-e-type=\"widget\" data-widget_type=\"menu-anchor.default\">\n\t\t\t\t<div class=\"elementor-widget-container\">\n\t\t\t\t\t\t\t<div class=\"elementor-menu-anchor\" id=\"wasmachtwerkzeug\"><\/div>\n\t\t\t\t\t\t<\/div>\n\t\t\t\t<\/div>\n\t\t\t\t<div class=\"elementor-element elementor-element-71fec513 elementor-widget elementor-widget-text-editor\" data-id=\"71fec513\" data-element_type=\"widget\" data-e-type=\"widget\" data-widget_type=\"text-editor.default\">\n\t\t\t\t<div class=\"elementor-widget-container\">\n\t\t\t\t\t\t\t\t\t<div id=\"c418\" class=\"csc-frame csc-frame-default\"><div class=\"csc-header csc-header-n4\"><div id=\"c388\" class=\"csc-frame csc-frame-default\"><div class=\"csc-header csc-header-n4\"><div id=\"c366\" class=\"csc-frame csc-frame-default\"><div class=\"csc-header csc-header-n4\"><div id=\"c3236\" class=\"csc-frame csc-frame-default\"><div class=\"csc-header csc-header-n3\"><div id=\"c910\" class=\"csc-frame csc-frame-default\"><div class=\"csc-header csc-header-n3\"><h3>Was machen Werkzeugmechaniker\/-innen?<\/h3><\/div><p class=\"bodytext\">Ganz gleich, ob PC-Geh\u00e4use, medizinische Ger\u00e4te oder Teile der Automobilkarosserie &#8211; um sie herzustellen m\u00fcssen die verschiedenen Metalle und Kunststoffe z.B. gebogen, geschnitten, ausgestanzt oder verformt werden. Das gelingt nur mit dem richtigen Werkzeug. Werkzeugmechaniker stellen daher f\u00fcr die industrielle Serienfertigung diese Schneid-, Stanz- oder Biegewerkzeuge her. Werkzeugmechaniker sind &#8220;Hightech-Spezialisten&#8221;. Mit Hilfe computergesteuerter Werkzeugmaschinen leisten sie passgenaue Ma\u00dfarbeit. Je nach Industriezweig m\u00fcssen sehr spezielle Werkzeuge hergestellt werden, Werkzeugmechaniker werden daher in einer der drei Fachrichtungen ausgebildet:<\/p><ul><li>Stanz- und Umformtechnik<\/li><li>Formentechnik<\/li><li>Vorrichtungsbau<\/li><\/ul><\/div><div id=\"c911\" class=\"csc-frame csc-frame-default\"><div class=\"csc-header csc-header-n4\"><h4>Werkzeugmechaniker &#8230;<\/h4><\/div><ul class=\"ce-bullets ce-bullets-0\"><li>arbeiten anhand von technischen Zeichnungen<\/li><li>programmieren computergesteuerte Maschinen<\/li><li>steuern und \u00fcberwachen den Produktionsprozess<\/li><li>arbeiten ma\u00df genau in Handarbeit und maschinell<\/li><li>bauen Pneumatikschaltungen auf und pr\u00fcfen z.B. den Luftdruck<\/li><li>montieren Bauteile und Baugruppen anhand von technischen Unterlagen<\/li><li>arbeiten im Team und f\u00fchren qualit\u00e4tssichernde Ma\u00dfnahmen durch<\/li><\/ul><\/div><div id=\"c912\" class=\"csc-frame csc-frame-default\"><div class=\"csc-header csc-header-n5\"><h4>Werkzeugmechaniker der Fachrichtung Stanz- und Umformtechnik &#8230;<\/h4><\/div><ul><li>fertigen Schneid-, Umform-, Bearbeitungswerkzeuge<\/li><li>stellen Lehren zum genauen Pr\u00fcfen von Ma\u00dfen, Formen und kleinen Abst\u00e4nden sowie Schablonen und Mess- und Pr\u00fcfzeuge f\u00fcr die industrielle Serienfertigung her<\/li><li>montieren und warten die Werkzeuge<\/li><\/ul><\/div><div id=\"c913\" class=\"csc-frame csc-frame-default\"><div class=\"csc-header csc-header-n6\"><h4>Werkzeugmechaniker der Fachrichtung Stanz- und Umformtechnik arbeiten f\u00fcr &#8230;<\/h4><\/div><ul><li>Hersteller von Stanz-, Umform- und Bearbeitungswerkzeugen sowie Mess- und Pr\u00fcfzeugen in der Automobil- und Elektroindustrie<\/li><\/ul><\/div><div id=\"c914\" class=\"csc-frame csc-frame-default\"><p class=\"bodytext\">Dort werden sie in der Regel auch ausgebildet.<\/p><\/div><div id=\"c915\" class=\"csc-frame csc-frame-default\"><div class=\"csc-header csc-header-n8\"><h4>Werkzeugmechaniker der Fachrichtung Formentechnik &#8230;<\/h4><\/div><ul class=\"ce-bullets ce-bullets-0\"><li>fertigen Formen, wie z.B. Press-, Druck- oder Spritzgussformen an, um darin fl\u00fcssige Metalle oder Kunststoffe zu gie\u00dfen und zu formen<\/li><li>fertigen Kokillen wie z.B. Stahlformen an, in denen mehrmals z.B. Metall gegossen werden kann<\/li><li>fertigen Gesenke (Presswerkzeuge) an<\/li><\/ul><\/div><div id=\"c916\" class=\"csc-frame csc-frame-default\"><div class=\"csc-header csc-header-n9\"><h4>Werkzeugmechaniker der Fachrichtung Formentechnik arbeiten f\u00fcr &#8230;<\/h4><\/div><ul><li>Hersteller von Gussformen in der Kunststoffindustrie<\/li><\/ul><\/div><div id=\"c917\" class=\"csc-frame csc-frame-default\"><p class=\"bodytext\">Dort werden sie in der Regel auch ausgebildet.<\/p><\/div><\/div><\/div><\/div><\/div><\/div><\/div><\/div><\/div>\t\t\t\t\t\t\t\t<\/div>\n\t\t\t\t<\/div>\n\t\t\t\t\t<\/div>\n\t\t<\/div>\n\t\t\t\t\t<\/div>\n\t\t<\/section>\n\t\t\t\t<section class=\"elementor-section elementor-top-section elementor-element elementor-element-2f52ec7d elementor-section-boxed elementor-section-height-default elementor-section-height-default\" data-id=\"2f52ec7d\" data-element_type=\"section\" data-e-type=\"section\">\n\t\t\t\t\t\t<div class=\"elementor-container elementor-column-gap-default\">\n\t\t\t\t\t<div class=\"elementor-column elementor-col-100 elementor-top-column elementor-element elementor-element-24f31036\" data-id=\"24f31036\" data-element_type=\"column\" data-e-type=\"column\">\n\t\t\t<div class=\"elementor-widget-wrap elementor-element-populated\">\n\t\t\t\t\t\t<div class=\"elementor-element elementor-element-7229f99c elementor-widget elementor-widget-menu-anchor\" data-id=\"7229f99c\" data-element_type=\"widget\" data-e-type=\"widget\" data-widget_type=\"menu-anchor.default\">\n\t\t\t\t<div class=\"elementor-widget-container\">\n\t\t\t\t\t\t\t<div class=\"elementor-menu-anchor\" id=\"fuerwenwerkzeug\"><\/div>\n\t\t\t\t\t\t<\/div>\n\t\t\t\t<\/div>\n\t\t\t\t<div class=\"elementor-element elementor-element-5cb4c37f elementor-widget elementor-widget-text-editor\" data-id=\"5cb4c37f\" data-element_type=\"widget\" data-e-type=\"widget\" data-widget_type=\"text-editor.default\">\n\t\t\t\t<div class=\"elementor-widget-container\">\n\t\t\t\t\t\t\t\t\t<div id=\"c423\" class=\"csc-frame csc-frame-default\"><div class=\"csc-header csc-header-n9\"><div id=\"c393\" class=\"csc-frame csc-frame-default\"><div class=\"csc-header csc-header-n8\"><div id=\"c370\" class=\"csc-frame csc-frame-default\"><div class=\"csc-header csc-header-n8\"><div id=\"c3216\" class=\"csc-frame csc-frame-default\"><div class=\"csc-header csc-header-n11\"><div id=\"c921\" class=\"csc-frame csc-frame-default\"><div class=\"csc-header csc-header-n11\"><h3>F\u00fcr wen ist der Job geeignet?<\/h3><\/div><\/div><div id=\"c922\" class=\"csc-frame csc-frame-default\"><div class=\"csc-header csc-header-n12\"><h4>Bewerber sollten &#8230;<\/h4><\/div><ul class=\"ce-bullets ce-bullets-0\"><li>Spa\u00df am Umgang mit komplizierter Technik haben<\/li><li>handwerklich geschickt sein und genau arbeiten<\/li><li>r\u00e4umliches Vorstellungsverm\u00f6gen haben<\/li><\/ul><\/div><\/div><\/div><\/div><\/div><\/div><\/div><\/div><\/div>\t\t\t\t\t\t\t\t<\/div>\n\t\t\t\t<\/div>\n\t\t\t\t\t<\/div>\n\t\t<\/div>\n\t\t\t\t\t<\/div>\n\t\t<\/section>\n\t\t\t\t<section class=\"elementor-section elementor-top-section elementor-element elementor-element-2f22c9e5 elementor-section-boxed elementor-section-height-default elementor-section-height-default\" data-id=\"2f22c9e5\" data-element_type=\"section\" data-e-type=\"section\">\n\t\t\t\t\t\t<div class=\"elementor-container elementor-column-gap-default\">\n\t\t\t\t\t<div class=\"elementor-column elementor-col-100 elementor-top-column elementor-element elementor-element-34b2787a\" data-id=\"34b2787a\" data-element_type=\"column\" data-e-type=\"column\">\n\t\t\t<div class=\"elementor-widget-wrap elementor-element-populated\">\n\t\t\t\t\t\t<div class=\"elementor-element elementor-element-15d7b90f elementor-widget elementor-widget-menu-anchor\" data-id=\"15d7b90f\" data-element_type=\"widget\" data-e-type=\"widget\" data-widget_type=\"menu-anchor.default\">\n\t\t\t\t<div class=\"elementor-widget-container\">\n\t\t\t\t\t\t\t<div class=\"elementor-menu-anchor\" id=\"wasistgutwerkzeug\"><\/div>\n\t\t\t\t\t\t<\/div>\n\t\t\t\t<\/div>\n\t\t\t\t<div class=\"elementor-element elementor-element-4ba40fbd elementor-widget elementor-widget-text-editor\" data-id=\"4ba40fbd\" data-element_type=\"widget\" data-e-type=\"widget\" data-widget_type=\"text-editor.default\">\n\t\t\t\t<div class=\"elementor-widget-container\">\n\t\t\t\t\t\t\t\t\t<div class=\"csc-header csc-header-n11\"><div class=\"csc-header csc-header-n10\"><div class=\"csc-header csc-header-n10\"><div class=\"csc-header csc-header-n13\"><div class=\"csc-header csc-header-n13\"><h3>Was ist besonders gut?<\/h3><\/div><ul class=\"ce-bullets ce-bullets-0\"><li>vielseitige Einsatzm\u00f6glichkeiten in unterschiedlichen Industriebetrieben<\/li><li>die enge Zusammenarbeit mit anderen Berufsgruppen<\/li><\/ul><\/div><\/div><\/div><\/div>\t\t\t\t\t\t\t\t<\/div>\n\t\t\t\t<\/div>\n\t\t\t\t\t<\/div>\n\t\t<\/div>\n\t\t\t\t\t<\/div>\n\t\t<\/section>\n\t\t\t\t<section class=\"elementor-section elementor-top-section elementor-element elementor-element-1bb892e8 elementor-section-boxed elementor-section-height-default elementor-section-height-default\" data-id=\"1bb892e8\" data-element_type=\"section\" data-e-type=\"section\">\n\t\t\t\t\t\t<div class=\"elementor-container elementor-column-gap-default\">\n\t\t\t\t\t<div class=\"elementor-column elementor-col-100 elementor-top-column elementor-element elementor-element-7eb46b24\" data-id=\"7eb46b24\" data-element_type=\"column\" data-e-type=\"column\">\n\t\t\t<div class=\"elementor-widget-wrap elementor-element-populated\">\n\t\t\t\t\t\t<div class=\"elementor-element elementor-element-d9740f7 elementor-widget elementor-widget-menu-anchor\" data-id=\"d9740f7\" data-element_type=\"widget\" data-e-type=\"widget\" data-widget_type=\"menu-anchor.default\">\n\t\t\t\t<div class=\"elementor-widget-container\">\n\t\t\t\t\t\t\t<div class=\"elementor-menu-anchor\" id=\"ausbildungaufgebautwerkzeug\"><\/div>\n\t\t\t\t\t\t<\/div>\n\t\t\t\t<\/div>\n\t\t\t\t<div class=\"elementor-element elementor-element-6ddf184 elementor-widget elementor-widget-text-editor\" data-id=\"6ddf184\" data-element_type=\"widget\" data-e-type=\"widget\" data-widget_type=\"text-editor.default\">\n\t\t\t\t<div class=\"elementor-widget-container\">\n\t\t\t\t\t\t\t\t\t<div id=\"c426\" class=\"csc-frame csc-frame-default\"><div class=\"csc-header csc-header-n12\"><div id=\"c396\" class=\"csc-frame csc-frame-default\"><div class=\"csc-header csc-header-n11\"><div id=\"c373\" class=\"csc-frame csc-frame-default\"><div class=\"csc-header csc-header-n11\"><div id=\"c3210\" class=\"csc-frame csc-frame-default\"><div class=\"csc-header csc-header-n14\"><div id=\"c924\" class=\"csc-frame csc-frame-default\"><div class=\"csc-header csc-header-n14\"><h3>Wie ist die Ausbildung aufgebaut?<\/h3><\/div><\/div><div id=\"c925\" class=\"csc-frame csc-frame-default\"><div class=\"csc-header csc-header-n15\"><h4>Zugangsvoraussetzung<\/h4><\/div><p class=\"bodytext\">Grunds\u00e4tzlich ist keine bestimmte Vorbildung f\u00fcr den Lehrbeginn vorgeschrieben. Die meisten Betriebe erwarten aber den Hauptschulabschluss, manche auch die Fachoberschulreife (Mittlere Reife). Lehrbetrieb und Azubi entscheiden, in welcher der drei Fachrichtungen die Spezialisierung erfolgt:<\/p><\/div><div id=\"c926\" class=\"csc-frame csc-frame-default\"><ul class=\"ce-bullets ce-bullets-0\"><li>Stanz- und Umformtechnik<\/li><li>Formentechnik<\/li><\/ul><\/div><div id=\"c927\" class=\"csc-frame csc-frame-default\"><p class=\"bodytext\">Vor dem Ende des zweiten Ausbildungsjahres findet eine Zwischenpr\u00fcfung statt. Die Ausbildung endet nach dreieinhalb Jahren mit bestandener Abschlusspr\u00fcfung.<\/p><\/div><div id=\"c928\" class=\"csc-frame csc-frame-default\"><div class=\"csc-header csc-header-n18\"><h4>Ausbildungsverg\u00fctung<\/h4><\/div><p class=\"bodytext\">Die H\u00f6he der Ausbildungsverg\u00fctung ist je nach Wirtschaftsbereich und Region, manchmal sogar je nach Unternehmen sehr unterschiedlich. Die jeweiligen Tarifpartner, also die Arbeitgeberverb\u00e4nde und Gewerkschaften, vereinbaren, wie viel Sie w\u00e4hrend und nach Ihrer Ausbildung verdienen. Sie k\u00f6nnen Ihnen genaue Ausk\u00fcnfte geben. Welcher Arbeitgeberverband bzw. welche Gewerkschaft f\u00fcr Ihren Ausbildungsberuf zust\u00e4ndig ist, erfahren Sie zum Beispiel bei Ihrer Industrie- und Handelskammer, beim Berufsverband oder auch beim Arbeitsamt vor Ort.<\/p><\/div><\/div><\/div><\/div><\/div><\/div><\/div><\/div><\/div>\t\t\t\t\t\t\t\t<\/div>\n\t\t\t\t<\/div>\n\t\t\t\t\t<\/div>\n\t\t<\/div>\n\t\t\t\t\t<\/div>\n\t\t<\/section>\n\t\t\t\t<section class=\"elementor-section elementor-top-section elementor-element elementor-element-713407d5 elementor-section-boxed elementor-section-height-default elementor-section-height-default\" data-id=\"713407d5\" data-element_type=\"section\" data-e-type=\"section\">\n\t\t\t\t\t\t<div class=\"elementor-container elementor-column-gap-default\">\n\t\t\t\t\t<div class=\"elementor-column elementor-col-100 elementor-top-column elementor-element elementor-element-32eb1feb\" data-id=\"32eb1feb\" data-element_type=\"column\" data-e-type=\"column\">\n\t\t\t<div class=\"elementor-widget-wrap elementor-element-populated\">\n\t\t\t\t\t\t<div class=\"elementor-element elementor-element-31d2646e elementor-widget elementor-widget-menu-anchor\" data-id=\"31d2646e\" data-element_type=\"widget\" data-e-type=\"widget\" data-widget_type=\"menu-anchor.default\">\n\t\t\t\t<div class=\"elementor-widget-container\">\n\t\t\t\t\t\t\t<div class=\"elementor-menu-anchor\" id=\"waskannichmachenwerkzeug\"><\/div>\n\t\t\t\t\t\t<\/div>\n\t\t\t\t<\/div>\n\t\t\t\t<div class=\"elementor-element elementor-element-7db65427 elementor-widget elementor-widget-text-editor\" data-id=\"7db65427\" data-element_type=\"widget\" data-e-type=\"widget\" data-widget_type=\"text-editor.default\">\n\t\t\t\t<div class=\"elementor-widget-container\">\n\t\t\t\t\t\t\t\t\t<div id=\"c430\" class=\"csc-frame csc-frame-default\"><div class=\"csc-header csc-header-n16\"><div id=\"c400\" class=\"csc-frame csc-frame-default\"><div class=\"csc-header csc-header-n15\"><div id=\"c376\" class=\"csc-frame csc-frame-default\"><div class=\"csc-header csc-header-n14\"><div id=\"c3204\" class=\"csc-frame csc-frame-default\"><div class=\"csc-header csc-header-n17\"><div id=\"c929\" class=\"csc-frame csc-frame-default\"><div class=\"csc-header csc-header-n19\"><h3>Was kann ich aus dem Beruf sp\u00e4ter einmal machen?<\/h3><\/div><p class=\"bodytext\">Eine berufliche Ausbildung ist der erste Schritt ins Berufsleben. Danach geht es weiter, beispielsweise als Industriemeister. Ziel kann nat\u00fcrlich auch die berufliche Selbst\u00e4ndigkeit sein. Klar ist: Keiner muss sein Leben lang immer im gleichen Job dasselbe tun. Im Gegenteil: Wer heutzutage gute Chancen auf dem Arbeitsmarkt bzw. als selbst\u00e4ndiger Unternehmer haben will, muss flexibel sein und sich regelm\u00e4\u00dfig weiterbilden. Es gibt je nach Fachrichtung &#8211; jede Menge Lehrg\u00e4nge, Kurse oder Seminare, um sich zu spezialisieren, z.B.<\/p><\/div><div id=\"c930\" class=\"csc-frame csc-frame-default\"><ul class=\"ce-bullets ce-bullets-0\"><li>Metallbearbeitung<\/li><li>technisches Zeichnen<\/li><li>Kunststoffverarbeitung in der Metalltechnik<\/li><\/ul><\/div><div id=\"c931\" class=\"csc-frame csc-frame-default\"><p class=\"bodytext\">Unter bestimmten Voraussetzungen, z.B. mehrj\u00e4hriger Berufserfahrung, sind je nach Fachrichtung verschiedene Fort- und Weiterbildungen m\u00f6glich, u.a.:<\/p><\/div><div id=\"c932\" class=\"csc-frame csc-frame-default\"><ul class=\"ce-bullets ce-bullets-0\"><li>Ausbilder\/-in (verantwortlich f\u00fcr die Ausbildung von Azubis)<\/li><li>Industriemeister\/-in der Fachrichtung Metall<\/li><li>Techniker\/-in der Fachrichtung Maschinentechnik\/Maschinenbau<\/li><li>Techniker\/-in f\u00fcr Betriebswissenschaft<\/li><\/ul><\/div><div id=\"c933\" class=\"csc-frame csc-frame-default\"><p class=\"bodytext\">Nach dem Besuch einer Fachoberschule ist das Studium an einer Fachhochschule m\u00f6glich, u.a.:<\/p><ul><li>Dipl.-Ingenieur\/-in Maschinenbau<\/li><\/ul><\/div><\/div><\/div><\/div><\/div><\/div><\/div><\/div><\/div>\t\t\t\t\t\t\t\t<\/div>\n\t\t\t\t<\/div>\n\t\t\t\t\t<\/div>\n\t\t<\/div>\n\t\t\t\t\t<\/div>\n\t\t<\/section>\n\t\t\t\t<section class=\"elementor-section elementor-top-section elementor-element elementor-element-813f199 elementor-section-boxed elementor-section-height-default elementor-section-height-default\" data-id=\"813f199\" data-element_type=\"section\" data-e-type=\"section\">\n\t\t\t\t\t\t<div class=\"elementor-container elementor-column-gap-default\">\n\t\t\t\t\t<div class=\"elementor-column elementor-col-100 elementor-top-column elementor-element elementor-element-3f1ebce1\" data-id=\"3f1ebce1\" data-element_type=\"column\" data-e-type=\"column\">\n\t\t\t<div class=\"elementor-widget-wrap elementor-element-populated\">\n\t\t\t\t\t\t<div class=\"elementor-element elementor-element-1045b8ac elementor-widget elementor-widget-menu-anchor\" data-id=\"1045b8ac\" data-element_type=\"widget\" data-e-type=\"widget\" data-widget_type=\"menu-anchor.default\">\n\t\t\t\t<div class=\"elementor-widget-container\">\n\t\t\t\t\t\t\t<div class=\"elementor-menu-anchor\" id=\"kurzinfowerkzeug\"><\/div>\n\t\t\t\t\t\t<\/div>\n\t\t\t\t<\/div>\n\t\t\t\t<div class=\"elementor-element elementor-element-1501b5be elementor-widget elementor-widget-text-editor\" data-id=\"1501b5be\" data-element_type=\"widget\" data-e-type=\"widget\" data-widget_type=\"text-editor.default\">\n\t\t\t\t<div class=\"elementor-widget-container\">\n\t\t\t\t\t\t\t\t\t<div id=\"c430\" class=\"csc-frame csc-frame-default\">\n<div class=\"csc-header csc-header-n16\">\n<div id=\"c432\" class=\"csc-frame csc-frame-default\">\n<div class=\"csc-header csc-header-n18\">\n<div id=\"c432\" class=\"csc-frame csc-frame-default\">\n<div class=\"csc-header csc-header-n18\">\n<div id=\"c403\" class=\"csc-frame csc-frame-default\">\n<div class=\"csc-header csc-header-n18\">\n<div id=\"c379\" class=\"csc-frame csc-frame-default\">\n<div class=\"csc-header csc-header-n17\">\n<div id=\"c3192\" class=\"csc-frame csc-frame-default\">\n<div class=\"csc-header csc-header-n23\">\n<div id=\"c934\" class=\"csc-frame csc-frame-default\">\n<div class=\"csc-header csc-header-n24\">\n<h3>Kurzinfo<\/h3>\n<\/div>\n<\/div>\n<div id=\"c935\" class=\"csc-frame csc-frame-default\">\n<div class=\"csc-header csc-header-n25\">\n<h4>Werkzeugmechaniker &#8230;<\/h4>\n<\/div>\n<p class=\"bodytext\">&#8230; stellen Werkzeuge und Formen f\u00fcr die Industrie und f\u00fcr medizinische Zwecke her, arbeiten anhand von technischen Zeichnungen, bohren, drehen und fr\u00e4sen Metalle maschinell und per Hand, programmieren computergesteuerte Maschinen.<\/p>\n<\/div>\n<div id=\"c936\" class=\"csc-frame csc-frame-default\">\n<p class=\"bodytext\">Die Ausbildung erfolgt in einer der Fachrichtungen:<\/p>\n<ul>\n<li>Stanz- und Umformtechnik<\/li>\n<li>Formentechnik<\/li>\n<\/ul>\n<\/div>\n<div id=\"c937\" class=\"csc-frame csc-frame-default\">\n<div class=\"csc-header csc-header-n27\">\n<h4>Bewerber\/-innen sollten &#8230;<\/h4>\n<\/div>\n<p class=\"bodytext\">&#8230; Spa\u00df an k\u00f6rperlicher Arbeit haben und fit sein, handwerklich geschickt sein und genau arbeiten, r\u00e4umliches Vorstellungsverm\u00f6gen haben<\/p>\n<\/div>\n<div id=\"c938\" class=\"csc-frame csc-frame-default\">\n<div class=\"csc-header csc-header-n28\">\n<h4>Wer bildet aus?<\/h4>\n<\/div>\n<p class=\"bodytext\">Je nach Fachrichtung:<\/p>\n<ul>\n<li>Hersteller von Stanz-, Umform- und Bearbeitungswerkzeugen sowie Mess- und Pr\u00fcfzeugen,<\/li>\n<li>Hersteller medizinisch-chirurgischer Instrumente, Hersteller kosmetischer Instrumente<\/li>\n<\/ul>\n<\/div>\n<div id=\"c939\" class=\"csc-frame csc-frame-default\">\n<div class=\"csc-header csc-header-n29\">\n<h4>Berufliche Aufstiegschancen?<\/h4>\n<\/div>\n<p class=\"bodytext\">z.B.: Ausbilder\/-in (verantwortlich f\u00fcr die Ausbildung von Azubis), Industriemeister\/-in der Fachrichtung Metall, Techniker\/-in der Fachrichtung Maschinentechnik\/Maschinenbau, Techniker\/-in f\u00fcr Betriebswissenschaft, Bachelor of Engineering (fr\u00fcher Dipl.-Ingenieur\/-in Maschinenbau (FH))<\/p>\n<\/div>\n<div id=\"c940\" class=\"csc-frame csc-frame-default\">\n<div class=\"csc-header csc-header-n30\">\n<h4>Besonders gut ist, &#8230;<\/h4>\n<\/div>\n<p class=\"bodytext\">.. dass es Einsatzm\u00f6glichkeiten in unterschiedlichen Industriebetrieben gibt<\/p>\n<\/div>\n<div id=\"c941\" class=\"csc-frame csc-frame-default\">\n<div class=\"csc-header csc-header-n31\">\n<h4>Dauer der Ausbildung?<\/h4>\n<\/div>\n<p class=\"bodytext\">3,5 Jahre<\/p>\n<\/div>\n<div id=\"c942\" class=\"csc-frame csc-frame-default\">\n<div class=\"csc-header csc-header-n32\">\n<h4>Verdienst w\u00e4hrend der Ausbildung und im Beruf?<\/h4>\n<\/div>\n<p class=\"bodytext\">Ausk\u00fcnfte dazu geben Kammer, Arbeitsamt, Berufsverband, Arbeitgeberverband und Gewerkschaft.<\/p>\n<\/div>\n<div id=\"c943\" class=\"csc-frame csc-frame-default\">\n<p class=\"bodytext\">Die Inhalte dieses Berufsbildes beruhen auf Informationen des Bundesministeriums f\u00fcr Wirtschaft und Technologie.<\/p>\n<\/div>\n<\/div>\n<\/div>\n<\/div>\n<\/div>\n<\/div>\n<\/div>\n<\/div>\n<\/div>\n<\/div>\n<\/div>\n<\/div>\n<\/div>\t\t\t\t\t\t\t\t<\/div>\n\t\t\t\t<\/div>\n\t\t\t\t\t<\/div>\n\t\t<\/div>\n\t\t\t\t\t<\/div>\n\t\t<\/section>\n\t\t\t\t<\/div>","protected":false},"excerpt":{"rendered":"<p>Ansprechpartnerin:\u00a0Frau Baesler Bereichsleiterin: Frau Luongo-Schnitzler Was machen Werkzeugmechaniker\/-innen? F\u00fcr wen ist der Job geeignet? Was ist besonders gut? Wie ist die Ausbildung aufgebaut? Was kann ich aus dem Beruf sp\u00e4ter einmal machen? Kurzinfo Was machen Werkzeugmechaniker\/-innen? Ganz gleich, ob PC-Geh\u00e4use, medizinische Ger\u00e4te oder Teile der Automobilkarosserie &#8211; um sie herzustellen m\u00fcssen die verschiedenen Metalle und [&hellip;]<\/p>\n","protected":false},"author":1,"featured_media":0,"parent":0,"menu_order":0,"comment_status":"closed","ping_status":"closed","template":"","meta":{"footnotes":""},"class_list":["post-1195","page","type-page","status-publish","hentry"],"publishpress_future_action":{"enabled":false,"date":"2026-05-20 19:41:03","action":"change-status","newStatus":"draft","terms":[],"taxonomy":"","extraData":[]},"publishpress_future_workflow_manual_trigger":{"enabledWorkflows":[]},"_links":{"self":[{"href":"https:\/\/cuno-berufskolleg.de\/en\/wp-json\/wp\/v2\/pages\/1195","targetHints":{"allow":["GET"]}}],"collection":[{"href":"https:\/\/cuno-berufskolleg.de\/en\/wp-json\/wp\/v2\/pages"}],"about":[{"href":"https:\/\/cuno-berufskolleg.de\/en\/wp-json\/wp\/v2\/types\/page"}],"author":[{"embeddable":true,"href":"https:\/\/cuno-berufskolleg.de\/en\/wp-json\/wp\/v2\/users\/1"}],"replies":[{"embeddable":true,"href":"https:\/\/cuno-berufskolleg.de\/en\/wp-json\/wp\/v2\/comments?post=1195"}],"version-history":[{"count":5,"href":"https:\/\/cuno-berufskolleg.de\/en\/wp-json\/wp\/v2\/pages\/1195\/revisions"}],"predecessor-version":[{"id":4429,"href":"https:\/\/cuno-berufskolleg.de\/en\/wp-json\/wp\/v2\/pages\/1195\/revisions\/4429"}],"wp:attachment":[{"href":"https:\/\/cuno-berufskolleg.de\/en\/wp-json\/wp\/v2\/media?parent=1195"}],"curies":[{"name":"wp","href":"https:\/\/api.w.org\/{rel}","templated":true}]}}