{"id":1180,"date":"2023-07-25T08:22:05","date_gmt":"2023-07-25T06:22:05","guid":{"rendered":"http:\/\/cuno-berufskolleg.de\/?page_id=1180"},"modified":"2025-08-18T08:25:43","modified_gmt":"2025-08-18T06:25:43","slug":"technischer-modellbauer-technische-modellbauerin","status":"publish","type":"page","link":"https:\/\/cuno-berufskolleg.de\/en\/technischer-modellbauer-technische-modellbauerin\/","title":{"rendered":"Technischer Modellbauer \/ Technische Modell- bauerin"},"content":{"rendered":"<div data-elementor-type=\"wp-page\" data-elementor-id=\"1180\" class=\"elementor elementor-1180\" data-elementor-post-type=\"page\">\n\t\t\t\t\t\t<section class=\"elementor-section elementor-top-section elementor-element elementor-element-45f3d01e elementor-section-boxed elementor-section-height-default elementor-section-height-default\" data-id=\"45f3d01e\" data-element_type=\"section\" data-e-type=\"section\">\n\t\t\t\t\t\t<div class=\"elementor-container elementor-column-gap-default\">\n\t\t\t\t\t<div class=\"elementor-column elementor-col-100 elementor-top-column elementor-element elementor-element-5d85d6de\" data-id=\"5d85d6de\" data-element_type=\"column\" data-e-type=\"column\">\n\t\t\t<div class=\"elementor-widget-wrap elementor-element-populated\">\n\t\t\t\t\t\t<div class=\"elementor-element elementor-element-313b3980 elementor-widget elementor-widget-text-editor\" data-id=\"313b3980\" data-element_type=\"widget\" data-e-type=\"widget\" data-widget_type=\"text-editor.default\">\n\t\t\t\t<div class=\"elementor-widget-container\">\n\t\t\t\t\t\t\t\t\t<div id=\"c772\" class=\"csc-frame csc-frame-default\"><div class=\"csc-textpic csc-textpic-intext-right\"><div class=\"csc-textpic-imagewrap\" data-csc-images=\"1\" data-csc-cols=\"1\"><b>Ansprechpartner:<\/b>\u00a0<a href=\"http:\/\/cuno-berufskolleg.de\/en\/intern\/herr-grefe\/\">Herr Grefe<\/a><\/div><div class=\"csc-textpic-text\"><div><p class=\"bodytext\"><b>Bereichsleiter:<\/b> <a href=\"http:\/\/cuno-berufskolleg.de\/en\/intern\/herr-eckerle\/\">Herr Eckerle<\/a><\/p><\/div><\/div><\/div><\/div><div id=\"c773\" class=\"csc-frame csc-frame-default\"><div><ul><li><a class=\"internal-link\" title=\"Opens internal link in current window\" href=\"#wasmachtmodellbau\">Was machen Technische Modellbauer\/-innen?<\/a><\/li><li><a class=\"internal-link\" title=\"Opens internal link in current window\" href=\"#fuerwenmodellbau\">F\u00fcr wen ist der Job geeignet?<\/a><\/li><li><a class=\"internal-link\" title=\"Opens internal link in current window\" href=\"#wasistgutmodellbau\">Was ist besonders gut?<\/a><\/li><li><a class=\"internal-link\" title=\"Opens internal link in current window\" href=\"#ausbildungaufgebautmodellbau\">Wie ist die Ausbildung aufgebaut?<\/a><\/li><li><a class=\"internal-link\" title=\"Opens internal link in current window\" href=\"#waskannichmachenmodellbau\">Was kann ich aus dem Beruf sp\u00e4ter einmal machen?<\/a><\/li><li><a class=\"internal-link\" title=\"Opens internal link in current window\" href=\"#kurzinfomodellbau\">Kurzinfo<\/a><\/li><\/ul><p>Die aktuellen Blockzeiten finden Sie <a href=\"http:\/\/cuno-berufskolleg.de\/en\/downloads\/\">hier<\/a>.<\/p><\/div><\/div>\t\t\t\t\t\t\t\t<\/div>\n\t\t\t\t<\/div>\n\t\t\t\t\t<\/div>\n\t\t<\/div>\n\t\t\t\t\t<\/div>\n\t\t<\/section>\n\t\t\t\t<section class=\"elementor-section elementor-top-section elementor-element elementor-element-6cc8f42 elementor-section-boxed elementor-section-height-default elementor-section-height-default\" data-id=\"6cc8f42\" data-element_type=\"section\" data-e-type=\"section\">\n\t\t\t\t\t\t<div class=\"elementor-container elementor-column-gap-default\">\n\t\t\t\t\t<div class=\"elementor-column elementor-col-100 elementor-top-column elementor-element elementor-element-31f3ddd5\" data-id=\"31f3ddd5\" data-element_type=\"column\" data-e-type=\"column\">\n\t\t\t<div class=\"elementor-widget-wrap elementor-element-populated\">\n\t\t\t\t\t\t<div class=\"elementor-element elementor-element-570818cd elementor-widget elementor-widget-menu-anchor\" data-id=\"570818cd\" data-element_type=\"widget\" data-e-type=\"widget\" data-widget_type=\"menu-anchor.default\">\n\t\t\t\t<div class=\"elementor-widget-container\">\n\t\t\t\t\t\t\t<div class=\"elementor-menu-anchor\" id=\"wasmachtmodellbau\"><\/div>\n\t\t\t\t\t\t<\/div>\n\t\t\t\t<\/div>\n\t\t\t\t<div class=\"elementor-element elementor-element-60cfd45d elementor-widget elementor-widget-text-editor\" data-id=\"60cfd45d\" data-element_type=\"widget\" data-e-type=\"widget\" data-widget_type=\"text-editor.default\">\n\t\t\t\t<div class=\"elementor-widget-container\">\n\t\t\t\t\t\t\t\t\t<div id=\"c774\" class=\"csc-frame csc-frame-default\"><div class=\"csc-header csc-header-n3\"><h3>Was machen Technische Modellbauer\/-innen?<\/h3><\/div><p class=\"bodytext\">Bevor ein Hochhaus errichtet, ein Schiff gebaut wird oder ein Auto in Serie geht, stellen Modellbauer ein verkleinertes, aber detail- und ma\u00dfstabsgetreues Modell her. So k\u00f6nnen sich Kunden und Hersteller genau vorstellen, wie ihr Produkt einmal aussehen wird. Anhand der Modelle von Armaturenbrettern, Kindersitzen oder Haushaltsger\u00e4ten k\u00f6nnen die Hersteller feststellen, ob ihre Produkte tats\u00e4chlich auch f\u00fcr die sp\u00e4teren Nutzer geeignet sind. Modellbauer stellen aber auch Produktionsformen her, in die Metall gegossen wird, um z.B. Motoren- oder Maschinenteile herzustellen. Dabei arbeiten sie eng mit Konstrukteuren und Ingenieuren zusammen. Modellbauer werden in einer der beiden Fachrichtungen ausgebildet:<\/p><ul><li>Anschauungsmodellbau<\/li><li>Produktionsmodellbau<\/li><\/ul><\/div><div id=\"c775\" class=\"csc-frame csc-frame-default\"><div class=\"csc-header csc-header-n4\"><h4>Technische Modellbauer \/ Technische Modellbauerinnen&#8230;<\/h4><\/div><ul class=\"ce-bullets ce-bullets-0\"><li>fertigen Skizzen und Zeichnungen an<\/li><li>lesen Konstruktionszeichnungen<\/li><li>be- und verarbeiten Holz- und Holzwerkstoffe und s\u00e4gen, hobeln oder schleifen<\/li><li>be- und verarbeiten Metalle und fertigen z.B. Gewinde an<\/li><li>bearbeiten und verformen Kunststoffe wie z.B. Kunststoffteile<\/li><li>verarbeiten Kunstharze und Gips<\/li><li>pr\u00fcfen und messen mit Hilfe von Messger\u00e4ten z.B. Form- und Lageabweichungen<\/li><li>stellen Modelle her und halten sie instand<\/li><li>behandeln Oberfl\u00e4chen nach verschiedenen Techniken<\/li><\/ul><\/div><div id=\"c776\" class=\"csc-frame csc-frame-default\"><div class=\"csc-header csc-header-n5\"><h4>Modellbauer\/-innen der Fachrichtung Anschauung &#8230;<\/h4><figure id=\"attachment_3756\" aria-describedby=\"caption-attachment-3756\" style=\"width: 300px\" class=\"wp-caption alignright\"><a href=\"https:\/\/web.arbeitsagentur.de\/berufenet\/beruf\/76568\" target=\"_blank\" rel=\"noopener\"><img decoding=\"async\" class=\"wp-image-3756 size-medium\" src=\"http:\/\/cuno-berufskolleg.de\/wp-content\/uploads\/2024\/02\/Logo_Berufenet-300x76.jpg\" alt=\"\" width=\"300\" height=\"76\" \/><\/a><figcaption id=\"caption-attachment-3756\" class=\"wp-caption-text\">Weitere Informationen finden Sie hier<\/figcaption><\/figure><\/div><ul class=\"ce-bullets ce-bullets-0\"><li>beraten Kunden<\/li><li>fertigen Pl\u00e4ne an<\/li><li>be- und verarbeiten spezifische Werkstoffe<\/li><li>stellen Anschauungsmodelle her, wie z.B. Architekturmodelle, Maschinen, Fahrzeugmodelle oder Designmodelle<\/li><li>gestalten Anschauungsmodelle z.B. nach historischen Stilen mit geeigneten Farben und Werkstoffen<\/li><\/ul><\/div><div id=\"c777\" class=\"csc-frame csc-frame-default\"><div class=\"csc-header csc-header-n6\"><h4>Modellbauer\/-innen der Fachrichtung Karosserie und Produktion &#8230;<\/h4><figure id=\"attachment_3756\" aria-describedby=\"caption-attachment-3756\" style=\"width: 300px\" class=\"wp-caption alignright\"><a href=\"https:\/\/web.arbeitsagentur.de\/berufenet\/beruf\/76573\" target=\"_blank\" rel=\"noopener\"><img decoding=\"async\" class=\"wp-image-3756 size-medium\" src=\"http:\/\/cuno-berufskolleg.de\/wp-content\/uploads\/2024\/02\/Logo_Berufenet-300x76.jpg\" alt=\"\" width=\"300\" height=\"76\" \/><\/a><figcaption id=\"caption-attachment-3756\" class=\"wp-caption-text\">Weitere Informationen finden Sie hier<\/figcaption><\/figure><\/div><ul class=\"ce-bullets ce-bullets-0\"><li>fertigen Pl\u00e4ne an<\/li><li>stellen Gie\u00dfereimodelle, Dauerformen oder Karosseriemodelle her<\/li><li>entwickeln Produktionsmodelle<\/li><\/ul><\/div><div id=\"c778\" class=\"csc-frame csc-frame-default\"><div class=\"csc-header csc-header-n7\"><h4>Modellbauer\/-innen arbeiten f\u00fcr &#8230;<\/h4><\/div><ul class=\"ce-bullets ce-bullets-0\"><li>Modellbaubetriebe des Handwerks<\/li><li>Modellbauwerkst\u00e4tten der Maschinen-, Gie\u00dferei-, Fahrzeugindustrie<\/li><\/ul><\/div><div id=\"c779\" class=\"csc-frame csc-frame-default\"><p class=\"bodytext\">Dort werden sie in der Regel auch ausgebildet.<\/p><\/div>\t\t\t\t\t\t\t\t<\/div>\n\t\t\t\t<\/div>\n\t\t\t\t\t<\/div>\n\t\t<\/div>\n\t\t\t\t\t<\/div>\n\t\t<\/section>\n\t\t\t\t<section class=\"elementor-section elementor-top-section elementor-element elementor-element-2e05cfae elementor-section-boxed elementor-section-height-default elementor-section-height-default\" data-id=\"2e05cfae\" data-element_type=\"section\" data-e-type=\"section\">\n\t\t\t\t\t\t<div class=\"elementor-container elementor-column-gap-default\">\n\t\t\t\t\t<div class=\"elementor-column elementor-col-100 elementor-top-column elementor-element elementor-element-3624092d\" data-id=\"3624092d\" data-element_type=\"column\" data-e-type=\"column\">\n\t\t\t<div class=\"elementor-widget-wrap elementor-element-populated\">\n\t\t\t\t\t\t<div class=\"elementor-element elementor-element-53ee5aa elementor-widget elementor-widget-menu-anchor\" data-id=\"53ee5aa\" data-element_type=\"widget\" data-e-type=\"widget\" data-widget_type=\"menu-anchor.default\">\n\t\t\t\t<div class=\"elementor-widget-container\">\n\t\t\t\t\t\t\t<div class=\"elementor-menu-anchor\" id=\"fuerwenmodellbau\"><\/div>\n\t\t\t\t\t\t<\/div>\n\t\t\t\t<\/div>\n\t\t\t\t<div class=\"elementor-element elementor-element-5448c38b elementor-widget elementor-widget-text-editor\" data-id=\"5448c38b\" data-element_type=\"widget\" data-e-type=\"widget\" data-widget_type=\"text-editor.default\">\n\t\t\t\t<div class=\"elementor-widget-container\">\n\t\t\t\t\t\t\t\t\t<div id=\"c423\" class=\"csc-frame csc-frame-default\"><div class=\"csc-header csc-header-n9\"><div id=\"c393\" class=\"csc-frame csc-frame-default\"><div class=\"csc-header csc-header-n8\"><div id=\"c370\" class=\"csc-frame csc-frame-default\"><div class=\"csc-header csc-header-n8\"><div id=\"c3216\" class=\"csc-frame csc-frame-default\"><div class=\"csc-header csc-header-n11\"><div id=\"c780\" class=\"csc-frame csc-frame-default\"><div class=\"csc-header csc-header-n9\"><h3>F\u00fcr wen ist der Job geeignet?<\/h3><\/div><\/div><div id=\"c781\" class=\"csc-frame csc-frame-default\"><div class=\"csc-header csc-header-n10\"><h4>Bewerber sollten &#8230;<\/h4><\/div><ul class=\"ce-bullets ce-bullets-0\"><li>genau und sorgf\u00e4ltig arbeiten k\u00f6nnen<\/li><li>r\u00e4umliches Vorstellungs- und Farbsehverm\u00f6gen haben<\/li><li>kreativ sein<\/li><li>Geduld haben, auch wenn etwas nicht gleich klappt<\/li><\/ul><\/div><div id=\"c782\" class=\"csc-frame csc-frame-default\"><div class=\"csc-header csc-header-n11\"><h4>Die Ausbildung ist nicht geeignet bei &#8230;<\/h4><\/div><ul><li>Empfindlichkeit oder Allergien gegen\u00fcber bestimmten L\u00f6sungsmitteln<\/li><\/ul><\/div><\/div><\/div><\/div><\/div><\/div><\/div><\/div><\/div>\t\t\t\t\t\t\t\t<\/div>\n\t\t\t\t<\/div>\n\t\t\t\t\t<\/div>\n\t\t<\/div>\n\t\t\t\t\t<\/div>\n\t\t<\/section>\n\t\t\t\t<section class=\"elementor-section elementor-top-section elementor-element elementor-element-6c51209e elementor-section-boxed elementor-section-height-default elementor-section-height-default\" data-id=\"6c51209e\" data-element_type=\"section\" data-e-type=\"section\">\n\t\t\t\t\t\t<div class=\"elementor-container elementor-column-gap-default\">\n\t\t\t\t\t<div class=\"elementor-column elementor-col-100 elementor-top-column elementor-element elementor-element-4576e485\" data-id=\"4576e485\" data-element_type=\"column\" data-e-type=\"column\">\n\t\t\t<div class=\"elementor-widget-wrap elementor-element-populated\">\n\t\t\t\t\t\t<div class=\"elementor-element elementor-element-16dbcff4 elementor-widget elementor-widget-menu-anchor\" data-id=\"16dbcff4\" data-element_type=\"widget\" data-e-type=\"widget\" data-widget_type=\"menu-anchor.default\">\n\t\t\t\t<div class=\"elementor-widget-container\">\n\t\t\t\t\t\t\t<div class=\"elementor-menu-anchor\" id=\"wasistgutmodellbau\"><\/div>\n\t\t\t\t\t\t<\/div>\n\t\t\t\t<\/div>\n\t\t\t\t<div class=\"elementor-element elementor-element-614b1c0f elementor-widget elementor-widget-text-editor\" data-id=\"614b1c0f\" data-element_type=\"widget\" data-e-type=\"widget\" data-widget_type=\"text-editor.default\">\n\t\t\t\t<div class=\"elementor-widget-container\">\n\t\t\t\t\t\t\t\t\t<div class=\"csc-header csc-header-n11\"><div class=\"csc-header csc-header-n10\"><div class=\"csc-header csc-header-n10\"><div class=\"csc-header csc-header-n13\"><div class=\"csc-header csc-header-n12\"><h3>Was ist besonders gut?<\/h3><\/div><ul class=\"ce-bullets ce-bullets-0\"><li>die sehr kreative und vielseitige T\u00e4tigkeit<\/li><li>mit den neuesten technischen Entwicklungen vertraut zu sein<\/li><\/ul><\/div><\/div><\/div><\/div>\t\t\t\t\t\t\t\t<\/div>\n\t\t\t\t<\/div>\n\t\t\t\t\t<\/div>\n\t\t<\/div>\n\t\t\t\t\t<\/div>\n\t\t<\/section>\n\t\t\t\t<section class=\"elementor-section elementor-top-section elementor-element elementor-element-3e4610b1 elementor-section-boxed elementor-section-height-default elementor-section-height-default\" data-id=\"3e4610b1\" data-element_type=\"section\" data-e-type=\"section\">\n\t\t\t\t\t\t<div class=\"elementor-container elementor-column-gap-default\">\n\t\t\t\t\t<div class=\"elementor-column elementor-col-100 elementor-top-column elementor-element elementor-element-32de7ea0\" data-id=\"32de7ea0\" data-element_type=\"column\" data-e-type=\"column\">\n\t\t\t<div class=\"elementor-widget-wrap elementor-element-populated\">\n\t\t\t\t\t\t<div class=\"elementor-element elementor-element-7bc1973f elementor-widget elementor-widget-menu-anchor\" data-id=\"7bc1973f\" data-element_type=\"widget\" data-e-type=\"widget\" data-widget_type=\"menu-anchor.default\">\n\t\t\t\t<div class=\"elementor-widget-container\">\n\t\t\t\t\t\t\t<div class=\"elementor-menu-anchor\" id=\"ausbildungaufgebautmodellbau\"><\/div>\n\t\t\t\t\t\t<\/div>\n\t\t\t\t<\/div>\n\t\t\t\t<div class=\"elementor-element elementor-element-44ab2e1d elementor-widget elementor-widget-text-editor\" data-id=\"44ab2e1d\" data-element_type=\"widget\" data-e-type=\"widget\" data-widget_type=\"text-editor.default\">\n\t\t\t\t<div class=\"elementor-widget-container\">\n\t\t\t\t\t\t\t\t\t<div id=\"c426\" class=\"csc-frame csc-frame-default\"><div class=\"csc-header csc-header-n12\"><div id=\"c396\" class=\"csc-frame csc-frame-default\"><div class=\"csc-header csc-header-n11\"><div id=\"c373\" class=\"csc-frame csc-frame-default\"><div class=\"csc-header csc-header-n11\"><div id=\"c3210\" class=\"csc-frame csc-frame-default\"><div class=\"csc-header csc-header-n14\"><div id=\"c784\" class=\"csc-frame csc-frame-default\"><div class=\"csc-header csc-header-n13\"><h3>Wie ist die Ausbildung aufgebaut?<\/h3><\/div><\/div><div id=\"c785\" class=\"csc-frame csc-frame-default\"><div class=\"csc-header csc-header-n14\"><h4>Zugangsvoraussetzung<\/h4><\/div><p class=\"bodytext\">Grunds\u00e4tzlich ist keine bestimmte Vorbildung f\u00fcr den Lehrbeginn vorgeschrieben. Die meisten Betriebe erwarten aber den Hauptschulabschluss. Manche auch die Fachoberschulreife (Mittlere Reife). Ausbildungsbetrieb und Azubi entscheiden, in welcher der beiden Fachrichtungen die Ausbildung erfolgt:<\/p><ul><li>Produktionsmodellbau<\/li><li>Anschauungsmodellbau<\/li><\/ul><\/div><div id=\"c786\" class=\"csc-frame csc-frame-default\"><p class=\"bodytext\">Vor dem Ende des zweiten Ausbildungsjahres findet eine Zwischenpr\u00fcfung statt. Die Ausbildung endet nach dreieinhalb Jahren mit bestandener Gesellenpr\u00fcfung.<\/p><\/div><div id=\"c787\" class=\"csc-frame csc-frame-default\"><div class=\"csc-header csc-header-n16\"><h4>Ausbildungsverg\u00fctung<\/h4><\/div><p class=\"bodytext\">Die H\u00f6he der Ausbildungsverg\u00fctung ist je nach Wirtschaftsbereich und Region, manchmal sogar je nach Unternehmen sehr unterschiedlich. Die jeweiligen Tarifpartner, also die Arbeitgeberverb\u00e4nde und Gewerkschaften, vereinbaren, wie viel Sie w\u00e4hrend und nach Ihrer Ausbildung verdienen. Sie k\u00f6nnen Ihnen genaue Ausk\u00fcnfte geben. Welcher Arbeitgeberverband bzw. welche Gewerkschaft f\u00fcr Ihren Ausbildungsberuf zust\u00e4ndig ist, erfahren Sie zum Beispiel bei Ihrer Handwerkskammer, der Kreishandwerkerschaft oder Innung, beim Berufsverband oder auch beim Arbeitsamt vor Ort.<\/p><\/div><\/div><\/div><\/div><\/div><\/div><\/div><\/div><\/div>\t\t\t\t\t\t\t\t<\/div>\n\t\t\t\t<\/div>\n\t\t\t\t\t<\/div>\n\t\t<\/div>\n\t\t\t\t\t<\/div>\n\t\t<\/section>\n\t\t\t\t<section class=\"elementor-section elementor-top-section elementor-element elementor-element-5464ef53 elementor-section-boxed elementor-section-height-default elementor-section-height-default\" data-id=\"5464ef53\" data-element_type=\"section\" data-e-type=\"section\">\n\t\t\t\t\t\t<div class=\"elementor-container elementor-column-gap-default\">\n\t\t\t\t\t<div class=\"elementor-column elementor-col-100 elementor-top-column elementor-element elementor-element-9951fa0\" data-id=\"9951fa0\" data-element_type=\"column\" data-e-type=\"column\">\n\t\t\t<div class=\"elementor-widget-wrap elementor-element-populated\">\n\t\t\t\t\t\t<div class=\"elementor-element elementor-element-5bda0188 elementor-widget elementor-widget-menu-anchor\" data-id=\"5bda0188\" data-element_type=\"widget\" data-e-type=\"widget\" data-widget_type=\"menu-anchor.default\">\n\t\t\t\t<div class=\"elementor-widget-container\">\n\t\t\t\t\t\t\t<div class=\"elementor-menu-anchor\" id=\"waskannichmachenmodellbau\"><\/div>\n\t\t\t\t\t\t<\/div>\n\t\t\t\t<\/div>\n\t\t\t\t<div class=\"elementor-element elementor-element-6c7d2adb elementor-widget elementor-widget-text-editor\" data-id=\"6c7d2adb\" data-element_type=\"widget\" data-e-type=\"widget\" data-widget_type=\"text-editor.default\">\n\t\t\t\t<div class=\"elementor-widget-container\">\n\t\t\t\t\t\t\t\t\t<div id=\"c430\" class=\"csc-frame csc-frame-default\"><div class=\"csc-header csc-header-n16\"><div id=\"c400\" class=\"csc-frame csc-frame-default\"><div class=\"csc-header csc-header-n15\"><div id=\"c376\" class=\"csc-frame csc-frame-default\"><div class=\"csc-header csc-header-n14\"><div id=\"c3204\" class=\"csc-frame csc-frame-default\"><div class=\"csc-header csc-header-n17\"><div id=\"c788\" class=\"csc-frame csc-frame-default\"><div class=\"csc-header csc-header-n17\"><h3>Was kann ich aus dem Beruf sp\u00e4ter einmal machen?<\/h3><\/div><p class=\"bodytext\">Eine berufliche Ausbildung ist der erste Schritt ins Berufsleben. Danach geht es weiter, beispielsweise als Modellbaumeister. Ziel kann nat\u00fcrlich auch die berufliche Selbst\u00e4ndigkeit sein. Klar ist: Keiner muss sein Leben lang immer im gleichen Job dasselbe tun. Im Gegenteil: Wer heutzutage gute Chancen auf dem Arbeitsmarkt bzw. als selbst\u00e4ndiger Unternehmer haben will, muss flexibel sein und sich regelm\u00e4\u00dfig weiterbilden. Es gibt jede Menge Lehrg\u00e4nge, Kurse oder Seminare, um sich zu spezialisieren, z.B.<\/p><\/div><div id=\"c789\" class=\"csc-frame csc-frame-default\"><ul class=\"ce-bullets ce-bullets-0\"><li>Kunststoffbearbeitung und -verarbeitung<\/li><li>Holzbearbeitungs- und verarbeitungsmaschinen<\/li><li>Konstruktion<\/li><\/ul><\/div><div id=\"c790\" class=\"csc-frame csc-frame-default\"><p class=\"bodytext\">Unter bestimmten Voraussetzungen, z.B. mehrj\u00e4hriger Berufserfahrung, sind verschiedene Fort- und Weiterbildungen m\u00f6glich, u.a.:<\/p><\/div><div id=\"c791\" class=\"csc-frame csc-frame-default\"><ul class=\"ce-bullets ce-bullets-0\"><li>Ausbilder\/-in (verantwortlich f\u00fcr die Ausbildung von Azubis)<\/li><li>Modellbaumeister\/-in<\/li><li>Industriemeister\/-in Fachrichtung Holzverarbeitung<\/li><li>Technische\/-r Fachwirt\/-in<\/li><li>Techniker\/in<\/li><\/ul><\/div><div id=\"c792\" class=\"csc-frame csc-frame-default\"><p class=\"bodytext\">Nach dem Besuch einer Fachoberschule ist das Studium an einer Fachhochschule (FH) m\u00f6glich, u.a.<\/p><ul><li>Bachelor of Engineering (fr\u00fcher Dipl.-Ingenieur\/-in Maschinenbau (FH))<\/li><\/ul><\/div><\/div><\/div><\/div><\/div><\/div><\/div><\/div><\/div>\t\t\t\t\t\t\t\t<\/div>\n\t\t\t\t<\/div>\n\t\t\t\t\t<\/div>\n\t\t<\/div>\n\t\t\t\t\t<\/div>\n\t\t<\/section>\n\t\t\t\t<section class=\"elementor-section elementor-top-section elementor-element elementor-element-19545c88 elementor-section-boxed elementor-section-height-default elementor-section-height-default\" data-id=\"19545c88\" data-element_type=\"section\" data-e-type=\"section\">\n\t\t\t\t\t\t<div class=\"elementor-container elementor-column-gap-default\">\n\t\t\t\t\t<div class=\"elementor-column elementor-col-100 elementor-top-column elementor-element elementor-element-2f3a3679\" data-id=\"2f3a3679\" data-element_type=\"column\" data-e-type=\"column\">\n\t\t\t<div class=\"elementor-widget-wrap elementor-element-populated\">\n\t\t\t\t\t\t<div class=\"elementor-element elementor-element-659bb5e0 elementor-widget elementor-widget-menu-anchor\" data-id=\"659bb5e0\" data-element_type=\"widget\" data-e-type=\"widget\" data-widget_type=\"menu-anchor.default\">\n\t\t\t\t<div class=\"elementor-widget-container\">\n\t\t\t\t\t\t\t<div class=\"elementor-menu-anchor\" id=\"kurzinfomodellbau\"><\/div>\n\t\t\t\t\t\t<\/div>\n\t\t\t\t<\/div>\n\t\t\t\t<div class=\"elementor-element elementor-element-7240a3d8 elementor-widget elementor-widget-text-editor\" data-id=\"7240a3d8\" data-element_type=\"widget\" data-e-type=\"widget\" data-widget_type=\"text-editor.default\">\n\t\t\t\t<div class=\"elementor-widget-container\">\n\t\t\t\t\t\t\t\t\t<div id=\"c430\" class=\"csc-frame csc-frame-default\"><div class=\"csc-header csc-header-n16\"><div id=\"c432\" class=\"csc-frame csc-frame-default\"><div class=\"csc-header csc-header-n18\"><div id=\"c432\" class=\"csc-frame csc-frame-default\"><div class=\"csc-header csc-header-n18\"><div id=\"c403\" class=\"csc-frame csc-frame-default\"><div class=\"csc-header csc-header-n18\"><div id=\"c379\" class=\"csc-frame csc-frame-default\"><div class=\"csc-header csc-header-n17\"><div id=\"c3192\" class=\"csc-frame csc-frame-default\"><div class=\"csc-header csc-header-n23\"><div id=\"c793\" class=\"csc-frame csc-frame-default\"><div class=\"csc-header csc-header-n22\"><div id=\"c793\" class=\"csc-frame csc-frame-default\"><div class=\"csc-header csc-header-n22\"><h3>Kurzinfo<\/h3><\/div><\/div><div id=\"c794\" class=\"csc-frame csc-frame-default\"><div class=\"csc-header csc-header-n23\"><h4>Modellbauer\/-innen &#8230;<\/h4><\/div><p class=\"bodytext\">&#8230; stellen Architektur-, Gie\u00dferei-, Fahrzeug- und andere Modelle her, be- und verarbeiten Holz, Metalle, Kunststoffe und Kunstharze. Die Ausbildung erfolgt in einer der beiden Fachrichtungen: Produktionsmodellbau, Anschauungsmodellbau<\/p><\/div><div id=\"c795\" class=\"csc-frame csc-frame-default\"><div class=\"csc-header csc-header-n24\"><h4>Besonders gut ist &#8230;<\/h4><\/div><p class=\"bodytext\">&#8230; die sehr kreative und vielseitige T\u00e4tigkeit und mit den neuesten technischen Entwicklungen vertraut zu sein<\/p><\/div><div id=\"c796\" class=\"csc-frame csc-frame-default\"><div class=\"csc-header csc-header-n25\"><h4>Bewerber\/-innen sollten &#8230;<\/h4><\/div><p class=\"bodytext\">&#8230; genau und sorgf\u00e4ltig arbeiten k\u00f6nnen, r\u00e4umliches Vorstellungs- und Farbsehverm\u00f6gen haben, kreativ sein, Geduld haben, auch wenn etwas nicht gleich klappt<\/p><\/div><div id=\"c797\" class=\"csc-frame csc-frame-default\"><div class=\"csc-header csc-header-n26\"><h4>Dauer der Ausbildung?<\/h4><\/div><p class=\"bodytext\">3,5 Jahre<\/p><\/div><div id=\"c798\" class=\"csc-frame csc-frame-default\"><div class=\"csc-header csc-header-n27\"><h4>Wer bildet aus?<\/h4><\/div><p class=\"bodytext\">Modellbaubetriebe des Handwerks, Modellbauwerkst\u00e4tten der Maschinen-, Gie\u00dferei-, Fahrzeugindustrie<\/p><\/div><div id=\"c799\" class=\"csc-frame csc-frame-default\"><div class=\"csc-header csc-header-n28\"><h4>Verdienst w\u00e4hrend der Ausbildung und im Beruf?<\/h4><\/div><p class=\"bodytext\">Ausk\u00fcnfte dazu geben Kammer, Innung, Arbeitsamt, Berufsverband, Arbeitgeberverband und Gewerkschaft.<\/p><\/div><div id=\"c800\" class=\"csc-frame csc-frame-default\"><div class=\"csc-header csc-header-n29\"><h4>Berufliche Aufstiegschancen?<\/h4><\/div><p class=\"bodytext\">z.B.: Ausbilder\/-in (verantwortlich f\u00fcr die Ausbildung von Azubis), Modellbaumeister\/-in, Industriemeister\/-in Fachrichtung, Holzverarbeitung, Technische\/-r Fachwirt\/-in<\/p><\/div><div id=\"c801\" class=\"csc-frame csc-frame-default\"><p class=\"bodytext\">Die Inhalte dieses Berufsbildes beruhen auf Informationen des Bundesministeriums f\u00fcr Wirtschaft und Technologie.<\/p><\/div><\/div><\/div><\/div><\/div><\/div><\/div><\/div><\/div><\/div><\/div><\/div><\/div><\/div><\/div>\t\t\t\t\t\t\t\t<\/div>\n\t\t\t\t<\/div>\n\t\t\t\t\t<\/div>\n\t\t<\/div>\n\t\t\t\t\t<\/div>\n\t\t<\/section>\n\t\t\t\t<\/div>","protected":false},"excerpt":{"rendered":"<p>Ansprechpartner:\u00a0Herr Grefe Bereichsleiter: Herr Eckerle Was machen Technische Modellbauer\/-innen? F\u00fcr wen ist der Job geeignet? Was ist besonders gut? Wie ist die Ausbildung aufgebaut? Was kann ich aus dem Beruf sp\u00e4ter einmal machen? Kurzinfo Die aktuellen Blockzeiten finden Sie hier. Was machen Technische Modellbauer\/-innen? Bevor ein Hochhaus errichtet, ein Schiff gebaut wird oder ein Auto [&hellip;]<\/p>\n","protected":false},"author":1,"featured_media":0,"parent":0,"menu_order":0,"comment_status":"closed","ping_status":"closed","template":"","meta":{"footnotes":""},"class_list":["post-1180","page","type-page","status-publish","hentry"],"publishpress_future_action":{"enabled":false,"date":"2026-04-18 12:38:35","action":"change-status","newStatus":"draft","terms":[],"taxonomy":"","extraData":[]},"publishpress_future_workflow_manual_trigger":{"enabledWorkflows":[]},"_links":{"self":[{"href":"https:\/\/cuno-berufskolleg.de\/en\/wp-json\/wp\/v2\/pages\/1180","targetHints":{"allow":["GET"]}}],"collection":[{"href":"https:\/\/cuno-berufskolleg.de\/en\/wp-json\/wp\/v2\/pages"}],"about":[{"href":"https:\/\/cuno-berufskolleg.de\/en\/wp-json\/wp\/v2\/types\/page"}],"author":[{"embeddable":true,"href":"https:\/\/cuno-berufskolleg.de\/en\/wp-json\/wp\/v2\/users\/1"}],"replies":[{"embeddable":true,"href":"https:\/\/cuno-berufskolleg.de\/en\/wp-json\/wp\/v2\/comments?post=1180"}],"version-history":[{"count":5,"href":"https:\/\/cuno-berufskolleg.de\/en\/wp-json\/wp\/v2\/pages\/1180\/revisions"}],"predecessor-version":[{"id":5583,"href":"https:\/\/cuno-berufskolleg.de\/en\/wp-json\/wp\/v2\/pages\/1180\/revisions\/5583"}],"wp:attachment":[{"href":"https:\/\/cuno-berufskolleg.de\/en\/wp-json\/wp\/v2\/media?parent=1180"}],"curies":[{"name":"wp","href":"https:\/\/api.w.org\/{rel}","templated":true}]}}