{"id":1170,"date":"2023-07-25T08:21:08","date_gmt":"2023-07-25T06:21:08","guid":{"rendered":"http:\/\/cuno-berufskolleg.de\/?page_id=1170"},"modified":"2024-03-12T08:48:33","modified_gmt":"2024-03-12T07:48:33","slug":"maschinen-und-anlagenfuehrer-in-metall-und-kunststofftechnik","status":"publish","type":"page","link":"https:\/\/cuno-berufskolleg.de\/en\/maschinen-und-anlagenfuehrer-in-metall-und-kunststofftechnik\/","title":{"rendered":"Maschinen- und Anlagenf\u00fchrer\/-in, Metall- und Kunststofftechnik"},"content":{"rendered":"<div data-elementor-type=\"wp-page\" data-elementor-id=\"1170\" class=\"elementor elementor-1170\" data-elementor-post-type=\"page\">\n\t\t\t\t\t\t<section class=\"elementor-section elementor-top-section elementor-element elementor-element-17f4240b elementor-section-boxed elementor-section-height-default elementor-section-height-default\" data-id=\"17f4240b\" data-element_type=\"section\" data-e-type=\"section\">\n\t\t\t\t\t\t<div class=\"elementor-container elementor-column-gap-default\">\n\t\t\t\t\t<div class=\"elementor-column elementor-col-100 elementor-top-column elementor-element elementor-element-64cc36f6\" data-id=\"64cc36f6\" data-element_type=\"column\" data-e-type=\"column\">\n\t\t\t<div class=\"elementor-widget-wrap elementor-element-populated\">\n\t\t\t\t\t\t<div class=\"elementor-element elementor-element-78a90ede elementor-widget elementor-widget-text-editor\" data-id=\"78a90ede\" data-element_type=\"widget\" data-e-type=\"widget\" data-widget_type=\"text-editor.default\">\n\t\t\t\t<div class=\"elementor-widget-container\">\n\t\t\t\t\t\t\t\t\t<div id=\"c2599\" class=\"csc-frame csc-frame-default\"><div class=\"csc-textpic csc-textpic-intext-right\"><div class=\"csc-textpic-imagewrap\" data-csc-images=\"1\" data-csc-cols=\"1\"><figure id=\"attachment_3756\" aria-describedby=\"caption-attachment-3756\" style=\"width: 300px\" class=\"wp-caption alignright\"><a href=\"https:\/\/web.arbeitsagentur.de\/berufenet\/beruf\/132653\" target=\"_blank\" rel=\"noopener\"><img decoding=\"async\" class=\"wp-image-3756 size-medium\" src=\"http:\/\/cuno-berufskolleg.de\/wp-content\/uploads\/2024\/02\/Logo_Berufenet-300x76.jpg\" alt=\"\" width=\"300\" height=\"76\" \/><\/a><figcaption id=\"caption-attachment-3756\" class=\"wp-caption-text\">Weitere Informationen finden Sie hier<\/figcaption><\/figure><strong>Ansprechpartner:<\/strong> <a href=\"http:\/\/cuno-berufskolleg.de\/en\/intern\/herr-pfeffer\/\">Herr Pfeffer<\/a><\/div><div class=\"csc-textpic-text\"><p><b>Bereichsleiter:<\/b> <a href=\"http:\/\/cuno-berufskolleg.de\/en\/intern\/herr-pfeffer\/\">Herr Pfeffer<\/a>\u00a0<\/p><\/div><\/div><\/div><div id=\"c2597\" class=\"csc-frame csc-frame-default\"><div><ul><li><a class=\"internal-link\" title=\"Opens internal link in current window\" href=\"#wasmachtanlagen\">Was machen Maschinen- und Anlagenf\u00fchrer\/-innen?<\/a><\/li><li><a class=\"internal-link\" title=\"Opens internal link in current window\" href=\"#fuerwenanlagen\">F\u00fcr wen ist der Job geeignet?<\/a><\/li><li><a class=\"internal-link\" title=\"Opens internal link in current window\" href=\"#wasistgutanlagen\">Was ist besonders gut?<\/a><\/li><li><a class=\"internal-link\" title=\"Opens internal link in current window\" href=\"#ausbildungaufgebautanlagen\">Wie ist die Ausbildung aufgebaut?<\/a><\/li><li><a class=\"internal-link\" title=\"Opens internal link in current window\" href=\"#waskannichmachenanlagen\">Was kann ich aus dem Beruf sp\u00e4ter einmal machen?<\/a><\/li><li><a class=\"internal-link\" title=\"Opens internal link in current window\" href=\"#kurzinfoanlagen\">Kurzinfo<\/a><\/li><\/ul><\/div><\/div>\t\t\t\t\t\t\t\t<\/div>\n\t\t\t\t<\/div>\n\t\t\t\t\t<\/div>\n\t\t<\/div>\n\t\t\t\t\t<\/div>\n\t\t<\/section>\n\t\t\t\t<section class=\"elementor-section elementor-top-section elementor-element elementor-element-4d1cc636 elementor-section-boxed elementor-section-height-default elementor-section-height-default\" data-id=\"4d1cc636\" data-element_type=\"section\" data-e-type=\"section\">\n\t\t\t\t\t\t<div class=\"elementor-container elementor-column-gap-default\">\n\t\t\t\t\t<div class=\"elementor-column elementor-col-100 elementor-top-column elementor-element elementor-element-6e4671c5\" data-id=\"6e4671c5\" data-element_type=\"column\" data-e-type=\"column\">\n\t\t\t<div class=\"elementor-widget-wrap elementor-element-populated\">\n\t\t\t\t\t\t<div class=\"elementor-element elementor-element-740ade9e elementor-widget elementor-widget-menu-anchor\" data-id=\"740ade9e\" data-element_type=\"widget\" data-e-type=\"widget\" data-widget_type=\"menu-anchor.default\">\n\t\t\t\t<div class=\"elementor-widget-container\">\n\t\t\t\t\t\t\t<div class=\"elementor-menu-anchor\" id=\"wasmachtanlagen\"><\/div>\n\t\t\t\t\t\t<\/div>\n\t\t\t\t<\/div>\n\t\t\t\t<div class=\"elementor-element elementor-element-6bc77eb0 elementor-widget elementor-widget-text-editor\" data-id=\"6bc77eb0\" data-element_type=\"widget\" data-e-type=\"widget\" data-widget_type=\"text-editor.default\">\n\t\t\t\t<div class=\"elementor-widget-container\">\n\t\t\t\t\t\t\t\t\t<div id=\"c418\" class=\"csc-frame csc-frame-default\"><div class=\"csc-header csc-header-n4\"><div id=\"c388\" class=\"csc-frame csc-frame-default\"><div class=\"csc-header csc-header-n4\"><div id=\"c366\" class=\"csc-frame csc-frame-default\"><div class=\"csc-header csc-header-n4\"><div id=\"c3236\" class=\"csc-frame csc-frame-default\"><div class=\"csc-header csc-header-n3\"><div id=\"c2595\" class=\"csc-frame csc-frame-default\"><h3 class=\"csc-header csc-header-n3\">Was machen Maschinen- und Anlagenf\u00fchrer\/-innen?<\/h3><p class=\"bodytext\">Maschinen- und Anlagenf\u00fchrer\/-innen richten Fertigungsmaschinen und -anlagen ein, nehmen sie in Betrieb und bedienen sie. Sie r\u00fcsten die Maschinen auch um und halten sie instand.<br \/>Maschinen- und Anlagenf\u00fchrer\/innen bereiten Arbeitsabl\u00e4ufe vor, \u00fcberpr\u00fcfen Maschinenfunktionen an Pr\u00fcfst\u00e4nden und nehmen Maschinen in Betrieb. Dies sind im Bereich der Metall- und Kunststofftechnik haupts\u00e4chlich Werkzeugmaschinen und Produktionsmaschinen. Sie \u00fcberwachen dabei den Produktionsprozess und steuern und \u00fcberwachen den Materialfluss. Zudem inspizieren und warten sie die Maschinen in regelm\u00e4\u00dfigen Abst\u00e4nden, um deren Betriebsbereitschaft sicherzustellen. Sie f\u00fcllen beispielsweise \u00d6le und \/ oder K\u00fchl- und Schmierstoffe nach und tauschen Verschlei\u00dfteile wie Dichtungen, Filter oder Schl\u00e4uche aus. Maschinen- und Anlagenf\u00fchrer\/innen werden in allen Industriebetrieben der Metall- und Kunststofftechnik eingesetzt.<\/p><\/div><div id=\"c2603\" class=\"csc-frame csc-frame-default\"><div class=\"csc-header csc-header-n4\"><h4>Maschinen- und Anlagenf\u00fchrer\/-innen&#8230;<\/h4><\/div><ul class=\"ce-bullets ce-bullets-0\"><li>kontrollieren gelieferte Waren,<\/li><li>beschicken Maschinen und Anlagen,<\/li><li>sorgen f\u00fcr Materialnachschub,<\/li><li>beobachten den Maschinenlauf,<\/li><li>erkennen St\u00f6rungen fr\u00fchzeitig,<\/li><li>analysieren und beheben Funktionsst\u00f6rungen,<\/li><li>tauschen defekte Teile aus,<\/li><li>\u00fcberpr\u00fcfen die Einstell- und Maschinendaten,<\/li><li>reinigen und schmieren die Maschinen und Anlagen,<\/li><li>tauschen Verschlei\u00dfteile,<\/li><li>helfen bei Reparaturen und<\/li><li>f\u00fchren Fertigungskontrollen durch.<\/li><\/ul><\/div><div id=\"c2591\" class=\"csc-frame csc-frame-default\"><div class=\"csc-header csc-header-n5\"><h4>Maschinen- und Anlagenf\u00fchrer\/-innen der Metalltechnik werden u.a. eingesetzt als:<\/h4><\/div><ul class=\"ce-bullets ce-bullets-0\"><li>Bohrer\/-in,<\/li><li>Metallbearbeiter\/-in,<\/li><li>Metalls\u00e4ger\/-in,<\/li><li>Metallschneider\/-in,<\/li><li>Metallstanzer\/-in.<\/li><\/ul><\/div><div id=\"c2587\" class=\"csc-frame csc-frame-default\"><div class=\"csc-header csc-header-n6\"><h4>Maschinen- und Anlagenf\u00fchrer\/-innen der Kunststofftechnik werden u.a. eingesetzt als:<\/h4><\/div><ul class=\"ce-bullets ce-bullets-0\"><li>Extruderf\u00fchrer\/-in,<\/li><li>Kunststoffpresser\/-in oder<\/li><li>Kunststoffzieher\/-in.<\/li><\/ul><\/div><\/div><\/div><\/div><\/div><\/div><\/div><\/div><\/div>\t\t\t\t\t\t\t\t<\/div>\n\t\t\t\t<\/div>\n\t\t\t\t\t<\/div>\n\t\t<\/div>\n\t\t\t\t\t<\/div>\n\t\t<\/section>\n\t\t\t\t<section class=\"elementor-section elementor-top-section elementor-element elementor-element-368fd789 elementor-section-boxed elementor-section-height-default elementor-section-height-default\" data-id=\"368fd789\" data-element_type=\"section\" data-e-type=\"section\">\n\t\t\t\t\t\t<div class=\"elementor-container elementor-column-gap-default\">\n\t\t\t\t\t<div class=\"elementor-column elementor-col-100 elementor-top-column elementor-element elementor-element-72b46eaa\" data-id=\"72b46eaa\" data-element_type=\"column\" data-e-type=\"column\">\n\t\t\t<div class=\"elementor-widget-wrap elementor-element-populated\">\n\t\t\t\t\t\t<div class=\"elementor-element elementor-element-31ea52c6 elementor-widget elementor-widget-menu-anchor\" data-id=\"31ea52c6\" data-element_type=\"widget\" data-e-type=\"widget\" data-widget_type=\"menu-anchor.default\">\n\t\t\t\t<div class=\"elementor-widget-container\">\n\t\t\t\t\t\t\t<div class=\"elementor-menu-anchor\" id=\"fuerwenanlagen\"><\/div>\n\t\t\t\t\t\t<\/div>\n\t\t\t\t<\/div>\n\t\t\t\t<div class=\"elementor-element elementor-element-67673c6d elementor-widget elementor-widget-text-editor\" data-id=\"67673c6d\" data-element_type=\"widget\" data-e-type=\"widget\" data-widget_type=\"text-editor.default\">\n\t\t\t\t<div class=\"elementor-widget-container\">\n\t\t\t\t\t\t\t\t\t<div id=\"c423\" class=\"csc-frame csc-frame-default\"><div class=\"csc-header csc-header-n9\"><div id=\"c393\" class=\"csc-frame csc-frame-default\"><div class=\"csc-header csc-header-n8\"><div id=\"c370\" class=\"csc-frame csc-frame-default\"><div class=\"csc-header csc-header-n8\"><div id=\"c3216\" class=\"csc-frame csc-frame-default\"><div class=\"csc-header csc-header-n11\"><div id=\"c2575\" class=\"csc-frame csc-frame-default\"><div class=\"csc-header csc-header-n7\"><h3>F\u00fcr wen ist der Job geeignet?<\/h3><\/div><\/div><div id=\"c2573\" class=\"csc-frame csc-frame-default\"><div class=\"csc-header csc-header-n8\"><h4>Bewerber sollten &#8230;<\/h4><\/div><ul class=\"ce-bullets ce-bullets-0\"><li>an Technik interessiert sein,<\/li><li>genau und sorgf\u00e4ltig arbeiten,<\/li><li>gerne im Team arbeiten und<\/li><li>gutes H\u00f6r- und Sehverm\u00f6gen haben.<\/li><\/ul><\/div><\/div><\/div><\/div><\/div><\/div><\/div><\/div><\/div>\t\t\t\t\t\t\t\t<\/div>\n\t\t\t\t<\/div>\n\t\t\t\t\t<\/div>\n\t\t<\/div>\n\t\t\t\t\t<\/div>\n\t\t<\/section>\n\t\t\t\t<section class=\"elementor-section elementor-top-section elementor-element elementor-element-3014ab6e elementor-section-boxed elementor-section-height-default elementor-section-height-default\" data-id=\"3014ab6e\" data-element_type=\"section\" data-e-type=\"section\">\n\t\t\t\t\t\t<div class=\"elementor-container elementor-column-gap-default\">\n\t\t\t\t\t<div class=\"elementor-column elementor-col-100 elementor-top-column elementor-element elementor-element-8fda5ef\" data-id=\"8fda5ef\" data-element_type=\"column\" data-e-type=\"column\">\n\t\t\t<div class=\"elementor-widget-wrap elementor-element-populated\">\n\t\t\t\t\t\t<div class=\"elementor-element elementor-element-4eec0157 elementor-widget elementor-widget-menu-anchor\" data-id=\"4eec0157\" data-element_type=\"widget\" data-e-type=\"widget\" data-widget_type=\"menu-anchor.default\">\n\t\t\t\t<div class=\"elementor-widget-container\">\n\t\t\t\t\t\t\t<div class=\"elementor-menu-anchor\" id=\"wasistgutanlagen\"><\/div>\n\t\t\t\t\t\t<\/div>\n\t\t\t\t<\/div>\n\t\t\t\t<div class=\"elementor-element elementor-element-42e77834 elementor-widget elementor-widget-text-editor\" data-id=\"42e77834\" data-element_type=\"widget\" data-e-type=\"widget\" data-widget_type=\"text-editor.default\">\n\t\t\t\t<div class=\"elementor-widget-container\">\n\t\t\t\t\t\t\t\t\t<div class=\"csc-header csc-header-n11\"><div class=\"csc-header csc-header-n10\"><div class=\"csc-header csc-header-n10\"><div class=\"csc-header csc-header-n13\"><h3 class=\"csc-header csc-header-n9\">Was ist besonders gut?<\/h3><ul class=\"ce-bullets ce-bullets-0\"><li>Maschinen- und Anlagenf\u00fchrer\/innen sind in nahezu allen Industriebetrieben einsetzbar;<\/li><li>Teamarbeit mit anderen Berufsgruppen wird gro\u00dfgeschrieben.<\/li><\/ul><\/div><\/div><\/div><\/div>\t\t\t\t\t\t\t\t<\/div>\n\t\t\t\t<\/div>\n\t\t\t\t\t<\/div>\n\t\t<\/div>\n\t\t\t\t\t<\/div>\n\t\t<\/section>\n\t\t\t\t<section class=\"elementor-section elementor-top-section elementor-element elementor-element-1ac46c5d elementor-section-boxed elementor-section-height-default elementor-section-height-default\" data-id=\"1ac46c5d\" data-element_type=\"section\" data-e-type=\"section\">\n\t\t\t\t\t\t<div class=\"elementor-container elementor-column-gap-default\">\n\t\t\t\t\t<div class=\"elementor-column elementor-col-100 elementor-top-column elementor-element elementor-element-17b0942\" data-id=\"17b0942\" data-element_type=\"column\" data-e-type=\"column\">\n\t\t\t<div class=\"elementor-widget-wrap elementor-element-populated\">\n\t\t\t\t\t\t<div class=\"elementor-element elementor-element-1dbf6671 elementor-widget elementor-widget-menu-anchor\" data-id=\"1dbf6671\" data-element_type=\"widget\" data-e-type=\"widget\" data-widget_type=\"menu-anchor.default\">\n\t\t\t\t<div class=\"elementor-widget-container\">\n\t\t\t\t\t\t\t<div class=\"elementor-menu-anchor\" id=\"ausbildungaufgebautanlagen\"><\/div>\n\t\t\t\t\t\t<\/div>\n\t\t\t\t<\/div>\n\t\t\t\t<div class=\"elementor-element elementor-element-3d7580d elementor-widget elementor-widget-text-editor\" data-id=\"3d7580d\" data-element_type=\"widget\" data-e-type=\"widget\" data-widget_type=\"text-editor.default\">\n\t\t\t\t<div class=\"elementor-widget-container\">\n\t\t\t\t\t\t\t\t\t<div id=\"c426\" class=\"csc-frame csc-frame-default\"><div class=\"csc-header csc-header-n12\"><div id=\"c396\" class=\"csc-frame csc-frame-default\"><div class=\"csc-header csc-header-n11\"><div id=\"c373\" class=\"csc-frame csc-frame-default\"><div class=\"csc-header csc-header-n11\"><div id=\"c3210\" class=\"csc-frame csc-frame-default\"><div class=\"csc-header csc-header-n14\"><div id=\"c2569\" class=\"csc-frame csc-frame-default\"><div class=\"csc-header csc-header-n10\"><h3>Wie ist die Ausbildung aufgebaut?<\/h3><\/div><\/div><div id=\"c2567\" class=\"csc-frame csc-frame-default\"><div class=\"csc-header csc-header-n11\"><h4>Zugangsvoraussetzung<\/h4><\/div><p class=\"bodytext\">Grunds\u00e4tzlich ist keine bestimmte Vorbildung f\u00fcr die Aufnahme der Ausbildung vorgeschrieben. Die meisten Betriebe erwarten aber mindestens den Hauptschulabschluss. Zu Beginn des zweiten Ausbildungsjahres findet eine Zwischenpr\u00fcfung statt. Die Ausbildung endet nach zwei Jahren mit bestandener Abschlusspr\u00fcfung.<\/p><\/div><div id=\"c2565\" class=\"csc-frame csc-frame-default\"><div class=\"csc-header csc-header-n12\"><h4>Ausbildungsverg\u00fctung<\/h4><\/div><p class=\"bodytext\">Die H\u00f6he der Ausbildungsverg\u00fctung ist je nach Wirtschaftsbereich und Region, manchmal sogar je nach Unternehmen sehr unterschiedlich. Die jeweiligen Tarifpartner, also die Arbeitgeberverb\u00e4nde und Gewerkschaften, vereinbaren, wie viel Sie w\u00e4hrend und nach Ihrer Ausbildung verdienen. Sie k\u00f6nnen genaue Ausk\u00fcnfte geben. Welcher Arbeitgeberverband bzw. welche Gewerkschaft f\u00fcr den Ausbildungsberuf zust\u00e4ndig ist, erf\u00e4hrt man zum Beispiel bei der Industrie- und Handelskammer, beim Berufsverband oder auch beim Arbeitsamt vor Ort.<\/p><\/div><\/div><\/div><\/div><\/div><\/div><\/div><\/div><\/div>\t\t\t\t\t\t\t\t<\/div>\n\t\t\t\t<\/div>\n\t\t\t\t\t<\/div>\n\t\t<\/div>\n\t\t\t\t\t<\/div>\n\t\t<\/section>\n\t\t\t\t<section class=\"elementor-section elementor-top-section elementor-element elementor-element-15496ac2 elementor-section-boxed elementor-section-height-default elementor-section-height-default\" data-id=\"15496ac2\" data-element_type=\"section\" data-e-type=\"section\">\n\t\t\t\t\t\t<div class=\"elementor-container elementor-column-gap-default\">\n\t\t\t\t\t<div class=\"elementor-column elementor-col-100 elementor-top-column elementor-element elementor-element-5fe16b1e\" data-id=\"5fe16b1e\" data-element_type=\"column\" data-e-type=\"column\">\n\t\t\t<div class=\"elementor-widget-wrap elementor-element-populated\">\n\t\t\t\t\t\t<div class=\"elementor-element elementor-element-6ecd62ab elementor-widget elementor-widget-menu-anchor\" data-id=\"6ecd62ab\" data-element_type=\"widget\" data-e-type=\"widget\" data-widget_type=\"menu-anchor.default\">\n\t\t\t\t<div class=\"elementor-widget-container\">\n\t\t\t\t\t\t\t<div class=\"elementor-menu-anchor\" id=\"waskannichmachenanlagen\"><\/div>\n\t\t\t\t\t\t<\/div>\n\t\t\t\t<\/div>\n\t\t\t\t<div class=\"elementor-element elementor-element-55f1d01e elementor-widget elementor-widget-text-editor\" data-id=\"55f1d01e\" data-element_type=\"widget\" data-e-type=\"widget\" data-widget_type=\"text-editor.default\">\n\t\t\t\t<div class=\"elementor-widget-container\">\n\t\t\t\t\t\t\t\t\t<div id=\"c430\" class=\"csc-frame csc-frame-default\"><div class=\"csc-header csc-header-n16\"><div id=\"c400\" class=\"csc-frame csc-frame-default\"><div class=\"csc-header csc-header-n15\"><div id=\"c376\" class=\"csc-frame csc-frame-default\"><div class=\"csc-header csc-header-n14\"><div id=\"c3204\" class=\"csc-frame csc-frame-default\"><div class=\"csc-header csc-header-n17\"><div id=\"c2563\" class=\"csc-frame csc-frame-default\"><h3 class=\"csc-header csc-header-n13\">Was kann ich aus dem Beruf sp\u00e4ter einmal machen?<\/h3><p class=\"bodytext\">Eine berufliche Ausbildung ist der erste Schritt ins Berufsleben. Nach erfolgreicher Ausbildung zum\/zur Maschinen- und Anlagenf\u00fchrer\/-in ist es m\u00f6glich, in einem 3,5- j\u00e4hrigen Ausbildungsberuf die Ausbildung zum Beispiel zum\/zur Industriemechaniker\/-in fortzusetzen. Im Anschluss sind u. a. folgende fachliche Fortbildungen m\u00f6glich:<\/p><\/div><div id=\"c2561\" class=\"csc-frame csc-frame-default\"><ul class=\"ce-bullets ce-bullets-0\"><li>Werkstoffpr\u00fcfung,<\/li><li>Fertigungsplanung und Steuerung,<\/li><li>CNC-gesteuerte Maschinen oder<\/li><li>EDV-Anwendung u.v.m.<\/li><\/ul><\/div><div id=\"c2559\" class=\"csc-frame csc-frame-default\"><p class=\"bodytext\">Diese k\u00f6nnen unter bestimmten Voraussetzungen, z. B. mehrj\u00e4hrige Berufserfahrung, dann behilflich sein, folgende Fort- und Weiterbildungen zu besuchen:<\/p><\/div><div id=\"c2557\" class=\"csc-frame csc-frame-default\"><ul class=\"ce-bullets ce-bullets-0\"><li>Ausbilder\/-in (verantwortlich f\u00fcr die Ausbildung im Betrieb)<\/li><li>Industriemeister\/-in Metall<\/li><li>Techniker\/-in Maschinenbau<\/li><\/ul><\/div><div id=\"c2555\" class=\"csc-frame csc-frame-default\"><p class=\"bodytext\">Nach dem Besuch einer Fachoberschule ist das Studium an einer Fachhochschule (FH) m\u00f6glich, u.a.:<\/p><\/div><div id=\"c2553\" class=\"csc-frame csc-frame-default\"><ul class=\"ce-bullets ce-bullets-0\"><li>Bachelor of Engineering (fr\u00fcher Dipl.-Ingenieur\/-in Maschinenbau (FH))<\/li><\/ul><\/div><\/div><\/div><\/div><\/div><\/div><\/div><\/div><\/div>\t\t\t\t\t\t\t\t<\/div>\n\t\t\t\t<\/div>\n\t\t\t\t\t<\/div>\n\t\t<\/div>\n\t\t\t\t\t<\/div>\n\t\t<\/section>\n\t\t\t\t<section class=\"elementor-section elementor-top-section elementor-element elementor-element-5e9a70e8 elementor-section-boxed elementor-section-height-default elementor-section-height-default\" data-id=\"5e9a70e8\" data-element_type=\"section\" data-e-type=\"section\">\n\t\t\t\t\t\t<div class=\"elementor-container elementor-column-gap-default\">\n\t\t\t\t\t<div class=\"elementor-column elementor-col-100 elementor-top-column elementor-element elementor-element-5d2baa20\" data-id=\"5d2baa20\" data-element_type=\"column\" data-e-type=\"column\">\n\t\t\t<div class=\"elementor-widget-wrap elementor-element-populated\">\n\t\t\t\t\t\t<div class=\"elementor-element elementor-element-5fec6d77 elementor-widget elementor-widget-menu-anchor\" data-id=\"5fec6d77\" data-element_type=\"widget\" data-e-type=\"widget\" data-widget_type=\"menu-anchor.default\">\n\t\t\t\t<div class=\"elementor-widget-container\">\n\t\t\t\t\t\t\t<div class=\"elementor-menu-anchor\" id=\"kurzinfoanlagen\"><\/div>\n\t\t\t\t\t\t<\/div>\n\t\t\t\t<\/div>\n\t\t\t\t<div class=\"elementor-element elementor-element-6a5ab445 elementor-widget elementor-widget-text-editor\" data-id=\"6a5ab445\" data-element_type=\"widget\" data-e-type=\"widget\" data-widget_type=\"text-editor.default\">\n\t\t\t\t<div class=\"elementor-widget-container\">\n\t\t\t\t\t\t\t\t\t<div id=\"c430\" class=\"csc-frame csc-frame-default\"><div class=\"csc-header csc-header-n16\"><div id=\"c432\" class=\"csc-frame csc-frame-default\"><div class=\"csc-header csc-header-n18\"><div id=\"c432\" class=\"csc-frame csc-frame-default\"><div class=\"csc-header csc-header-n18\"><div id=\"c403\" class=\"csc-frame csc-frame-default\"><div class=\"csc-header csc-header-n18\"><div id=\"c379\" class=\"csc-frame csc-frame-default\"><div class=\"csc-header csc-header-n17\"><div id=\"c3192\" class=\"csc-frame csc-frame-default\"><div class=\"csc-header csc-header-n23\"><div id=\"c2551\" class=\"csc-frame csc-frame-default\"><div class=\"csc-header csc-header-n19\"><h3>Kurzinfo<\/h3><\/div><\/div><div id=\"c2549\" class=\"csc-frame csc-frame-default\"><div class=\"csc-header csc-header-n20\"><h4>Maschinen- und Anlagenf\u00fchrer\/-innen \u2026<\/h4><\/div><p class=\"bodytext\">\u2026 richten Fertigungsmaschinen und \u2013anlagen ein, nehmen sie in Betrieb und bedienen sie. Sie r\u00fcsten die Maschinen auch um, warten sie und halten sie instand.<\/p><\/div><div id=\"c2547\" class=\"csc-frame csc-frame-default\"><div class=\"csc-header csc-header-n21\"><h4>Besonders gut ist &#8230;<\/h4><\/div><p class=\"bodytext\">&#8230; Einsatzm\u00f6glichkeiten in sehr vielen Branchen und Bereichen zu haben.<\/p><\/div><div id=\"c2545\" class=\"csc-frame csc-frame-default\"><div class=\"csc-header csc-header-n22\"><h4>Bewerber\/-innen sollten &#8230;<\/h4><\/div><p class=\"bodytext\">&#8230; technisches Interesse haben und zupacken k\u00f6nnen.<\/p><\/div><div id=\"c2543\" class=\"csc-frame csc-frame-default\"><div class=\"csc-header csc-header-n23\"><h4>Dauer der Ausbildung?<\/h4><\/div><p class=\"bodytext\">2 Jahre<\/p><\/div><div id=\"c2541\" class=\"csc-frame csc-frame-default\"><div class=\"csc-header csc-header-n24\"><h4>Wer bildet aus?<\/h4><\/div><p class=\"bodytext\">Industriebetriebe der Metall-, Elektro- und Kunststoffindustrie<\/p><\/div><div id=\"c2539\" class=\"csc-frame csc-frame-default\"><div class=\"csc-header csc-header-n25\"><h4>Verdienst w\u00e4hrend der Ausbildung und im Beruf?<\/h4><\/div><p class=\"bodytext\">Ausk\u00fcnfte dazu geben Kammer, Arbeitsamt, Berufsverband, Arbeitgeberverband und Gewerkschaft.<\/p><\/div><div id=\"c2537\" class=\"csc-frame csc-frame-default\"><div class=\"csc-header csc-header-n26\"><h4>Berufliche Aufstiegschancen?<\/h4><\/div><p class=\"bodytext\">Ausbilder\/-in, Industriemeister\/-in Metall, Techniker\/-in Maschinenbau<\/p><\/div><div id=\"c2535\" class=\"csc-frame csc-frame-default\"><p class=\"bodytext\">Die Inhalte dieses Berufsbildes beruhen auf Informationen des Bundesministeriums f\u00fcr Wirtschaft und Technologie.<\/p><\/div><\/div><\/div><\/div><\/div><\/div><\/div><\/div><\/div><\/div><\/div><\/div><\/div>\t\t\t\t\t\t\t\t<\/div>\n\t\t\t\t<\/div>\n\t\t\t\t\t<\/div>\n\t\t<\/div>\n\t\t\t\t\t<\/div>\n\t\t<\/section>\n\t\t\t\t<\/div>","protected":false},"excerpt":{"rendered":"<p>Ansprechpartner: Herr Pfeffer Bereichsleiter: Herr Pfeffer\u00a0 Was machen Maschinen- und Anlagenf\u00fchrer\/-innen? F\u00fcr wen ist der Job geeignet? Was ist besonders gut? Wie ist die Ausbildung aufgebaut? Was kann ich aus dem Beruf sp\u00e4ter einmal machen? Kurzinfo Was machen Maschinen- und Anlagenf\u00fchrer\/-innen? Maschinen- und Anlagenf\u00fchrer\/-innen richten Fertigungsmaschinen und -anlagen ein, nehmen sie in Betrieb und bedienen [&hellip;]<\/p>\n","protected":false},"author":1,"featured_media":0,"parent":0,"menu_order":0,"comment_status":"closed","ping_status":"closed","template":"","meta":{"footnotes":""},"class_list":["post-1170","page","type-page","status-publish","hentry"],"publishpress_future_action":{"enabled":false,"date":"2026-04-13 11:48:45","action":"change-status","newStatus":"draft","terms":[],"taxonomy":"","extraData":[]},"publishpress_future_workflow_manual_trigger":{"enabledWorkflows":[]},"_links":{"self":[{"href":"https:\/\/cuno-berufskolleg.de\/en\/wp-json\/wp\/v2\/pages\/1170","targetHints":{"allow":["GET"]}}],"collection":[{"href":"https:\/\/cuno-berufskolleg.de\/en\/wp-json\/wp\/v2\/pages"}],"about":[{"href":"https:\/\/cuno-berufskolleg.de\/en\/wp-json\/wp\/v2\/types\/page"}],"author":[{"embeddable":true,"href":"https:\/\/cuno-berufskolleg.de\/en\/wp-json\/wp\/v2\/users\/1"}],"replies":[{"embeddable":true,"href":"https:\/\/cuno-berufskolleg.de\/en\/wp-json\/wp\/v2\/comments?post=1170"}],"version-history":[{"count":5,"href":"https:\/\/cuno-berufskolleg.de\/en\/wp-json\/wp\/v2\/pages\/1170\/revisions"}],"predecessor-version":[{"id":4417,"href":"https:\/\/cuno-berufskolleg.de\/en\/wp-json\/wp\/v2\/pages\/1170\/revisions\/4417"}],"wp:attachment":[{"href":"https:\/\/cuno-berufskolleg.de\/en\/wp-json\/wp\/v2\/media?parent=1170"}],"curies":[{"name":"wp","href":"https:\/\/api.w.org\/{rel}","templated":true}]}}