{"id":1119,"date":"2023-07-25T08:16:14","date_gmt":"2023-07-25T06:16:14","guid":{"rendered":"http:\/\/cuno-berufskolleg.de\/?page_id=1119"},"modified":"2024-03-07T12:59:24","modified_gmt":"2024-03-07T11:59:24","slug":"elektroniker-in-fuer-automatisierungs-technik","status":"publish","type":"page","link":"https:\/\/cuno-berufskolleg.de\/en\/elektroniker-in-fuer-automatisierungs-technik\/","title":{"rendered":"Elektroniker\/-in f\u00fcr Automatisierungs&shy;technik"},"content":{"rendered":"<div data-elementor-type=\"wp-page\" data-elementor-id=\"1119\" class=\"elementor elementor-1119\" data-elementor-post-type=\"page\">\n\t\t\t\t\t\t<section class=\"elementor-section elementor-top-section elementor-element elementor-element-941b33f elementor-section-boxed elementor-section-height-default elementor-section-height-default\" data-id=\"941b33f\" data-element_type=\"section\" data-e-type=\"section\">\n\t\t\t\t\t\t<div class=\"elementor-container elementor-column-gap-default\">\n\t\t\t\t\t<div class=\"elementor-column elementor-col-100 elementor-top-column elementor-element elementor-element-db0895e\" data-id=\"db0895e\" data-element_type=\"column\" data-e-type=\"column\">\n\t\t\t<div class=\"elementor-widget-wrap elementor-element-populated\">\n\t\t\t\t\t\t<div class=\"elementor-element elementor-element-635fbae elementor-widget elementor-widget-text-editor\" data-id=\"635fbae\" data-element_type=\"widget\" data-e-type=\"widget\" data-widget_type=\"text-editor.default\">\n\t\t\t\t<div class=\"elementor-widget-container\">\n\t\t\t\t\t\t\t\t\t<div id=\"c238\" class=\"csc-frame csc-frame-default\"><div class=\"csc-header csc-header-n1\"><figure id=\"attachment_3756\" aria-describedby=\"caption-attachment-3756\" style=\"width: 300px\" class=\"wp-caption alignright\"><a href=\"https:\/\/web.arbeitsagentur.de\/berufenet\/beruf\/15630\" target=\"_blank\" rel=\"noopener\"><img decoding=\"async\" class=\"wp-image-3756 size-medium\" src=\"http:\/\/cuno-berufskolleg.de\/wp-content\/uploads\/2024\/02\/Logo_Berufenet-300x76.jpg\" alt=\"\" width=\"300\" height=\"76\" \/><\/a><figcaption id=\"caption-attachment-3756\" class=\"wp-caption-text\">Weitere Informationen finden Sie hier<\/figcaption><\/figure><em><span style=\"font-size: 16px;\"><br \/><\/span><\/em><strong>Ansprechpartner:<\/strong> \u00a0<a href=\"http:\/\/cuno-berufskolleg.de\/en\/intern\/herr-bolouri\/\">Herr Bolouri<\/a><p><strong>Bereichsleiter:<\/strong>\u00a0<a href=\"http:\/\/cuno-berufskolleg.de\/en\/intern\/herr-bolouri\/\">Herr Bolouri<\/a><\/p><\/div><\/div><div id=\"c417\" class=\"csc-frame csc-frame-default\"><ul><li><a href=\"#wasmachtautomatisierungstechnik\">Was machen Elektroniker\/-innen f\u00fcr Automatisierungstechnik?<\/a><\/li><li><a href=\"#fuerwenAutomatisierungstechnik\">F\u00fcr wen ist der Job geeignet?<\/a><\/li><li><a href=\"#wasistgutAutomatisierungstechnik\">Was ist besonders gut?<\/a><\/li><li><a href=\"#ausbildungaufgebautAutomatisierungstechnik\">Wie ist die Ausbildung aufgebaut?<\/a><\/li><li><a href=\"#waskannichmachenAutomatisierungstechnik\">Was kann ich aus dem Beruf sp\u00e4ter einmal machen?<\/a><\/li><li><a href=\"#kurzinfoAutomatisierungstechnik\">Kurzinfo<\/a><\/li><\/ul><\/div><div id=\"c439\" class=\"csc-frame csc-frame-default\">\u00a0<\/div>\t\t\t\t\t\t\t\t<\/div>\n\t\t\t\t<\/div>\n\t\t\t\t\t<\/div>\n\t\t<\/div>\n\t\t\t\t\t<\/div>\n\t\t<\/section>\n\t\t\t\t<section class=\"elementor-section elementor-top-section elementor-element elementor-element-ea45f00 elementor-section-boxed elementor-section-height-default elementor-section-height-default\" data-id=\"ea45f00\" data-element_type=\"section\" data-e-type=\"section\">\n\t\t\t\t\t\t<div class=\"elementor-container elementor-column-gap-default\">\n\t\t\t\t\t<div class=\"elementor-column elementor-col-100 elementor-top-column elementor-element elementor-element-fd94073\" data-id=\"fd94073\" data-element_type=\"column\" data-e-type=\"column\">\n\t\t\t<div class=\"elementor-widget-wrap elementor-element-populated\">\n\t\t\t\t\t\t<div class=\"elementor-element elementor-element-8f679a6 elementor-widget elementor-widget-menu-anchor\" data-id=\"8f679a6\" data-element_type=\"widget\" data-e-type=\"widget\" data-widget_type=\"menu-anchor.default\">\n\t\t\t\t<div class=\"elementor-widget-container\">\n\t\t\t\t\t\t\t<div class=\"elementor-menu-anchor\" id=\"wasmachtautomatisierungstechnik\"><\/div>\n\t\t\t\t\t\t<\/div>\n\t\t\t\t<\/div>\n\t\t\t\t<div class=\"elementor-element elementor-element-b3b68ba elementor-widget elementor-widget-text-editor\" data-id=\"b3b68ba\" data-element_type=\"widget\" data-e-type=\"widget\" data-widget_type=\"text-editor.default\">\n\t\t\t\t<div class=\"elementor-widget-container\">\n\t\t\t\t\t\t\t\t\t<div id=\"c418\" class=\"csc-frame csc-frame-default\"><div class=\"csc-header csc-header-n4\"><h3>Was machen Elektroniker\/-innen f\u00fcr Automatisierungstechnik?<\/h3><\/div><p class=\"bodytext\">Ob in der Chemie-, Stahl- oder zum Beispiel der Lebensmittelindustrie &#8211; in den meisten Unternehmen laufen die Produktionsanlagen automatisch. Das klappt nur, wenn computergesteuerte Anlagen zuverl\u00e4ssig zum Beispiel Druck, Volumen oder Temperatur messen und pr\u00fcfen, ob alles im &#8220;gr\u00fcnen Bereich&#8221; ist. Diese Anlagen regeln den gesamten Produktionsablauf und stimmen die einzelnen Produktionsschritte genau aufeinander ab. Eine St\u00f6rung bringt den gesamten Prozess ins Stocken. Deshalb achten Elektroniker\/-innen f\u00fcr Automatisierungstechnik genau darauf, dass kein Fehler auftritt. Sie installieren die Anlagen, stellen sie ein, programmieren und pr\u00fcfen sie. Kommt es doch zu Unterbrechungen sind sie sofort zu Stelle, finden die Ursache und beheben sie. Kurz: Sie sorgen daf\u00fcr, dass die Maschinen Tag und Nacht laufen.<\/p><\/div><div id=\"c419\" class=\"csc-frame csc-frame-default\"><div class=\"csc-header csc-header-n5\"><h4>Elektroniker\/-innen f\u00fcr Automatisierungstechnik &#8230;<\/h4><\/div><ul class=\"ce-bullets ce-bullets-0\"><li>analysieren Funktionszusammenh\u00e4nge und Prozessabl\u00e4ufe;<\/li><li>entwerfen \u00c4nderungen und Erweiterungen von mechatronischen Systemen und Automatisierungssystemen;<\/li><li>\u00fcbernehmen Automatisierungssysteme;<\/li><li>installieren und parametrieren pneumatische oder hydraulische sowie elektrische Antriebe und Frequenzumrichter;<\/li><li>installieren, konfigurieren und justieren Sensorsysteme, Baugruppen der elektrischen Steuerungs- und Regelungstechnik sowie elektropneumatische\/hydraulische Steuerungen;<\/li><li>programmieren Automatisierungsger\u00e4te, optimieren Regelkreise;<\/li><li>installieren und konfigurieren Komponenten und Ger\u00e4te, Betriebssysteme, Bussysteme und Netzwerke; Anwendungsprogramme insbesondere zur Messdatenerfassung, -\u00fcbertragung und -verarbeitung sowie zur Maschinen- und Prozesssteuerung;<\/li><li>\u00fcbergeben die Systeme und weisen Nutzer in die Bedienung der technischen Systeme ein;<\/li><li>\u00fcberwachen und warten Anlagen; f\u00fchren Pr\u00fcfungen durch, analysieren St\u00f6rungen, setzen Testsoftware und Diagnosesysteme ein, ergreifen Sofortma\u00dfnahmen und setzen Anlagen in Stand;<\/li><li>\u00fcbergeben die Systeme und weisen Nutzer in die Bedienung der technischen Systeme ein;<\/li><li>arbeiten mit englischsprachigen Unterlagen.<\/li><\/ul><\/div><div id=\"c420\" class=\"csc-frame csc-frame-default\"><div class=\"csc-header csc-header-n6\"><h4>Elektroniker\/-innen f\u00fcr Automatisierungstechnik arbeiten f\u00fcr &#8230;<\/h4><\/div><p class=\"bodytext\">Unternehmen der<\/p><\/div><div id=\"c421\" class=\"csc-frame csc-frame-default\"><ul class=\"ce-bullets ce-bullets-0\"><li>Stahl- und Chemieindustrie<\/li><li>Lebensmittelindustrie<\/li><li>Trinkwasseraufbereitung<\/li><li>Energieerzeugung und Verteilung<\/li><li>Abfallrecycling und Reststoffverwertung<\/li><\/ul><\/div><div id=\"c422\" class=\"csc-frame csc-frame-default\"><p class=\"bodytext\">Dort werden sie in der Regel auch ausgebildet<\/p><\/div>\t\t\t\t\t\t\t\t<\/div>\n\t\t\t\t<\/div>\n\t\t\t\t\t<\/div>\n\t\t<\/div>\n\t\t\t\t\t<\/div>\n\t\t<\/section>\n\t\t\t\t<section class=\"elementor-section elementor-top-section elementor-element elementor-element-fe1f66a elementor-section-boxed elementor-section-height-default elementor-section-height-default\" data-id=\"fe1f66a\" data-element_type=\"section\" data-e-type=\"section\">\n\t\t\t\t\t\t<div class=\"elementor-container elementor-column-gap-default\">\n\t\t\t\t\t<div class=\"elementor-column elementor-col-100 elementor-top-column elementor-element elementor-element-6274a75\" data-id=\"6274a75\" data-element_type=\"column\" data-e-type=\"column\">\n\t\t\t<div class=\"elementor-widget-wrap elementor-element-populated\">\n\t\t\t\t\t\t<div class=\"elementor-element elementor-element-c169050 elementor-widget elementor-widget-menu-anchor\" data-id=\"c169050\" data-element_type=\"widget\" data-e-type=\"widget\" data-widget_type=\"menu-anchor.default\">\n\t\t\t\t<div class=\"elementor-widget-container\">\n\t\t\t\t\t\t\t<div class=\"elementor-menu-anchor\" id=\"fuerwenAutomatisierungstechnik\"><\/div>\n\t\t\t\t\t\t<\/div>\n\t\t\t\t<\/div>\n\t\t\t\t<div class=\"elementor-element elementor-element-2e8035a elementor-widget elementor-widget-text-editor\" data-id=\"2e8035a\" data-element_type=\"widget\" data-e-type=\"widget\" data-widget_type=\"text-editor.default\">\n\t\t\t\t<div class=\"elementor-widget-container\">\n\t\t\t\t\t\t\t\t\t<div id=\"c423\" class=\"csc-frame csc-frame-default\"><div class=\"csc-header csc-header-n9\"><h3>F\u00fcr wen ist der Job geeignet?<\/h3><\/div><\/div><div id=\"c424\" class=\"csc-frame csc-frame-default\"><div class=\"csc-header csc-header-n10\"><h4>Bewerber sollten&#8230;<\/h4><\/div><ul class=\"ce-bullets ce-bullets-0\"><li>technisch interessiert sein<\/li><li>verantwortungsbewusst und sorgf\u00e4ltig arbeiten<\/li><li>gute Noten in Mathematik und Physik mitbringen<\/li><li>schnell reagieren k\u00f6nnen<\/li><\/ul><\/div><div id=\"c425\" class=\"csc-frame csc-frame-default\"><div class=\"csc-header csc-header-n11\">\u00a0<\/div><\/div>\t\t\t\t\t\t\t\t<\/div>\n\t\t\t\t<\/div>\n\t\t\t\t\t<\/div>\n\t\t<\/div>\n\t\t\t\t\t<\/div>\n\t\t<\/section>\n\t\t\t\t<section class=\"elementor-section elementor-top-section elementor-element elementor-element-22c5f1a elementor-section-boxed elementor-section-height-default elementor-section-height-default\" data-id=\"22c5f1a\" data-element_type=\"section\" data-e-type=\"section\">\n\t\t\t\t\t\t<div class=\"elementor-container elementor-column-gap-default\">\n\t\t\t\t\t<div class=\"elementor-column elementor-col-100 elementor-top-column elementor-element elementor-element-8a8bb14\" data-id=\"8a8bb14\" data-element_type=\"column\" data-e-type=\"column\">\n\t\t\t<div class=\"elementor-widget-wrap elementor-element-populated\">\n\t\t\t\t\t\t<div class=\"elementor-element elementor-element-0f2a113 elementor-widget elementor-widget-menu-anchor\" data-id=\"0f2a113\" data-element_type=\"widget\" data-e-type=\"widget\" data-widget_type=\"menu-anchor.default\">\n\t\t\t\t<div class=\"elementor-widget-container\">\n\t\t\t\t\t\t\t<div class=\"elementor-menu-anchor\" id=\"wasistgutAutomatisierungstechnik\"><\/div>\n\t\t\t\t\t\t<\/div>\n\t\t\t\t<\/div>\n\t\t\t\t<div class=\"elementor-element elementor-element-3f443f4 elementor-widget elementor-widget-text-editor\" data-id=\"3f443f4\" data-element_type=\"widget\" data-e-type=\"widget\" data-widget_type=\"text-editor.default\">\n\t\t\t\t<div class=\"elementor-widget-container\">\n\t\t\t\t\t\t\t\t\t<div class=\"csc-header csc-header-n11\"><h3>Was ist besonders gut?<\/h3><\/div><ul class=\"ce-bullets ce-bullets-0\"><li>Die Arbeit im Team, auch mit anderen Berufsgruppen<\/li><li>Der Umgang mit moderner Technik<\/li><\/ul>\t\t\t\t\t\t\t\t<\/div>\n\t\t\t\t<\/div>\n\t\t\t\t\t<\/div>\n\t\t<\/div>\n\t\t\t\t\t<\/div>\n\t\t<\/section>\n\t\t\t\t<section class=\"elementor-section elementor-top-section elementor-element elementor-element-9812350 elementor-section-boxed elementor-section-height-default elementor-section-height-default\" data-id=\"9812350\" data-element_type=\"section\" data-e-type=\"section\">\n\t\t\t\t\t\t<div class=\"elementor-container elementor-column-gap-default\">\n\t\t\t\t\t<div class=\"elementor-column elementor-col-100 elementor-top-column elementor-element elementor-element-1a412d0\" data-id=\"1a412d0\" data-element_type=\"column\" data-e-type=\"column\">\n\t\t\t<div class=\"elementor-widget-wrap elementor-element-populated\">\n\t\t\t\t\t\t<div class=\"elementor-element elementor-element-03ff444 elementor-widget elementor-widget-menu-anchor\" data-id=\"03ff444\" data-element_type=\"widget\" data-e-type=\"widget\" data-widget_type=\"menu-anchor.default\">\n\t\t\t\t<div class=\"elementor-widget-container\">\n\t\t\t\t\t\t\t<div class=\"elementor-menu-anchor\" id=\"ausbildungaufgebautAutomatisierungstechnik\"><\/div>\n\t\t\t\t\t\t<\/div>\n\t\t\t\t<\/div>\n\t\t\t\t<div class=\"elementor-element elementor-element-3d211b3 elementor-widget elementor-widget-text-editor\" data-id=\"3d211b3\" data-element_type=\"widget\" data-e-type=\"widget\" data-widget_type=\"text-editor.default\">\n\t\t\t\t<div class=\"elementor-widget-container\">\n\t\t\t\t\t\t\t\t\t<div id=\"c426\" class=\"csc-frame csc-frame-default\"><div class=\"csc-header csc-header-n12\"><h3>Wie ist die Ausbildung aufgebaut?<\/h3><\/div><\/div><div id=\"c427\" class=\"csc-frame csc-frame-default\"><div class=\"csc-header csc-header-n13\"><h4>Zugangsvoraussetzung<\/h4><\/div><p class=\"bodytext\">Grunds\u00e4tzlich ist als Vorbildung der Hauptschulabschluss f\u00fcr den Lehrbeginn vorgeschrieben. Die meisten Betriebe erwarten aber den Realschulabschluss, also die Fachoberschulreife (Mittlere Reife).<\/p><\/div><div id=\"c428\" class=\"csc-frame csc-frame-default\"><p class=\"bodytext\">Vor dem Ende des zweiten Ausbildungsjahres findet der erste Teil der gestreckten Abschlusspr\u00fcfung statt. Die Ausbildung endet nach dreieinhalb Jahren mit bestandener Abschlusspr\u00fcfung.<\/p><\/div><div id=\"c429\" class=\"csc-frame csc-frame-default\"><div class=\"csc-header csc-header-n15\"><h4>Ausbildungsverg\u00fctung<\/h4><\/div><p class=\"bodytext\">Die H\u00f6he der Ausbildungsverg\u00fctung ist je nach Wirtschaftsbereich und Region, manchmal sogar je nach Unternehmen sehr unterschiedlich. Die jeweiligen Tarifpartner, also die Arbeitgeberverb\u00e4nde und Gewerkschaften, vereinbaren, wie viel Sie w\u00e4hrend und nach Ihrer Ausbildung verdienen. Sie k\u00f6nnen Ihnen genaue Ausk\u00fcnfte geben. Welcher Arbeitgeberverband bzw. welche Gewerkschaft f\u00fcr Ihren Ausbildungsberuf zust\u00e4ndig ist, erfahren Sie zum Beispiel bei Ihrer Industrie- und Handelskammer, beim Berufsverband oder auch beim Arbeitsamt vor Ort und bei der jeweiligen Verwaltung, die den Ausbildungsgang anbietet.<\/p><\/div>\t\t\t\t\t\t\t\t<\/div>\n\t\t\t\t<\/div>\n\t\t\t\t\t<\/div>\n\t\t<\/div>\n\t\t\t\t\t<\/div>\n\t\t<\/section>\n\t\t\t\t<section class=\"elementor-section elementor-top-section elementor-element elementor-element-e5be603 elementor-section-boxed elementor-section-height-default elementor-section-height-default\" data-id=\"e5be603\" data-element_type=\"section\" data-e-type=\"section\">\n\t\t\t\t\t\t<div class=\"elementor-container elementor-column-gap-default\">\n\t\t\t\t\t<div class=\"elementor-column elementor-col-100 elementor-top-column elementor-element elementor-element-44ce521\" data-id=\"44ce521\" data-element_type=\"column\" data-e-type=\"column\">\n\t\t\t<div class=\"elementor-widget-wrap elementor-element-populated\">\n\t\t\t\t\t\t<div class=\"elementor-element elementor-element-a9aca94 elementor-widget elementor-widget-menu-anchor\" data-id=\"a9aca94\" data-element_type=\"widget\" data-e-type=\"widget\" data-widget_type=\"menu-anchor.default\">\n\t\t\t\t<div class=\"elementor-widget-container\">\n\t\t\t\t\t\t\t<div class=\"elementor-menu-anchor\" id=\"waskannichmachenAutomatisierungstechnik\"><\/div>\n\t\t\t\t\t\t<\/div>\n\t\t\t\t<\/div>\n\t\t\t\t<div class=\"elementor-element elementor-element-b3138a7 elementor-widget elementor-widget-text-editor\" data-id=\"b3138a7\" data-element_type=\"widget\" data-e-type=\"widget\" data-widget_type=\"text-editor.default\">\n\t\t\t\t<div class=\"elementor-widget-container\">\n\t\t\t\t\t\t\t\t\t<div id=\"c430\" class=\"csc-frame csc-frame-default\"><div class=\"csc-header csc-header-n16\"><h3>Was kann ich aus dem Beruf sp\u00e4ter einmal machen?<\/h3><\/div><p class=\"bodytext\">Eine berufliche Ausbildung ist der erste Schritt ins Berufsleben. Danach geht es weiter, beispielsweise ..<\/p><ul><li>Fachoberschule mit anschlie\u00dfendem Studium an der Fachhochschule zum Bachelor of Engineering (fr\u00fcher Dipl.-Ing. (FH) Elektrotechnik)<\/li><li>als staatlich gepr\u00fcfter Techniker<\/li><li>als Industriemeister<\/li><\/ul><\/div><div id=\"c431\" class=\"csc-frame csc-frame-default\"><p class=\"bodytext\">Klar ist:<br \/>Keiner muss sein Leben lang immer im gleichen Job dasselbe tun. Im Gegenteil: Wer heutzutage gute Chancen auf dem Arbeitsmarkt haben will, muss flexibel sein und sich regelm\u00e4\u00dfig weiterbilden. Es gibt jede Menge Lehrg\u00e4nge, Kurse oder Seminare, um sich zu spezialisieren.<\/p><\/div>\t\t\t\t\t\t\t\t<\/div>\n\t\t\t\t<\/div>\n\t\t\t\t\t<\/div>\n\t\t<\/div>\n\t\t\t\t\t<\/div>\n\t\t<\/section>\n\t\t\t\t<section class=\"elementor-section elementor-top-section elementor-element elementor-element-09e780c elementor-section-boxed elementor-section-height-default elementor-section-height-default\" data-id=\"09e780c\" data-element_type=\"section\" data-e-type=\"section\">\n\t\t\t\t\t\t<div class=\"elementor-container elementor-column-gap-default\">\n\t\t\t\t\t<div class=\"elementor-column elementor-col-100 elementor-top-column elementor-element elementor-element-39f9b57\" data-id=\"39f9b57\" data-element_type=\"column\" data-e-type=\"column\">\n\t\t\t<div class=\"elementor-widget-wrap elementor-element-populated\">\n\t\t\t\t\t\t<div class=\"elementor-element elementor-element-8ec4040 elementor-widget elementor-widget-menu-anchor\" data-id=\"8ec4040\" data-element_type=\"widget\" data-e-type=\"widget\" data-widget_type=\"menu-anchor.default\">\n\t\t\t\t<div class=\"elementor-widget-container\">\n\t\t\t\t\t\t\t<div class=\"elementor-menu-anchor\" id=\"kurzinfoAutomatisierungstechnik\"><\/div>\n\t\t\t\t\t\t<\/div>\n\t\t\t\t<\/div>\n\t\t\t\t<div class=\"elementor-element elementor-element-c27be9a elementor-widget elementor-widget-text-editor\" data-id=\"c27be9a\" data-element_type=\"widget\" data-e-type=\"widget\" data-widget_type=\"text-editor.default\">\n\t\t\t\t<div class=\"elementor-widget-container\">\n\t\t\t\t\t\t\t\t\t<div id=\"c430\" class=\"csc-frame csc-frame-default\"><div class=\"csc-header csc-header-n16\"><div id=\"c432\" class=\"csc-frame csc-frame-default\"><div class=\"csc-header csc-header-n18\"><div id=\"c432\" class=\"csc-frame csc-frame-default\"><div class=\"csc-header csc-header-n18\"><h3>Kurzinfo<\/h3><\/div><\/div><div id=\"c433\" class=\"csc-frame csc-frame-default\"><div class=\"csc-header csc-header-n19\"><h4>Elektroniker\/-innen f\u00fcr Automatisierungstechnik &#8230;<\/h4><\/div><p class=\"bodytext\">&#8230; setzen Automatisierungsl\u00f6sungen in die Praxis um. Sie bauen Baugruppen, Ger\u00e4te und Anlagenteile an Hand von technischen Unterlagen zusammen, montieren und installieren sie. Sie pr\u00fcfen, messen und stellen elektrische Funktionen, wie z.B. Spannung, Strom, Frequenz von Baugruppen und Ger\u00e4ten ein. Sie \u00fcberwachen und pr\u00fcfen Prozessleiteinrichtungen, wie z.B. Einrichtungen zum Messen von Druck, Temperatur oder Mengen und stellen sie ein. Sie nehmen Ger\u00e4te und Anlagen in Betrieb und halten sie in Stand.<\/p><\/div><div id=\"c434\" class=\"csc-frame csc-frame-default\"><div class=\"csc-header csc-header-n20\"><h4>Besonders gut ist &#8230;<\/h4><\/div><p class=\"bodytext\">&#8230; technisch interessiert sein, gute Noten in Mathe und Physik haben, verantwortungsbewusst und sorgf\u00e4ltig arbeiten und schnell reagieren k\u00f6nnen.<\/p><\/div><div id=\"c435\" class=\"csc-frame csc-frame-default\"><div class=\"csc-header csc-header-n21\"><h4>Bewerber\/-innen sollten&#8230;<\/h4><\/div><p class=\"bodytext\">&#8230; technisch interessiert sein, gute Noten in Mathe und Physik haben, verantwortungsbewusst und sorgf\u00e4ltig arbeiten und schnell reagieren k\u00f6nnen.<\/p><\/div><div id=\"c436\" class=\"csc-frame csc-frame-default\"><div class=\"csc-header csc-header-n22\"><h4>Dauer der Ausbildung?<\/h4><\/div><p class=\"bodytext\">3,5 Jahre<\/p><\/div><div id=\"c437\" class=\"csc-frame csc-frame-default\"><div class=\"csc-header csc-header-n23\"><h4>Wer bildet aus?<\/h4><\/div><p class=\"bodytext\">Unternehmen der Stahl- und Chemieindustrie, Lebensmittelindustrie, Trinkwasseraufbereitung, Brauereien, Energieerzeugung und -verteilung, Abfallrecycling und Reststoffverwertung<\/p><\/div><div id=\"c438\" class=\"csc-frame csc-frame-default\"><div class=\"csc-header csc-header-n24\"><h4>Verdienst w\u00e4hrend der Ausbildung und Beruf?<\/h4><\/div><p class=\"bodytext\">Ausk\u00fcnfte dazu geben Kammer, Arbeitsamt, Berufsverband, Arbeitgeberverband und Gewerkschaft<\/p><\/div><div id=\"c439\" class=\"csc-frame csc-frame-default\"><div class=\"csc-header csc-header-n25\"><h4>Berufliche Aufstiegschancen?<\/h4><\/div><p class=\"bodytext\">z.B.: Ausbilder\/-in (verantwortlich f\u00fcr die Ausbildung von Azubis), Industriemeister\/-in Elektrotechnik, Kraftwerksmeister\/-in, Techniker\/-in der Fachrichtung Elektro-, Feinwerk-, Medizin oder Physiktechnik<\/p><\/div><\/div><\/div><\/div><\/div>\t\t\t\t\t\t\t\t<\/div>\n\t\t\t\t<\/div>\n\t\t\t\t\t<\/div>\n\t\t<\/div>\n\t\t\t\t\t<\/div>\n\t\t<\/section>\n\t\t\t\t<\/div>","protected":false},"excerpt":{"rendered":"<p>Ansprechpartner: \u00a0Herr Bolouri Bereichsleiter:\u00a0Herr Bolouri Was machen Elektroniker\/-innen f\u00fcr Automatisierungstechnik? F\u00fcr wen ist der Job geeignet? Was ist besonders gut? Wie ist die Ausbildung aufgebaut? Was kann ich aus dem Beruf sp\u00e4ter einmal machen? Kurzinfo \u00a0 Was machen Elektroniker\/-innen f\u00fcr Automatisierungstechnik? Ob in der Chemie-, Stahl- oder zum Beispiel der Lebensmittelindustrie &#8211; in den meisten [&hellip;]<\/p>\n","protected":false},"author":1,"featured_media":0,"parent":0,"menu_order":0,"comment_status":"closed","ping_status":"closed","template":"","meta":{"footnotes":""},"class_list":["post-1119","page","type-page","status-publish","hentry"],"publishpress_future_action":{"enabled":false,"date":"2026-05-08 10:45:34","action":"change-status","newStatus":"draft","terms":[],"taxonomy":"","extraData":[]},"publishpress_future_workflow_manual_trigger":{"enabledWorkflows":[]},"_links":{"self":[{"href":"https:\/\/cuno-berufskolleg.de\/en\/wp-json\/wp\/v2\/pages\/1119","targetHints":{"allow":["GET"]}}],"collection":[{"href":"https:\/\/cuno-berufskolleg.de\/en\/wp-json\/wp\/v2\/pages"}],"about":[{"href":"https:\/\/cuno-berufskolleg.de\/en\/wp-json\/wp\/v2\/types\/page"}],"author":[{"embeddable":true,"href":"https:\/\/cuno-berufskolleg.de\/en\/wp-json\/wp\/v2\/users\/1"}],"replies":[{"embeddable":true,"href":"https:\/\/cuno-berufskolleg.de\/en\/wp-json\/wp\/v2\/comments?post=1119"}],"version-history":[{"count":5,"href":"https:\/\/cuno-berufskolleg.de\/en\/wp-json\/wp\/v2\/pages\/1119\/revisions"}],"predecessor-version":[{"id":4126,"href":"https:\/\/cuno-berufskolleg.de\/en\/wp-json\/wp\/v2\/pages\/1119\/revisions\/4126"}],"wp:attachment":[{"href":"https:\/\/cuno-berufskolleg.de\/en\/wp-json\/wp\/v2\/media?parent=1119"}],"curies":[{"name":"wp","href":"https:\/\/api.w.org\/{rel}","templated":true}]}}