{"id":1104,"date":"2023-07-25T08:14:51","date_gmt":"2023-07-25T06:14:51","guid":{"rendered":"http:\/\/cuno-berufskolleg.de\/?page_id=1104"},"modified":"2024-03-14T11:40:58","modified_gmt":"2024-03-14T10:40:58","slug":"it-system-elektroniker-in","status":"publish","type":"page","link":"https:\/\/cuno-berufskolleg.de\/en\/it-system-elektroniker-in\/","title":{"rendered":"IT-System-Elektroniker\/-in"},"content":{"rendered":"<div data-elementor-type=\"wp-page\" data-elementor-id=\"1104\" class=\"elementor elementor-1104\" data-elementor-post-type=\"page\">\n\t\t\t\t\t\t<section class=\"elementor-section elementor-top-section elementor-element elementor-element-304fb9f6 elementor-section-boxed elementor-section-height-default elementor-section-height-default\" data-id=\"304fb9f6\" data-element_type=\"section\" data-e-type=\"section\">\n\t\t\t\t\t\t<div class=\"elementor-container elementor-column-gap-default\">\n\t\t\t\t\t<div class=\"elementor-column elementor-col-100 elementor-top-column elementor-element elementor-element-3f0a7d5a\" data-id=\"3f0a7d5a\" data-element_type=\"column\" data-e-type=\"column\">\n\t\t\t<div class=\"elementor-widget-wrap elementor-element-populated\">\n\t\t\t\t\t\t<div class=\"elementor-element elementor-element-6d91abb1 elementor-widget__width-initial elementor-widget elementor-widget-text-editor\" data-id=\"6d91abb1\" data-element_type=\"widget\" data-e-type=\"widget\" data-widget_type=\"text-editor.default\">\n\t\t\t\t<div class=\"elementor-widget-container\">\n\t\t\t\t\t\t\t\t\t<div id=\"c238\" class=\"csc-frame csc-frame-default\"><div class=\"csc-header csc-header-n1\"><div id=\"c634\" class=\"csc-frame csc-frame-default\"><div class=\"csc-textpic csc-textpic-intext-right\"><div class=\"csc-textpic-imagewrap\" data-csc-images=\"1\" data-csc-cols=\"1\"><figure id=\"attachment_3756\" aria-describedby=\"caption-attachment-3756\" style=\"width: 300px\" class=\"wp-caption alignright\"><a href=\"https:\/\/web.arbeitsagentur.de\/berufenet\/beruf\/2927\" target=\"_blank\" rel=\"noopener\"><img decoding=\"async\" class=\"wp-image-3756 size-medium\" src=\"http:\/\/cuno-berufskolleg.de\/wp-content\/uploads\/2024\/02\/Logo_Berufenet-300x76.jpg\" alt=\"\" width=\"300\" height=\"76\" \/><\/a><figcaption id=\"caption-attachment-3756\" class=\"wp-caption-text\">Weitere Informationen finden Sie hier<\/figcaption><\/figure><strong>Ansprechpartner:\u00a0<\/strong><a href=\"http:\/\/cuno-berufskolleg.de\/en\/intern\/herr-thuenken\/\">Herr Th\u00fcnken<\/a><\/div><div class=\"csc-textpic-text\"><p class=\"bodytext\"><strong>Bereichsleiter: <\/strong><a href=\"http:\/\/cuno-berufskolleg.de\/en\/intern\/herr-klein\/\">Herr Klein<\/a><\/p><\/div><\/div><\/div><div id=\"c635\" class=\"csc-frame csc-frame-default\"><ul><li><a href=\"#wasmachtitsystemelektroniker\">Was machen IT-System-Elektroniker\/-innen?<\/a><\/li><li><a href=\"http:\/\/cuno-berufskolleg.de\/en\/bildungsangebote\/ausbildungsberufe\/it-system-elektroniker.html\/?MP=328-303#c640\">F\u00fcr wen ist der Job geeignet?<\/a><\/li><li><a href=\"#ausbildungaufitsystemelektroniker\">Wie ist die Ausbildung aufgebaut?<\/a><\/li><li><a href=\"#waskannichmachenitsystemelektroniker\">Was kann ich aus dem Beruf sp\u00e4ter einmal machen?<\/a><\/li><li><p><a href=\"#kurzinfoitsystemelektroniker\">Kurzinfo<\/a><\/p><\/li><\/ul><\/div><\/div><\/div>\t\t\t\t\t\t\t\t<\/div>\n\t\t\t\t<\/div>\n\t\t\t\t\t<\/div>\n\t\t<\/div>\n\t\t\t\t\t<\/div>\n\t\t<\/section>\n\t\t\t\t<section class=\"elementor-section elementor-top-section elementor-element elementor-element-4022e048 elementor-section-boxed elementor-section-height-default elementor-section-height-default\" data-id=\"4022e048\" data-element_type=\"section\" data-e-type=\"section\">\n\t\t\t\t\t\t<div class=\"elementor-container elementor-column-gap-default\">\n\t\t\t\t\t<div class=\"elementor-column elementor-col-100 elementor-top-column elementor-element elementor-element-1cf85274\" data-id=\"1cf85274\" data-element_type=\"column\" data-e-type=\"column\">\n\t\t\t<div class=\"elementor-widget-wrap elementor-element-populated\">\n\t\t\t\t\t\t<div class=\"elementor-element elementor-element-44f697d2 elementor-widget elementor-widget-menu-anchor\" data-id=\"44f697d2\" data-element_type=\"widget\" data-e-type=\"widget\" data-widget_type=\"menu-anchor.default\">\n\t\t\t\t<div class=\"elementor-widget-container\">\n\t\t\t\t\t\t\t<div class=\"elementor-menu-anchor\" id=\"wasmachtitsystemelektroniker\"><\/div>\n\t\t\t\t\t\t<\/div>\n\t\t\t\t<\/div>\n\t\t\t\t\t<\/div>\n\t\t<\/div>\n\t\t\t\t\t<\/div>\n\t\t<\/section>\n\t\t\t\t<section class=\"elementor-section elementor-top-section elementor-element elementor-element-5a95cb57 elementor-section-boxed elementor-section-height-default elementor-section-height-default\" data-id=\"5a95cb57\" data-element_type=\"section\" data-e-type=\"section\">\n\t\t\t\t\t\t<div class=\"elementor-container elementor-column-gap-default\">\n\t\t\t\t\t<div class=\"elementor-column elementor-col-100 elementor-top-column elementor-element elementor-element-6f7d52c1\" data-id=\"6f7d52c1\" data-element_type=\"column\" data-e-type=\"column\">\n\t\t\t<div class=\"elementor-widget-wrap elementor-element-populated\">\n\t\t\t\t\t\t<div class=\"elementor-element elementor-element-4d5f78b5 elementor-widget elementor-widget-text-editor\" data-id=\"4d5f78b5\" data-element_type=\"widget\" data-e-type=\"widget\" data-widget_type=\"text-editor.default\">\n\t\t\t\t<div class=\"elementor-widget-container\">\n\t\t\t\t\t\t\t\t\t<div id=\"c418\" class=\"csc-frame csc-frame-default\"><div class=\"csc-header csc-header-n4\"><div id=\"c388\" class=\"csc-frame csc-frame-default\"><div class=\"csc-header csc-header-n4\"><div id=\"c366\" class=\"csc-frame csc-frame-default\"><div class=\"csc-header csc-header-n4\"><div id=\"c636\" class=\"csc-frame csc-frame-default\"><div class=\"csc-header csc-header-n4\"><h3>Was machen IT-System-Elektroniker\/-innen?<\/h3><\/div><p class=\"bodytext\">&#8220;Wir wollen ins Internet, gleichzeitig faxen und jeder Mitarbeiter soll E-Mails verschicken k\u00f6nnen. Au\u00dferdem brauchen wir 25 Telefone mit eigenen Rufnummern.&#8221; Kundenw\u00fcnsche wie diese sind f\u00fcr den IT-System-Elektroniker kein Problem. Sie entwickeln ein kundensprezifisches Informations- und Telekommunikationssystem. Dazu installieren sie alle notwendigen Ger\u00e4te und Netzwerke einschlie\u00dflich deren Software. Als Profis kennen sie die neuesten Entwicklungen in der IT-Branche und wissen, was Unternehmen heutzutage an moderner IT-Technologie ben\u00f6tigen.<\/p><\/div><div id=\"c637\" class=\"csc-frame csc-frame-default\"><div class=\"csc-header csc-header-n5\"><h4>IT-System-Elektroniker &#8230;<\/h4><\/div><ul class=\"ce-bullets ce-bullets-0\"><li>sind mit verschiedenen Informations- und Telekommunikations-Systemen (IT-Systemen) vertraut und k\u00f6nnen ihre Leistungsf\u00e4higkeit, Funktionalit\u00e4t, Wirtschaftlichkeit und Erweiterungsm\u00f6glichkeit bewerten;<\/li><li>w\u00e4hlen Komponenten (Bestandteil eines Gesamtsystems) aus und bauen sie zusammen;<\/li><li>kennen Produkte, Prozesse, Verfahren;<\/li><li>kennen Anforderungen an IT-Systeme;<\/li><li>stellen fest, welche Hard- und Softwareausstattung ein Arbeitsplatz ben\u00f6tigt;<\/li><li>ermitteln Arbeitsabl\u00e4ufe und Datenfl\u00fcsse im Unternehmen;<\/li><li>k\u00f6nnen Betriebssysteme f\u00fcr Netzwerke und Software (Computerprogramme) sowie Hardwarekomponenten (Bestandteile von Computersystemen) installieren, in bestehende Systeme einpassen und in Betrieb nehmen;<\/li><li>beurteilen, welche Stromversorgung die IT-Ger\u00e4te ben\u00f6tigen;<\/li><li>kennen Aufgaben und Strategien des Vertriebs (Verkaufsabteilung eines Unternehmens);<\/li><li>arbeiten in Projekten von der Zielsetzung \u00fcber Planung und Durchf\u00fchrung bis zur Qualit\u00e4tssicherung;<\/li><li>schlagen Ma\u00dfnahmen zur Verbesserung der Arbeitsorganisation und der Arbeitsgestaltung vor;<\/li><li>k\u00f6nnen Aufgaben im Team planen und verteilen;<\/li><li>f\u00fchren Instandhaltungen und Wartungen an Komponenten von IT-Systemen durch;<\/li><li>k\u00f6nnen Auftr\u00e4ge kundengerecht ausf\u00fchren und beachten dabei wirtschaftliche Vorgaben und Terminabsprachen;<\/li><li>k\u00f6nnen auch Laien technische Zusammenh\u00e4nge erkl\u00e4ren und dabei englische und deutsche Fachbegriffe anwenden.<\/li><\/ul><\/div><div id=\"c4371\" class=\"csc-frame csc-frame-default\"><div class=\"csc-header csc-header-n6\"><h4>Sie arbeiten &#8230;<\/h4><\/div><ul class=\"ce-bullets ce-bullets-0\"><li>bei Anbietern von Hardwaresystemen;<\/li><li>bei Betreibern von IT-Infrastrukturen und IT-Systemen;<\/li><li>bei Installationsbetrieben f\u00fcr Sicherheitstechnik.<\/li><\/ul><\/div><div id=\"c639\" class=\"csc-frame csc-frame-default\"><p class=\"bodytext\">Dort werden sie in der Regel auch ausgebildet.<\/p><\/div><\/div><\/div><\/div><\/div><\/div><\/div>\t\t\t\t\t\t\t\t<\/div>\n\t\t\t\t<\/div>\n\t\t\t\t\t<\/div>\n\t\t<\/div>\n\t\t\t\t\t<\/div>\n\t\t<\/section>\n\t\t\t\t<section class=\"elementor-section elementor-top-section elementor-element elementor-element-51fd1b62 elementor-section-boxed elementor-section-height-default elementor-section-height-default\" data-id=\"51fd1b62\" data-element_type=\"section\" data-e-type=\"section\">\n\t\t\t\t\t\t<div class=\"elementor-container elementor-column-gap-default\">\n\t\t\t\t\t<div class=\"elementor-column elementor-col-100 elementor-top-column elementor-element elementor-element-2ac9aaed\" data-id=\"2ac9aaed\" data-element_type=\"column\" data-e-type=\"column\">\n\t\t\t<div class=\"elementor-widget-wrap elementor-element-populated\">\n\t\t\t\t\t\t<div class=\"elementor-element elementor-element-4aa73d01 elementor-widget elementor-widget-menu-anchor\" data-id=\"4aa73d01\" data-element_type=\"widget\" data-e-type=\"widget\" data-widget_type=\"menu-anchor.default\">\n\t\t\t\t<div class=\"elementor-widget-container\">\n\t\t\t\t\t\t\t<div class=\"elementor-menu-anchor\" id=\"fuerwenitsystemelektroniker\"><\/div>\n\t\t\t\t\t\t<\/div>\n\t\t\t\t<\/div>\n\t\t\t\t<div class=\"elementor-element elementor-element-1460ef1f elementor-widget elementor-widget-text-editor\" data-id=\"1460ef1f\" data-element_type=\"widget\" data-e-type=\"widget\" data-widget_type=\"text-editor.default\">\n\t\t\t\t<div class=\"elementor-widget-container\">\n\t\t\t\t\t\t\t\t\t<div id=\"c423\" class=\"csc-frame csc-frame-default\"><div class=\"csc-header csc-header-n9\"><div id=\"c393\" class=\"csc-frame csc-frame-default\"><div class=\"csc-header csc-header-n8\"><div id=\"c370\" class=\"csc-frame csc-frame-default\"><div class=\"csc-header csc-header-n8\"><div id=\"c640\" class=\"csc-frame csc-frame-default\"><div class=\"csc-header csc-header-n8\"><h3>F\u00fcr wen ist der Job geeignet?<\/h3><\/div><\/div><div id=\"c4372\" class=\"csc-frame csc-frame-default\"><div class=\"csc-header csc-header-n9\"><h4>Bewerber sollten &#8230;<\/h4><\/div><ul class=\"ce-bullets ce-bullets-0\"><li>an technischen Zusammenh\u00e4nge Interesse haben;<\/li><li>speziell Spa\u00df an Computern und Elektrotechnik haben;<\/li><li>mathematisch und logisch denken k\u00f6nnen;<\/li><li>sich regelm\u00e4\u00dfig \u00fcber Multimedia, Computer und Software informieren;<\/li><li>gerne im Team arbeiten;<\/li><li>anderen gerne als Ansprechpartner zur Verf\u00fcgung stehen.<\/li><\/ul><\/div><\/div><\/div><\/div><\/div><\/div><\/div>\t\t\t\t\t\t\t\t<\/div>\n\t\t\t\t<\/div>\n\t\t\t\t\t<\/div>\n\t\t<\/div>\n\t\t\t\t\t<\/div>\n\t\t<\/section>\n\t\t\t\t<section class=\"elementor-section elementor-top-section elementor-element elementor-element-112dd2d1 elementor-section-boxed elementor-section-height-default elementor-section-height-default\" data-id=\"112dd2d1\" data-element_type=\"section\" data-e-type=\"section\">\n\t\t\t\t\t\t<div class=\"elementor-container elementor-column-gap-default\">\n\t\t\t\t\t<div class=\"elementor-column elementor-col-100 elementor-top-column elementor-element elementor-element-2cd65d31\" data-id=\"2cd65d31\" data-element_type=\"column\" data-e-type=\"column\">\n\t\t\t<div class=\"elementor-widget-wrap elementor-element-populated\">\n\t\t\t\t\t\t<div class=\"elementor-element elementor-element-3553fbdc elementor-widget elementor-widget-menu-anchor\" data-id=\"3553fbdc\" data-element_type=\"widget\" data-e-type=\"widget\" data-widget_type=\"menu-anchor.default\">\n\t\t\t\t<div class=\"elementor-widget-container\">\n\t\t\t\t\t\t\t<div class=\"elementor-menu-anchor\" id=\"ausbildungaufitsystemelektroniker\"><\/div>\n\t\t\t\t\t\t<\/div>\n\t\t\t\t<\/div>\n\t\t\t\t<div class=\"elementor-element elementor-element-3409a9ab elementor-widget elementor-widget-text-editor\" data-id=\"3409a9ab\" data-element_type=\"widget\" data-e-type=\"widget\" data-widget_type=\"text-editor.default\">\n\t\t\t\t<div class=\"elementor-widget-container\">\n\t\t\t\t\t\t\t\t\t<div id=\"c426\" class=\"csc-frame csc-frame-default\"><div class=\"csc-header csc-header-n12\"><div id=\"c396\" class=\"csc-frame csc-frame-default\"><div class=\"csc-header csc-header-n11\"><div id=\"c373\" class=\"csc-frame csc-frame-default\"><div class=\"csc-header csc-header-n11\"><div id=\"c643\" class=\"csc-frame csc-frame-default\"><div class=\"csc-header csc-header-n10\"><h3>Wie ist die Ausbildung aufgebaut?<\/h3><\/div><\/div><div id=\"c4373\" class=\"csc-frame csc-frame-default\"><div class=\"csc-header csc-header-n11\"><h4>Zugangsvoraussetzung<\/h4><\/div><p class=\"bodytext\">Grunds\u00e4tzlich ist keine bestimmte Vorbildung f\u00fcr den Ausbildungsbeginn vorgeschrieben. Die meisten Betriebe erwarten von ihren Bewerbern und Bewerberinnen mindestens einen sehr guten Realschulabschluss, besser noch die Fachhochschulreife oder die allgemeine Hochschulreife (Abitur).<\/p><\/div><div id=\"c4374\" class=\"csc-frame csc-frame-default\"><div class=\"csc-header csc-header-n12\"><h4>Dauer der Ausbildung<\/h4><\/div><p class=\"bodytext\">Die Ausbildung dauert 3 Jahre. Sie kann aber, je nach Ausbildungsvoraussetzung oder Leistungsf\u00e4higkeit, auf 2 oder 2,5 Jahre verk\u00fcrzt werden.<\/p><\/div><div id=\"c4375\" class=\"csc-frame csc-frame-default\"><div class=\"csc-header csc-header-n13\"><h4>Ablauf der Ausbildung<\/h4><\/div><p class=\"bodytext\">Da es sich um eine duale Ausbildung handelt, findet die Ausbildung sowohl in einem Unternehmen als auch in der Berufsschule statt.<\/p><p class=\"bodytext\">Es werden an beiden Ausbildungsorten die notwendigen theoretischen und praktischen F\u00e4higkeiten erlernt und die berufs\u00fcbergreifenden Qualifikationen. Dazu geh\u00f6ren z. B. Fremdsprachen oder Projektplanung. Die Grundkenntnisse sind f\u00fcr alle Fachinformatiker\/innen gleich. Im Laufe der Ausbildung kommen dann die speziellen Fachkenntnisse der jeweiligen Schwerpunkte dazu.<\/p><\/div><div id=\"c645\" class=\"csc-frame csc-frame-default\"><div class=\"csc-header csc-header-n14\"><h4>Ausbildungsverg\u00fctung<\/h4><\/div><p class=\"bodytext\">Die H\u00f6he der Ausbildungsverg\u00fctung ist je nach Wirtschaftsbereich und Region, manchmal sogar je nach Unternehmen sehr unterschiedlich. Die jeweiligen Tarifpartner, also die Arbeitgeberverb\u00e4nde und Gewerkschaften, vereinbaren, wieviel Sie w\u00e4hrend und nach Ihrer Ausbildung verdienen. Sie k\u00f6nnen Ihnen genaue Ausk\u00fcnfte geben. Welcher Arbeitgeberverband bzw. welche Gewerkschaft f\u00fcr Ihren Ausbildungsberuf zust\u00e4ndig ist, erfahren Sie zum Beispiel bei Ihrer Industrie- und Handelskammer, beim Berufsverband oder auch bei der Agentur f\u00fcr Arbeit vor Ort.<\/p><\/div><\/div><\/div><\/div><\/div><\/div><\/div>\t\t\t\t\t\t\t\t<\/div>\n\t\t\t\t<\/div>\n\t\t\t\t\t<\/div>\n\t\t<\/div>\n\t\t\t\t\t<\/div>\n\t\t<\/section>\n\t\t\t\t<section class=\"elementor-section elementor-top-section elementor-element elementor-element-15676499 elementor-section-boxed elementor-section-height-default elementor-section-height-default\" data-id=\"15676499\" data-element_type=\"section\" data-e-type=\"section\">\n\t\t\t\t\t\t<div class=\"elementor-container elementor-column-gap-default\">\n\t\t\t\t\t<div class=\"elementor-column elementor-col-100 elementor-top-column elementor-element elementor-element-436b0fca\" data-id=\"436b0fca\" data-element_type=\"column\" data-e-type=\"column\">\n\t\t\t<div class=\"elementor-widget-wrap elementor-element-populated\">\n\t\t\t\t\t\t<div class=\"elementor-element elementor-element-46855411 elementor-widget elementor-widget-menu-anchor\" data-id=\"46855411\" data-element_type=\"widget\" data-e-type=\"widget\" data-widget_type=\"menu-anchor.default\">\n\t\t\t\t<div class=\"elementor-widget-container\">\n\t\t\t\t\t\t\t<div class=\"elementor-menu-anchor\" id=\"waskannichmachenitsystemelektroniker\"><\/div>\n\t\t\t\t\t\t<\/div>\n\t\t\t\t<\/div>\n\t\t\t\t<div class=\"elementor-element elementor-element-48305a9a elementor-widget elementor-widget-text-editor\" data-id=\"48305a9a\" data-element_type=\"widget\" data-e-type=\"widget\" data-widget_type=\"text-editor.default\">\n\t\t\t\t<div class=\"elementor-widget-container\">\n\t\t\t\t\t\t\t\t\t<div id=\"c430\" class=\"csc-frame csc-frame-default\"><div class=\"csc-header csc-header-n16\"><div id=\"c400\" class=\"csc-frame csc-frame-default\"><div class=\"csc-header csc-header-n15\"><div id=\"c376\" class=\"csc-frame csc-frame-default\"><div class=\"csc-header csc-header-n14\"><div id=\"c646\" class=\"csc-frame csc-frame-default\"><div class=\"csc-header csc-header-n15\"><h3>Was kann ich aus dem Beruf sp\u00e4ter einmal machen?<\/h3><\/div><\/div><div id=\"c647\" class=\"csc-frame csc-frame-default\"><p class=\"bodytext\">Eine berufliche Ausbildung ist der erste Schritt ins Berufsleben. Danach geht&#8217;s weiter, beispielsweise als Industriefachwirt\/-in oder Fachwirt Datenverarbeitung. Ziel kann nat\u00fcrlich auch die berufliche Selbst\u00e4ndigkeit sein.<\/p><p class=\"bodytext\">Klar ist: Keiner muss sein Leben lang immer im gleichen Job dasselbe tun.<\/p><p class=\"bodytext\">Im Gegenteil: Wer heutzutage gute Chancen auf dem Arbeitsmarkt bzw. als selbst\u00e4ndiger Unternehmer haben will, muss flexibel sein und sich regelm\u00e4\u00dfig weiterbilden.<\/p><\/div><div id=\"c649\" class=\"csc-frame csc-frame-default\"><p class=\"bodytext\">Der Umfang an Weiterbildungsprogrammen w\u00e4chst st\u00e4ndig. Es gibt bundesweit eine Vielzahl verschiedener Qualifizierungsm\u00f6glichkeiten; Anbieter sind die Industrie- und Handelskammern, private Schulungszentren, Berufsbildungszentren und -akademien, zum Beispiel die DAA (Deutsche Angestellten Akademie). Dar\u00fcber hinaus gibt es auch innerbetriebliche Weiterbildungen. Diese Angebote sind im Aufbau sehr unterschiedlich; von Vollzeitangeboten \u00fcber ein- bis zweimonatige Intensivkurse bis zum berufsbegleitenden Abendkurs.<\/p><\/div><\/div><\/div><\/div><\/div><\/div><\/div>\t\t\t\t\t\t\t\t<\/div>\n\t\t\t\t<\/div>\n\t\t\t\t\t<\/div>\n\t\t<\/div>\n\t\t\t\t\t<\/div>\n\t\t<\/section>\n\t\t\t\t<section class=\"elementor-section elementor-top-section elementor-element elementor-element-49d9a1f9 elementor-section-boxed elementor-section-height-default elementor-section-height-default\" data-id=\"49d9a1f9\" data-element_type=\"section\" data-e-type=\"section\">\n\t\t\t\t\t\t<div class=\"elementor-container elementor-column-gap-default\">\n\t\t\t\t\t<div class=\"elementor-column elementor-col-100 elementor-top-column elementor-element elementor-element-6ef32053\" data-id=\"6ef32053\" data-element_type=\"column\" data-e-type=\"column\">\n\t\t\t<div class=\"elementor-widget-wrap elementor-element-populated\">\n\t\t\t\t\t\t<div class=\"elementor-element elementor-element-442475c8 elementor-widget elementor-widget-menu-anchor\" data-id=\"442475c8\" data-element_type=\"widget\" data-e-type=\"widget\" data-widget_type=\"menu-anchor.default\">\n\t\t\t\t<div class=\"elementor-widget-container\">\n\t\t\t\t\t\t\t<div class=\"elementor-menu-anchor\" id=\"kurzinfoitsystemelektroniker\"><\/div>\n\t\t\t\t\t\t<\/div>\n\t\t\t\t<\/div>\n\t\t\t\t<div class=\"elementor-element elementor-element-21eab54 elementor-widget elementor-widget-text-editor\" data-id=\"21eab54\" data-element_type=\"widget\" data-e-type=\"widget\" data-widget_type=\"text-editor.default\">\n\t\t\t\t<div class=\"elementor-widget-container\">\n\t\t\t\t\t\t\t\t\t<div id=\"c430\" class=\"csc-frame csc-frame-default\"><div class=\"csc-header csc-header-n16\"><div id=\"c432\" class=\"csc-frame csc-frame-default\"><div class=\"csc-header csc-header-n18\"><div id=\"c432\" class=\"csc-frame csc-frame-default\"><div class=\"csc-header csc-header-n18\"><div id=\"c403\" class=\"csc-frame csc-frame-default\"><div class=\"csc-header csc-header-n18\"><div id=\"c379\" class=\"csc-frame csc-frame-default\"><div class=\"csc-header csc-header-n17\"><div id=\"c651\" class=\"csc-frame csc-frame-default\"><div class=\"csc-header csc-header-n18\"><h3>Kurzinfo<\/h3><\/div><\/div><div id=\"c652\" class=\"csc-frame csc-frame-default\"><div class=\"csc-header csc-header-n19\"><h4>IT-System-Elektroniker&#8230;<\/h4><\/div><p class=\"bodytext\">&#8230; planen und installieren Informations- und Telekommunikationsanlagen, orientieren sich dabei an den Bed\u00fcrfnissen ihrer Kunden (Unternehmen).<\/p><\/div><div id=\"c653\" class=\"csc-frame csc-frame-default\"><div class=\"csc-header csc-header-n20\"><h4>Besonders gut ist &#8230;<\/h4><\/div><p class=\"bodytext\">&#8230; die selbst\u00e4ndige Arbeit, wechselnde Aufgaben, neue technische Entwicklungen kennen zu lernen.<\/p><\/div><div id=\"c654\" class=\"csc-frame csc-frame-default\"><div class=\"csc-header csc-header-n21\"><h4>Bewerber\/-innen sollten &#8230;<\/h4><\/div><p class=\"bodytext\">&#8230; mathematisches und technisches Verst\u00e4ndnis haben, sich f\u00fcr die laufende Entwicklung in der IT-Branche und betriebliche Zusammenh\u00e4nge interessieren.<\/p><\/div><div id=\"c655\" class=\"csc-frame csc-frame-default\"><div class=\"csc-header csc-header-n22\"><h4>Wer bildet aus?<\/h4><\/div><p class=\"bodytext\">Anbieter von Hardwaresystemen und Betreiber von Festnetzen.<\/p><\/div><div id=\"c656\" class=\"csc-frame csc-frame-default\"><div class=\"csc-header csc-header-n23\"><h4>Dauer der Ausbildung?<\/h4><\/div><p class=\"bodytext\">3 Jahre, je nach Ausbildungsvoraussetzung oder Leistungsf\u00e4higkeit kann auf 2 oder 2,5 Jahre verk\u00fcrzt werden.<\/p><\/div><div id=\"c657\" class=\"csc-frame csc-frame-default\"><div class=\"csc-header csc-header-n24\"><h4>Verdienst w\u00e4hrend der Ausbildung und im Beruf?<\/h4><\/div><p class=\"bodytext\">Ausk\u00fcnfte dazu geben Kammer, Arbeitsamt, Berufsverband, Arbeitgeberverband und Gewerkschaft.<\/p><\/div><div id=\"c658\" class=\"csc-frame csc-frame-default\"><div class=\"csc-header csc-header-n25\"><h4>Berufliche Aufstiegschancen?<\/h4><\/div><p class=\"bodytext\">z.B. Ausbilder\/-in, Fachwirt\/-in f\u00fcr Computer-Management. Die Inhalte dieses Berufsbildes beruhen auf Informationen des Bundesministeriums f\u00fcr Wirtschaft und Technologie.<\/p><\/div><\/div><\/div><\/div><\/div><\/div><\/div><\/div><\/div><\/div><\/div>\t\t\t\t\t\t\t\t<\/div>\n\t\t\t\t<\/div>\n\t\t\t\t\t<\/div>\n\t\t<\/div>\n\t\t\t\t\t<\/div>\n\t\t<\/section>\n\t\t\t\t<\/div>","protected":false},"excerpt":{"rendered":"<p>Ansprechpartner:\u00a0Herr Th\u00fcnken Bereichsleiter: Herr Klein Was machen IT-System-Elektroniker\/-innen? F\u00fcr wen ist der Job geeignet? Wie ist die Ausbildung aufgebaut? Was kann ich aus dem Beruf sp\u00e4ter einmal machen? Kurzinfo Was machen IT-System-Elektroniker\/-innen? &#8220;Wir wollen ins Internet, gleichzeitig faxen und jeder Mitarbeiter soll E-Mails verschicken k\u00f6nnen. Au\u00dferdem brauchen wir 25 Telefone mit eigenen Rufnummern.&#8221; Kundenw\u00fcnsche wie [&hellip;]<\/p>\n","protected":false},"author":1,"featured_media":0,"parent":0,"menu_order":0,"comment_status":"closed","ping_status":"closed","template":"","meta":{"footnotes":""},"class_list":["post-1104","page","type-page","status-publish","hentry"],"publishpress_future_action":{"enabled":false,"date":"2026-05-01 18:15:38","action":"change-status","newStatus":"draft","terms":[],"taxonomy":"","extraData":[]},"publishpress_future_workflow_manual_trigger":{"enabledWorkflows":[]},"_links":{"self":[{"href":"https:\/\/cuno-berufskolleg.de\/en\/wp-json\/wp\/v2\/pages\/1104","targetHints":{"allow":["GET"]}}],"collection":[{"href":"https:\/\/cuno-berufskolleg.de\/en\/wp-json\/wp\/v2\/pages"}],"about":[{"href":"https:\/\/cuno-berufskolleg.de\/en\/wp-json\/wp\/v2\/types\/page"}],"author":[{"embeddable":true,"href":"https:\/\/cuno-berufskolleg.de\/en\/wp-json\/wp\/v2\/users\/1"}],"replies":[{"embeddable":true,"href":"https:\/\/cuno-berufskolleg.de\/en\/wp-json\/wp\/v2\/comments?post=1104"}],"version-history":[{"count":5,"href":"https:\/\/cuno-berufskolleg.de\/en\/wp-json\/wp\/v2\/pages\/1104\/revisions"}],"predecessor-version":[{"id":4528,"href":"https:\/\/cuno-berufskolleg.de\/en\/wp-json\/wp\/v2\/pages\/1104\/revisions\/4528"}],"wp:attachment":[{"href":"https:\/\/cuno-berufskolleg.de\/en\/wp-json\/wp\/v2\/media?parent=1104"}],"curies":[{"name":"wp","href":"https:\/\/api.w.org\/{rel}","templated":true}]}}