{"id":1002,"date":"2023-07-18T08:37:14","date_gmt":"2023-07-18T06:37:14","guid":{"rendered":"http:\/\/cuno-berufskolleg.de\/?page_id=1002"},"modified":"2024-05-14T09:58:31","modified_gmt":"2024-05-14T07:58:31","slug":"hoehere-berufsfachschule","status":"publish","type":"page","link":"https:\/\/cuno-berufskolleg.de\/en\/hoehere-berufsfachschule\/","title":{"rendered":"H\u00f6here Berufsfachschule"},"content":{"rendered":"<div data-elementor-type=\"wp-page\" data-elementor-id=\"1002\" class=\"elementor elementor-1002\" data-elementor-post-type=\"page\">\n\t\t\t\t\t\t<section class=\"elementor-section elementor-top-section elementor-element elementor-element-74b6e0c elementor-section-boxed elementor-section-height-default elementor-section-height-default\" data-id=\"74b6e0c\" data-element_type=\"section\" data-e-type=\"section\">\n\t\t\t\t\t\t<div class=\"elementor-container elementor-column-gap-default\">\n\t\t\t\t\t<div class=\"elementor-column elementor-col-100 elementor-top-column elementor-element elementor-element-3e02cb0\" data-id=\"3e02cb0\" data-element_type=\"column\" data-e-type=\"column\">\n\t\t\t<div class=\"elementor-widget-wrap elementor-element-populated\">\n\t\t\t\t\t\t<section class=\"elementor-section elementor-inner-section elementor-element elementor-element-a379078 elementor-section-boxed elementor-section-height-default elementor-section-height-default\" data-id=\"a379078\" data-element_type=\"section\" data-e-type=\"section\">\n\t\t\t\t\t\t<div class=\"elementor-container elementor-column-gap-default\">\n\t\t\t\t\t<div class=\"elementor-column elementor-col-50 elementor-inner-column elementor-element elementor-element-d48372b\" data-id=\"d48372b\" data-element_type=\"column\" data-e-type=\"column\" data-settings=\"{&quot;background_background&quot;:&quot;classic&quot;}\">\n\t\t\t<div class=\"elementor-widget-wrap elementor-element-populated\">\n\t\t\t\t\t<div class=\"elementor-background-overlay\"><\/div>\n\t\t\t\t\t\t<div class=\"elementor-element elementor-element-872fb18 elementor-widget elementor-widget-heading\" data-id=\"872fb18\" data-element_type=\"widget\" data-e-type=\"widget\" data-widget_type=\"heading.default\">\n\t\t\t\t<div class=\"elementor-widget-container\">\n\t\t\t\t\t<h3 class=\"elementor-heading-title elementor-size-default\">Fachhochschulreife, Berufsfeld Elektrotechnik<p>(2-J\u00e4hrig)<\/h3>\t\t\t\t<\/div>\n\t\t\t\t<\/div>\n\t\t\t\t<div class=\"elementor-element elementor-element-4e33d8b elementor-widget-divider--view-line elementor-widget elementor-widget-divider\" data-id=\"4e33d8b\" data-element_type=\"widget\" data-e-type=\"widget\" data-widget_type=\"divider.default\">\n\t\t\t\t<div class=\"elementor-widget-container\">\n\t\t\t\t\t\t\t<div class=\"elementor-divider\">\n\t\t\t<span class=\"elementor-divider-separator\">\n\t\t\t\t\t\t<\/span>\n\t\t<\/div>\n\t\t\t\t\t\t<\/div>\n\t\t\t\t<\/div>\n\t\t\t\t<div class=\"elementor-element elementor-element-62dadf5 elementor-widget elementor-widget-text-editor\" data-id=\"62dadf5\" data-element_type=\"widget\" data-e-type=\"widget\" data-widget_type=\"text-editor.default\">\n\t\t\t\t<div class=\"elementor-widget-container\">\n\t\t\t\t\t\t\t\t\t<p>Diese Form der Berufsfachschule will Schulabg\u00e4ngern der allgemein bildenden Schulen grundlegende berufliche Kenntnisse aus der Elektrotechnik bieten und gleichzeitig die M\u00f6glichkeit schaffen, die Fachhochschulreife zu erwerben.<\/p>\t\t\t\t\t\t\t\t<\/div>\n\t\t\t\t<\/div>\n\t\t\t\t<div class=\"elementor-element elementor-element-f5c467b elementor-align-center elementor-tablet-align-center elementor-widget elementor-widget-button\" data-id=\"f5c467b\" data-element_type=\"widget\" data-e-type=\"widget\" data-widget_type=\"button.default\">\n\t\t\t\t<div class=\"elementor-widget-container\">\n\t\t\t\t\t\t\t\t\t<div class=\"elementor-button-wrapper\">\n\t\t\t\t\t<a class=\"elementor-button elementor-button-link elementor-size-sm\" href=\"http:\/\/cuno-berufskolleg.de\/en\/fachhochschulreife-elektrotechnik\/\">\n\t\t\t\t\t\t<span class=\"elementor-button-content-wrapper\">\n\t\t\t\t\t\t\t\t\t<span class=\"elementor-button-text\">Mehr erfahren<\/span>\n\t\t\t\t\t<\/span>\n\t\t\t\t\t<\/a>\n\t\t\t\t<\/div>\n\t\t\t\t\t\t\t\t<\/div>\n\t\t\t\t<\/div>\n\t\t\t\t\t<\/div>\n\t\t<\/div>\n\t\t\t\t<div class=\"elementor-column elementor-col-50 elementor-inner-column elementor-element elementor-element-693e0e8\" data-id=\"693e0e8\" data-element_type=\"column\" data-e-type=\"column\" data-settings=\"{&quot;background_background&quot;:&quot;classic&quot;}\">\n\t\t\t<div class=\"elementor-widget-wrap elementor-element-populated\">\n\t\t\t\t\t<div class=\"elementor-background-overlay\"><\/div>\n\t\t\t\t\t\t<div class=\"elementor-element elementor-element-bc82b6e elementor-widget elementor-widget-heading\" data-id=\"bc82b6e\" data-element_type=\"widget\" data-e-type=\"widget\" data-widget_type=\"heading.default\">\n\t\t\t\t<div class=\"elementor-widget-container\">\n\t\t\t\t\t<h3 class=\"elementor-heading-title elementor-size-default\">Fachhochschulreife, Berufsfeld Metalltechnik<p>(2-J\u00e4hrig)<\/h3>\t\t\t\t<\/div>\n\t\t\t\t<\/div>\n\t\t\t\t<div class=\"elementor-element elementor-element-ad72b56 elementor-widget-divider--view-line elementor-widget elementor-widget-divider\" data-id=\"ad72b56\" data-element_type=\"widget\" data-e-type=\"widget\" data-widget_type=\"divider.default\">\n\t\t\t\t<div class=\"elementor-widget-container\">\n\t\t\t\t\t\t\t<div class=\"elementor-divider\">\n\t\t\t<span class=\"elementor-divider-separator\">\n\t\t\t\t\t\t<\/span>\n\t\t<\/div>\n\t\t\t\t\t\t<\/div>\n\t\t\t\t<\/div>\n\t\t\t\t<div class=\"elementor-element elementor-element-09ab1a3 elementor-widget elementor-widget-text-editor\" data-id=\"09ab1a3\" data-element_type=\"widget\" data-e-type=\"widget\" data-widget_type=\"text-editor.default\">\n\t\t\t\t<div class=\"elementor-widget-container\">\n\t\t\t\t\t\t\t\t\t<p>Diese Form der Berufsfachschule will Schulabg\u00e4ngern der allgemein bildenden Schulen grundlegende berufliche Kenntnisse aus der Metalltechnik bieten und gleichzeitig die M\u00f6glichkeit schaffen, die Fachhochschulreife zu erwerben.<\/p>\t\t\t\t\t\t\t\t<\/div>\n\t\t\t\t<\/div>\n\t\t\t\t<div class=\"elementor-element elementor-element-752389a elementor-align-center elementor-tablet-align-center elementor-widget elementor-widget-button\" data-id=\"752389a\" data-element_type=\"widget\" data-e-type=\"widget\" data-widget_type=\"button.default\">\n\t\t\t\t<div class=\"elementor-widget-container\">\n\t\t\t\t\t\t\t\t\t<div class=\"elementor-button-wrapper\">\n\t\t\t\t\t<a class=\"elementor-button elementor-button-link elementor-size-sm\" href=\"http:\/\/cuno-berufskolleg.de\/en\/fachhochschulreife-metalltechnik\/\">\n\t\t\t\t\t\t<span class=\"elementor-button-content-wrapper\">\n\t\t\t\t\t\t\t\t\t<span class=\"elementor-button-text\">Mehr erfahren<\/span>\n\t\t\t\t\t<\/span>\n\t\t\t\t\t<\/a>\n\t\t\t\t<\/div>\n\t\t\t\t\t\t\t\t<\/div>\n\t\t\t\t<\/div>\n\t\t\t\t\t<\/div>\n\t\t<\/div>\n\t\t\t\t\t<\/div>\n\t\t<\/section>\n\t\t\t\t\t<\/div>\n\t\t<\/div>\n\t\t\t\t\t<\/div>\n\t\t<\/section>\n\t\t\t\t<\/div>","protected":false},"excerpt":{"rendered":"<p>Fachhochschulreife, Berufsfeld Elektrotechnik (2-J\u00e4hrig) Diese Form der Berufsfachschule will Schulabg\u00e4ngern der allgemein bildenden Schulen grundlegende berufliche Kenntnisse aus der Elektrotechnik bieten und gleichzeitig die M\u00f6glichkeit schaffen, die Fachhochschulreife zu erwerben. Mehr erfahren Fachhochschulreife, Berufsfeld Metalltechnik (2-J\u00e4hrig) Diese Form der Berufsfachschule will Schulabg\u00e4ngern der allgemein bildenden Schulen grundlegende berufliche Kenntnisse aus der Metalltechnik bieten und gleichzeitig [&hellip;]<\/p>\n","protected":false},"author":1,"featured_media":0,"parent":0,"menu_order":0,"comment_status":"closed","ping_status":"closed","template":"","meta":{"footnotes":""},"class_list":["post-1002","page","type-page","status-publish","hentry"],"publishpress_future_action":{"enabled":false,"date":"2026-04-17 13:19:41","action":"change-status","newStatus":"draft","terms":[],"taxonomy":"","extraData":[]},"publishpress_future_workflow_manual_trigger":{"enabledWorkflows":[]},"_links":{"self":[{"href":"https:\/\/cuno-berufskolleg.de\/en\/wp-json\/wp\/v2\/pages\/1002","targetHints":{"allow":["GET"]}}],"collection":[{"href":"https:\/\/cuno-berufskolleg.de\/en\/wp-json\/wp\/v2\/pages"}],"about":[{"href":"https:\/\/cuno-berufskolleg.de\/en\/wp-json\/wp\/v2\/types\/page"}],"author":[{"embeddable":true,"href":"https:\/\/cuno-berufskolleg.de\/en\/wp-json\/wp\/v2\/users\/1"}],"replies":[{"embeddable":true,"href":"https:\/\/cuno-berufskolleg.de\/en\/wp-json\/wp\/v2\/comments?post=1002"}],"version-history":[{"count":3,"href":"https:\/\/cuno-berufskolleg.de\/en\/wp-json\/wp\/v2\/pages\/1002\/revisions"}],"predecessor-version":[{"id":4640,"href":"https:\/\/cuno-berufskolleg.de\/en\/wp-json\/wp\/v2\/pages\/1002\/revisions\/4640"}],"wp:attachment":[{"href":"https:\/\/cuno-berufskolleg.de\/en\/wp-json\/wp\/v2\/media?parent=1002"}],"curies":[{"name":"wp","href":"https:\/\/api.w.org\/{rel}","templated":true}]}}