{"id":998,"date":"2023-07-18T08:36:49","date_gmt":"2023-07-18T06:36:49","guid":{"rendered":"http:\/\/cuno-berufskolleg.de\/?page_id=998"},"modified":"2024-03-11T10:46:12","modified_gmt":"2024-03-11T09:46:12","slug":"berufsfachschule-i","status":"publish","type":"page","link":"http:\/\/cuno-berufskolleg.de\/en\/berufsfachschule-i\/","title":{"rendered":"Berufsfachschule I"},"content":{"rendered":"<div data-elementor-type=\"wp-page\" data-elementor-id=\"998\" class=\"elementor elementor-998\" data-elementor-post-type=\"page\">\n\t\t\t\t\t\t<section class=\"elementor-section elementor-top-section elementor-element elementor-element-304a0c89 elementor-section-boxed elementor-section-height-default elementor-section-height-default\" data-id=\"304a0c89\" data-element_type=\"section\" data-e-type=\"section\">\n\t\t\t\t\t\t<div class=\"elementor-container elementor-column-gap-default\">\n\t\t\t\t\t<div class=\"elementor-column elementor-col-100 elementor-top-column elementor-element elementor-element-61e7c177\" data-id=\"61e7c177\" data-element_type=\"column\" data-e-type=\"column\">\n\t\t\t<div class=\"elementor-widget-wrap elementor-element-populated\">\n\t\t\t\t\t\t<div class=\"elementor-element elementor-element-5d3f7dd7 elementor-widget elementor-widget-text-editor\" data-id=\"5d3f7dd7\" data-element_type=\"widget\" data-e-type=\"widget\" data-widget_type=\"text-editor.default\">\n\t\t\t\t<div class=\"elementor-widget-container\">\n\t\t\t\t\t\t\t\t\t<div><div><div><h4>Fachbereich: Technik\/Naturwissenschaften<\/h4><p><strong>Ansprechpartner:<\/strong>\u00a0\u00a0<a href=\"http:\/\/cuno-berufskolleg.de\/en\/intern\/herr-stegemann\/\">Herr Stegemann<\/a><br \/><strong>Bereichsleiter:<\/strong>\u00a0<a href=\"http:\/\/cuno-berufskolleg.de\/en\/intern\/herr-stegemann\/\">Herr Stegemann<\/a><\/p><\/div><\/div><\/div><div><div><h4>Berufsfeld<\/h4><\/div><p>Metalltechnik (<a href=\"https:\/\/www.schueleranmeldung.de\/ProdB\/Startseiten\/login.aspx\">Anmeldung \u00fcber &#8220;sch\u00fcler online&#8221;<\/a>)<\/p><\/div><div><div><h4>Voraussetzungen<\/h4><\/div><p>&#8230;f\u00fcr die Aufnahme in die Berufsfachschule\u00a0Metalltechnik ist\u00a0die Erf\u00fcllung der allgemeinen Schulpflicht und mindestens der Erste Schulabschluss (nach Klasse 9, vormals Hauptschulabschluss) notwendig.<\/p><\/div><div><div><h4>Ziel<\/h4><\/div><p>Die Berufsfachschule (Typ I) im Berufsfeld Metalltechnik vermittelt in einj\u00e4hriger Vollzeitform berufliche Kenntnisse, F\u00e4higkeiten und Fertigkeiten. Mit Erf\u00fcllung der Anforderungen des Bildungsganges erwerben die Sch\u00fclerinnen und Sch\u00fcler den Erweiterten Ersten Schulabschluss (nach Klasse 10, vormals Hauptschulabschluss nach Klasse 10).<\/p><h4><span style=\"color: inherit; font-family: inherit; font-size: 1.5rem;\">Kosten<\/span><\/h4><\/div><div><p>Es werden weder Kosten noch Pr\u00fcfungsgeb\u00fchren erhoben. Allerdings besteht anteilige Lehrmittelfreiheit, sodass Schulb\u00fccher und andere Lehrmaterialien zum Teil zu beschaffen sind.<\/p><\/div><div><div><h4>Inhalte<\/h4><\/div><p>Der Unterricht in der Berufsfachschule f\u00fcr Metalltechnik umfasst 32 bis 35 Wochenstunden. Die Stundentafel f\u00fcr das Berufsfeld Metalltechnik enth\u00e4lt im berufsbezogenen Lernbereich das Fach Fertigungsprozesse.\u00a0Die F\u00e4cher Mathematik, Englisch und Wirtschaftslehre, Deutsch\/Kommunikation, Religion, Sport und Politik werden zus\u00e4tzlich unterrichtet sowie zwei weitere F\u00e4cher aus dem Differenzierungsbereich.<\/p><\/div><div><div><h4>Organisation<\/h4><\/div><p>Der Unterricht findet in Vollzeitform statt. Sch\u00fclerinnen und Sch\u00fcler, die mit dem Ersten Schulabschluss (Hauptschulabschluss nach Klasse 9) in die Berufsfachschule eintreten, erwerben mit der Erf\u00fcllung der Anforderungen des Bildungsganges den Erweiterten Ersten Schulabschluss (Hauptschule nach Klasse 10).\u00a0<\/p><div><p>Dieser Abschluss berechtigt zum Besuch der\u00a0<a href=\"http:\/\/cuno-berufskolleg.de\/en\/berufsfachschule-ii\/\">Berufsfachschule (TYP II)<\/a>\u00a0in den Berufsfeldern Metalltechnik und Elektrotechnik. Hier werden in einj\u00e4hriger Vollzeitform berufliche Kenntnisse, F\u00e4higkeiten und Fertigkeiten vermittelt und mit Erf\u00fcllung der Anforderungen des Bildungsganges der mittlere Schulabschluss (Fachoberschulreife), ggf. mit der Berechtigung zum Besuch der gymnasialen Oberstufe erreicht.<\/p><\/div><div><div><span style=\"color: var( --e-global-color-b8ee05b ); font-family: var( --e-global-typography-text-font-family ), Sans-serif; font-weight: var( --e-global-typography-text-font-weight ); font-size: 1rem;\">Der Besuch des Bildungsgangs der Berufsfachschule ist <\/span><strong style=\"color: var( --e-global-color-b8ee05b ); font-family: var( --e-global-typography-text-font-family ), Sans-serif; font-size: 1rem;\">freiwillig<\/strong><span style=\"color: var( --e-global-color-b8ee05b ); font-family: var( --e-global-typography-text-font-family ), Sans-serif; font-weight: var( --e-global-typography-text-font-weight ); font-size: 1rem;\">. Daher m\u00fcssen sich die Sch\u00fclerinnen und Sch\u00fcler f\u00fcr diesen Bildungsgang mit Lebenslauf, dem letzten Zeugnis und der Anschlussvereinbarung aus dem Projekt &#8220;Kein Abschluss ohne Anschluss&#8221; bewerben. Die Anmeldung \u00fcber\u00a0<\/span><a style=\"font-family: var( --e-global-typography-text-font-family ), Sans-serif; font-weight: var( --e-global-typography-text-font-weight ); background-color: #ffffff; font-size: 1rem;\" href=\"https:\/\/www.schueleranmeldung.de\/ProdB\/Startseiten\/login.aspx\">&#8220;sch\u00fcler online&#8221;<\/a><span style=\"color: var( --e-global-color-b8ee05b ); font-family: var( --e-global-typography-text-font-family ), Sans-serif; font-weight: var( --e-global-typography-text-font-weight ); font-size: 1rem;\">\u00a0 und die Abgabe der Unterlagen, hat bis sp\u00e4testens zwei Wochen nach dem Erhalt der Halbjahreszeugnisse zu erfolgen. <\/span><span style=\"color: var( --e-global-color-b8ee05b ); font-family: var( --e-global-typography-text-font-family ), Sans-serif; font-weight: var( --e-global-typography-text-font-weight ); font-size: 1rem;\">Den genauen Anmeldzeitraum entnehmen Sie bitte der Seite &#8220;<\/span><a style=\"font-family: var( --e-global-typography-text-font-family ), Sans-serif; font-weight: var( --e-global-typography-text-font-weight ); background-color: #ffffff; font-size: 1rem;\" href=\"https:\/\/www.schueleranmeldung.de\/ProdB\/Startseiten\/login.aspx\">sch\u00fcler online<\/a><span style=\"color: var( --e-global-color-b8ee05b ); font-family: var( --e-global-typography-text-font-family ), Sans-serif; font-weight: var( --e-global-typography-text-font-weight ); font-size: 1rem;\">&#8220;.<\/span><\/div><\/div><\/div>\t\t\t\t\t\t\t\t<\/div>\n\t\t\t\t<\/div>\n\t\t\t\t\t<\/div>\n\t\t<\/div>\n\t\t\t\t\t<\/div>\n\t\t<\/section>\n\t\t<div class=\"elementor-element elementor-element-06138fd e-flex e-con-boxed e-con e-parent\" data-id=\"06138fd\" data-element_type=\"container\" data-e-type=\"container\">\n\t\t\t\t\t<div class=\"e-con-inner\">\n\t\t\t\t<div class=\"elementor-element elementor-element-32b0fd0 elementor-hidden-desktop elementor-hidden-tablet elementor-hidden-mobile elementor-widget elementor-widget-html\" data-id=\"32b0fd0\" data-element_type=\"widget\" data-e-type=\"widget\" data-widget_type=\"html.default\">\n\t\t\t\t<div class=\"elementor-widget-container\">\n\t\t\t\t\t<iframe width=\"560\" height=\"315\" src=\"https:\/\/www.youtube-nocookie.com\/embed\/bOdVVrRVpoQ\" title=\"YouTube video player\" frameborder=\"0\" allow=\"accelerometer; autoplay; clipboard-write; encrypted-media; gyroscope; picture-in-picture; web-share\" allowfullscreen><\/iframe>\t\t\t\t<\/div>\n\t\t\t\t<\/div>\n\t\t\t\t\t<\/div>\n\t\t\t\t<\/div>\n\t\t\t\t<\/div>","protected":false},"excerpt":{"rendered":"<p>Fachbereich: Technik\/Naturwissenschaften Ansprechpartner:\u00a0\u00a0Herr StegemannBereichsleiter:\u00a0Herr Stegemann Berufsfeld Metalltechnik (Anmeldung \u00fcber &#8220;sch\u00fcler online&#8221;) Voraussetzungen &#8230;f\u00fcr die Aufnahme in die Berufsfachschule\u00a0Metalltechnik ist\u00a0die Erf\u00fcllung der allgemeinen Schulpflicht und mindestens der Erste Schulabschluss (nach Klasse 9, vormals Hauptschulabschluss) notwendig. Ziel Die Berufsfachschule (Typ I) im Berufsfeld Metalltechnik vermittelt in einj\u00e4hriger Vollzeitform berufliche Kenntnisse, F\u00e4higkeiten und Fertigkeiten. Mit Erf\u00fcllung der Anforderungen [&hellip;]<\/p>\n","protected":false},"author":1,"featured_media":0,"parent":0,"menu_order":0,"comment_status":"closed","ping_status":"closed","template":"","meta":{"footnotes":""},"class_list":["post-998","page","type-page","status-publish","hentry"],"publishpress_future_action":{"enabled":false,"date":"2026-04-12 19:08:38","action":"change-status","newStatus":"draft","terms":[],"taxonomy":"","extraData":[]},"publishpress_future_workflow_manual_trigger":{"enabledWorkflows":[]},"_links":{"self":[{"href":"http:\/\/cuno-berufskolleg.de\/en\/wp-json\/wp\/v2\/pages\/998","targetHints":{"allow":["GET"]}}],"collection":[{"href":"http:\/\/cuno-berufskolleg.de\/en\/wp-json\/wp\/v2\/pages"}],"about":[{"href":"http:\/\/cuno-berufskolleg.de\/en\/wp-json\/wp\/v2\/types\/page"}],"author":[{"embeddable":true,"href":"http:\/\/cuno-berufskolleg.de\/en\/wp-json\/wp\/v2\/users\/1"}],"replies":[{"embeddable":true,"href":"http:\/\/cuno-berufskolleg.de\/en\/wp-json\/wp\/v2\/comments?post=998"}],"version-history":[{"count":5,"href":"http:\/\/cuno-berufskolleg.de\/en\/wp-json\/wp\/v2\/pages\/998\/revisions"}],"predecessor-version":[{"id":4204,"href":"http:\/\/cuno-berufskolleg.de\/en\/wp-json\/wp\/v2\/pages\/998\/revisions\/4204"}],"wp:attachment":[{"href":"http:\/\/cuno-berufskolleg.de\/en\/wp-json\/wp\/v2\/media?parent=998"}],"curies":[{"name":"wp","href":"https:\/\/api.w.org\/{rel}","templated":true}]}}