{"id":992,"date":"2023-07-18T08:36:09","date_gmt":"2023-07-18T06:36:09","guid":{"rendered":"http:\/\/cuno-berufskolleg.de\/?page_id=992"},"modified":"2024-03-12T08:43:56","modified_gmt":"2024-03-12T07:43:56","slug":"fachangestellte-fuer-baederbetriebe","status":"publish","type":"page","link":"http:\/\/cuno-berufskolleg.de\/en\/fachangestellte-fuer-baederbetriebe\/","title":{"rendered":"Fachangestellte f\u00fcr B\u00e4derbetriebe"},"content":{"rendered":"<div data-elementor-type=\"wp-page\" data-elementor-id=\"992\" class=\"elementor elementor-992\" data-elementor-post-type=\"page\">\n\t\t\t\t\t\t<section class=\"elementor-section elementor-top-section elementor-element elementor-element-5c39242f elementor-section-boxed elementor-section-height-default elementor-section-height-default\" data-id=\"5c39242f\" data-element_type=\"section\" data-e-type=\"section\">\n\t\t\t\t\t\t<div class=\"elementor-container elementor-column-gap-default\">\n\t\t\t\t\t<div class=\"elementor-column elementor-col-100 elementor-top-column elementor-element elementor-element-623ce0ab\" data-id=\"623ce0ab\" data-element_type=\"column\" data-e-type=\"column\">\n\t\t\t<div class=\"elementor-widget-wrap elementor-element-populated\">\n\t\t\t\t\t\t<div class=\"elementor-element elementor-element-600610ef elementor-widget elementor-widget-text-editor\" data-id=\"600610ef\" data-element_type=\"widget\" data-e-type=\"widget\" data-widget_type=\"text-editor.default\">\n\t\t\t\t<div class=\"elementor-widget-container\">\n\t\t\t\t\t\t\t\t\t<div id=\"c1027\" class=\"csc-frame csc-frame-default\"><div class=\"csc-textpic csc-textpic-intext-right\"><div class=\"csc-textpic-imagewrap\" data-csc-images=\"1\" data-csc-cols=\"1\"><figure id=\"attachment_3756\" aria-describedby=\"caption-attachment-3756\" style=\"width: 300px\" class=\"wp-caption alignright\"><a href=\"https:\/\/web.arbeitsagentur.de\/berufenet\/beruf\/9496\" target=\"_blank\" rel=\"noopener\"><img decoding=\"async\" class=\"wp-image-3756 size-medium\" src=\"http:\/\/cuno-berufskolleg.de\/wp-content\/uploads\/2024\/02\/Logo_Berufenet-300x76.jpg\" alt=\"\" width=\"300\" height=\"76\" \/><\/a><figcaption id=\"caption-attachment-3756\" class=\"wp-caption-text\">Weitere Informationen finden Sie hier<\/figcaption><\/figure><strong>Ansprechpartner:<\/strong> <a href=\"http:\/\/cuno-berufskolleg.de\/en\/intern\/herr-h-westermeyer\/\">Herr H. Westermeyer<\/a><\/div><div class=\"csc-textpic-text\"><p class=\"bodytext\"><strong>Bereichsleiter:<\/strong>\u00a0<a href=\"http:\/\/cuno-berufskolleg.de\/en\/intern\/herr-eckerle\/\">Herr Eckerle<\/a><\/p><\/div><\/div><\/div><div id=\"c1028\" class=\"csc-frame csc-frame-default\"><div><ul><li><a class=\"internal-link\" title=\"Opens internal link in current window\" href=\"#wasmachtbad\">Was machen Fachangestellte f\u00fcr B\u00e4derbetriebe?<\/a><\/li><li><a class=\"internal-link\" title=\"Opens internal link in current window\" href=\"#fuerwenbad\">F\u00fcr wen ist der Job geeignet?<\/a><\/li><li><a class=\"internal-link\" title=\"Opens internal link in current window\" href=\"#wasistgutbad\">Was ist besonders gut?<\/a><\/li><li><a class=\"internal-link\" title=\"Opens internal link in current window\" href=\"#ausbildungaufgebautbad\">Wie ist die Ausbildung aufgebaut?<\/a><\/li><li><a class=\"internal-link\" title=\"Opens internal link in current window\" href=\"#waskannichmachenbad\">Was kann ich aus dem Beruf sp\u00e4ter einmal machen?<\/a><\/li><li><a class=\"internal-link\" title=\"Opens internal link in current window\" href=\"#kurzinfobad\">Kurzinfo<\/a><\/li><\/ul><\/div><\/div>\t\t\t\t\t\t\t\t<\/div>\n\t\t\t\t<\/div>\n\t\t\t\t\t<\/div>\n\t\t<\/div>\n\t\t\t\t\t<\/div>\n\t\t<\/section>\n\t\t\t\t<section class=\"elementor-section elementor-top-section elementor-element elementor-element-185608f7 elementor-section-boxed elementor-section-height-default elementor-section-height-default\" data-id=\"185608f7\" data-element_type=\"section\" data-e-type=\"section\">\n\t\t\t\t\t\t<div class=\"elementor-container elementor-column-gap-default\">\n\t\t\t\t\t<div class=\"elementor-column elementor-col-100 elementor-top-column elementor-element elementor-element-1cec39d\" data-id=\"1cec39d\" data-element_type=\"column\" data-e-type=\"column\">\n\t\t\t<div class=\"elementor-widget-wrap elementor-element-populated\">\n\t\t\t\t\t\t<div class=\"elementor-element elementor-element-30141f46 elementor-widget elementor-widget-menu-anchor\" data-id=\"30141f46\" data-element_type=\"widget\" data-e-type=\"widget\" data-widget_type=\"menu-anchor.default\">\n\t\t\t\t<div class=\"elementor-widget-container\">\n\t\t\t\t\t\t\t<div class=\"elementor-menu-anchor\" id=\"wasmachtbad\"><\/div>\n\t\t\t\t\t\t<\/div>\n\t\t\t\t<\/div>\n\t\t\t\t<div class=\"elementor-element elementor-element-3a555fa2 elementor-widget elementor-widget-text-editor\" data-id=\"3a555fa2\" data-element_type=\"widget\" data-e-type=\"widget\" data-widget_type=\"text-editor.default\">\n\t\t\t\t<div class=\"elementor-widget-container\">\n\t\t\t\t\t\t\t\t\t<div id=\"c418\" class=\"csc-frame csc-frame-default\"><div class=\"csc-header csc-header-n4\"><div id=\"c388\" class=\"csc-frame csc-frame-default\"><div class=\"csc-header csc-header-n4\"><div id=\"c366\" class=\"csc-frame csc-frame-default\"><div class=\"csc-header csc-header-n4\"><div id=\"c3236\" class=\"csc-frame csc-frame-default\"><div class=\"csc-header csc-header-n3\"><div id=\"c1029\" class=\"csc-frame csc-frame-default\"><div class=\"csc-header csc-header-n3\"><h3>Was machen Fachangestellte f\u00fcr B\u00e4derbetriebe?<\/h3><\/div><p class=\"bodytext\">Im Sommer ist das Freibad zum \u00dcberlaufen voll. Alt und jung, Schwimmer und Nicht-Schwimmer, \u00c4ngstliche und \u00dcberm\u00fctige ? es ist ganz sch\u00f6n was los. Fachangestellte f\u00fcr B\u00e4derbetriebe m\u00fcssen aber gerade an diesen hei\u00dfen Sommertagen einen k\u00fchlen Kopf bewahren. Sie achten darauf, dass sich alle Badeg\u00e4ste so verhalten, damit es weder im Wasser noch auf der Liegewiese zu Unf\u00e4llen kommt. Sie \u00fcberpr\u00fcfen t\u00e4glich Qualit\u00e4t die Temperatur des Beckenwassers und achten darauf, dass alle technischen Anlagen einwandfrei funktionieren. Ihr Arbeitsplatz ist nat\u00fcrlich nicht nur in Freib\u00e4dern, sondern auch in Hallen- und Strandb\u00e4dern.<\/p><\/div><div id=\"c1030\" class=\"csc-frame csc-frame-default\"><div class=\"csc-header csc-header-n4\"><h4>Fachangestellte f\u00fcr B\u00e4derbetriebe &#8230;<\/h4><\/div><ul class=\"ce-bullets ce-bullets-0\"><li>beaufsichtigen den Badebetrieb<\/li><li>betreuen Besucher von Hallen-, Frei- und Strandb\u00e4dern sowie Saunabetrieben<\/li><li>bringen Anf\u00e4ngern und Fortgeschrittenen Schwimmen, Tauchen und Springen bei<\/li><li>beherrschen Erste Hilfe und Wiederbelebungsma\u00dfnahmen<\/li><li>messen z.B. Temperatur oder pH-Wert und achten auf die Wasserqualit\u00e4t<\/li><li>kontrollieren und sichern den technischen Betriebsablauf, z.B. die technischen Anlagen zur Badewasseraufbereitung<\/li><li>pflegen und warten b\u00e4der- und freizeittechnische Einrichtungen, wie z.B. Spielger\u00e4te, Liegen<\/li><li>f\u00fchren Verwaltungsarbeiten, wie z.B. Schriftverkehr, einfache Buchungen, Zahlungsverkehr<\/li><li>wirken bei der Gestaltung von Freizeitprogrammen und Werbema\u00dfnahmen mit<\/li><\/ul><\/div><div id=\"c1031\" class=\"csc-frame csc-frame-default\"><div class=\"csc-header csc-header-n5\"><h4>Fachangestellte f\u00fcr B\u00e4derbetriebe arbeiten f\u00fcr &#8230;<\/h4><\/div><p class=\"bodytext\">Fachangestellte f\u00fcr B\u00e4derbetriebe arbeiten f\u00fcr &#8230;<\/p><ul><li>Hallenb\u00e4der<\/li><li>Frei- und Naturb\u00e4der<\/li><li>Strandb\u00e4der<\/li><\/ul><\/div><div id=\"c1032\" class=\"csc-frame csc-frame-default\"><p class=\"bodytext\">Dort werden sie in der Regel auch ausgebildet.<\/p><\/div><\/div><\/div><\/div><\/div><\/div><\/div><\/div><\/div>\t\t\t\t\t\t\t\t<\/div>\n\t\t\t\t<\/div>\n\t\t\t\t\t<\/div>\n\t\t<\/div>\n\t\t\t\t\t<\/div>\n\t\t<\/section>\n\t\t\t\t<section class=\"elementor-section elementor-top-section elementor-element elementor-element-7e69c07a elementor-section-boxed elementor-section-height-default elementor-section-height-default\" data-id=\"7e69c07a\" data-element_type=\"section\" data-e-type=\"section\">\n\t\t\t\t\t\t<div class=\"elementor-container elementor-column-gap-default\">\n\t\t\t\t\t<div class=\"elementor-column elementor-col-100 elementor-top-column elementor-element elementor-element-4f04a3d8\" data-id=\"4f04a3d8\" data-element_type=\"column\" data-e-type=\"column\">\n\t\t\t<div class=\"elementor-widget-wrap elementor-element-populated\">\n\t\t\t\t\t\t<div class=\"elementor-element elementor-element-2c024a36 elementor-widget elementor-widget-menu-anchor\" data-id=\"2c024a36\" data-element_type=\"widget\" data-e-type=\"widget\" data-widget_type=\"menu-anchor.default\">\n\t\t\t\t<div class=\"elementor-widget-container\">\n\t\t\t\t\t\t\t<div class=\"elementor-menu-anchor\" id=\"fuerwenbad\"><\/div>\n\t\t\t\t\t\t<\/div>\n\t\t\t\t<\/div>\n\t\t\t\t<div class=\"elementor-element elementor-element-76491695 elementor-widget elementor-widget-text-editor\" data-id=\"76491695\" data-element_type=\"widget\" data-e-type=\"widget\" data-widget_type=\"text-editor.default\">\n\t\t\t\t<div class=\"elementor-widget-container\">\n\t\t\t\t\t\t\t\t\t<div id=\"c423\" class=\"csc-frame csc-frame-default\"><div class=\"csc-header csc-header-n9\"><div id=\"c393\" class=\"csc-frame csc-frame-default\"><div class=\"csc-header csc-header-n8\"><div id=\"c370\" class=\"csc-frame csc-frame-default\"><div class=\"csc-header csc-header-n8\"><div id=\"c3216\" class=\"csc-frame csc-frame-default\"><div class=\"csc-header csc-header-n11\"><div id=\"c1033\" class=\"csc-frame csc-frame-default\"><div class=\"csc-header csc-header-n7\"><h3>F\u00fcr wen ist der Job geeignet?<\/h3><\/div><\/div><div id=\"c1034\" class=\"csc-frame csc-frame-default\"><div class=\"csc-header csc-header-n8\"><h4>Bewerber sollten &#8230;<\/h4><\/div><ul class=\"ce-bullets ce-bullets-0\"><li>hilfsbereit sein und gerne mit Menschen umgehen<\/li><li>verantwortungsbewusst arbeiten<\/li><li>k\u00f6rperlich fit sein<\/li><\/ul><\/div><\/div><\/div><\/div><\/div><\/div><\/div><\/div><\/div>\t\t\t\t\t\t\t\t<\/div>\n\t\t\t\t<\/div>\n\t\t\t\t\t<\/div>\n\t\t<\/div>\n\t\t\t\t\t<\/div>\n\t\t<\/section>\n\t\t\t\t<section class=\"elementor-section elementor-top-section elementor-element elementor-element-6ed4ef58 elementor-section-boxed elementor-section-height-default elementor-section-height-default\" data-id=\"6ed4ef58\" data-element_type=\"section\" data-e-type=\"section\">\n\t\t\t\t\t\t<div class=\"elementor-container elementor-column-gap-default\">\n\t\t\t\t\t<div class=\"elementor-column elementor-col-100 elementor-top-column elementor-element elementor-element-3d7b30b\" data-id=\"3d7b30b\" data-element_type=\"column\" data-e-type=\"column\">\n\t\t\t<div class=\"elementor-widget-wrap elementor-element-populated\">\n\t\t\t\t\t\t<div class=\"elementor-element elementor-element-7a14e143 elementor-widget elementor-widget-menu-anchor\" data-id=\"7a14e143\" data-element_type=\"widget\" data-e-type=\"widget\" data-widget_type=\"menu-anchor.default\">\n\t\t\t\t<div class=\"elementor-widget-container\">\n\t\t\t\t\t\t\t<div class=\"elementor-menu-anchor\" id=\"wasistgutbad\"><\/div>\n\t\t\t\t\t\t<\/div>\n\t\t\t\t<\/div>\n\t\t\t\t<div class=\"elementor-element elementor-element-548101ea elementor-widget elementor-widget-text-editor\" data-id=\"548101ea\" data-element_type=\"widget\" data-e-type=\"widget\" data-widget_type=\"text-editor.default\">\n\t\t\t\t<div class=\"elementor-widget-container\">\n\t\t\t\t\t\t\t\t\t<div class=\"csc-header csc-header-n11\"><div class=\"csc-header csc-header-n10\"><div class=\"csc-header csc-header-n10\"><div class=\"csc-header csc-header-n13\"><div class=\"csc-header csc-header-n9\"><h3>Was ist besonders gut?<\/h3><\/div><ul class=\"ce-bullets ce-bullets-0\"><li>eine vielseitige T\u00e4tigkeit, bei der man mit unterschiedlichen Menschen zu tun hat<\/li><li>genau das Richtige f\u00fcr &#8220;Wasserratten&#8221;<\/li><li>technische, naturwissenschaftliche und kommunikative T\u00e4tigkeit bewirken einen abwechslungsreichen Arbeitsalltag<\/li><\/ul><\/div><\/div><\/div><\/div>\t\t\t\t\t\t\t\t<\/div>\n\t\t\t\t<\/div>\n\t\t\t\t\t<\/div>\n\t\t<\/div>\n\t\t\t\t\t<\/div>\n\t\t<\/section>\n\t\t\t\t<section class=\"elementor-section elementor-top-section elementor-element elementor-element-540a218d elementor-section-boxed elementor-section-height-default elementor-section-height-default\" data-id=\"540a218d\" data-element_type=\"section\" data-e-type=\"section\">\n\t\t\t\t\t\t<div class=\"elementor-container elementor-column-gap-default\">\n\t\t\t\t\t<div class=\"elementor-column elementor-col-100 elementor-top-column elementor-element elementor-element-3ded87c1\" data-id=\"3ded87c1\" data-element_type=\"column\" data-e-type=\"column\">\n\t\t\t<div class=\"elementor-widget-wrap elementor-element-populated\">\n\t\t\t\t\t\t<div class=\"elementor-element elementor-element-71497b6b elementor-widget elementor-widget-menu-anchor\" data-id=\"71497b6b\" data-element_type=\"widget\" data-e-type=\"widget\" data-widget_type=\"menu-anchor.default\">\n\t\t\t\t<div class=\"elementor-widget-container\">\n\t\t\t\t\t\t\t<div class=\"elementor-menu-anchor\" id=\"ausbildungaufgebautbad\"><\/div>\n\t\t\t\t\t\t<\/div>\n\t\t\t\t<\/div>\n\t\t\t\t<div class=\"elementor-element elementor-element-556fb7b4 elementor-widget elementor-widget-text-editor\" data-id=\"556fb7b4\" data-element_type=\"widget\" data-e-type=\"widget\" data-widget_type=\"text-editor.default\">\n\t\t\t\t<div class=\"elementor-widget-container\">\n\t\t\t\t\t\t\t\t\t<div id=\"c426\" class=\"csc-frame csc-frame-default\"><div class=\"csc-header csc-header-n12\"><div id=\"c396\" class=\"csc-frame csc-frame-default\"><div class=\"csc-header csc-header-n11\"><div id=\"c373\" class=\"csc-frame csc-frame-default\"><div class=\"csc-header csc-header-n11\"><div id=\"c3210\" class=\"csc-frame csc-frame-default\"><div class=\"csc-header csc-header-n14\"><div id=\"c1036\" class=\"csc-frame csc-frame-default\"><div class=\"csc-header csc-header-n10\"><h3>Wie ist die Ausbildung aufgebaut?<\/h3><\/div><\/div><div id=\"c1037\" class=\"csc-frame csc-frame-default\"><div class=\"csc-header csc-header-n11\"><h4>Zugangsvoraussetzung<\/h4><\/div><p class=\"bodytext\">Grunds\u00e4tzlich ist keine bestimmte Vorbildung f\u00fcr den Lehrbeginn vorgeschrieben. Die meisten Betriebe erwarten aber die Fachoberschulreife (Mittlere Reife).\u00a0In der Mitte des zweiten Ausbildungsjahres findet eine Zwischenpr\u00fcfung statt. Die Ausbildung endet nach drei Jahren mit bestandener theoretischer und praktischer Abschlusspr\u00fcfung.<\/p><\/div><div id=\"c1038\" class=\"csc-frame csc-frame-default\"><div class=\"csc-header csc-header-n12\"><h4>Ausbildungsverg\u00fctung<\/h4><\/div><p class=\"bodytext\">Die H\u00f6he der Ausbildungsverg\u00fctung ist je nach Wirtschaftsbereich und Region sehr unterschiedlich. Die jeweiligen Tarifpartner, also die Arbeitgeberverb\u00e4nde und Gewerkschaften, vereinbaren, wie viel man w\u00e4hrend und nach der Ausbildung verdienen. Sie k\u00f6nnen Ihnen genaue Ausk\u00fcnfte geben. Welche Gewerkschaft f\u00fcr Ihren Ausbildungsberuf zust\u00e4ndig ist, erfahren Sie zum Beispiel bei der Industrie- und Handelskammer, beim Berufsverband, beim Arbeitsamt vor Ort.<\/p><\/div><\/div><\/div><\/div><\/div><\/div><\/div><\/div><\/div>\t\t\t\t\t\t\t\t<\/div>\n\t\t\t\t<\/div>\n\t\t\t\t\t<\/div>\n\t\t<\/div>\n\t\t\t\t\t<\/div>\n\t\t<\/section>\n\t\t\t\t<section class=\"elementor-section elementor-top-section elementor-element elementor-element-266763ad elementor-section-boxed elementor-section-height-default elementor-section-height-default\" data-id=\"266763ad\" data-element_type=\"section\" data-e-type=\"section\">\n\t\t\t\t\t\t<div class=\"elementor-container elementor-column-gap-default\">\n\t\t\t\t\t<div class=\"elementor-column elementor-col-100 elementor-top-column elementor-element elementor-element-74883b6e\" data-id=\"74883b6e\" data-element_type=\"column\" data-e-type=\"column\">\n\t\t\t<div class=\"elementor-widget-wrap elementor-element-populated\">\n\t\t\t\t\t\t<div class=\"elementor-element elementor-element-56dd9454 elementor-widget elementor-widget-menu-anchor\" data-id=\"56dd9454\" data-element_type=\"widget\" data-e-type=\"widget\" data-widget_type=\"menu-anchor.default\">\n\t\t\t\t<div class=\"elementor-widget-container\">\n\t\t\t\t\t\t\t<div class=\"elementor-menu-anchor\" id=\"waskannichmachenbad\"><\/div>\n\t\t\t\t\t\t<\/div>\n\t\t\t\t<\/div>\n\t\t\t\t<div class=\"elementor-element elementor-element-56ac1bdf elementor-widget elementor-widget-text-editor\" data-id=\"56ac1bdf\" data-element_type=\"widget\" data-e-type=\"widget\" data-widget_type=\"text-editor.default\">\n\t\t\t\t<div class=\"elementor-widget-container\">\n\t\t\t\t\t\t\t\t\t<div id=\"c430\" class=\"csc-frame csc-frame-default\"><div class=\"csc-header csc-header-n16\"><div id=\"c400\" class=\"csc-frame csc-frame-default\"><div class=\"csc-header csc-header-n15\"><div id=\"c376\" class=\"csc-frame csc-frame-default\"><div class=\"csc-header csc-header-n14\"><div id=\"c3204\" class=\"csc-frame csc-frame-default\"><div class=\"csc-header csc-header-n17\"><div id=\"c1039\" class=\"csc-frame csc-frame-default\"><div class=\"csc-header csc-header-n13\"><h3>Was kann ich aus dem Beruf sp\u00e4ter einmal machen?<\/h3><\/div><p class=\"bodytext\">Eine berufliche Ausbildung ist der erste Schritt ins Berufsleben. Danach geht es weiter, beispielsweise als gepr\u00fcfter Meister f\u00fcr B\u00e4derbetriebe.\u00a0Klar ist: Keiner muss sein Leben lang immer im gleichen Job dasselbe tun. Im Gegenteil: Wer heutzutage gute Chancen auf dem Arbeitsmarkt haben will, muss flexibel sein und sich regelm\u00e4\u00dfig weiterbilden. Es gibt jede Menge Lehrg\u00e4nge, Kurse oder Seminare, um sich zu spezialisieren, z.B.<\/p><ul><li>Schwimmbadtechnik<\/li><li>Hygiene in B\u00e4dern<\/li><li>Touristik<\/li><\/ul><\/div><div id=\"c1040\" class=\"csc-frame csc-frame-default\"><p class=\"bodytext\">Unter bestimmten Voraussetzungen, z.B. mehrj\u00e4hriger Berufserfahrung, sind verschiedene Fort- und Weiterbildungen m\u00f6glich, u.a.:<\/p><ul><li>Ausbilder\/-in (verantwortlich f\u00fcr die Ausbildung von Azubis)<\/li><li>Gepr\u00fcfte\/r Meister\/-in f\u00fcr B\u00e4derbetriebe<\/li><li>Saunameister\/-in<\/li><\/ul><\/div><div id=\"c1041\" class=\"csc-frame csc-frame-default\"><p class=\"bodytext\">Nach dem Besuch einer Fachoberschule ist das Studium an einer Fachhochschule (FH) m\u00f6glich, u.a.:<\/p><ul><li>Dipl.-Ingenieur\/-in<\/li><\/ul><\/div><\/div><\/div><\/div><\/div><\/div><\/div><\/div><\/div>\t\t\t\t\t\t\t\t<\/div>\n\t\t\t\t<\/div>\n\t\t\t\t\t<\/div>\n\t\t<\/div>\n\t\t\t\t\t<\/div>\n\t\t<\/section>\n\t\t\t\t<section class=\"elementor-section elementor-top-section elementor-element elementor-element-77856a1a elementor-section-boxed elementor-section-height-default elementor-section-height-default\" data-id=\"77856a1a\" data-element_type=\"section\" data-e-type=\"section\">\n\t\t\t\t\t\t<div class=\"elementor-container elementor-column-gap-default\">\n\t\t\t\t\t<div class=\"elementor-column elementor-col-100 elementor-top-column elementor-element elementor-element-6a4727f1\" data-id=\"6a4727f1\" data-element_type=\"column\" data-e-type=\"column\">\n\t\t\t<div class=\"elementor-widget-wrap elementor-element-populated\">\n\t\t\t\t\t\t<div class=\"elementor-element elementor-element-5c72d19 elementor-widget elementor-widget-menu-anchor\" data-id=\"5c72d19\" data-element_type=\"widget\" data-e-type=\"widget\" data-widget_type=\"menu-anchor.default\">\n\t\t\t\t<div class=\"elementor-widget-container\">\n\t\t\t\t\t\t\t<div class=\"elementor-menu-anchor\" id=\"kurzinfobad\"><\/div>\n\t\t\t\t\t\t<\/div>\n\t\t\t\t<\/div>\n\t\t\t\t<div class=\"elementor-element elementor-element-26cd2631 elementor-widget elementor-widget-text-editor\" data-id=\"26cd2631\" data-element_type=\"widget\" data-e-type=\"widget\" data-widget_type=\"text-editor.default\">\n\t\t\t\t<div class=\"elementor-widget-container\">\n\t\t\t\t\t\t\t\t\t<div id=\"c430\" class=\"csc-frame csc-frame-default\"><div class=\"csc-header csc-header-n16\"><div id=\"c432\" class=\"csc-frame csc-frame-default\"><div class=\"csc-header csc-header-n18\"><div id=\"c432\" class=\"csc-frame csc-frame-default\"><div class=\"csc-header csc-header-n18\"><div id=\"c403\" class=\"csc-frame csc-frame-default\"><div class=\"csc-header csc-header-n18\"><div id=\"c379\" class=\"csc-frame csc-frame-default\"><div class=\"csc-header csc-header-n17\"><div id=\"c3192\" class=\"csc-frame csc-frame-default\"><div class=\"csc-header csc-header-n23\"><div id=\"c1042\" class=\"csc-frame csc-frame-default\"><div class=\"csc-header csc-header-n16\"><h3>Kurzinfo<\/h3><\/div><\/div><div id=\"c1043\" class=\"csc-frame csc-frame-default\"><div class=\"csc-header csc-header-n17\"><h4>Fachangestellte f\u00fcr B\u00e4derbetriebe &#8230;<\/h4><\/div><p class=\"bodytext\">&#8230; beaufsichtigen den Badebetrieb, kontrollieren und sichern den technischen Betriebsablauf, z.B. die technischen Anlagen zur Badewasseraufbereitung<\/p><\/div><div id=\"c1044\" class=\"csc-frame csc-frame-default\"><div class=\"csc-header csc-header-n18\"><h4>Besonders gut ist &#8230;<\/h4><\/div><p class=\"bodytext\">&#8230; dass es eine vielseitige T\u00e4tigkeit ist, bei der man mit unterschiedlichen Menschen zu tun hat und dass es genau das Richtige f\u00fcr &#8220;Wasserratten&#8221; ist<\/p><\/div><div id=\"c1045\" class=\"csc-frame csc-frame-default\"><div class=\"csc-header csc-header-n19\"><h4>Bewerber\/-innen sollten &#8230;<\/h4><\/div><p class=\"bodytext\">&#8230; hilfsbereit sein und gerne mit Menschen umgehen, verantwortungsbewusst arbeiten, k\u00f6rperlich fit sein<\/p><\/div><div id=\"c1046\" class=\"csc-frame csc-frame-default\"><div class=\"csc-header csc-header-n20\"><h4>Wer bildet aus?<\/h4><\/div><p class=\"bodytext\">st\u00e4dtische und private Hallenb\u00e4der, Frei- und Naturb\u00e4der, Strandb\u00e4der<\/p><\/div><div id=\"c1047\" class=\"csc-frame csc-frame-default\"><div class=\"csc-header csc-header-n21\"><h4>Dauer der Ausbildung<\/h4><\/div><p class=\"bodytext\">3 Jahre<\/p><\/div><div id=\"c1048\" class=\"csc-frame csc-frame-default\"><div class=\"csc-header csc-header-n22\"><h4>Verdienst w\u00e4hrend der Ausbildung und im Beruf?<\/h4><\/div><p class=\"bodytext\">Ausk\u00fcnfte dazu geben Kammer, Berufsverband, Arbeitsamt und Gewerkschaft.<\/p><\/div><div id=\"c1049\" class=\"csc-frame csc-frame-default\"><div class=\"csc-header csc-header-n23\"><h4>Berufliche Aufstiegschancen?<\/h4><\/div><p class=\"bodytext\">z.B.: Ausbilder\/-in (verantwortlich f\u00fcr die Ausbildung von Azubis), gepr\u00fcfte\/-r Meister\/-in f\u00fcr B\u00e4derbetriebe, Saunameister\/-in, Dipl.-Ingenieur\/-in<\/p><\/div><div id=\"c1050\" class=\"csc-frame csc-frame-default\"><p class=\"bodytext\">Die Inhalte dieses Berufsbildes beruhen auf Informationen des Bundesministeriums f\u00fcr Wirtschaft und Technologie.<\/p><\/div><\/div><\/div><\/div><\/div><\/div><\/div><\/div><\/div><\/div><\/div><\/div><\/div>\t\t\t\t\t\t\t\t<\/div>\n\t\t\t\t<\/div>\n\t\t\t\t\t<\/div>\n\t\t<\/div>\n\t\t\t\t\t<\/div>\n\t\t<\/section>\n\t\t\t\t<\/div>","protected":false},"excerpt":{"rendered":"<p>Ansprechpartner: Herr H. Westermeyer Bereichsleiter:\u00a0Herr Eckerle Was machen Fachangestellte f\u00fcr B\u00e4derbetriebe? F\u00fcr wen ist der Job geeignet? Was ist besonders gut? Wie ist die Ausbildung aufgebaut? Was kann ich aus dem Beruf sp\u00e4ter einmal machen? Kurzinfo Was machen Fachangestellte f\u00fcr B\u00e4derbetriebe? Im Sommer ist das Freibad zum \u00dcberlaufen voll. Alt und jung, Schwimmer und Nicht-Schwimmer, [&hellip;]<\/p>\n","protected":false},"author":1,"featured_media":0,"parent":0,"menu_order":0,"comment_status":"closed","ping_status":"closed","template":"","meta":{"footnotes":""},"class_list":["post-992","page","type-page","status-publish","hentry"],"publishpress_future_action":{"enabled":false,"date":"2026-04-10 21:00:39","action":"change-status","newStatus":"draft","terms":[],"taxonomy":"","extraData":[]},"publishpress_future_workflow_manual_trigger":{"enabledWorkflows":[]},"_links":{"self":[{"href":"http:\/\/cuno-berufskolleg.de\/en\/wp-json\/wp\/v2\/pages\/992","targetHints":{"allow":["GET"]}}],"collection":[{"href":"http:\/\/cuno-berufskolleg.de\/en\/wp-json\/wp\/v2\/pages"}],"about":[{"href":"http:\/\/cuno-berufskolleg.de\/en\/wp-json\/wp\/v2\/types\/page"}],"author":[{"embeddable":true,"href":"http:\/\/cuno-berufskolleg.de\/en\/wp-json\/wp\/v2\/users\/1"}],"replies":[{"embeddable":true,"href":"http:\/\/cuno-berufskolleg.de\/en\/wp-json\/wp\/v2\/comments?post=992"}],"version-history":[{"count":5,"href":"http:\/\/cuno-berufskolleg.de\/en\/wp-json\/wp\/v2\/pages\/992\/revisions"}],"predecessor-version":[{"id":4408,"href":"http:\/\/cuno-berufskolleg.de\/en\/wp-json\/wp\/v2\/pages\/992\/revisions\/4408"}],"wp:attachment":[{"href":"http:\/\/cuno-berufskolleg.de\/en\/wp-json\/wp\/v2\/media?parent=992"}],"curies":[{"name":"wp","href":"https:\/\/api.w.org\/{rel}","templated":true}]}}