{"id":57,"date":"2023-06-29T09:59:55","date_gmt":"2023-06-29T07:59:55","guid":{"rendered":"http:\/\/cuno-berufskolleg.de\/?page_id=57"},"modified":"2026-01-15T11:07:40","modified_gmt":"2026-01-15T10:07:40","slug":"schulprogramm","status":"publish","type":"page","link":"http:\/\/cuno-berufskolleg.de\/en\/schulprogramm\/","title":{"rendered":"School Program"},"content":{"rendered":"<div data-elementor-type=\"wp-page\" data-elementor-id=\"57\" class=\"elementor elementor-57\" data-elementor-post-type=\"page\">\n\t\t\t\t<div class=\"elementor-element elementor-element-90f9528 e-flex e-con-boxed e-con e-parent\" data-id=\"90f9528\" data-element_type=\"container\" data-e-type=\"container\">\n\t\t\t\t\t<div class=\"e-con-inner\">\n\t\t\t\t<div class=\"elementor-element elementor-element-ea5f417 elementor-widget elementor-widget-text-editor\" data-id=\"ea5f417\" data-element_type=\"widget\" data-e-type=\"widget\" data-widget_type=\"text-editor.default\">\n\t\t\t\t<div class=\"elementor-widget-container\">\n\t\t\t\t\t\t\t\t\t<div id=\"c1296\" class=\"csc-frame csc-frame-default\"><div class=\"csc-header csc-header-n1\"><h4>Unser Schulprogramm<\/h4><\/div><p class=\"bodytext\">Unser Schulprogramm ist ein langfristiger Entwicklungsprozess zur Sicherung und Verbesserung der Qualit\u00e4t unserer Arbeit. Das niedergeschriebene Schulprogramm ist eine momentane Zustandsbeschreibung und dient der Orientierung. Es unterliegt einer st\u00e4ndigen \u00dcberarbeitung. Es dient als Handreichung und Wegweiser f\u00fcr alle, die an &#8220;Schule&#8221; beteiligt sind: Sch\u00fclerinnen und Sch\u00fcler, Lehrerinnen und Lehrer, Eltern, Betriebe, Schulaufsicht, Kammern, &#8230;<\/p><\/div><div id=\"c1298\" class=\"csc-frame csc-frame-default\"><p><a href=\"http:\/\/cuno-berufskolleg.de\/en\/identitaet-und-auftrag\/\">Identit\u00e4t und Auftrag<\/a><\/p><p><a href=\"http:\/\/cuno-berufskolleg.de\/en\/erziehung-und-werte\/\">Erziehung und Werte<\/a><\/p><p><a href=\"http:\/\/cuno-berufskolleg.de\/en\/unterricht\/\">Unterricht<\/a><\/p><p><a href=\"http:\/\/cuno-berufskolleg.de\/en\/schulleben\/\">Schulleben<\/a><\/p><p><a href=\"http:\/\/cuno-berufskolleg.de\/en\/interne-zusammenarbeit\/\">Interne Zusammenarbeit<\/a><\/p><p><a href=\"http:\/\/cuno-berufskolleg.de\/en\/externe-zusammenarbeit\/\">Externe Zusammenarbeit<\/a><\/p><p><a href=\"http:\/\/cuno-berufskolleg.de\/en\/oeffentlichkeitsarbeit\/\">\u00d6ffentlichkeitsarbeit<\/a><\/p><p><a href=\"http:\/\/cuno-berufskolleg.de\/en\/besonderes-profil-der-schule\/\">Besonderes Profil der Schule<\/a><\/p><\/div>\t\t\t\t\t\t\t\t<\/div>\n\t\t\t\t<\/div>\n\t\t\t\t\t<\/div>\n\t\t\t\t<\/div>\n\t\t\t\t<\/div>","protected":false},"excerpt":{"rendered":"<p>Unser Schulprogramm Unser Schulprogramm ist ein langfristiger Entwicklungsprozess zur Sicherung und Verbesserung der Qualit\u00e4t unserer Arbeit. Das niedergeschriebene Schulprogramm ist eine momentane Zustandsbeschreibung und dient der Orientierung. Es unterliegt einer st\u00e4ndigen \u00dcberarbeitung. Es dient als Handreichung und Wegweiser f\u00fcr alle, die an &#8220;Schule&#8221; beteiligt sind: Sch\u00fclerinnen und Sch\u00fcler, Lehrerinnen und Lehrer, Eltern, Betriebe, Schulaufsicht, Kammern, [&hellip;]<\/p>\n","protected":false},"author":1,"featured_media":0,"parent":0,"menu_order":0,"comment_status":"closed","ping_status":"closed","template":"","meta":{"footnotes":""},"class_list":["post-57","page","type-page","status-publish","hentry"],"publishpress_future_action":{"enabled":false,"date":"2026-04-18 10:24:51","action":"change-status","newStatus":"draft","terms":[],"taxonomy":"","extraData":[]},"publishpress_future_workflow_manual_trigger":{"enabledWorkflows":[]},"_links":{"self":[{"href":"http:\/\/cuno-berufskolleg.de\/en\/wp-json\/wp\/v2\/pages\/57","targetHints":{"allow":["GET"]}}],"collection":[{"href":"http:\/\/cuno-berufskolleg.de\/en\/wp-json\/wp\/v2\/pages"}],"about":[{"href":"http:\/\/cuno-berufskolleg.de\/en\/wp-json\/wp\/v2\/types\/page"}],"author":[{"embeddable":true,"href":"http:\/\/cuno-berufskolleg.de\/en\/wp-json\/wp\/v2\/users\/1"}],"replies":[{"embeddable":true,"href":"http:\/\/cuno-berufskolleg.de\/en\/wp-json\/wp\/v2\/comments?post=57"}],"version-history":[{"count":5,"href":"http:\/\/cuno-berufskolleg.de\/en\/wp-json\/wp\/v2\/pages\/57\/revisions"}],"predecessor-version":[{"id":5727,"href":"http:\/\/cuno-berufskolleg.de\/en\/wp-json\/wp\/v2\/pages\/57\/revisions\/5727"}],"wp:attachment":[{"href":"http:\/\/cuno-berufskolleg.de\/en\/wp-json\/wp\/v2\/media?parent=57"}],"curies":[{"name":"wp","href":"https:\/\/api.w.org\/{rel}","templated":true}]}}