{"id":5685,"date":"2025-09-23T12:33:04","date_gmt":"2025-09-23T10:33:04","guid":{"rendered":"http:\/\/cuno-berufskolleg.de\/?page_id=5685"},"modified":"2026-02-09T10:54:41","modified_gmt":"2026-02-09T09:54:41","slug":"externe-zusammenarbeit","status":"publish","type":"page","link":"http:\/\/cuno-berufskolleg.de\/en\/externe-zusammenarbeit\/","title":{"rendered":"Externe Zusammenarbeit"},"content":{"rendered":"<div data-elementor-type=\"wp-page\" data-elementor-id=\"5685\" class=\"elementor elementor-5685\" data-elementor-post-type=\"page\">\n\t\t\t\t<div class=\"elementor-element elementor-element-c6dd8f7 e-flex e-con-boxed e-con e-parent\" data-id=\"c6dd8f7\" data-element_type=\"container\" data-e-type=\"container\">\n\t\t\t\t\t<div class=\"e-con-inner\">\n\t\t\t\t<div class=\"elementor-element elementor-element-f8c4adb elementor-widget elementor-widget-text-editor\" data-id=\"f8c4adb\" data-element_type=\"widget\" data-e-type=\"widget\" data-widget_type=\"text-editor.default\">\n\t\t\t\t<div class=\"elementor-widget-container\">\n\t\t\t\t\t\t\t\t\t<h4><strong>Externe Zusammenarbeit:<\/strong> Wir binden die vielf\u00e4ltigen M\u00f6glichkeiten und Kompetenzen verschiedener externer Partner ein.<\/h4><ul><li>Wir pflegen Kontakt mit abgebenden Schulen, Eltern und Ausbildungsbetrieben und f\u00f6rdern damit den \u00dcbergang von der Schule in Ausbildung und Beruf.<\/li><li>Wir besuchen Schulen und Betriebe im EU Ausland und kooperieren miteinander.<\/li><li>Wir arbeiten mit verschiedenen Institutionen zusammen, damit Sch\u00fclerinnen und Sch\u00fcler soziale und kulturelle Vielfalt sowie Technik erleben.<\/li><li><p>Wir arbeiten mit \u00f6ffentlichen Einrichtungen und Tr\u00e4gern zusammen.<\/p><\/li><\/ul><p><a href=\"https:\/\/cuno-berufskolleg.de\/wp-content\/uploads\/2026\/02\/Auslandspraktika.pdf\">Planung, Vorbereitung und Durchf\u00fchrung von Auslandspraktika<\/a><\/p><p><a href=\"https:\/\/cuno-berufskolleg.de\/wp-content\/uploads\/2026\/02\/Regelmaessige-Betriebsbesuche.pdf\">Regelm\u00e4\u00dfige Betriebsbesuche in Betrieben, die besonders relevant f\u00fcr Metallbauer und Konstruktionsmechaniker sind (Verzinkerei, Schwei\u00dferei, \u2026)<\/a><\/p><p><a href=\"https:\/\/cuno-berufskolleg.de\/wp-content\/uploads\/2026\/02\/Fit-fuer-Ausbildung.pdf\">Fit f\u00fcr Ausbildung<\/a><\/p><p><a href=\"https:\/\/cuno-berufskolleg.de\/wp-content\/uploads\/2026\/02\/Persoenlicher-Kontakt-mit-Betrieben.pdf\">Pers\u00f6nlicher Kontakt mit Betrieben<\/a><\/p><p><a href=\"https:\/\/cuno-berufskolleg.de\/wp-content\/uploads\/2026\/02\/KAoA-Kompakt.pdf\">Einstiegsinstrument (Potenzialanalyse) im Rahmen von KAoA-Kompakt<\/a><\/p><p><a href=\"https:\/\/cuno-berufskolleg.de\/wp-content\/uploads\/2026\/02\/Praktikumsboerse.pdf\">Praktikumsb\u00f6rse<\/a><\/p><p><a href=\"https:\/\/cuno-berufskolleg.de\/wp-content\/uploads\/2026\/02\/TalentKolleg-Hagen.pdf\">TalentKolleg Hagen<\/a><\/p><p><a href=\"https:\/\/cuno-berufskolleg.de\/wp-content\/uploads\/2026\/02\/TalentMetropole-Ruhr.pdf\">TalentMetropole Ruhr<\/a><\/p><p><a href=\"https:\/\/cuno-berufskolleg.de\/wp-content\/uploads\/2026\/02\/Talentscouting.pdf\">Talentscouting<\/a><\/p>\t\t\t\t\t\t\t\t<\/div>\n\t\t\t\t<\/div>\n\t\t\t\t\t<\/div>\n\t\t\t\t<\/div>\n\t\t\t\t<\/div>","protected":false},"excerpt":{"rendered":"<p>Externe Zusammenarbeit: Wir binden die vielf\u00e4ltigen M\u00f6glichkeiten und Kompetenzen verschiedener externer Partner ein. Wir pflegen Kontakt mit abgebenden Schulen, Eltern und Ausbildungsbetrieben und f\u00f6rdern damit den \u00dcbergang von der Schule in Ausbildung und Beruf. Wir besuchen Schulen und Betriebe im EU Ausland und kooperieren miteinander. Wir arbeiten mit verschiedenen Institutionen zusammen, damit Sch\u00fclerinnen und Sch\u00fcler [&hellip;]<\/p>\n","protected":false},"author":15,"featured_media":0,"parent":0,"menu_order":0,"comment_status":"closed","ping_status":"closed","template":"","meta":{"footnotes":""},"class_list":["post-5685","page","type-page","status-publish","hentry"],"publishpress_future_action":{"enabled":false,"date":"2026-04-16 23:20:12","action":"change-status","newStatus":"draft","terms":[],"taxonomy":"","extraData":[]},"publishpress_future_workflow_manual_trigger":{"enabledWorkflows":[]},"_links":{"self":[{"href":"http:\/\/cuno-berufskolleg.de\/en\/wp-json\/wp\/v2\/pages\/5685","targetHints":{"allow":["GET"]}}],"collection":[{"href":"http:\/\/cuno-berufskolleg.de\/en\/wp-json\/wp\/v2\/pages"}],"about":[{"href":"http:\/\/cuno-berufskolleg.de\/en\/wp-json\/wp\/v2\/types\/page"}],"author":[{"embeddable":true,"href":"http:\/\/cuno-berufskolleg.de\/en\/wp-json\/wp\/v2\/users\/15"}],"replies":[{"embeddable":true,"href":"http:\/\/cuno-berufskolleg.de\/en\/wp-json\/wp\/v2\/comments?post=5685"}],"version-history":[{"count":10,"href":"http:\/\/cuno-berufskolleg.de\/en\/wp-json\/wp\/v2\/pages\/5685\/revisions"}],"predecessor-version":[{"id":6212,"href":"http:\/\/cuno-berufskolleg.de\/en\/wp-json\/wp\/v2\/pages\/5685\/revisions\/6212"}],"wp:attachment":[{"href":"http:\/\/cuno-berufskolleg.de\/en\/wp-json\/wp\/v2\/media?parent=5685"}],"curies":[{"name":"wp","href":"https:\/\/api.w.org\/{rel}","templated":true}]}}