{"id":5675,"date":"2025-09-23T12:28:14","date_gmt":"2025-09-23T10:28:14","guid":{"rendered":"http:\/\/cuno-berufskolleg.de\/?page_id=5675"},"modified":"2026-02-09T10:51:47","modified_gmt":"2026-02-09T09:51:47","slug":"schulleben","status":"publish","type":"page","link":"http:\/\/cuno-berufskolleg.de\/en\/schulleben\/","title":{"rendered":"Schulleben"},"content":{"rendered":"<div data-elementor-type=\"wp-page\" data-elementor-id=\"5675\" class=\"elementor elementor-5675\" data-elementor-post-type=\"page\">\n\t\t\t\t<div class=\"elementor-element elementor-element-c089e04 e-flex e-con-boxed e-con e-parent\" data-id=\"c089e04\" data-element_type=\"container\" data-e-type=\"container\">\n\t\t\t\t\t<div class=\"e-con-inner\">\n\t\t\t\t<div class=\"elementor-element elementor-element-075ff16 elementor-widget elementor-widget-text-editor\" data-id=\"075ff16\" data-element_type=\"widget\" data-e-type=\"widget\" data-widget_type=\"text-editor.default\">\n\t\t\t\t<div class=\"elementor-widget-container\">\n\t\t\t\t\t\t\t\t\t<h4><strong>Schulleben:<\/strong> Wir hei\u00dfen unterschiedliche Lebenswelten unter einem Dach willkommen.<\/h4><ul><li>Wir begegnen uns respektvoll und wertsch\u00e4tzend auf Augenh\u00f6he.<\/li><li>Wir leben Feedbackkultur.<\/li><li>Wir streben eine einladende Gestaltung des Schulgel\u00e4ndes an und schaffen ansprechende Arbeits-, Sozial- und R\u00fcckzugsr\u00e4ume.<\/li><li>Wir sind gemeinsam verantwortlich daf\u00fcr, dass jeder gerne zur Schule kommt und sich willkommen f\u00fchlt.<\/li><li>Wir engagieren uns auch \u00fcber den Unterricht hinaus f\u00fcr ein soziales, kulturelles und sportliches Miteinander.<\/li><li>Wir nehmen R\u00fccksicht auf pers\u00f6nliche Lebensumst\u00e4nde.<\/li><li><p>Wir legen Wert auf ein gesundheitsf\u00f6rderliches Miteinander.<\/p><\/li><\/ul><p><a href=\"https:\/\/cuno-berufskolleg.de\/wp-content\/uploads\/2026\/02\/Klassenfahrt-IFK.pdf\">Klassenfahrt IFK<\/a><\/p><p><a href=\"https:\/\/cuno-berufskolleg.de\/wp-content\/uploads\/2026\/02\/Kultopia-Kennenlerntag.pdf\">Kultopia-Kennenlerntag<\/a><\/p><p><a href=\"https:\/\/cuno-berufskolleg.de\/wp-content\/uploads\/2026\/02\/Raumkonzept.pdf\">Raumkonzept<\/a><\/p><p><a href=\"https:\/\/cuno-berufskolleg.de\/wp-content\/uploads\/2026\/02\/Schulkinowochen-in-der-IFK.pdf\">Schulkinowochen in der IFK<\/a><\/p><p><a href=\"https:\/\/cuno-berufskolleg.de\/wp-content\/uploads\/2026\/02\/Hagener-Stadtbuecherei.pdf\">Einf\u00fchrung in die Hagener Stadtb\u00fccherei<\/a><\/p>\t\t\t\t\t\t\t\t<\/div>\n\t\t\t\t<\/div>\n\t\t\t\t\t<\/div>\n\t\t\t\t<\/div>\n\t\t\t\t<\/div>","protected":false},"excerpt":{"rendered":"<p>Schulleben: Wir hei\u00dfen unterschiedliche Lebenswelten unter einem Dach willkommen. Wir begegnen uns respektvoll und wertsch\u00e4tzend auf Augenh\u00f6he. Wir leben Feedbackkultur. Wir streben eine einladende Gestaltung des Schulgel\u00e4ndes an und schaffen ansprechende Arbeits-, Sozial- und R\u00fcckzugsr\u00e4ume. Wir sind gemeinsam verantwortlich daf\u00fcr, dass jeder gerne zur Schule kommt und sich willkommen f\u00fchlt. Wir engagieren uns auch \u00fcber [&hellip;]<\/p>\n","protected":false},"author":15,"featured_media":0,"parent":0,"menu_order":0,"comment_status":"closed","ping_status":"closed","template":"","meta":{"footnotes":""},"class_list":["post-5675","page","type-page","status-publish","hentry"],"publishpress_future_action":{"enabled":false,"date":"2026-04-22 11:50:50","action":"change-status","newStatus":"draft","terms":[],"taxonomy":"","extraData":[]},"publishpress_future_workflow_manual_trigger":{"enabledWorkflows":[]},"_links":{"self":[{"href":"http:\/\/cuno-berufskolleg.de\/en\/wp-json\/wp\/v2\/pages\/5675","targetHints":{"allow":["GET"]}}],"collection":[{"href":"http:\/\/cuno-berufskolleg.de\/en\/wp-json\/wp\/v2\/pages"}],"about":[{"href":"http:\/\/cuno-berufskolleg.de\/en\/wp-json\/wp\/v2\/types\/page"}],"author":[{"embeddable":true,"href":"http:\/\/cuno-berufskolleg.de\/en\/wp-json\/wp\/v2\/users\/15"}],"replies":[{"embeddable":true,"href":"http:\/\/cuno-berufskolleg.de\/en\/wp-json\/wp\/v2\/comments?post=5675"}],"version-history":[{"count":5,"href":"http:\/\/cuno-berufskolleg.de\/en\/wp-json\/wp\/v2\/pages\/5675\/revisions"}],"predecessor-version":[{"id":6209,"href":"http:\/\/cuno-berufskolleg.de\/en\/wp-json\/wp\/v2\/pages\/5675\/revisions\/6209"}],"wp:attachment":[{"href":"http:\/\/cuno-berufskolleg.de\/en\/wp-json\/wp\/v2\/media?parent=5675"}],"curies":[{"name":"wp","href":"https:\/\/api.w.org\/{rel}","templated":true}]}}