{"id":5669,"date":"2025-09-23T12:28:04","date_gmt":"2025-09-23T10:28:04","guid":{"rendered":"http:\/\/cuno-berufskolleg.de\/?page_id=5669"},"modified":"2026-02-09T10:50:02","modified_gmt":"2026-02-09T09:50:02","slug":"unterricht","status":"publish","type":"page","link":"http:\/\/cuno-berufskolleg.de\/en\/unterricht\/","title":{"rendered":"Unterricht"},"content":{"rendered":"<div data-elementor-type=\"wp-page\" data-elementor-id=\"5669\" class=\"elementor elementor-5669\" data-elementor-post-type=\"page\">\n\t\t\t\t<div class=\"elementor-element elementor-element-a761af8 e-flex e-con-boxed e-con e-parent\" data-id=\"a761af8\" data-element_type=\"container\" data-e-type=\"container\">\n\t\t\t\t\t<div class=\"e-con-inner\">\n\t\t\t\t<div class=\"elementor-element elementor-element-49a1097 elementor-widget elementor-widget-text-editor\" data-id=\"49a1097\" data-element_type=\"widget\" data-e-type=\"widget\" data-widget_type=\"text-editor.default\">\n\t\t\t\t<div class=\"elementor-widget-container\">\n\t\t\t\t\t\t\t\t\t<h4><strong>Unterricht:<\/strong> Wir streben einen praxisnahen Unterricht an, der auf die Herausforderungen des 21. Jahrhunderts vorbereitet.<\/h4><ul><li>Wir bauen kontinuierlich technische und digitale F\u00e4higkeiten aus.<\/li><li>Wir gestalten unseren Unterricht mit Bezug auf die Berufs- und Lebenswelt.<\/li><li>Wir f\u00f6rdern individuelle St\u00e4rken durch differenzierte Lernangebote.<\/li><li>Wir bereiten durch individuelle F\u00f6rderung auf ein erfolgreiches Berufsleben vor.<\/li><li><p>Wir schaffen Bewusstsein f\u00fcr nachhaltiges Handeln und gesellschaftliche Verantwortung.<\/p><\/li><\/ul><p><a href=\"https:\/\/cuno-berufskolleg.de\/wp-content\/uploads\/2026\/02\/Bildung-fuer-nachhaltige-Entwicklung.pdf\">BNE (Bildung f\u00fcr nachhaltige Entwicklung)<\/a><\/p><p><a href=\"https:\/\/cuno-berufskolleg.de\/wp-content\/uploads\/2026\/02\/Fahrradwerkstatt.pdf\">Fahrradwerkstatt<\/a><\/p><p><a href=\"https:\/\/cuno-berufskolleg.de\/wp-content\/uploads\/2026\/02\/Lernen-lernen.pdf\">Lernen lernen<\/a><\/p><p><a href=\"https:\/\/cuno-berufskolleg.de\/wp-content\/uploads\/2026\/02\/Regelmaessige-Beratung.pdf\">Regelm\u00e4\u00dfige Beratung<\/a><\/p><p><a href=\"https:\/\/cuno-berufskolleg.de\/wp-content\/uploads\/2026\/02\/Roboterprojekt.pdf\">Roboterprojekt<\/a><\/p><p><a href=\"https:\/\/cuno-berufskolleg.de\/wp-content\/uploads\/2026\/02\/Schriftsprachfoerderung-in-den-HB-Klassen.pdf\">Kurs zur Schriftsprachf\u00f6rderung in den HB-Klassen<\/a><\/p>\t\t\t\t\t\t\t\t<\/div>\n\t\t\t\t<\/div>\n\t\t\t\t\t<\/div>\n\t\t\t\t<\/div>\n\t\t\t\t<\/div>","protected":false},"excerpt":{"rendered":"<p>Unterricht: Wir streben einen praxisnahen Unterricht an, der auf die Herausforderungen des 21. Jahrhunderts vorbereitet. Wir bauen kontinuierlich technische und digitale F\u00e4higkeiten aus. Wir gestalten unseren Unterricht mit Bezug auf die Berufs- und Lebenswelt. Wir f\u00f6rdern individuelle St\u00e4rken durch differenzierte Lernangebote. Wir bereiten durch individuelle F\u00f6rderung auf ein erfolgreiches Berufsleben vor. Wir schaffen Bewusstsein f\u00fcr [&hellip;]<\/p>\n","protected":false},"author":15,"featured_media":0,"parent":0,"menu_order":0,"comment_status":"closed","ping_status":"closed","template":"","meta":{"footnotes":""},"class_list":["post-5669","page","type-page","status-publish","hentry"],"publishpress_future_action":{"enabled":false,"date":"2026-04-16 23:14:45","action":"change-status","newStatus":"draft","terms":[],"taxonomy":"","extraData":[]},"publishpress_future_workflow_manual_trigger":{"enabledWorkflows":[]},"_links":{"self":[{"href":"http:\/\/cuno-berufskolleg.de\/en\/wp-json\/wp\/v2\/pages\/5669","targetHints":{"allow":["GET"]}}],"collection":[{"href":"http:\/\/cuno-berufskolleg.de\/en\/wp-json\/wp\/v2\/pages"}],"about":[{"href":"http:\/\/cuno-berufskolleg.de\/en\/wp-json\/wp\/v2\/types\/page"}],"author":[{"embeddable":true,"href":"http:\/\/cuno-berufskolleg.de\/en\/wp-json\/wp\/v2\/users\/15"}],"replies":[{"embeddable":true,"href":"http:\/\/cuno-berufskolleg.de\/en\/wp-json\/wp\/v2\/comments?post=5669"}],"version-history":[{"count":10,"href":"http:\/\/cuno-berufskolleg.de\/en\/wp-json\/wp\/v2\/pages\/5669\/revisions"}],"predecessor-version":[{"id":6206,"href":"http:\/\/cuno-berufskolleg.de\/en\/wp-json\/wp\/v2\/pages\/5669\/revisions\/6206"}],"wp:attachment":[{"href":"http:\/\/cuno-berufskolleg.de\/en\/wp-json\/wp\/v2\/media?parent=5669"}],"curies":[{"name":"wp","href":"https:\/\/api.w.org\/{rel}","templated":true}]}}