{"id":5664,"date":"2025-09-23T12:27:58","date_gmt":"2025-09-23T10:27:58","guid":{"rendered":"http:\/\/cuno-berufskolleg.de\/?page_id=5664"},"modified":"2026-02-09T10:44:47","modified_gmt":"2026-02-09T09:44:47","slug":"erziehung-und-werte","status":"publish","type":"page","link":"http:\/\/cuno-berufskolleg.de\/en\/erziehung-und-werte\/","title":{"rendered":"Erziehung und Werte"},"content":{"rendered":"<div data-elementor-type=\"wp-page\" data-elementor-id=\"5664\" class=\"elementor elementor-5664\" data-elementor-post-type=\"page\">\n\t\t\t\t<div class=\"elementor-element elementor-element-18ef07e e-flex e-con-boxed e-con e-parent\" data-id=\"18ef07e\" data-element_type=\"container\" data-e-type=\"container\">\n\t\t\t\t\t<div class=\"e-con-inner\">\n\t\t\t\t<div class=\"elementor-element elementor-element-9a2cd29 elementor-widget elementor-widget-text-editor\" data-id=\"9a2cd29\" data-element_type=\"widget\" data-e-type=\"widget\" data-widget_type=\"text-editor.default\">\n\t\t\t\t<div class=\"elementor-widget-container\">\n\t\t\t\t\t\t\t\t\t<h4><strong>Erziehung und Werte:<\/strong> Wir unterst\u00fctzen und f\u00f6rdern eigenverantwortliches, vorurteilsfreies und respektvolles Handeln<\/h4><ul><li>Wir handeln nach unserem Wertekatalog.<\/li><li>Wir halten uns an die gemeinsamen Vereinbarungen: Schulordnung, Klassenregeln und Absprachen.<\/li><li>Wir erziehen zu politischer M\u00fcndigkeit.<\/li><li>Wir l\u00f6sen Konflikte friedlich und gewaltfrei.<\/li><li>Wir leben ein vielf\u00e4ltiges und gleichberechtigtes Miteinander.<\/li><li><p>Wir handeln nachhaltig.<\/p><\/li><\/ul><p><a href=\"https:\/\/cuno-berufskolleg.de\/wp-content\/uploads\/2026\/02\/EU-Projektwoche.pdf\">EU-Projektwoche<\/a><\/p><p><a href=\"https:\/\/cuno-berufskolleg.de\/wp-content\/uploads\/2026\/02\/Foerderung-Kompetenzen.pdf\">F\u00f6rderung der pers\u00f6nlichen, politischen, medialen und sozialen Kompetenz<\/a><\/p><p><a href=\"https:\/\/cuno-berufskolleg.de\/wp-content\/uploads\/2026\/02\/Projekt-Gemeinsam-Klasse-sein.pdf\">Projekt GKS &#8211; Gemeinsam Klasse sein &#8211; Pr\u00e4ventionsprojekt gegen Gewalt und Mobbing\/Cybermobbing<\/a><\/p><p><a href=\"https:\/\/cuno-berufskolleg.de\/wp-content\/uploads\/2026\/02\/Regelmaessige-individuelle-Beratung.pdf\">Regelm\u00e4\u00dfige individuelle Beratung f\u00fcr Sch\u00fclerinnen und Sch\u00fcler<\/a><\/p><p><a href=\"https:\/\/cuno-berufskolleg.de\/wp-content\/uploads\/2026\/02\/Juniorwahl.pdf\">Juniorwahl<\/a><\/p><p><a href=\"https:\/\/cuno-berufskolleg.de\/wp-content\/uploads\/2026\/02\/Krisenintervention.pdf\">Krisenintervention<\/a><\/p><p><a href=\"https:\/\/cuno-berufskolleg.de\/wp-content\/uploads\/2026\/02\/Menschenfreundlich-handeln.pdf\">\u201eMenschenfreundlich handeln\u201c \/\/ Projekt f\u00fcr Zivilcourage<\/a><\/p><p><a href=\"https:\/\/cuno-berufskolleg.de\/wp-content\/uploads\/2026\/02\/No-Blame-Approach.pdf\">No Blame Approach<\/a><\/p><p><a href=\"https:\/\/cuno-berufskolleg.de\/wp-content\/uploads\/2026\/02\/Schule-ohne-Rassismus-\u2013-Schule-mit-Courage.pdf\">Schule ohne Rassismus \u2013 Schule mit Courage &#8211; wir sind Schulnetzwerkmitglied seit 30.09.2015<\/a><\/p><p><a href=\"https:\/\/cuno-berufskolleg.de\/wp-content\/uploads\/2026\/02\/Sozialtraining.pdf\">Sozialtraining<\/a><\/p><p><a href=\"https:\/\/cuno-berufskolleg.de\/wp-content\/uploads\/2026\/02\/Schulabsentismus-Sprechstunde.pdf\">Schulabsentismus Sprechstunde<\/a><\/p><p><a href=\"https:\/\/cuno-berufskolleg.de\/wp-content\/uploads\/2026\/02\/Verkehrssicherheitstag.pdf\">Verkehrssicherheitstag nach M\u00f6glichkeit alle 3-4 Jahre<\/a><\/p>\t\t\t\t\t\t\t\t<\/div>\n\t\t\t\t<\/div>\n\t\t\t\t\t<\/div>\n\t\t\t\t<\/div>\n\t\t\t\t<\/div>","protected":false},"excerpt":{"rendered":"<p>Erziehung und Werte: Wir unterst\u00fctzen und f\u00f6rdern eigenverantwortliches, vorurteilsfreies und respektvolles Handeln Wir handeln nach unserem Wertekatalog. Wir halten uns an die gemeinsamen Vereinbarungen: Schulordnung, Klassenregeln und Absprachen. Wir erziehen zu politischer M\u00fcndigkeit. Wir l\u00f6sen Konflikte friedlich und gewaltfrei. Wir leben ein vielf\u00e4ltiges und gleichberechtigtes Miteinander. Wir handeln nachhaltig. EU-Projektwoche F\u00f6rderung der pers\u00f6nlichen, politischen, medialen [&hellip;]<\/p>\n","protected":false},"author":15,"featured_media":0,"parent":0,"menu_order":0,"comment_status":"closed","ping_status":"closed","template":"","meta":{"footnotes":""},"class_list":["post-5664","page","type-page","status-publish","hentry"],"publishpress_future_action":{"enabled":false,"date":"2026-04-16 23:16:23","action":"change-status","newStatus":"draft","terms":[],"taxonomy":"","extraData":[]},"publishpress_future_workflow_manual_trigger":{"enabledWorkflows":[]},"_links":{"self":[{"href":"http:\/\/cuno-berufskolleg.de\/en\/wp-json\/wp\/v2\/pages\/5664","targetHints":{"allow":["GET"]}}],"collection":[{"href":"http:\/\/cuno-berufskolleg.de\/en\/wp-json\/wp\/v2\/pages"}],"about":[{"href":"http:\/\/cuno-berufskolleg.de\/en\/wp-json\/wp\/v2\/types\/page"}],"author":[{"embeddable":true,"href":"http:\/\/cuno-berufskolleg.de\/en\/wp-json\/wp\/v2\/users\/15"}],"replies":[{"embeddable":true,"href":"http:\/\/cuno-berufskolleg.de\/en\/wp-json\/wp\/v2\/comments?post=5664"}],"version-history":[{"count":10,"href":"http:\/\/cuno-berufskolleg.de\/en\/wp-json\/wp\/v2\/pages\/5664\/revisions"}],"predecessor-version":[{"id":6203,"href":"http:\/\/cuno-berufskolleg.de\/en\/wp-json\/wp\/v2\/pages\/5664\/revisions\/6203"}],"wp:attachment":[{"href":"http:\/\/cuno-berufskolleg.de\/en\/wp-json\/wp\/v2\/media?parent=5664"}],"curies":[{"name":"wp","href":"https:\/\/api.w.org\/{rel}","templated":true}]}}