{"id":4299,"date":"2024-03-11T15:03:22","date_gmt":"2024-03-11T14:03:22","guid":{"rendered":"http:\/\/cuno-berufskolleg.de\/?page_id=4299"},"modified":"2024-03-11T15:08:50","modified_gmt":"2024-03-11T14:08:50","slug":"herr-altenbrandt","status":"publish","type":"page","link":"http:\/\/cuno-berufskolleg.de\/en\/intern\/herr-altenbrandt\/","title":{"rendered":"Herr Altenbrandt"},"content":{"rendered":"<div data-elementor-type=\"wp-page\" data-elementor-id=\"4299\" class=\"elementor elementor-4299\" data-elementor-post-type=\"page\">\n\t\t\t\t<div class=\"elementor-element elementor-element-2d827fd e-grid e-con-boxed e-con e-parent\" data-id=\"2d827fd\" data-element_type=\"container\" data-e-type=\"container\">\n\t\t\t\t\t<div class=\"e-con-inner\">\n\t\t\t\t<div class=\"elementor-element elementor-element-de3653f elementor-widget elementor-widget-text-editor\" data-id=\"de3653f\" data-element_type=\"widget\" data-e-type=\"widget\" data-widget_type=\"text-editor.default\">\n\t\t\t\t<div class=\"elementor-widget-container\">\n\t\t\t\t\t\t\t\t\t<p><img fetchpriority=\"high\" decoding=\"async\" class=\"alignleft size-medium wp-image-4040\" src=\"http:\/\/cuno-berufskolleg.de\/wp-content\/uploads\/2024\/03\/Altenbrandt-237x300.jpg\" alt=\"\" width=\"237\" height=\"300\" srcset=\"https:\/\/cuno-berufskolleg.de\/wp-content\/uploads\/2024\/03\/Altenbrandt-237x300.jpg 237w, https:\/\/cuno-berufskolleg.de\/wp-content\/uploads\/2024\/03\/Altenbrandt-810x1024.jpg 810w, https:\/\/cuno-berufskolleg.de\/wp-content\/uploads\/2024\/03\/Altenbrandt-768x970.jpg 768w, https:\/\/cuno-berufskolleg.de\/wp-content\/uploads\/2024\/03\/Altenbrandt-1216x1536.jpg 1216w, https:\/\/cuno-berufskolleg.de\/wp-content\/uploads\/2024\/03\/Altenbrandt-9x12.jpg 9w, https:\/\/cuno-berufskolleg.de\/wp-content\/uploads\/2024\/03\/Altenbrandt.jpg 1412w\" sizes=\"(max-width: 237px) 100vw, 237px\" \/><\/p>\t\t\t\t\t\t\t\t<\/div>\n\t\t\t\t<\/div>\n\t\t\t\t<div class=\"elementor-element elementor-element-c52aaa1 elementor-widget elementor-widget-text-editor\" data-id=\"c52aaa1\" data-element_type=\"widget\" data-e-type=\"widget\" data-widget_type=\"text-editor.default\">\n\t\t\t\t<div class=\"elementor-widget-container\">\n\t\t\t\t\t\t\t\t\t<h3>Herr Altenbrandt<\/h3><p>E-Mail:\u00a0<a href=\"mailto:altenbrandt@cuno1.de\">altenbrandt(at)cuno1.de<\/a><\/p><p>Tel.: 02331 207-5460<\/p><p>Bereichsleiter:<\/p><ul><li>Elektroniker f\u00fcr Energie- und Geb\u00e4udetechnik<\/li><li>Mechatroniker<\/li><li>Mechatroniker Verbundklasse<\/li><li><p>Produktionstechnologe<\/p><\/li><\/ul><p>Verantwortlich f\u00fcr:<\/p><ul><li>Digitalisierung<\/li><li>Medien<\/li><\/ul>\t\t\t\t\t\t\t\t<\/div>\n\t\t\t\t<\/div>\n\t\t\t\t\t<\/div>\n\t\t\t\t<\/div>\n\t\t\t\t<\/div>","protected":false},"excerpt":{"rendered":"<p>Herr Altenbrandt E-Mail:\u00a0altenbrandt(at)cuno1.de Tel.: 02331 207-5460 Bereichsleiter: Elektroniker f\u00fcr Energie- und Geb\u00e4udetechnik Mechatroniker Mechatroniker Verbundklasse Produktionstechnologe Verantwortlich f\u00fcr: Digitalisierung Medien<\/p>","protected":false},"author":15,"featured_media":0,"parent":69,"menu_order":0,"comment_status":"closed","ping_status":"closed","template":"","meta":{"footnotes":""},"class_list":["post-4299","page","type-page","status-publish","hentry"],"publishpress_future_action":{"enabled":false,"date":"2026-05-01 22:02:24","action":"change-status","newStatus":"draft","terms":[],"taxonomy":"","extraData":[]},"publishpress_future_workflow_manual_trigger":{"enabledWorkflows":[]},"_links":{"self":[{"href":"http:\/\/cuno-berufskolleg.de\/en\/wp-json\/wp\/v2\/pages\/4299","targetHints":{"allow":["GET"]}}],"collection":[{"href":"http:\/\/cuno-berufskolleg.de\/en\/wp-json\/wp\/v2\/pages"}],"about":[{"href":"http:\/\/cuno-berufskolleg.de\/en\/wp-json\/wp\/v2\/types\/page"}],"author":[{"embeddable":true,"href":"http:\/\/cuno-berufskolleg.de\/en\/wp-json\/wp\/v2\/users\/15"}],"replies":[{"embeddable":true,"href":"http:\/\/cuno-berufskolleg.de\/en\/wp-json\/wp\/v2\/comments?post=4299"}],"version-history":[{"count":4,"href":"http:\/\/cuno-berufskolleg.de\/en\/wp-json\/wp\/v2\/pages\/4299\/revisions"}],"predecessor-version":[{"id":4303,"href":"http:\/\/cuno-berufskolleg.de\/en\/wp-json\/wp\/v2\/pages\/4299\/revisions\/4303"}],"up":[{"embeddable":true,"href":"http:\/\/cuno-berufskolleg.de\/en\/wp-json\/wp\/v2\/pages\/69"}],"wp:attachment":[{"href":"http:\/\/cuno-berufskolleg.de\/en\/wp-json\/wp\/v2\/media?parent=4299"}],"curies":[{"name":"wp","href":"https:\/\/api.w.org\/{rel}","templated":true}]}}