{"id":4220,"date":"2024-03-11T11:21:19","date_gmt":"2024-03-11T10:21:19","guid":{"rendered":"http:\/\/cuno-berufskolleg.de\/?page_id=4220"},"modified":"2024-03-11T11:39:15","modified_gmt":"2024-03-11T10:39:15","slug":"herr-biedermann","status":"publish","type":"page","link":"http:\/\/cuno-berufskolleg.de\/en\/intern\/herr-biedermann\/","title":{"rendered":"Herr Biedermann"},"content":{"rendered":"<div data-elementor-type=\"wp-page\" data-elementor-id=\"4220\" class=\"elementor elementor-4220\" data-elementor-post-type=\"page\">\n\t\t\t\t<div class=\"elementor-element elementor-element-5bf351f e-grid e-con-boxed e-con e-parent\" data-id=\"5bf351f\" data-element_type=\"container\" data-e-type=\"container\">\n\t\t\t\t\t<div class=\"e-con-inner\">\n\t\t\t\t<div class=\"elementor-element elementor-element-25c8d40 elementor-widget elementor-widget-text-editor\" data-id=\"25c8d40\" data-element_type=\"widget\" data-e-type=\"widget\" data-widget_type=\"text-editor.default\">\n\t\t\t\t<div class=\"elementor-widget-container\">\n\t\t\t\t\t\t\t\t\t<p><img fetchpriority=\"high\" decoding=\"async\" class=\"alignleft size-medium wp-image-4222\" src=\"http:\/\/cuno-berufskolleg.de\/wp-content\/uploads\/2024\/03\/Biedermann-247x300.jpg\" alt=\"\" width=\"247\" height=\"300\" srcset=\"https:\/\/cuno-berufskolleg.de\/wp-content\/uploads\/2024\/03\/Biedermann-247x300.jpg 247w, https:\/\/cuno-berufskolleg.de\/wp-content\/uploads\/2024\/03\/Biedermann-843x1024.jpg 843w, https:\/\/cuno-berufskolleg.de\/wp-content\/uploads\/2024\/03\/Biedermann-768x932.jpg 768w, https:\/\/cuno-berufskolleg.de\/wp-content\/uploads\/2024\/03\/Biedermann-1265x1536.jpg 1265w, https:\/\/cuno-berufskolleg.de\/wp-content\/uploads\/2024\/03\/Biedermann-10x12.jpg 10w, https:\/\/cuno-berufskolleg.de\/wp-content\/uploads\/2024\/03\/Biedermann.jpg 1434w\" sizes=\"(max-width: 247px) 100vw, 247px\" \/><\/p>\t\t\t\t\t\t\t\t<\/div>\n\t\t\t\t<\/div>\n\t\t\t\t<div class=\"elementor-element elementor-element-31d2914 elementor-widget elementor-widget-text-editor\" data-id=\"31d2914\" data-element_type=\"widget\" data-e-type=\"widget\" data-widget_type=\"text-editor.default\">\n\t\t\t\t<div class=\"elementor-widget-container\">\n\t\t\t\t\t\t\t\t\t<h3>Herr Biedermann<\/h3><p>E-Mail:\u00a0<a href=\"mailto:biedermann@cuno1.de\">biedermann(at)cuno1.de<\/a><\/p><p>Tel.: 02331 207-5460<\/p><p>Bereichsleiter:<\/p><ul><li><p>Berufsfachschule Typ II<\/p><\/li><\/ul><p>Verantwortlich f\u00fcr:<\/p><ul><li>Deutsch-franz\u00f6sisches Jugendwerk<\/li><li>Pro Tandem<\/li><li>Qualit\u00e4t, Schulentwicklung<\/li><li>Lehreraus- und -weiterbildung<\/li><\/ul>\t\t\t\t\t\t\t\t<\/div>\n\t\t\t\t<\/div>\n\t\t\t\t\t<\/div>\n\t\t\t\t<\/div>\n\t\t\t\t<\/div>","protected":false},"excerpt":{"rendered":"<p>Herr Biedermann E-Mail:\u00a0biedermann(at)cuno1.de Tel.: 02331 207-5460 Bereichsleiter: Berufsfachschule Typ II Verantwortlich f\u00fcr: Deutsch-franz\u00f6sisches Jugendwerk Pro Tandem Qualit\u00e4t, Schulentwicklung Lehreraus- und -weiterbildung<\/p>","protected":false},"author":15,"featured_media":0,"parent":69,"menu_order":0,"comment_status":"closed","ping_status":"closed","template":"","meta":{"footnotes":""},"class_list":["post-4220","page","type-page","status-publish","hentry"],"publishpress_future_action":{"enabled":false,"date":"2026-04-10 19:36:49","action":"change-status","newStatus":"draft","terms":[],"taxonomy":"","extraData":[]},"publishpress_future_workflow_manual_trigger":{"enabledWorkflows":[]},"_links":{"self":[{"href":"http:\/\/cuno-berufskolleg.de\/en\/wp-json\/wp\/v2\/pages\/4220","targetHints":{"allow":["GET"]}}],"collection":[{"href":"http:\/\/cuno-berufskolleg.de\/en\/wp-json\/wp\/v2\/pages"}],"about":[{"href":"http:\/\/cuno-berufskolleg.de\/en\/wp-json\/wp\/v2\/types\/page"}],"author":[{"embeddable":true,"href":"http:\/\/cuno-berufskolleg.de\/en\/wp-json\/wp\/v2\/users\/15"}],"replies":[{"embeddable":true,"href":"http:\/\/cuno-berufskolleg.de\/en\/wp-json\/wp\/v2\/comments?post=4220"}],"version-history":[{"count":5,"href":"http:\/\/cuno-berufskolleg.de\/en\/wp-json\/wp\/v2\/pages\/4220\/revisions"}],"predecessor-version":[{"id":4240,"href":"http:\/\/cuno-berufskolleg.de\/en\/wp-json\/wp\/v2\/pages\/4220\/revisions\/4240"}],"up":[{"embeddable":true,"href":"http:\/\/cuno-berufskolleg.de\/en\/wp-json\/wp\/v2\/pages\/69"}],"wp:attachment":[{"href":"http:\/\/cuno-berufskolleg.de\/en\/wp-json\/wp\/v2\/media?parent=4220"}],"curies":[{"name":"wp","href":"https:\/\/api.w.org\/{rel}","templated":true}]}}