{"id":2209,"date":"2023-09-22T10:01:50","date_gmt":"2023-09-22T08:01:50","guid":{"rendered":"http:\/\/cuno-berufskolleg.de\/?page_id=2209"},"modified":"2023-11-28T09:56:10","modified_gmt":"2023-11-28T08:56:10","slug":"impressum","status":"publish","type":"page","link":"http:\/\/cuno-berufskolleg.de\/en\/impressum\/","title":{"rendered":"Imprint"},"content":{"rendered":"<p><\/p>\n<h1 class=\"wp-block-heading\">Betreiber des Web-Auftritts<br><\/h1>\n<p> <\/p>\n<p>Cuno-Berufskolleg I<br>Berufskolleg f\u00fcr Technik der Stadt Hagen<br>Viktoriastr. 2<br>58095 Hagen<\/p>\n<p>Schulleiter: OStD T. Luig<\/p>\n<p>Telefon: 0049 (0)2331 207-5460 (Sekretariat)<br>Telefax: 0049 (0)2331 207-5465<br>E-Mail:&nbsp;<a href=\"mailto:info@cuno1.de\">info(at)cuno1.de<\/a><br>Internet:&nbsp;<a href=\"http:\/\/cuno-berufskolleg.de\/en\/\" target=\"_blank\" rel=\"noreferrer noopener\">http:\/\/cuno-berufskolleg.de<\/a>&nbsp;oder&nbsp;<a href=\"http:\/\/www.cuno1.de\/\" target=\"_blank\" rel=\"noreferrer noopener\">www.cuno1.de<\/a><br>Schulnummer: 180506<\/p>\n<p> <\/p>\n<p>Aufsichtsbeh\u00f6rde: (Diensteanbieter im Sinne des \u00a75 Telemediengesetz und des \u00a710 Mediensdienste-Staatsvertrag:)<br>Ministerium f\u00fcr Schule und Weiterbildung des Landes Nordrhein-Westfalen<br>V\u00f6lklinger Stra\u00dfe 49, 40221 D\u00fcsseldorf<br>Telefon: (0211) 5867-40<br>Fax: (0211) 5867-4555 und -3220<br>E-Mail:&nbsp;<a href=\"mailto:poststelle@msw.nrw.de\">poststelle(at)msw.nrw.de<\/a><\/p>\n<p>Schultr\u00e4ger: Stadt Hagen<br>Telefon: 0049 (0)2331 207-0<br>Telefax: 0049 (0)2331 207-2400<br>E-Mail:&nbsp;<a href=\"mailto:info@stadt-hagen.de\">info(at)stadt-hagen.de<\/a><\/p>\n<p>Verantwortlich f\u00fcr redaktionelle Beitr\u00e4ge: J. Schatz<br>E-Mail:&nbsp;<a href=\"mailto:schatz@cuno1.de\">schatz(at)cuno1.de<\/a><\/p>\n<p> <\/p>\n<h1 class=\"wp-block-heading\">Haftungsausschluss<\/h1>\n<p> <\/p>\n<p>Haftung f\u00fcr eigene Inhalte:<br>Das Online-Angebot www.cuno1.de wurde mit gr\u00f6\u00dfter Sorgfalt erstellt und die Inhalte gepr\u00fcft. Jedoch kann f\u00fcr die Vollst\u00e4ndigkeit des Angebots, f\u00fcr Fehler inhaltlicher und technischer Art sowie f\u00fcr die Aktualit\u00e4t der Internetseite keine Haftung \u00fcbernommen werden. Soweit die auf diesen Seiten eingestellten Inhalte Rechtsvorschriften, amtliche Hinweise, Empfehlungen oder Ausk\u00fcnfte enthalten, gilt bei Unstimmigkeiten ausschlie\u00dflich die aktuelle amtliche Fassung, wie sie im daf\u00fcr vorgesehenen amtlichen Verk\u00fcndungsorgan ver\u00f6ffentlicht ist. Etwaige rechtliche Hinweise, Empfehlungen oder Ausk\u00fcnfte sind unverbindlich; eine Rechtsberatung findet nicht statt. F\u00fcr eventuelle Sch\u00e4den, die durch die Nutzung der angebotenen Ausk\u00fcnfte und Informationen entstehen, wird nicht gehaftet. F\u00fcr etwaige Sch\u00e4den, die beim Aufrufen oder Herunterladen von Daten durch Computerviren oder der Installation oder Nutzung von Software verursacht werden, wird ebenfalls nicht gehaftet.<br>Das Cuno-Berufskolleg I beh\u00e4lt sich vor, Inhalte ohne vorherige Ank\u00fcndigung zu erg\u00e4nzen, zu korrigieren oder zu entfernen.<\/p>\n<p>Haftung f\u00fcr Inhalte anderer Anbieter (externe Links):<br>Die Verweise durch Hyperlinks auf Inhalte fremder Webseiten dienen lediglich der Information. F\u00fcr s\u00e4mtliche auf www.cuno1.de verlinkten Inhalte durch externe Links gilt, dass das Cuno-Berufskolleg I keinen Einfluss auf die Inhalte externer Webseiten besitzt.<br>Zum Zeitpunkt der Verlinkung wurden die jeweiligen Webseiten auf m\u00f6gliche Rechtsverst\u00f6\u00dfe oder offensichtliche inhaltliche Fehler \u00fcberpr\u00fcft. Diese waren zum Zeitpunkt der Verlinkung nicht erkennbar. Der Inhalt dieser Angebote kann jederzeit ohne das Wissen der Redaktion des Cuno-Berufskollegs I ge\u00e4ndert werden. Deshalb kann das Cuno-Berufskollegs I keine Gew\u00e4hr f\u00fcr externe Inhalte \u00fcbernehmen. Eine durchgehende Kontrolle der verlinkten Seiten ist leider nicht realisierbar. Das Cuno-Berufskollegs I macht sich die Inhalte anderer Webseiten nicht zu Eigen. Verantwortlich ist allein der jeweilige Betreiber der Internetseite.<br>Dies gilt f\u00fcr alle Seiten auf www.cuno1.de und die dort verlinkten Online-Angebote.<\/p>\n<p> <\/p>\n<h1 class=\"wp-block-heading\">Urheberrecht<\/h1>\n<p> <\/p>\n<p>Das Copyright f\u00fcr Texte, Graphiken und insbesondere Bilder liegt, soweit nicht anders vermerkt, beim Cuno-Berufskolleg I. Die Inhalte Dritter werden als solche gekennzeichnet. Eine Vervielf\u00e4ltigung, Bearbeitung, Verbreitung oder Verwertung von Grafiken, Bildern, Tondokumenten, Videosequenzen und Texten ist ohne schriftliche Zustimmung des Cuno-Berufskollegs I nicht gestattet. Bei Inhalten Dritter bedarf es der schriftlichen Zustimmung des jeweiligen Autors, Fotografen oder Erstellers.<\/p>\n<p> <\/p>\n<p>Fehlermeldungen\/Meldungen \u00fcber Rechtsverst\u00f6\u00dfe:<br>Die Redaktion des Cuno-Berufskollegs I bittet um Mitteilung, falls die Webseite www.cuno1.de auf Inhalte verweist, die Anlass zur Beanstandung geben oder gar rechtswidrig sind. Bei Urheberrechtsverletzungen wird gleichfalls um einen entsprechenden Hinweis unter der angegebenen Kontaktadresse gebeten.<br>Gleiches gilt f\u00fcr den Fall, dass eigene Inhalte nicht fehlerfrei, aktuell, vollst\u00e4ndig und verst\u00e4ndlich sind. Bei Bekanntwerden von Rechtsverletzungen werden wir derartige Inhalte umgehend entfernen.<\/p>\n<p>Datenschutzerkl\u00e4rung:<br>Das Cuno-Berufskolleg I unterliegt als \u00f6ffentliche Stelle der EU-Datensschutzgrundverordnung (EU-DSGVO) und den Bestimmungen des Landes Nordrhein-Westfalen&nbsp;<a href=\"http:\/\/cuno-berufskolleg.de\/en\/impressum00.html\/\">-&gt; zur Datenschutzerkl\u00e4rung<\/a>.<\/p>\n<p> <\/p>\n<p><\/p>\n<p><\/p>","protected":false},"excerpt":{"rendered":"<p>Betreiber des Web-Auftritts Cuno-Berufskolleg IBerufskolleg f\u00fcr Technik der Stadt HagenViktoriastr. 258095 Hagen Schulleiter: OStD T. Luig Telefon: 0049 (0)2331 207-5460 (Sekretariat)Telefax: 0049 (0)2331 207-5465E-Mail:&nbsp;info(at)cuno1.deInternet:&nbsp;http:\/\/cuno-berufskolleg.de&nbsp;oder&nbsp;www.cuno1.deSchulnummer: 180506 Aufsichtsbeh\u00f6rde: (Diensteanbieter im Sinne des \u00a75 Telemediengesetz und des \u00a710 Mediensdienste-Staatsvertrag:)Ministerium f\u00fcr Schule und Weiterbildung des Landes Nordrhein-WestfalenV\u00f6lklinger Stra\u00dfe 49, 40221 D\u00fcsseldorfTelefon: (0211) 5867-40Fax: (0211) 5867-4555 und -3220E-Mail:&nbsp;poststelle(at)msw.nrw.de Schultr\u00e4ger: Stadt [&hellip;]<\/p>\n","protected":false},"author":1,"featured_media":0,"parent":0,"menu_order":0,"comment_status":"closed","ping_status":"closed","template":"","meta":{"footnotes":""},"class_list":["post-2209","page","type-page","status-publish","hentry"],"publishpress_future_action":{"enabled":false,"date":"2026-04-12 15:11:45","action":"change-status","newStatus":"draft","terms":[],"taxonomy":"","extraData":[]},"publishpress_future_workflow_manual_trigger":{"enabledWorkflows":[]},"_links":{"self":[{"href":"http:\/\/cuno-berufskolleg.de\/en\/wp-json\/wp\/v2\/pages\/2209","targetHints":{"allow":["GET"]}}],"collection":[{"href":"http:\/\/cuno-berufskolleg.de\/en\/wp-json\/wp\/v2\/pages"}],"about":[{"href":"http:\/\/cuno-berufskolleg.de\/en\/wp-json\/wp\/v2\/types\/page"}],"author":[{"embeddable":true,"href":"http:\/\/cuno-berufskolleg.de\/en\/wp-json\/wp\/v2\/users\/1"}],"replies":[{"embeddable":true,"href":"http:\/\/cuno-berufskolleg.de\/en\/wp-json\/wp\/v2\/comments?post=2209"}],"version-history":[{"count":0,"href":"http:\/\/cuno-berufskolleg.de\/en\/wp-json\/wp\/v2\/pages\/2209\/revisions"}],"wp:attachment":[{"href":"http:\/\/cuno-berufskolleg.de\/en\/wp-json\/wp\/v2\/media?parent=2209"}],"curies":[{"name":"wp","href":"https:\/\/api.w.org\/{rel}","templated":true}]}}