{"id":1913,"date":"2023-08-24T11:21:08","date_gmt":"2023-08-24T09:21:08","guid":{"rendered":"http:\/\/cuno-berufskolleg.de\/?page_id=1913"},"modified":"2023-08-24T11:24:02","modified_gmt":"2023-08-24T09:24:02","slug":"termine","status":"publish","type":"page","link":"http:\/\/cuno-berufskolleg.de\/en\/termine\/","title":{"rendered":"Events"},"content":{"rendered":"<div data-elementor-type=\"wp-page\" data-elementor-id=\"1913\" class=\"elementor elementor-1913\" data-elementor-post-type=\"page\">\n\t\t\t\t<div class=\"elementor-element elementor-element-04590f9 e-flex e-con-boxed e-con e-parent\" data-id=\"04590f9\" data-element_type=\"container\" data-e-type=\"container\">\n\t\t\t\t\t<div class=\"e-con-inner\">\n\t\t\t\t<div class=\"elementor-element elementor-element-5ae9cf2 elementor-grid-4 elementor-grid-tablet-2 elementor-grid-mobile-1 elementor-posts--thumbnail-top elementor-card-shadow-yes elementor-posts__hover-gradient elementor-widget elementor-widget-posts\" data-id=\"5ae9cf2\" data-element_type=\"widget\" data-e-type=\"widget\" data-settings=\"{&quot;cards_columns&quot;:&quot;4&quot;,&quot;cards_columns_tablet&quot;:&quot;2&quot;,&quot;cards_columns_mobile&quot;:&quot;1&quot;,&quot;cards_row_gap&quot;:{&quot;unit&quot;:&quot;px&quot;,&quot;size&quot;:35,&quot;sizes&quot;:[]},&quot;cards_row_gap_tablet&quot;:{&quot;unit&quot;:&quot;px&quot;,&quot;size&quot;:&quot;&quot;,&quot;sizes&quot;:[]},&quot;cards_row_gap_mobile&quot;:{&quot;unit&quot;:&quot;px&quot;,&quot;size&quot;:&quot;&quot;,&quot;sizes&quot;:[]}}\" data-widget_type=\"posts.cards\">\n\t\t\t\t<div class=\"elementor-widget-container\">\n\t\t\t\t\t\t\t<div class=\"elementor-posts-container elementor-posts elementor-posts--skin-cards elementor-grid\" role=\"list\">\n\t\t\t\t<article class=\"elementor-post elementor-grid-item post-4560 post type-post status-publish format-standard has-post-thumbnail hentry category-termine\" role=\"listitem\">\n\t\t\t<div class=\"elementor-post__card\">\n\t\t\t\t<a class=\"elementor-post__thumbnail__link\" href=\"http:\/\/cuno-berufskolleg.de\/en\/girlsday\/\" tabindex=\"-1\" ><div class=\"elementor-post__thumbnail\"><img decoding=\"async\" width=\"300\" height=\"147\" src=\"https:\/\/cuno-berufskolleg.de\/wp-content\/uploads\/2024\/03\/GirlsDay-1-300x147.jpg\" class=\"attachment-medium size-medium wp-image-4572\" alt=\"\" srcset=\"https:\/\/cuno-berufskolleg.de\/wp-content\/uploads\/2024\/03\/GirlsDay-1-300x147.jpg 300w, https:\/\/cuno-berufskolleg.de\/wp-content\/uploads\/2024\/03\/GirlsDay-1-18x9.jpg 18w, https:\/\/cuno-berufskolleg.de\/wp-content\/uploads\/2024\/03\/GirlsDay-1.jpg 402w\" sizes=\"(max-width: 300px) 100vw, 300px\" \/><\/div><\/a>\n\t\t\t\t<div class=\"elementor-post__badge\">Events<\/div>\n\t\t\t\t<div class=\"elementor-post__text\">\n\t\t\t\t<h3 class=\"elementor-post__title\">\n\t\t\t<a href=\"http:\/\/cuno-berufskolleg.de\/en\/girlsday\/\" >\n\t\t\t\tGirls&#8217;Day\t\t\t<\/a>\n\t\t<\/h3>\n\t\t\t\t<div class=\"elementor-post__excerpt\">\n\t\t\t<p>am Donnerstag, den 23.04.2026 Liebe Sch\u00fclerinnen, wir hei\u00dfen euch an unserem Cuno-Berufskolleg I zum diesj\u00e4hrigen Girls&#8217;Day willkommen und m\u00f6chten euch<\/p>\n\t\t<\/div>\n\t\t\n\t\t<a class=\"elementor-post__read-more\" href=\"http:\/\/cuno-berufskolleg.de\/en\/girlsday\/\" aria-label=\"Read more about Girls&#8217;Day\" tabindex=\"-1\" >\n\t\t\tWeiterlesen \u00bb\t\t<\/a>\n\n\t\t\t\t<\/div>\n\t\t\t\t<div class=\"elementor-post__meta-data\">\n\t\t\t\t\t<span class=\"elementor-post-date\">\n\t\t\t8. April 2026\t\t<\/span>\n\t\t\t\t<span class=\"elementor-post-avatar\">\n\t\t\tNo Comments\t\t<\/span>\n\t\t\t\t<\/div>\n\t\t\t\t\t<\/div>\n\t\t<\/article>\n\t\t\t\t<article class=\"elementor-post elementor-grid-item post-5301 post type-post status-publish format-standard has-post-thumbnail hentry category-termine tag-schulanmeldung\" role=\"listitem\">\n\t\t\t<div class=\"elementor-post__card\">\n\t\t\t\t<a class=\"elementor-post__thumbnail__link\" href=\"http:\/\/cuno-berufskolleg.de\/en\/schulanmeldungen-zweiter-zeitraum\/\" tabindex=\"-1\" ><div class=\"elementor-post__thumbnail\"><img fetchpriority=\"high\" decoding=\"async\" width=\"300\" height=\"238\" src=\"https:\/\/cuno-berufskolleg.de\/wp-content\/uploads\/2024\/01\/schueler_online-1-300x238.jpg\" class=\"attachment-medium size-medium wp-image-3273\" alt=\"\" srcset=\"https:\/\/cuno-berufskolleg.de\/wp-content\/uploads\/2024\/01\/schueler_online-1-300x238.jpg 300w, https:\/\/cuno-berufskolleg.de\/wp-content\/uploads\/2024\/01\/schueler_online-1-15x12.jpg 15w, https:\/\/cuno-berufskolleg.de\/wp-content\/uploads\/2024\/01\/schueler_online-1.jpg 326w\" sizes=\"(max-width: 300px) 100vw, 300px\" \/><\/div><\/a>\n\t\t\t\t<div class=\"elementor-post__badge\">Events<\/div>\n\t\t\t\t<div class=\"elementor-post__text\">\n\t\t\t\t<h3 class=\"elementor-post__title\">\n\t\t\t<a href=\"http:\/\/cuno-berufskolleg.de\/en\/schulanmeldungen-zweiter-zeitraum\/\" >\n\t\t\t\tSchulanmeldungen zweiter Zeitraum\t\t\t<\/a>\n\t\t<\/h3>\n\t\t\t\t<div class=\"elementor-post__excerpt\">\n\t\t\t<p>\u00a0 Der Zweite Anmeldezeitraum ist vom\u00a020.04. &#8211; 03.05.2026 Eine Aufnahme f\u00fcr die Vollzeitschulischen Bildungsg\u00e4nge kann nur in diesen Zeiten erfolgen.<\/p>\n\t\t<\/div>\n\t\t\n\t\t<a class=\"elementor-post__read-more\" href=\"http:\/\/cuno-berufskolleg.de\/en\/schulanmeldungen-zweiter-zeitraum\/\" aria-label=\"Read more about Schulanmeldungen zweiter Zeitraum\" tabindex=\"-1\" >\n\t\t\tWeiterlesen \u00bb\t\t<\/a>\n\n\t\t\t\t<\/div>\n\t\t\t\t<div class=\"elementor-post__meta-data\">\n\t\t\t\t\t<span class=\"elementor-post-date\">\n\t\t\t18. March 2026\t\t<\/span>\n\t\t\t\t<span class=\"elementor-post-avatar\">\n\t\t\tNo Comments\t\t<\/span>\n\t\t\t\t<\/div>\n\t\t\t\t\t<\/div>\n\t\t<\/article>\n\t\t\t\t<article class=\"elementor-post elementor-grid-item post-5239 post type-post status-publish format-standard has-post-thumbnail hentry category-termine\" role=\"listitem\">\n\t\t\t<div class=\"elementor-post__card\">\n\t\t\t\t<a class=\"elementor-post__thumbnail__link\" href=\"http:\/\/cuno-berufskolleg.de\/en\/termine-fuer-den-blockunterricht-der-technischen-modellbauerin-technischen-modellbauer-im-schuljahr-2025-2026\/\" tabindex=\"-1\" ><div class=\"elementor-post__thumbnail\"><img decoding=\"async\" width=\"300\" height=\"184\" src=\"https:\/\/cuno-berufskolleg.de\/wp-content\/uploads\/2024\/02\/Technischer_Modellbauer_in-300x184.jpg\" class=\"attachment-medium size-medium wp-image-3669\" alt=\"\" srcset=\"https:\/\/cuno-berufskolleg.de\/wp-content\/uploads\/2024\/02\/Technischer_Modellbauer_in-300x184.jpg 300w, https:\/\/cuno-berufskolleg.de\/wp-content\/uploads\/2024\/02\/Technischer_Modellbauer_in-18x12.jpg 18w, https:\/\/cuno-berufskolleg.de\/wp-content\/uploads\/2024\/02\/Technischer_Modellbauer_in.jpg 531w\" sizes=\"(max-width: 300px) 100vw, 300px\" \/><\/div><\/a>\n\t\t\t\t<div class=\"elementor-post__badge\">Events<\/div>\n\t\t\t\t<div class=\"elementor-post__text\">\n\t\t\t\t<h3 class=\"elementor-post__title\">\n\t\t\t<a href=\"http:\/\/cuno-berufskolleg.de\/en\/termine-fuer-den-blockunterricht-der-technischen-modellbauerin-technischen-modellbauer-im-schuljahr-2025-2026\/\" >\n\t\t\t\tTermine f\u00fcr den Blockunterricht der technischen Modellbauerin\/ technischen Modellbauer im Schuljahr 2025\/2026\t\t\t<\/a>\n\t\t<\/h3>\n\t\t\t\t<div class=\"elementor-post__excerpt\">\n\t\t\t\t\t<\/div>\n\t\t\n\t\t<a class=\"elementor-post__read-more\" href=\"http:\/\/cuno-berufskolleg.de\/en\/termine-fuer-den-blockunterricht-der-technischen-modellbauerin-technischen-modellbauer-im-schuljahr-2025-2026\/\" aria-label=\"Read more about Termine f\u00fcr den Blockunterricht der technischen Modellbauerin\/ technischen Modellbauer im Schuljahr 2025\/2026\" tabindex=\"-1\" >\n\t\t\tWeiterlesen \u00bb\t\t<\/a>\n\n\t\t\t\t<\/div>\n\t\t\t\t<div class=\"elementor-post__meta-data\">\n\t\t\t\t\t<span class=\"elementor-post-date\">\n\t\t\t3. February 2025\t\t<\/span>\n\t\t\t\t<span class=\"elementor-post-avatar\">\n\t\t\tNo Comments\t\t<\/span>\n\t\t\t\t<\/div>\n\t\t\t\t\t<\/div>\n\t\t<\/article>\n\t\t\t\t<article class=\"elementor-post elementor-grid-item post-3162 post type-post status-publish format-standard has-post-thumbnail hentry category-termine\" role=\"listitem\">\n\t\t\t<div class=\"elementor-post__card\">\n\t\t\t\t<a class=\"elementor-post__thumbnail__link\" href=\"http:\/\/cuno-berufskolleg.de\/en\/bewegliche-ferientage-im-schuljahr-23-24\/\" tabindex=\"-1\" ><div class=\"elementor-post__thumbnail\"><img loading=\"lazy\" decoding=\"async\" width=\"300\" height=\"150\" src=\"https:\/\/cuno-berufskolleg.de\/wp-content\/uploads\/2024\/02\/1.Etage_-300x150.jpg\" class=\"attachment-medium size-medium wp-image-3648\" alt=\"\" srcset=\"https:\/\/cuno-berufskolleg.de\/wp-content\/uploads\/2024\/02\/1.Etage_-300x150.jpg 300w, https:\/\/cuno-berufskolleg.de\/wp-content\/uploads\/2024\/02\/1.Etage_-1024x512.jpg 1024w, https:\/\/cuno-berufskolleg.de\/wp-content\/uploads\/2024\/02\/1.Etage_-768x384.jpg 768w, https:\/\/cuno-berufskolleg.de\/wp-content\/uploads\/2024\/02\/1.Etage_-18x9.jpg 18w, https:\/\/cuno-berufskolleg.de\/wp-content\/uploads\/2024\/02\/1.Etage_.jpg 1536w\" sizes=\"(max-width: 300px) 100vw, 300px\" \/><\/div><\/a>\n\t\t\t\t<div class=\"elementor-post__badge\">Events<\/div>\n\t\t\t\t<div class=\"elementor-post__text\">\n\t\t\t\t<h3 class=\"elementor-post__title\">\n\t\t\t<a href=\"http:\/\/cuno-berufskolleg.de\/en\/bewegliche-ferientage-im-schuljahr-23-24\/\" >\n\t\t\t\tbewegliche Ferientage im Schuljahr 25\/26\t\t\t<\/a>\n\t\t<\/h3>\n\t\t\t\t<div class=\"elementor-post__excerpt\">\n\t\t\t<p>Im Schuljahr 2025\/2026 liegen die beweglichen Ferientage\u00a0\u00a0 vom 16.02. bis 17.02.2026 (Rosenmontag und Fastnacht) und am 05.06.2026 (nach Fronleichnam)<\/p>\n\t\t<\/div>\n\t\t\n\t\t<a class=\"elementor-post__read-more\" href=\"http:\/\/cuno-berufskolleg.de\/en\/bewegliche-ferientage-im-schuljahr-23-24\/\" aria-label=\"Read more about bewegliche Ferientage im Schuljahr 25\/26\" tabindex=\"-1\" >\n\t\t\tWeiterlesen \u00bb\t\t<\/a>\n\n\t\t\t\t<\/div>\n\t\t\t\t<div class=\"elementor-post__meta-data\">\n\t\t\t\t\t<span class=\"elementor-post-date\">\n\t\t\t1. February 2024\t\t<\/span>\n\t\t\t\t<span class=\"elementor-post-avatar\">\n\t\t\tNo Comments\t\t<\/span>\n\t\t\t\t<\/div>\n\t\t\t\t\t<\/div>\n\t\t<\/article>\n\t\t\t\t<\/div>\n\t\t\n\t\t\t\t\t\t<\/div>\n\t\t\t\t<\/div>\n\t\t\t\t\t<\/div>\n\t\t\t\t<\/div>\n\t\t\t\t<\/div>","protected":false},"excerpt":{"rendered":"","protected":false},"author":1,"featured_media":0,"parent":0,"menu_order":0,"comment_status":"closed","ping_status":"closed","template":"","meta":{"footnotes":""},"class_list":["post-1913","page","type-page","status-publish","hentry"],"publishpress_future_action":{"enabled":false,"date":"2026-04-20 16:25:12","action":"change-status","newStatus":"draft","terms":[],"taxonomy":"","extraData":[]},"publishpress_future_workflow_manual_trigger":{"enabledWorkflows":[]},"_links":{"self":[{"href":"http:\/\/cuno-berufskolleg.de\/en\/wp-json\/wp\/v2\/pages\/1913","targetHints":{"allow":["GET"]}}],"collection":[{"href":"http:\/\/cuno-berufskolleg.de\/en\/wp-json\/wp\/v2\/pages"}],"about":[{"href":"http:\/\/cuno-berufskolleg.de\/en\/wp-json\/wp\/v2\/types\/page"}],"author":[{"embeddable":true,"href":"http:\/\/cuno-berufskolleg.de\/en\/wp-json\/wp\/v2\/users\/1"}],"replies":[{"embeddable":true,"href":"http:\/\/cuno-berufskolleg.de\/en\/wp-json\/wp\/v2\/comments?post=1913"}],"version-history":[{"count":0,"href":"http:\/\/cuno-berufskolleg.de\/en\/wp-json\/wp\/v2\/pages\/1913\/revisions"}],"wp:attachment":[{"href":"http:\/\/cuno-berufskolleg.de\/en\/wp-json\/wp\/v2\/media?parent=1913"}],"curies":[{"name":"wp","href":"https:\/\/api.w.org\/{rel}","templated":true}]}}