{"id":1145,"date":"2023-07-25T08:18:59","date_gmt":"2023-07-25T06:18:59","guid":{"rendered":"http:\/\/cuno-berufskolleg.de\/?page_id=1145"},"modified":"2024-03-12T08:43:02","modified_gmt":"2024-03-12T07:43:02","slug":"mechatroniker-in","status":"publish","type":"page","link":"http:\/\/cuno-berufskolleg.de\/en\/mechatroniker-in\/","title":{"rendered":"Mechatroniker\/-in"},"content":{"rendered":"<div data-elementor-type=\"wp-page\" data-elementor-id=\"1145\" class=\"elementor elementor-1145\" data-elementor-post-type=\"page\">\n\t\t\t\t\t\t<section class=\"elementor-section elementor-top-section elementor-element elementor-element-4404e1d0 elementor-section-boxed elementor-section-height-default elementor-section-height-default\" data-id=\"4404e1d0\" data-element_type=\"section\" data-e-type=\"section\">\n\t\t\t\t\t\t<div class=\"elementor-container elementor-column-gap-default\">\n\t\t\t\t\t<div class=\"elementor-column elementor-col-100 elementor-top-column elementor-element elementor-element-18a5d52d\" data-id=\"18a5d52d\" data-element_type=\"column\" data-e-type=\"column\">\n\t\t\t<div class=\"elementor-widget-wrap elementor-element-populated\">\n\t\t\t\t\t\t<div class=\"elementor-element elementor-element-43f89533 elementor-widget elementor-widget-text-editor\" data-id=\"43f89533\" data-element_type=\"widget\" data-e-type=\"widget\" data-widget_type=\"text-editor.default\">\n\t\t\t\t<div class=\"elementor-widget-container\">\n\t\t\t\t\t\t\t\t\t<div id=\"c1340\" class=\"csc-frame csc-frame-default\"><div class=\"csc-textpic csc-textpic-intext-right\"><div class=\"csc-textpic-imagewrap\" data-csc-images=\"1\" data-csc-cols=\"1\"><figure id=\"attachment_3756\" aria-describedby=\"caption-attachment-3756\" style=\"width: 300px\" class=\"wp-caption alignright\"><a href=\"https:\/\/web.arbeitsagentur.de\/berufenet\/beruf\/2868\" target=\"_blank\" rel=\"noopener\"><img decoding=\"async\" class=\"wp-image-3756 size-medium\" src=\"http:\/\/cuno-berufskolleg.de\/wp-content\/uploads\/2024\/02\/Logo_Berufenet-300x76.jpg\" alt=\"\" width=\"300\" height=\"76\" \/><\/a><figcaption id=\"caption-attachment-3756\" class=\"wp-caption-text\">Weitere Informationen finden Sie hier<\/figcaption><\/figure><strong>Ansprechpartner:<\/strong> <a href=\"http:\/\/cuno-berufskolleg.de\/en\/intern\/herr-altenbrandt\/\">\u00a0Herr Altenbrandt<\/a><\/div><div class=\"csc-textpic-text\"><p class=\"bodytext\"><strong>Bereichsleiter:<\/strong> <a href=\"http:\/\/cuno-berufskolleg.de\/en\/intern\/herr-altenbrandt\/\">Herr Altenbrandt<\/a><\/p><\/div><\/div><\/div><div id=\"c989\" class=\"csc-frame csc-frame-default\"><div><ul><li><a class=\"internal-link\" title=\"Opens internal link in current window\" href=\"#wasmachtmechatronik\">Was machen Mechatroniker\/-innen?<\/a><\/li><li><a class=\"internal-link\" title=\"Opens internal link in current window\" href=\"#fuerwenmechatronik\">F\u00fcr wen ist der Job geeignet?<\/a><\/li><li><a class=\"internal-link\" title=\"Opens internal link in current window\" href=\"#wasistgutmechatronik\">Was ist besonders gut?<\/a><\/li><li><a class=\"internal-link\" title=\"Opens internal link in current window\" href=\"#ausbildungaufgebautmechatronik\">Wie ist die Ausbildung aufgebaut?<\/a><\/li><li><a class=\"internal-link\" title=\"Opens internal link in current window\" href=\"#waskannichmachenmechatronik\">Was kann ich aus dem Beruf sp\u00e4ter einmal machen?<\/a><\/li><li><a class=\"internal-link\" title=\"Opens internal link in current window\" href=\"http:\/\/cuno-berufskolleg.de\/en\/bildungsangebote\/ausbildungsberufe\/mechatroniker-in.html\/#c1008\">Kurzinfo<\/a><\/li><\/ul><\/div><\/div>\t\t\t\t\t\t\t\t<\/div>\n\t\t\t\t<\/div>\n\t\t\t\t\t<\/div>\n\t\t<\/div>\n\t\t\t\t\t<\/div>\n\t\t<\/section>\n\t\t\t\t<section class=\"elementor-section elementor-top-section elementor-element elementor-element-3afdb53c elementor-section-boxed elementor-section-height-default elementor-section-height-default\" data-id=\"3afdb53c\" data-element_type=\"section\" data-e-type=\"section\">\n\t\t\t\t\t\t<div class=\"elementor-container elementor-column-gap-default\">\n\t\t\t\t\t<div class=\"elementor-column elementor-col-100 elementor-top-column elementor-element elementor-element-4549183\" data-id=\"4549183\" data-element_type=\"column\" data-e-type=\"column\">\n\t\t\t<div class=\"elementor-widget-wrap elementor-element-populated\">\n\t\t\t\t\t\t<div class=\"elementor-element elementor-element-100dfe59 elementor-widget elementor-widget-menu-anchor\" data-id=\"100dfe59\" data-element_type=\"widget\" data-e-type=\"widget\" data-widget_type=\"menu-anchor.default\">\n\t\t\t\t<div class=\"elementor-widget-container\">\n\t\t\t\t\t\t\t<div class=\"elementor-menu-anchor\" id=\"wasmachtmechatronik\"><\/div>\n\t\t\t\t\t\t<\/div>\n\t\t\t\t<\/div>\n\t\t\t\t<div class=\"elementor-element elementor-element-fe00a38 elementor-widget elementor-widget-text-editor\" data-id=\"fe00a38\" data-element_type=\"widget\" data-e-type=\"widget\" data-widget_type=\"text-editor.default\">\n\t\t\t\t<div class=\"elementor-widget-container\">\n\t\t\t\t\t\t\t\t\t<div id=\"c418\" class=\"csc-frame csc-frame-default\"><div class=\"csc-header csc-header-n4\"><div id=\"c388\" class=\"csc-frame csc-frame-default\"><div class=\"csc-header csc-header-n4\"><div id=\"c366\" class=\"csc-frame csc-frame-default\"><div class=\"csc-header csc-header-n4\"><div id=\"c3236\" class=\"csc-frame csc-frame-default\"><div class=\"csc-header csc-header-n3\"><div id=\"c990\" class=\"csc-frame csc-frame-default\"><div class=\"csc-header csc-header-n3\"><h3>Was machen Mechatroniker\/-innen?<\/h3><\/div><p class=\"bodytext\">Immer mehr Maschinen und Anlagen bestehen aus mechanischen, elektronischen und informationstechnischen Bauteilen: Autopiloten f\u00fcr Flugzeuge und Schiffe zum Beispiel, ABS-Bremsen in Autos oder auch elektronische Antriebssysteme. Mechatroniker sind also eine Mischung aus Mechaniker und Elektroniker. Sie montieren Anlagen und Maschinen aus mechanischen und elektronischen Teilen, nehmen sie in Betrieb und bedienen sie. Nat\u00fcrlich sorgen sie auch f\u00fcr die Wartung und Instandhaltung der Anlagen. Dabei arbeiten sie oft vor Ort zum Beispiel in den Produktionshallen von Gro\u00dfkunden.<\/p><\/div><div id=\"c991\" class=\"csc-frame csc-frame-default\"><div class=\"csc-header csc-header-n4\"><h4>Mechatroniker &#8230;<\/h4><\/div><ul class=\"ce-bullets ce-bullets-0\"><li>spanen (z.B. hobeln, fr\u00e4sen), trennen und formen per Hand und mit Maschinen Metalle und Kunststoffe<\/li><li>verbinden verschiedene Werkstoffe durch Schrauben, L\u00f6ten, Kleben oder Schwei\u00dfen<\/li><li>installieren elektrische Baugruppen und Komponenten (Bestandteile)<\/li><li>bauen und pr\u00fcfen elektrische, pneumatische (arbeiten mit Luftdruck) und hydraulische (arbeiten mit dem Druck bestimmter Fl\u00fcssigkeiten) Steuerungen f\u00fcr Anlagen<\/li><li>setzen Baugruppen und Einzelteile zu Maschinen und Systemen zusammen<\/li><li>montieren und demontieren Maschinen, Systeme und Anlagen, transportieren und sichern sie<\/li><li>programmieren mechatronische Systeme wie z.B. Flaschenabf\u00fcllanlagen, Produktionsstra\u00dfen zur Herstellung von Autos<\/li><li>nehmen mechatronische Systeme in Betrieb, bedienen sie und halten sie instand<\/li><li>installieren und testen Hard- und Softwarekomponenten<\/li><li>pr\u00fcfen z.B. elektrische Gr\u00f6\u00dfen und Signale von mechatronischen Systemen und stellen Steuer- und Regeleinrichtungen ein<\/li><\/ul><\/div><div id=\"c992\" class=\"csc-frame csc-frame-default\"><div class=\"csc-header csc-header-n5\"><h4>Mechatroniker arbeiten f\u00fcr &#8230;<\/h4><\/div><ul class=\"ce-bullets ce-bullets-0\"><li>Betriebe der Metall- und Elektroindustrie<\/li><li>Betriebe des Maschinen- und Anlagenbau<\/li><\/ul><\/div><div id=\"c993\" class=\"csc-frame csc-frame-default\"><p class=\"bodytext\">Dort werden sie in der Regel auch ausgebildet.<\/p><\/div><\/div><\/div><\/div><\/div><\/div><\/div><\/div><\/div>\t\t\t\t\t\t\t\t<\/div>\n\t\t\t\t<\/div>\n\t\t\t\t\t<\/div>\n\t\t<\/div>\n\t\t\t\t\t<\/div>\n\t\t<\/section>\n\t\t\t\t<section class=\"elementor-section elementor-top-section elementor-element elementor-element-38614ac9 elementor-section-boxed elementor-section-height-default elementor-section-height-default\" data-id=\"38614ac9\" data-element_type=\"section\" data-e-type=\"section\">\n\t\t\t\t\t\t<div class=\"elementor-container elementor-column-gap-default\">\n\t\t\t\t\t<div class=\"elementor-column elementor-col-100 elementor-top-column elementor-element elementor-element-7d9a113\" data-id=\"7d9a113\" data-element_type=\"column\" data-e-type=\"column\">\n\t\t\t<div class=\"elementor-widget-wrap elementor-element-populated\">\n\t\t\t\t\t\t<div class=\"elementor-element elementor-element-7b92b810 elementor-widget elementor-widget-menu-anchor\" data-id=\"7b92b810\" data-element_type=\"widget\" data-e-type=\"widget\" data-widget_type=\"menu-anchor.default\">\n\t\t\t\t<div class=\"elementor-widget-container\">\n\t\t\t\t\t\t\t<div class=\"elementor-menu-anchor\" id=\"fuerwenmechatronik\"><\/div>\n\t\t\t\t\t\t<\/div>\n\t\t\t\t<\/div>\n\t\t\t\t<div class=\"elementor-element elementor-element-3c7688fa elementor-widget elementor-widget-text-editor\" data-id=\"3c7688fa\" data-element_type=\"widget\" data-e-type=\"widget\" data-widget_type=\"text-editor.default\">\n\t\t\t\t<div class=\"elementor-widget-container\">\n\t\t\t\t\t\t\t\t\t<div id=\"c423\" class=\"csc-frame csc-frame-default\"><div class=\"csc-header csc-header-n9\"><div id=\"c393\" class=\"csc-frame csc-frame-default\"><div class=\"csc-header csc-header-n8\"><div id=\"c370\" class=\"csc-frame csc-frame-default\"><div class=\"csc-header csc-header-n8\"><div id=\"c3216\" class=\"csc-frame csc-frame-default\"><div class=\"csc-header csc-header-n11\"><div id=\"c994\" class=\"csc-frame csc-frame-default\"><div class=\"csc-header csc-header-n7\"><h3>F\u00fcr wen ist der Job geeignet?<\/h3><\/div><\/div><div id=\"c995\" class=\"csc-frame csc-frame-default\"><div class=\"csc-header csc-header-n8\"><h4>Bewerber sollten &#8230;<\/h4><\/div><ul class=\"ce-bullets ce-bullets-0\"><li>r\u00e4umliches Vorstellungsverm\u00f6gen haben<\/li><li>gute mathematische und physikalische Kenntnisse besitzen<\/li><li>gerne mit technischen und elektronischen Ger\u00e4ten umgehen<\/li><li>gerne im Team arbeiten<\/li><\/ul><\/div><\/div><\/div><\/div><\/div><\/div><\/div><\/div><\/div>\t\t\t\t\t\t\t\t<\/div>\n\t\t\t\t<\/div>\n\t\t\t\t\t<\/div>\n\t\t<\/div>\n\t\t\t\t\t<\/div>\n\t\t<\/section>\n\t\t\t\t<section class=\"elementor-section elementor-top-section elementor-element elementor-element-25f2ad18 elementor-section-boxed elementor-section-height-default elementor-section-height-default\" data-id=\"25f2ad18\" data-element_type=\"section\" data-e-type=\"section\">\n\t\t\t\t\t\t<div class=\"elementor-container elementor-column-gap-default\">\n\t\t\t\t\t<div class=\"elementor-column elementor-col-100 elementor-top-column elementor-element elementor-element-17729bd1\" data-id=\"17729bd1\" data-element_type=\"column\" data-e-type=\"column\">\n\t\t\t<div class=\"elementor-widget-wrap elementor-element-populated\">\n\t\t\t\t\t\t<div class=\"elementor-element elementor-element-31162548 elementor-widget elementor-widget-menu-anchor\" data-id=\"31162548\" data-element_type=\"widget\" data-e-type=\"widget\" data-widget_type=\"menu-anchor.default\">\n\t\t\t\t<div class=\"elementor-widget-container\">\n\t\t\t\t\t\t\t<div class=\"elementor-menu-anchor\" id=\"wasistgutmechatronik\"><\/div>\n\t\t\t\t\t\t<\/div>\n\t\t\t\t<\/div>\n\t\t\t\t<div class=\"elementor-element elementor-element-711b057a elementor-widget elementor-widget-text-editor\" data-id=\"711b057a\" data-element_type=\"widget\" data-e-type=\"widget\" data-widget_type=\"text-editor.default\">\n\t\t\t\t<div class=\"elementor-widget-container\">\n\t\t\t\t\t\t\t\t\t<div class=\"csc-header csc-header-n11\"><div class=\"csc-header csc-header-n10\"><div class=\"csc-header csc-header-n10\"><div class=\"csc-header csc-header-n13\"><div class=\"csc-header csc-header-n9\"><h3>Was ist besonders gut?<\/h3><\/div><ul class=\"ce-bullets ce-bullets-0\"><li>vielf\u00e4ltige T\u00e4tigkeit durch die Arbeit an verschiedenen Anlagen und Einsatzorten<\/li><li>neuer, zukunftsorientierter Beruf<\/li><\/ul><\/div><\/div><\/div><\/div>\t\t\t\t\t\t\t\t<\/div>\n\t\t\t\t<\/div>\n\t\t\t\t\t<\/div>\n\t\t<\/div>\n\t\t\t\t\t<\/div>\n\t\t<\/section>\n\t\t\t\t<section class=\"elementor-section elementor-top-section elementor-element elementor-element-5c0c0c01 elementor-section-boxed elementor-section-height-default elementor-section-height-default\" data-id=\"5c0c0c01\" data-element_type=\"section\" data-e-type=\"section\">\n\t\t\t\t\t\t<div class=\"elementor-container elementor-column-gap-default\">\n\t\t\t\t\t<div class=\"elementor-column elementor-col-100 elementor-top-column elementor-element elementor-element-6a3ac42\" data-id=\"6a3ac42\" data-element_type=\"column\" data-e-type=\"column\">\n\t\t\t<div class=\"elementor-widget-wrap elementor-element-populated\">\n\t\t\t\t\t\t<div class=\"elementor-element elementor-element-7d7eb087 elementor-widget elementor-widget-menu-anchor\" data-id=\"7d7eb087\" data-element_type=\"widget\" data-e-type=\"widget\" data-widget_type=\"menu-anchor.default\">\n\t\t\t\t<div class=\"elementor-widget-container\">\n\t\t\t\t\t\t\t<div class=\"elementor-menu-anchor\" id=\"ausbildungaufgebautmechatronik\"><\/div>\n\t\t\t\t\t\t<\/div>\n\t\t\t\t<\/div>\n\t\t\t\t<div class=\"elementor-element elementor-element-545e96d7 elementor-widget elementor-widget-text-editor\" data-id=\"545e96d7\" data-element_type=\"widget\" data-e-type=\"widget\" data-widget_type=\"text-editor.default\">\n\t\t\t\t<div class=\"elementor-widget-container\">\n\t\t\t\t\t\t\t\t\t<div id=\"c426\" class=\"csc-frame csc-frame-default\"><div class=\"csc-header csc-header-n12\"><div id=\"c396\" class=\"csc-frame csc-frame-default\"><div class=\"csc-header csc-header-n11\"><div id=\"c373\" class=\"csc-frame csc-frame-default\"><div class=\"csc-header csc-header-n11\"><div id=\"c3210\" class=\"csc-frame csc-frame-default\"><div class=\"csc-header csc-header-n14\"><div id=\"c997\" class=\"csc-frame csc-frame-default\"><div class=\"csc-header csc-header-n10\"><h3>Wie ist die Ausbildung aufgebaut?<\/h3><\/div><\/div><div id=\"c998\" class=\"csc-frame csc-frame-default\"><div class=\"csc-header csc-header-n11\"><h4>Zugangsvoraussetzung<\/h4><\/div><p class=\"bodytext\">Grunds\u00e4tzlich ist keine bestimmte Vorbildung f\u00fcr den Ausbildungsbeginn vorgeschrieben. Die meisten Betriebe erwarten die Fachoberschulreife (Mittlere Reife).<\/p><\/div><div id=\"c999\" class=\"csc-frame csc-frame-default\"><p class=\"bodytext\">Vor dem Ende des zweiten Ausbildungsjahres findet eine Zwischenpr\u00fcfung statt. Die Ausbildung endet nach dreieinhalb Jahren mit bestandener Abschlusspr\u00fcfung.<\/p><\/div><div id=\"c1000\" class=\"csc-frame csc-frame-default\"><div class=\"csc-header csc-header-n13\"><h4>Ausbildungsverg\u00fctung<\/h4><\/div><p class=\"bodytext\">Die H\u00f6he der Ausbildungsverg\u00fctung ist je nach Wirtschaftsbereich und Region, manchmal sogar je nach Unternehmen sehr unterschiedlich. Die jeweiligen Tarifpartner, also die Arbeitgeberverb\u00e4nde und Gewerkschaften, vereinbaren, wie viel man w\u00e4hrend und nach der Ausbildung verdient. Sie k\u00f6nnen Ihnen genaue Ausk\u00fcnfte geben. Welcher Arbeitgeberverband bzw. welche Gewerkschaft f\u00fcr Ihren Ausbildungsberuf zust\u00e4ndig ist, erf\u00e4hrt man zum Beispiel bei der Industrie- und Handelskammer, beim Berufsverband oder auch beim Arbeitsamt vor Ort.<\/p><\/div><\/div><\/div><\/div><\/div><\/div><\/div><\/div><\/div>\t\t\t\t\t\t\t\t<\/div>\n\t\t\t\t<\/div>\n\t\t\t\t\t<\/div>\n\t\t<\/div>\n\t\t\t\t\t<\/div>\n\t\t<\/section>\n\t\t\t\t<section class=\"elementor-section elementor-top-section elementor-element elementor-element-6fd70ac7 elementor-section-boxed elementor-section-height-default elementor-section-height-default\" data-id=\"6fd70ac7\" data-element_type=\"section\" data-e-type=\"section\">\n\t\t\t\t\t\t<div class=\"elementor-container elementor-column-gap-default\">\n\t\t\t\t\t<div class=\"elementor-column elementor-col-100 elementor-top-column elementor-element elementor-element-62e14b35\" data-id=\"62e14b35\" data-element_type=\"column\" data-e-type=\"column\">\n\t\t\t<div class=\"elementor-widget-wrap elementor-element-populated\">\n\t\t\t\t\t\t<div class=\"elementor-element elementor-element-2824d696 elementor-widget elementor-widget-menu-anchor\" data-id=\"2824d696\" data-element_type=\"widget\" data-e-type=\"widget\" data-widget_type=\"menu-anchor.default\">\n\t\t\t\t<div class=\"elementor-widget-container\">\n\t\t\t\t\t\t\t<div class=\"elementor-menu-anchor\" id=\"waskannichmachenmechatronik\"><\/div>\n\t\t\t\t\t\t<\/div>\n\t\t\t\t<\/div>\n\t\t\t\t<div class=\"elementor-element elementor-element-1e40a4dc elementor-widget elementor-widget-text-editor\" data-id=\"1e40a4dc\" data-element_type=\"widget\" data-e-type=\"widget\" data-widget_type=\"text-editor.default\">\n\t\t\t\t<div class=\"elementor-widget-container\">\n\t\t\t\t\t\t\t\t\t<div id=\"c430\" class=\"csc-frame csc-frame-default\"><div class=\"csc-header csc-header-n16\"><div id=\"c400\" class=\"csc-frame csc-frame-default\"><div class=\"csc-header csc-header-n15\"><div id=\"c376\" class=\"csc-frame csc-frame-default\"><div class=\"csc-header csc-header-n14\"><div id=\"c3204\" class=\"csc-frame csc-frame-default\"><div class=\"csc-header csc-header-n17\"><div id=\"c1001\" class=\"csc-frame csc-frame-default\"><div class=\"csc-header csc-header-n14\"><h3>Was kann ich aus dem Beruf sp\u00e4ter einmal machen?<\/h3><\/div><p class=\"bodytext\">Eine berufliche Ausbildung ist der erste Schritt ins Berufsleben. Danach geht&#8217;s weiter, beispielsweise als Industriemeister. Ziel kann nat\u00fcrlich auch die berufliche Selbst\u00e4ndigkeit sein.<\/p><\/div><div id=\"c1002\" class=\"csc-frame csc-frame-default\"><p class=\"bodytext\">Klar ist: Keiner muss sein Leben lang immer im gleichen Job dasselbe tun.<\/p><\/div><div id=\"c1003\" class=\"csc-frame csc-frame-default\"><p class=\"bodytext\">Im Gegenteil: Wer heutzutage gute Chancen auf dem Arbeitsmarkt bzw. als selbst\u00e4ndiger Unternehmer haben will, muss flexibel sein und sich regelm\u00e4\u00dfig weiterbilden.<\/p><\/div><div id=\"c1004\" class=\"csc-frame csc-frame-default\"><p class=\"bodytext\">Es gibt jede Menge Lehrg\u00e4nge, Kurse oder Seminare, um sich zu spezialisieren, z. B.<\/p><ul><li>Elektrotechnik<\/li><li>EDV<\/li><li>Arbeitsvorbereitung, Kostenrechnung<\/li><\/ul><\/div><div id=\"c1005\" class=\"csc-frame csc-frame-default\"><p class=\"bodytext\">Unter bestimmten Voraussetzungen, z.B. mehrj\u00e4hriger Berufserfahrung, sind verschiedene Fort- und Weiterbildungen m\u00f6glich, u.a.:<\/p><\/div><div id=\"c1006\" class=\"csc-frame csc-frame-default\"><ul class=\"ce-bullets ce-bullets-0\"><li>Ausbilder\/-in (verantwortlich f\u00fcr die Ausbildung von Azubis)<\/li><li>Industriemeister\/-in<\/li><li>Techniker\/-in<\/li><li>Ingenieur<\/li><\/ul><\/div><div id=\"c1007\" class=\"csc-frame csc-frame-default\"><p class=\"bodytext\">Dar\u00fcber hinaus berechtigt der erfolgreiche Abschluss der Fachoberschule in Teilzeitform am Cuno-Berufskolleg I zum Studium an der Fachhochschule.<\/p><\/div><\/div><\/div><\/div><\/div><\/div><\/div><\/div><\/div>\t\t\t\t\t\t\t\t<\/div>\n\t\t\t\t<\/div>\n\t\t\t\t\t<\/div>\n\t\t<\/div>\n\t\t\t\t\t<\/div>\n\t\t<\/section>\n\t\t\t\t<section class=\"elementor-section elementor-top-section elementor-element elementor-element-1b79250c elementor-section-boxed elementor-section-height-default elementor-section-height-default\" data-id=\"1b79250c\" data-element_type=\"section\" data-e-type=\"section\">\n\t\t\t\t\t\t<div class=\"elementor-container elementor-column-gap-default\">\n\t\t\t\t\t<div class=\"elementor-column elementor-col-100 elementor-top-column elementor-element elementor-element-2783918e\" data-id=\"2783918e\" data-element_type=\"column\" data-e-type=\"column\">\n\t\t\t<div class=\"elementor-widget-wrap elementor-element-populated\">\n\t\t\t\t\t\t<div class=\"elementor-element elementor-element-3e29b4d7 elementor-widget elementor-widget-menu-anchor\" data-id=\"3e29b4d7\" data-element_type=\"widget\" data-e-type=\"widget\" data-widget_type=\"menu-anchor.default\">\n\t\t\t\t<div class=\"elementor-widget-container\">\n\t\t\t\t\t\t\t<div class=\"elementor-menu-anchor\" id=\"kurzinfomechatrionik\"><\/div>\n\t\t\t\t\t\t<\/div>\n\t\t\t\t<\/div>\n\t\t\t\t<div class=\"elementor-element elementor-element-7a11b315 elementor-widget elementor-widget-text-editor\" data-id=\"7a11b315\" data-element_type=\"widget\" data-e-type=\"widget\" data-widget_type=\"text-editor.default\">\n\t\t\t\t<div class=\"elementor-widget-container\">\n\t\t\t\t\t\t\t\t\t<div id=\"c430\" class=\"csc-frame csc-frame-default\"><div class=\"csc-header csc-header-n16\"><div id=\"c432\" class=\"csc-frame csc-frame-default\"><div class=\"csc-header csc-header-n18\"><div id=\"c432\" class=\"csc-frame csc-frame-default\"><div class=\"csc-header csc-header-n18\"><div id=\"c403\" class=\"csc-frame csc-frame-default\"><div class=\"csc-header csc-header-n18\"><div id=\"c379\" class=\"csc-frame csc-frame-default\"><div class=\"csc-header csc-header-n17\"><div id=\"c3192\" class=\"csc-frame csc-frame-default\"><div class=\"csc-header csc-header-n23\"><div id=\"c1008\" class=\"csc-frame csc-frame-default\"><div class=\"csc-header csc-header-n21\"><h3>Kurzinfo<\/h3><\/div><\/div><div id=\"c1009\" class=\"csc-frame csc-frame-default\"><div class=\"csc-header csc-header-n22\"><h4>Mechatroniker &#8230;<\/h4><\/div><p class=\"bodytext\">&#8230; installieren elektrische Baugruppen und Komponenten (Bestandteile), bauen und pr\u00fcfen elektrische, pneumatische, hydraulische Steuerungen f\u00fcr Anlagen. Setzen Baugruppen und Einzelteile zu Maschinen und Systemen zusammen, montieren und demontieren Maschinen, Systeme und Anlagen. Programmieren mechatronische Systeme wie z.B. Flaschenabf\u00fcllanlagen, nehmen sie in Betrieb, halten sie instand<\/p><\/div><div id=\"c1010\" class=\"csc-frame csc-frame-default\"><div class=\"csc-header csc-header-n23\"><h4>Bewerber\/-innen sollten &#8230;<\/h4><\/div><p class=\"bodytext\">&#8230; an Technik interessiert sein, gutes r\u00e4umliches Vorstellungsverm\u00f6gen haben, verantwortungsbewusst sein, gut rechnen k\u00f6nnen gerne im Team arbeiten.<\/p><\/div><div id=\"c1011\" class=\"csc-frame csc-frame-default\"><div class=\"csc-header csc-header-n24\"><h4>Wer bildet aus?<\/h4><\/div><p class=\"bodytext\">Betriebe der Metall- und Elektroindustrie, Betriebe des Maschinen- und Anlagenbaus<\/p><\/div><div id=\"c1012\" class=\"csc-frame csc-frame-default\"><div class=\"csc-header csc-header-n25\"><h4>Berufliche Aufstiegschancen<\/h4><\/div><p class=\"bodytext\">z.B.: Ausbilder\/-in, Industriemeister\/-in, Maschinenbauer\/-in, Techniker oder Ingenieur der Fachrichtung Mechatronik<\/p><\/div><div id=\"c1013\" class=\"csc-frame csc-frame-default\"><div class=\"csc-header csc-header-n26\"><h4>Besonders gut ist &#8230;<\/h4><\/div><p class=\"bodytext\">&#8230; die vielf\u00e4ltige T\u00e4tigkeit durch die Arbeit an verschiedenen Anlagen und Einsatzorten und dass es sich um einen neuen, zukunftsorientierten Beruf handelt.<\/p><\/div><div id=\"c1014\" class=\"csc-frame csc-frame-default\"><div class=\"csc-header csc-header-n27\"><h4>Dauer der Ausbildung?<\/h4><\/div><p class=\"bodytext\">3,5 Jahre<\/p><\/div><div id=\"c1015\" class=\"csc-frame csc-frame-default\"><div class=\"csc-header csc-header-n28\"><h4>Verdienst w\u00e4hrend der Ausbildung und im Beruf?<\/h4><\/div><p class=\"bodytext\">Ausk\u00fcnfte dazu geben Kammer, Arbeitsamt, Berufsverband, Arbeitgeberverband und Gewerkschaft.<\/p><\/div><div id=\"c1016\" class=\"csc-frame csc-frame-default\"><p class=\"bodytext\">Die Inhalte dieses Berufsbildes beruhen auf Informationen des Bundesministeriums f\u00fcr Wirtschaft und Technologie.<\/p><\/div><\/div><\/div><\/div><\/div><\/div><\/div><\/div><\/div><\/div><\/div><\/div><\/div>\t\t\t\t\t\t\t\t<\/div>\n\t\t\t\t<\/div>\n\t\t\t\t\t<\/div>\n\t\t<\/div>\n\t\t\t\t\t<\/div>\n\t\t<\/section>\n\t\t\t\t<\/div>","protected":false},"excerpt":{"rendered":"<p>Ansprechpartner: \u00a0Herr Altenbrandt Bereichsleiter: Herr Altenbrandt Was machen Mechatroniker\/-innen? F\u00fcr wen ist der Job geeignet? Was ist besonders gut? Wie ist die Ausbildung aufgebaut? Was kann ich aus dem Beruf sp\u00e4ter einmal machen? Kurzinfo Was machen Mechatroniker\/-innen? Immer mehr Maschinen und Anlagen bestehen aus mechanischen, elektronischen und informationstechnischen Bauteilen: Autopiloten f\u00fcr Flugzeuge und Schiffe zum [&hellip;]<\/p>\n","protected":false},"author":1,"featured_media":0,"parent":0,"menu_order":0,"comment_status":"closed","ping_status":"closed","template":"","meta":{"footnotes":""},"class_list":["post-1145","page","type-page","status-publish","hentry"],"publishpress_future_action":{"enabled":false,"date":"2026-05-01 20:49:18","action":"change-status","newStatus":"draft","terms":[],"taxonomy":"","extraData":[]},"publishpress_future_workflow_manual_trigger":{"enabledWorkflows":[]},"_links":{"self":[{"href":"http:\/\/cuno-berufskolleg.de\/en\/wp-json\/wp\/v2\/pages\/1145","targetHints":{"allow":["GET"]}}],"collection":[{"href":"http:\/\/cuno-berufskolleg.de\/en\/wp-json\/wp\/v2\/pages"}],"about":[{"href":"http:\/\/cuno-berufskolleg.de\/en\/wp-json\/wp\/v2\/types\/page"}],"author":[{"embeddable":true,"href":"http:\/\/cuno-berufskolleg.de\/en\/wp-json\/wp\/v2\/users\/1"}],"replies":[{"embeddable":true,"href":"http:\/\/cuno-berufskolleg.de\/en\/wp-json\/wp\/v2\/comments?post=1145"}],"version-history":[{"count":5,"href":"http:\/\/cuno-berufskolleg.de\/en\/wp-json\/wp\/v2\/pages\/1145\/revisions"}],"predecessor-version":[{"id":4405,"href":"http:\/\/cuno-berufskolleg.de\/en\/wp-json\/wp\/v2\/pages\/1145\/revisions\/4405"}],"wp:attachment":[{"href":"http:\/\/cuno-berufskolleg.de\/en\/wp-json\/wp\/v2\/media?parent=1145"}],"curies":[{"name":"wp","href":"https:\/\/api.w.org\/{rel}","templated":true}]}}