{"id":1134,"date":"2023-07-25T08:17:57","date_gmt":"2023-07-25T06:17:57","guid":{"rendered":"http:\/\/cuno-berufskolleg.de\/?page_id=1134"},"modified":"2024-03-12T08:33:25","modified_gmt":"2024-03-12T07:33:25","slug":"industrieelektriker-in","status":"publish","type":"page","link":"http:\/\/cuno-berufskolleg.de\/en\/industrieelektriker-in\/","title":{"rendered":"Industrieelektriker \/-in"},"content":{"rendered":"<div data-elementor-type=\"wp-page\" data-elementor-id=\"1134\" class=\"elementor elementor-1134\" data-elementor-post-type=\"page\">\n\t\t\t\t\t\t<section class=\"elementor-section elementor-top-section elementor-element elementor-element-29622749 elementor-section-boxed elementor-section-height-default elementor-section-height-default\" data-id=\"29622749\" data-element_type=\"section\" data-e-type=\"section\">\n\t\t\t\t\t\t<div class=\"elementor-container elementor-column-gap-default\">\n\t\t\t\t\t<div class=\"elementor-column elementor-col-100 elementor-top-column elementor-element elementor-element-360cdb1a\" data-id=\"360cdb1a\" data-element_type=\"column\" data-e-type=\"column\">\n\t\t\t<div class=\"elementor-widget-wrap elementor-element-populated\">\n\t\t\t\t\t\t<div class=\"elementor-element elementor-element-2f25c4b3 elementor-widget elementor-widget-text-editor\" data-id=\"2f25c4b3\" data-element_type=\"widget\" data-e-type=\"widget\" data-widget_type=\"text-editor.default\">\n\t\t\t\t<div class=\"elementor-widget-container\">\n\t\t\t\t\t\t\t\t\t<div id=\"c238\" class=\"csc-frame csc-frame-default\"><div class=\"csc-header csc-header-n1\"><div id=\"c1442\" class=\"csc-frame csc-frame-default\"><div class=\"csc-textpic csc-textpic-intext-right\"><div class=\"csc-textpic-text\"><figure id=\"attachment_3756\" aria-describedby=\"caption-attachment-3756\" style=\"width: 300px\" class=\"wp-caption alignright\"><a href=\"https:\/\/web.arbeitsagentur.de\/berufenet\/beruf\/76430\" target=\"_blank\" rel=\"noopener\"><img decoding=\"async\" class=\"wp-image-3756 size-medium\" src=\"http:\/\/cuno-berufskolleg.de\/wp-content\/uploads\/2024\/02\/Logo_Berufenet-300x76.jpg\" alt=\"\" width=\"300\" height=\"76\" \/><\/a><figcaption id=\"caption-attachment-3756\" class=\"wp-caption-text\">Weitere Informationen finden Sie hier<\/figcaption><\/figure><strong>Ansprechpartner:<\/strong>\u00a0\u00a0<a href=\"http:\/\/cuno-berufskolleg.de\/en\/intern\/herr-brueggenhorst\/\">Herr Br\u00fcggenhorst<\/a><p class=\"bodytext\"><strong>Bereichsleiter:\u00a0<\/strong><a href=\"http:\/\/cuno-berufskolleg.de\/en\/intern\/herr-bolouri\/\">Herr Bolouri<\/a><\/p><\/div><\/div><\/div><\/div><\/div><div id=\"c417\" class=\"csc-frame csc-frame-default\"><ul><li><a href=\"#wasmachtindustrieelektriker\">Was machen Elektroniker\/-innen f\u00fcr Betriebstechnik?<\/a><\/li><li><a href=\"#fuerwenindustrieelektriker\">F\u00fcr wen ist der Job geeignet?<\/a><\/li><li><a href=\"#ausbildungaufgebautindustrieelektriker\">Wie ist die Ausbildung aufgebaut?<\/a><\/li><li><a href=\"#perspektivenindustrieelektriker\">Perspektiven?<\/a><\/li><li><a href=\"#kurzinfoindustrieelektriker\">Kurzinfo<\/a><\/li><\/ul><\/div>\t\t\t\t\t\t\t\t<\/div>\n\t\t\t\t<\/div>\n\t\t\t\t\t<\/div>\n\t\t<\/div>\n\t\t\t\t\t<\/div>\n\t\t<\/section>\n\t\t\t\t<section class=\"elementor-section elementor-top-section elementor-element elementor-element-42f0bbb6 elementor-section-boxed elementor-section-height-default elementor-section-height-default\" data-id=\"42f0bbb6\" data-element_type=\"section\" data-e-type=\"section\">\n\t\t\t\t\t\t<div class=\"elementor-container elementor-column-gap-default\">\n\t\t\t\t\t<div class=\"elementor-column elementor-col-100 elementor-top-column elementor-element elementor-element-3c4ca4c1\" data-id=\"3c4ca4c1\" data-element_type=\"column\" data-e-type=\"column\">\n\t\t\t<div class=\"elementor-widget-wrap elementor-element-populated\">\n\t\t\t\t\t\t<div class=\"elementor-element elementor-element-1050372b elementor-widget elementor-widget-menu-anchor\" data-id=\"1050372b\" data-element_type=\"widget\" data-e-type=\"widget\" data-widget_type=\"menu-anchor.default\">\n\t\t\t\t<div class=\"elementor-widget-container\">\n\t\t\t\t\t\t\t<div class=\"elementor-menu-anchor\" id=\"wasmachtindustrieelektriker\"><\/div>\n\t\t\t\t\t\t<\/div>\n\t\t\t\t<\/div>\n\t\t\t\t<div class=\"elementor-element elementor-element-fd2e601 elementor-widget elementor-widget-text-editor\" data-id=\"fd2e601\" data-element_type=\"widget\" data-e-type=\"widget\" data-widget_type=\"text-editor.default\">\n\t\t\t\t<div class=\"elementor-widget-container\">\n\t\t\t\t\t\t\t\t\t<div id=\"c418\" class=\"csc-frame csc-frame-default\"><div class=\"csc-header csc-header-n4\"><div id=\"c388\" class=\"csc-frame csc-frame-default\"><div class=\"csc-header csc-header-n4\"><div id=\"c366\" class=\"csc-frame csc-frame-default\"><div class=\"csc-header csc-header-n4\"><div id=\"c273\" class=\"csc-frame csc-frame-default\"><div class=\"csc-header csc-header-n4\"><h3>Was machen Industrieelektriker\/-innen f\u00fcr Betriebstechnik?<\/h3><\/div><p class=\"bodytext\">Industrieelektriker \/ innen sind Elektrofachkr\u00e4fte, die entweder in der Produktion elektrischer und elektrotechnischer Systeme oder in der Installation und Instandhaltung betriebstechnischer Einrichtungen eingesetzt werden. Sie montieren die Systeme f\u00fcr Stromgewinnung und -verteilung und installieren die erforderlichen Anlagen der Mess-, Steuer- und Regelungstechnik, der Kommunikationstechnik, der Meldetechnik, der Antriebstechnik sowie die komplette Beleuchtung. Sie sorgen f\u00fcr die Betriebssicherheit und das Funktionieren der Produktionseinrichtungen. Sie \u00fcben ihre T\u00e4tigkeiten unter Beachtung der einschl\u00e4gigen Vorschriften und Sicherheitsbestimmungen selbstst\u00e4ndig aus und stimmen ihre Arbeit mit vor- und nachgelagerten Unternehmensbereichen ab. Meist sind sie in den Werkst\u00e4tten und Werkhallen der Betriebe t\u00e4tig. Sie sind Elektrofachkr\u00e4fte im Sinne der Unfallverh\u00fctungsvorschriften.<\/p><\/div><div id=\"c274\" class=\"csc-frame csc-frame-default\"><div class=\"csc-header csc-header-n5\"><h4>Industrieelektriker\/-innen der Fachrichtung Betriebstechnik &#8230;<\/h4><\/div><ul class=\"ce-bullets ce-bullets-0\"><li>\u00e4ndern betriebstechnische Anlagen und erweitern sie,<\/li><li>organisieren die Materialien,<\/li><li>montieren und installieren Leitungsf\u00fchrungssysteme, Informationsleitungen und Energieleitungen einschlie\u00dflich allgemeiner Versorgungsleitungen,<\/li><li>installieren Maschinen und Arbeitssysteme einschlie\u00dflich pneumatischer\/hydraulischer Komponenten und richten sie ein,<\/li><li>bauen Schaltger\u00e4te und Automatisierungssysteme zusammen und verdrahten sie<\/li><li>konfigurieren Systeme, pr\u00fcfen Funktion und Sicherheit<\/li><li>\u00fcberwachen und warten Anlagen, analysieren St\u00f6rungen und setzen Anlagen instand<\/li><li>weisen Nutzer in die Bedienung der Anlagen ein<\/li><li>richten Baustellen ein und r\u00e4umen sie ab<\/li><\/ul><\/div><div id=\"c275\" class=\"csc-frame csc-frame-default\"><div class=\"csc-header csc-header-n6\"><h4>Sie arbeiten insbesondere in &#8230;<\/h4><\/div><ul class=\"ce-bullets ce-bullets-0\"><li>Unternehmen der Metall- und Elektroindustrie<\/li><li>der Automobilindustrie<\/li><li>dem Anlagenbau<\/li><li>Energieversorgungsunternehmen<\/li><\/ul><\/div><div id=\"c276\" class=\"csc-frame csc-frame-default\"><p class=\"bodytext\">Dort werden sie in der Regel auch ausgebildet<\/p><\/div><\/div><\/div><\/div><\/div><\/div><\/div>\t\t\t\t\t\t\t\t<\/div>\n\t\t\t\t<\/div>\n\t\t\t\t\t<\/div>\n\t\t<\/div>\n\t\t\t\t\t<\/div>\n\t\t<\/section>\n\t\t\t\t<section class=\"elementor-section elementor-top-section elementor-element elementor-element-1c69967c elementor-section-boxed elementor-section-height-default elementor-section-height-default\" data-id=\"1c69967c\" data-element_type=\"section\" data-e-type=\"section\">\n\t\t\t\t\t\t<div class=\"elementor-container elementor-column-gap-default\">\n\t\t\t\t\t<div class=\"elementor-column elementor-col-100 elementor-top-column elementor-element elementor-element-47440eea\" data-id=\"47440eea\" data-element_type=\"column\" data-e-type=\"column\">\n\t\t\t<div class=\"elementor-widget-wrap elementor-element-populated\">\n\t\t\t\t\t\t<div class=\"elementor-element elementor-element-124d59ca elementor-widget elementor-widget-menu-anchor\" data-id=\"124d59ca\" data-element_type=\"widget\" data-e-type=\"widget\" data-widget_type=\"menu-anchor.default\">\n\t\t\t\t<div class=\"elementor-widget-container\">\n\t\t\t\t\t\t\t<div class=\"elementor-menu-anchor\" id=\"fuerwenindustrieelektriker\"><\/div>\n\t\t\t\t\t\t<\/div>\n\t\t\t\t<\/div>\n\t\t\t\t<div class=\"elementor-element elementor-element-7a57b475 elementor-widget elementor-widget-text-editor\" data-id=\"7a57b475\" data-element_type=\"widget\" data-e-type=\"widget\" data-widget_type=\"text-editor.default\">\n\t\t\t\t<div class=\"elementor-widget-container\">\n\t\t\t\t\t\t\t\t\t<div id=\"c423\" class=\"csc-frame csc-frame-default\"><div class=\"csc-header csc-header-n9\"><div id=\"c393\" class=\"csc-frame csc-frame-default\"><div class=\"csc-header csc-header-n8\"><div id=\"c370\" class=\"csc-frame csc-frame-default\"><div class=\"csc-header csc-header-n8\"><div id=\"c277\" class=\"csc-frame csc-frame-default\"><div class=\"csc-header csc-header-n8\"><h3>F\u00fcr wen ist der Job geeignet?<\/h3><\/div><\/div><div id=\"c278\" class=\"csc-frame csc-frame-default\"><div class=\"csc-header csc-header-n9\"><h4>Bewerber sollten&#8230;<\/h4><\/div><ul class=\"ce-bullets ce-bullets-0\"><li>technisch interessiert sein<\/li><li>r\u00e4umliches Vorstellungsverm\u00f6gen haben<\/li><li>gute Noten in Mathematik und Physik mitbringen<\/li><li>gut sehen und h\u00f6ren<\/li><li>gerne im Team arbeiten<\/li><\/ul><\/div><div id=\"c279\" class=\"csc-frame csc-frame-default\"><div class=\"csc-header csc-header-n10\">\u00a0<\/div><\/div><\/div><\/div><\/div><\/div><\/div><\/div>\t\t\t\t\t\t\t\t<\/div>\n\t\t\t\t<\/div>\n\t\t\t\t\t<\/div>\n\t\t<\/div>\n\t\t\t\t\t<\/div>\n\t\t<\/section>\n\t\t\t\t<section class=\"elementor-section elementor-top-section elementor-element elementor-element-7f0470a6 elementor-section-boxed elementor-section-height-default elementor-section-height-default\" data-id=\"7f0470a6\" data-element_type=\"section\" data-e-type=\"section\">\n\t\t\t\t\t\t<div class=\"elementor-container elementor-column-gap-default\">\n\t\t\t\t\t<div class=\"elementor-column elementor-col-100 elementor-top-column elementor-element elementor-element-603987e3\" data-id=\"603987e3\" data-element_type=\"column\" data-e-type=\"column\">\n\t\t\t<div class=\"elementor-widget-wrap elementor-element-populated\">\n\t\t\t\t\t\t<div class=\"elementor-element elementor-element-2c0720a0 elementor-widget elementor-widget-menu-anchor\" data-id=\"2c0720a0\" data-element_type=\"widget\" data-e-type=\"widget\" data-widget_type=\"menu-anchor.default\">\n\t\t\t\t<div class=\"elementor-widget-container\">\n\t\t\t\t\t\t\t<div class=\"elementor-menu-anchor\" id=\"ausbildungaufgebautindustrieelektriker\"><\/div>\n\t\t\t\t\t\t<\/div>\n\t\t\t\t<\/div>\n\t\t\t\t<div class=\"elementor-element elementor-element-752ec12d elementor-widget elementor-widget-text-editor\" data-id=\"752ec12d\" data-element_type=\"widget\" data-e-type=\"widget\" data-widget_type=\"text-editor.default\">\n\t\t\t\t<div class=\"elementor-widget-container\">\n\t\t\t\t\t\t\t\t\t<div class=\"csc-header csc-header-n11\"><div class=\"csc-header csc-header-n10\"><div class=\"csc-header csc-header-n10\"><div id=\"c279\" class=\"csc-frame csc-frame-default\"><div class=\"csc-header csc-header-n10\"><h3>Wie ist die Ausbildung aufgebaut?<\/h3><\/div><\/div><div id=\"c280\" class=\"csc-frame csc-frame-default\"><div class=\"csc-header csc-header-n11\"><h4>Zugangsvoraussetzung<\/h4><\/div><p class=\"bodytext\">Grunds\u00e4tzlich ist keine bestimmte Vorbildung vorgeschrieben. Die Betriebe erwarten aber mindestens den Hauptschulabschluss, manche auch die Fachoberschulreife.<\/p><\/div><div id=\"c281\" class=\"csc-frame csc-frame-default\"><div class=\"csc-header csc-header-n12\"><h4>Ausbildungsverg\u00fctung<\/h4><\/div><p class=\"bodytext\">Die H\u00f6he der Ausbildungsverg\u00fctung ist je nach Wirtschaftsbereich und Region, manchmal sogar je nach Unternehmen sehr unterschiedlich.<\/p><\/div><\/div><\/div><\/div>\t\t\t\t\t\t\t\t<\/div>\n\t\t\t\t<\/div>\n\t\t\t\t\t<\/div>\n\t\t<\/div>\n\t\t\t\t\t<\/div>\n\t\t<\/section>\n\t\t\t\t<section class=\"elementor-section elementor-top-section elementor-element elementor-element-1e334979 elementor-section-boxed elementor-section-height-default elementor-section-height-default\" data-id=\"1e334979\" data-element_type=\"section\" data-e-type=\"section\">\n\t\t\t\t\t\t<div class=\"elementor-container elementor-column-gap-default\">\n\t\t\t\t\t<div class=\"elementor-column elementor-col-100 elementor-top-column elementor-element elementor-element-3bc877f9\" data-id=\"3bc877f9\" data-element_type=\"column\" data-e-type=\"column\">\n\t\t\t<div class=\"elementor-widget-wrap elementor-element-populated\">\n\t\t\t\t\t\t<div class=\"elementor-element elementor-element-29518dc2 elementor-widget elementor-widget-menu-anchor\" data-id=\"29518dc2\" data-element_type=\"widget\" data-e-type=\"widget\" data-widget_type=\"menu-anchor.default\">\n\t\t\t\t<div class=\"elementor-widget-container\">\n\t\t\t\t\t\t\t<div class=\"elementor-menu-anchor\" id=\"perspektivenindustrieelektriker\"><\/div>\n\t\t\t\t\t\t<\/div>\n\t\t\t\t<\/div>\n\t\t\t\t<div class=\"elementor-element elementor-element-25074567 elementor-widget elementor-widget-text-editor\" data-id=\"25074567\" data-element_type=\"widget\" data-e-type=\"widget\" data-widget_type=\"text-editor.default\">\n\t\t\t\t<div class=\"elementor-widget-container\">\n\t\t\t\t\t\t\t\t\t<div id=\"c426\" class=\"csc-frame csc-frame-default\"><div class=\"csc-header csc-header-n12\"><div id=\"c396\" class=\"csc-frame csc-frame-default\"><div class=\"csc-header csc-header-n11\"><div id=\"c373\" class=\"csc-frame csc-frame-default\"><div class=\"csc-header csc-header-n11\"><div class=\"csc-header csc-header-n13\"><h3>Perspektiven?<\/h3><\/div><p class=\"bodytext\">Eine berufliche Ausbildung ist der erste Schritt ins Berufsleben. Die Ausbildung kann evtl. in einem dreieinhalbj\u00e4hrigen Elektroniker-Beruf fortgesetzt werden. Oder es geht weiter, beispielsweise als Industriemeister oder Techniker. Nach dem Besuch einer Fachoberschule ist das Studium an einer Fachhochschule m\u00f6glich.<\/p><\/div><\/div><\/div><\/div><\/div><\/div>\t\t\t\t\t\t\t\t<\/div>\n\t\t\t\t<\/div>\n\t\t\t\t\t<\/div>\n\t\t<\/div>\n\t\t\t\t\t<\/div>\n\t\t<\/section>\n\t\t\t\t<section class=\"elementor-section elementor-top-section elementor-element elementor-element-70113e2f elementor-section-boxed elementor-section-height-default elementor-section-height-default\" data-id=\"70113e2f\" data-element_type=\"section\" data-e-type=\"section\">\n\t\t\t\t\t\t<div class=\"elementor-container elementor-column-gap-default\">\n\t\t\t\t\t<div class=\"elementor-column elementor-col-100 elementor-top-column elementor-element elementor-element-5befd929\" data-id=\"5befd929\" data-element_type=\"column\" data-e-type=\"column\">\n\t\t\t<div class=\"elementor-widget-wrap elementor-element-populated\">\n\t\t\t\t\t\t<div class=\"elementor-element elementor-element-eaa9a4f elementor-widget elementor-widget-menu-anchor\" data-id=\"eaa9a4f\" data-element_type=\"widget\" data-e-type=\"widget\" data-widget_type=\"menu-anchor.default\">\n\t\t\t\t<div class=\"elementor-widget-container\">\n\t\t\t\t\t\t\t<div class=\"elementor-menu-anchor\" id=\"kurzinfoindustrieelektriker\"><\/div>\n\t\t\t\t\t\t<\/div>\n\t\t\t\t<\/div>\n\t\t\t\t<div class=\"elementor-element elementor-element-4d9669 elementor-widget elementor-widget-text-editor\" data-id=\"4d9669\" data-element_type=\"widget\" data-e-type=\"widget\" data-widget_type=\"text-editor.default\">\n\t\t\t\t<div class=\"elementor-widget-container\">\n\t\t\t\t\t\t\t\t\t<div id=\"c430\" class=\"csc-frame csc-frame-default\"><div class=\"csc-header csc-header-n16\"><div id=\"c432\" class=\"csc-frame csc-frame-default\"><div class=\"csc-header csc-header-n18\"><div id=\"c432\" class=\"csc-frame csc-frame-default\"><div class=\"csc-header csc-header-n18\"><div id=\"c403\" class=\"csc-frame csc-frame-default\"><div class=\"csc-header csc-header-n18\"><div id=\"c379\" class=\"csc-frame csc-frame-default\"><div class=\"csc-header csc-header-n17\"><div id=\"c283\" class=\"csc-frame csc-frame-default\"><div class=\"csc-header csc-header-n14\"><h3>Kurzinfo<\/h3><\/div><\/div><div id=\"c286\" class=\"csc-frame csc-frame-default\"><div class=\"csc-header csc-header-n15\"><h4>Bewerber\/-innen sollten&#8230;<\/h4><\/div><p class=\"bodytext\">technisch interessiert sein, r\u00e4umliches Vorstellungsverm\u00f6gen haben, vern\u00fcnftige Noten in Mathe, Physik und Englisch mitbringen, gut Sehen und H\u00f6ren, gerne im Team arbeiten.<\/p><\/div><div id=\"c284\" class=\"csc-frame csc-frame-default\"><div class=\"csc-header csc-header-n16\"><h4>Industrieelektriker \/ innen &#8230;<\/h4><\/div><p class=\"bodytext\">sind Elektrofachkr\u00e4fte die entweder in der Produktion elektrischer und elektrotechnischer Systeme oder in der Installation und Instandhaltung betriebstechnischer Einrichtungen eingesetzt werden.<\/p><\/div><div id=\"c287\" class=\"csc-frame csc-frame-default\"><div class=\"csc-header csc-header-n17\"><h4>Dauer der Ausbildung?<\/h4><\/div><p class=\"bodytext\">2 Jahre<\/p><\/div><div id=\"c285\" class=\"csc-frame csc-frame-default\"><div class=\"csc-header csc-header-n18\"><h4>Besonders gut ist &#8230;<\/h4><\/div><p class=\"bodytext\">die M\u00f6glichkeit in unterschiedlichen Fertigungsbranchen der Industrie zu arbeiten und nach zwei Jahren \u00fcber einen anerkannten Ausbildungsabschluss zu verf\u00fcgen.<\/p><\/div><div id=\"c288\" class=\"csc-frame csc-frame-default\"><div class=\"csc-header csc-header-n19\"><h4>Verdienst w\u00e4hrend der Ausbildung und Beruf?<\/h4><\/div><p class=\"bodytext\">Ausk\u00fcnfte dazu geben Kammer, Arbeitsagentur, Berufsverband, Arbeitgeberverband und Gewerkschaft.<\/p><\/div><div id=\"c289\" class=\"csc-frame csc-frame-default\"><div class=\"csc-header csc-header-n20\"><h4>Berufliche Aufstiegschancen?<\/h4><\/div><p class=\"bodytext\">z. B.: Elektroniker, Ausbilder, Industriemeister, Techniker, Bachelor of Engineering (fr\u00fcher Dipl.-Ing. (FH) Elektrotechnik)<\/p><\/div><\/div><\/div><\/div><\/div><\/div><\/div><\/div><\/div><\/div><\/div>\t\t\t\t\t\t\t\t<\/div>\n\t\t\t\t<\/div>\n\t\t\t\t\t<\/div>\n\t\t<\/div>\n\t\t\t\t\t<\/div>\n\t\t<\/section>\n\t\t\t\t<\/div>","protected":false},"excerpt":{"rendered":"<p>Ansprechpartner:\u00a0\u00a0Herr Br\u00fcggenhorst Bereichsleiter:\u00a0Herr Bolouri Was machen Elektroniker\/-innen f\u00fcr Betriebstechnik? F\u00fcr wen ist der Job geeignet? Wie ist die Ausbildung aufgebaut? Perspektiven? Kurzinfo Was machen Industrieelektriker\/-innen f\u00fcr Betriebstechnik? Industrieelektriker \/ innen sind Elektrofachkr\u00e4fte, die entweder in der Produktion elektrischer und elektrotechnischer Systeme oder in der Installation und Instandhaltung betriebstechnischer Einrichtungen eingesetzt werden. Sie montieren die Systeme [&hellip;]<\/p>\n","protected":false},"author":1,"featured_media":0,"parent":0,"menu_order":0,"comment_status":"closed","ping_status":"closed","template":"","meta":{"footnotes":""},"class_list":["post-1134","page","type-page","status-publish","hentry"],"publishpress_future_action":{"enabled":false,"date":"2026-04-10 22:51:03","action":"change-status","newStatus":"draft","terms":[],"taxonomy":"","extraData":[]},"publishpress_future_workflow_manual_trigger":{"enabledWorkflows":[]},"_links":{"self":[{"href":"http:\/\/cuno-berufskolleg.de\/en\/wp-json\/wp\/v2\/pages\/1134","targetHints":{"allow":["GET"]}}],"collection":[{"href":"http:\/\/cuno-berufskolleg.de\/en\/wp-json\/wp\/v2\/pages"}],"about":[{"href":"http:\/\/cuno-berufskolleg.de\/en\/wp-json\/wp\/v2\/types\/page"}],"author":[{"embeddable":true,"href":"http:\/\/cuno-berufskolleg.de\/en\/wp-json\/wp\/v2\/users\/1"}],"replies":[{"embeddable":true,"href":"http:\/\/cuno-berufskolleg.de\/en\/wp-json\/wp\/v2\/comments?post=1134"}],"version-history":[{"count":5,"href":"http:\/\/cuno-berufskolleg.de\/en\/wp-json\/wp\/v2\/pages\/1134\/revisions"}],"predecessor-version":[{"id":4384,"href":"http:\/\/cuno-berufskolleg.de\/en\/wp-json\/wp\/v2\/pages\/1134\/revisions\/4384"}],"wp:attachment":[{"href":"http:\/\/cuno-berufskolleg.de\/en\/wp-json\/wp\/v2\/media?parent=1134"}],"curies":[{"name":"wp","href":"https:\/\/api.w.org\/{rel}","templated":true}]}}