{"id":1124,"date":"2023-07-25T08:16:36","date_gmt":"2023-07-25T06:16:36","guid":{"rendered":"http:\/\/cuno-berufskolleg.de\/?page_id=1124"},"modified":"2024-03-12T08:31:16","modified_gmt":"2024-03-12T07:31:16","slug":"elektroniker-in-fuer-betriebstechnik","status":"publish","type":"page","link":"http:\/\/cuno-berufskolleg.de\/en\/elektroniker-in-fuer-betriebstechnik\/","title":{"rendered":"Elektroniker\/-in f\u00fcr Betriebstechnik"},"content":{"rendered":"<div data-elementor-type=\"wp-page\" data-elementor-id=\"1124\" class=\"elementor elementor-1124\" data-elementor-post-type=\"page\">\n\t\t\t\t\t\t<section class=\"elementor-section elementor-top-section elementor-element elementor-element-373ca19d elementor-section-boxed elementor-section-height-default elementor-section-height-default\" data-id=\"373ca19d\" data-element_type=\"section\" data-e-type=\"section\">\n\t\t\t\t\t\t<div class=\"elementor-container elementor-column-gap-default\">\n\t\t\t\t\t<div class=\"elementor-column elementor-col-100 elementor-top-column elementor-element elementor-element-4f8ba75e\" data-id=\"4f8ba75e\" data-element_type=\"column\" data-e-type=\"column\">\n\t\t\t<div class=\"elementor-widget-wrap elementor-element-populated\">\n\t\t\t\t\t\t<div class=\"elementor-element elementor-element-78fd442a elementor-widget elementor-widget-text-editor\" data-id=\"78fd442a\" data-element_type=\"widget\" data-e-type=\"widget\" data-widget_type=\"text-editor.default\">\n\t\t\t\t<div class=\"elementor-widget-container\">\n\t\t\t\t\t\t\t\t\t<div id=\"c238\" class=\"csc-frame csc-frame-default\"><div class=\"csc-header csc-header-n1\"><figure id=\"attachment_3756\" aria-describedby=\"caption-attachment-3756\" style=\"width: 300px\" class=\"wp-caption alignright\"><a href=\"https:\/\/web.arbeitsagentur.de\/berufenet\/beruf\/15623\" target=\"_blank\" rel=\"noopener\"><img decoding=\"async\" class=\"wp-image-3756 size-medium\" src=\"http:\/\/cuno-berufskolleg.de\/wp-content\/uploads\/2024\/02\/Logo_Berufenet-300x76.jpg\" alt=\"\" width=\"300\" height=\"76\" \/><\/a><figcaption id=\"caption-attachment-3756\" class=\"wp-caption-text\">Weitere Informationen finden Sie hier<\/figcaption><\/figure><p><strong>Ansprechpartner:<\/strong> \u00a0<a href=\"http:\/\/cuno-berufskolleg.de\/en\/intern\/herr-brueggenhorst\/\">Herr Br\u00fcggenhorst<\/a><br \/><strong>Bereichsleiter:<\/strong> <a href=\"http:\/\/cuno-berufskolleg.de\/en\/intern\/herr-bolouri\/\">Herr Bolouri<\/a>\u00a0<\/p><\/div><\/div><div id=\"c417\" class=\"csc-frame csc-frame-default\"><ul><li><a href=\"#wasmachtbetriebstechnik\">Was machen Elektroniker\/-innen f\u00fcr Betriebstechnik?<\/a><\/li><li><a href=\"#fuerwenbetriebstechnik\">F\u00fcr wen ist der Job geeignet?<\/a><\/li><li><a href=\"#wasistgutbetriebstechnik\">Was ist besonders gut?<\/a><\/li><li><a href=\"#ausbildungaufgebautbetriebstechnik\">Wie ist die Ausbildung aufgebaut?<\/a><\/li><li><a href=\"#waskannichmachenbetriebstechnik\">Was kann ich aus dem Beruf sp\u00e4ter einmal machen?<\/a><\/li><li><a href=\"#kurzinfobetriebstechnik\">Kurzinfo<\/a><\/li><\/ul><\/div><div id=\"c439\" class=\"csc-frame csc-frame-default\">\u00a0<\/div>\t\t\t\t\t\t\t\t<\/div>\n\t\t\t\t<\/div>\n\t\t\t\t\t<\/div>\n\t\t<\/div>\n\t\t\t\t\t<\/div>\n\t\t<\/section>\n\t\t\t\t<section class=\"elementor-section elementor-top-section elementor-element elementor-element-2a39f8db elementor-section-boxed elementor-section-height-default elementor-section-height-default\" data-id=\"2a39f8db\" data-element_type=\"section\" data-e-type=\"section\">\n\t\t\t\t\t\t<div class=\"elementor-container elementor-column-gap-default\">\n\t\t\t\t\t<div class=\"elementor-column elementor-col-100 elementor-top-column elementor-element elementor-element-3da3e7c2\" data-id=\"3da3e7c2\" data-element_type=\"column\" data-e-type=\"column\">\n\t\t\t<div class=\"elementor-widget-wrap elementor-element-populated\">\n\t\t\t\t\t\t<div class=\"elementor-element elementor-element-3e6521d9 elementor-widget elementor-widget-menu-anchor\" data-id=\"3e6521d9\" data-element_type=\"widget\" data-e-type=\"widget\" data-widget_type=\"menu-anchor.default\">\n\t\t\t\t<div class=\"elementor-widget-container\">\n\t\t\t\t\t\t\t<div class=\"elementor-menu-anchor\" id=\"wasmachtbetriebstechnik\"><\/div>\n\t\t\t\t\t\t<\/div>\n\t\t\t\t<\/div>\n\t\t\t\t<div class=\"elementor-element elementor-element-5e40ec77 elementor-widget elementor-widget-text-editor\" data-id=\"5e40ec77\" data-element_type=\"widget\" data-e-type=\"widget\" data-widget_type=\"text-editor.default\">\n\t\t\t\t<div class=\"elementor-widget-container\">\n\t\t\t\t\t\t\t\t\t<div id=\"c418\" class=\"csc-frame csc-frame-default\"><div class=\"csc-header csc-header-n4\"><div id=\"c388\" class=\"csc-frame csc-frame-default\"><div class=\"csc-header csc-header-n4\"><h3>Was machen Elektroniker\/-innen f\u00fcr Betriebstechnik?<\/h3><\/div><p class=\"bodytext\">Sie wissen, dass der Strom nicht einfach nur aus der Steckdose kommt. Bei Elektronikern f\u00fcr Betriebstechnik gibt es keinen Kurzschluss. Sie wissen, wie Strom verteilt und Betriebs- und Geb\u00e4udeanlagen gesteuert werden. Ihre Aufgabe ist es, Maschinen und Anlagen zu montieren, miteinander zu verdrahten und an das Stromnetz anzuschlie\u00dfen. Auf Montagebaustellen bauen sie nicht nur Anlagen, sondern auch elektronische Bauteile wie Leitungen, Schalter, Sicherungen oder Relais unter Beachtung der Sicherheitsbestimmungen ein.<\/p><\/div><div id=\"c389\" class=\"csc-frame csc-frame-default\"><div class=\"csc-header csc-header-n5\"><h4>Elektroniker\/-innen f\u00fcr Betriebstechnik &#8230;<\/h4><\/div><ul class=\"ce-bullets ce-bullets-0\"><li>Entwerfen elektrische Anlagen\u00e4nderungen und Anlagenerweiterungen;<\/li><li>\u00fcbernehmen elektrische Anlagen;<\/li><li>richten Baustellen ein und r\u00e4umen sie ab;<\/li><li>organisieren die Anlagenerrichtung, \u00fcberwachen die Arbeit von Dienstleistern und anderen Gewerken;<\/li><li>montieren und installieren Leitungsf\u00fchrungssysteme, Energie- und Informationsleitungen, Maschinen mit zugeh\u00f6rigen Automatisierungs-systemen einschlie\u00dflich pneumatischer\/hydraulischer Komponenten und sonstige Betriebsmittel;<\/li><li>bauen Schalt- und Automatisierungsger\u00e4te zusammen und verdrahten sie;<\/li><li>programmieren und konfigurieren Systeme, pr\u00fcfen die Funktion und die Sicherheitseinrichtungen;<\/li><li>\u00fcberwachen und warten Anlagen, analysieren St\u00f6rungen, ergreifen Sofortma\u00dfnahmen und setzen Anlagen in Stand;<\/li><li>\u00fcbergeben Anlagen und weisen Nutzer in die Bedienung ein.<\/li><\/ul><\/div><div id=\"c391\" class=\"csc-frame csc-frame-default\"><div class=\"csc-header csc-header-n6\"><h4>Sie arbeiten z.B. f\u00fcr &#8230;<\/h4><\/div><ul class=\"ce-bullets ce-bullets-0\"><li>Hersteller von ..<\/li><li>elektrischen Schaltanlagen<\/li><li>Installationssystemen<\/li><li>Stromversorgungseinrichtungen<\/li><li>Industriesteuerungen und &#8230;<\/li><li>in vielf\u00e4ltigen Produktionsunternehmen<\/li><\/ul><\/div><div id=\"c392\" class=\"csc-frame csc-frame-default\"><p class=\"bodytext\">Dort werden sie in der Regel auch ausgebildet.<\/p><\/div><\/div><\/div>\t\t\t\t\t\t\t\t<\/div>\n\t\t\t\t<\/div>\n\t\t\t\t\t<\/div>\n\t\t<\/div>\n\t\t\t\t\t<\/div>\n\t\t<\/section>\n\t\t\t\t<section class=\"elementor-section elementor-top-section elementor-element elementor-element-5efb10c8 elementor-section-boxed elementor-section-height-default elementor-section-height-default\" data-id=\"5efb10c8\" data-element_type=\"section\" data-e-type=\"section\">\n\t\t\t\t\t\t<div class=\"elementor-container elementor-column-gap-default\">\n\t\t\t\t\t<div class=\"elementor-column elementor-col-100 elementor-top-column elementor-element elementor-element-5f8cbdf\" data-id=\"5f8cbdf\" data-element_type=\"column\" data-e-type=\"column\">\n\t\t\t<div class=\"elementor-widget-wrap elementor-element-populated\">\n\t\t\t\t\t\t<div class=\"elementor-element elementor-element-d4775ba elementor-widget elementor-widget-menu-anchor\" data-id=\"d4775ba\" data-element_type=\"widget\" data-e-type=\"widget\" data-widget_type=\"menu-anchor.default\">\n\t\t\t\t<div class=\"elementor-widget-container\">\n\t\t\t\t\t\t\t<div class=\"elementor-menu-anchor\" id=\"fuerwenbetriebstechnik\"><\/div>\n\t\t\t\t\t\t<\/div>\n\t\t\t\t<\/div>\n\t\t\t\t<div class=\"elementor-element elementor-element-5ac198fb elementor-widget elementor-widget-text-editor\" data-id=\"5ac198fb\" data-element_type=\"widget\" data-e-type=\"widget\" data-widget_type=\"text-editor.default\">\n\t\t\t\t<div class=\"elementor-widget-container\">\n\t\t\t\t\t\t\t\t\t<div id=\"c423\" class=\"csc-frame csc-frame-default\"><div class=\"csc-header csc-header-n9\"><div id=\"c393\" class=\"csc-frame csc-frame-default\"><div class=\"csc-header csc-header-n8\"><h3>F\u00fcr wen ist der Job geeignet?<\/h3><\/div><\/div><div id=\"c394\" class=\"csc-frame csc-frame-default\"><div class=\"csc-header csc-header-n9\"><h4>Bewerber sollten&#8230;<\/h4><\/div><ul class=\"ce-bullets ce-bullets-0\"><li>technisch interessiert sein<\/li><li>r\u00e4umliches Vorstellungsverm\u00f6gen haben, um Ger\u00e4te und Anlagen nach Konstruktionszeichnungen und Schaltpl\u00e4nen herzustellen und zu montieren<\/li><li>gute Noten in Mathematik und Physik mitbringen<\/li><li>gut sehen und h\u00f6ren, um z.B. mit verschieden farbigen Leitungen und akustischen H\u00f6rsignalen zu arbeiten<\/li><li>gerne im Team arbeiten<\/li><\/ul><\/div><\/div><\/div>\t\t\t\t\t\t\t\t<\/div>\n\t\t\t\t<\/div>\n\t\t\t\t\t<\/div>\n\t\t<\/div>\n\t\t\t\t\t<\/div>\n\t\t<\/section>\n\t\t\t\t<section class=\"elementor-section elementor-top-section elementor-element elementor-element-3925e3d3 elementor-section-boxed elementor-section-height-default elementor-section-height-default\" data-id=\"3925e3d3\" data-element_type=\"section\" data-e-type=\"section\">\n\t\t\t\t\t\t<div class=\"elementor-container elementor-column-gap-default\">\n\t\t\t\t\t<div class=\"elementor-column elementor-col-100 elementor-top-column elementor-element elementor-element-11b1edaa\" data-id=\"11b1edaa\" data-element_type=\"column\" data-e-type=\"column\">\n\t\t\t<div class=\"elementor-widget-wrap elementor-element-populated\">\n\t\t\t\t\t\t<div class=\"elementor-element elementor-element-70a2e898 elementor-widget elementor-widget-menu-anchor\" data-id=\"70a2e898\" data-element_type=\"widget\" data-e-type=\"widget\" data-widget_type=\"menu-anchor.default\">\n\t\t\t\t<div class=\"elementor-widget-container\">\n\t\t\t\t\t\t\t<div class=\"elementor-menu-anchor\" id=\"wasistgutbetriebstechnik\"><\/div>\n\t\t\t\t\t\t<\/div>\n\t\t\t\t<\/div>\n\t\t\t\t<div class=\"elementor-element elementor-element-1070d7d4 elementor-widget elementor-widget-text-editor\" data-id=\"1070d7d4\" data-element_type=\"widget\" data-e-type=\"widget\" data-widget_type=\"text-editor.default\">\n\t\t\t\t<div class=\"elementor-widget-container\">\n\t\t\t\t\t\t\t\t\t<div class=\"csc-header csc-header-n11\"><div class=\"csc-header csc-header-n10\"><h3>Was ist besonders gut?<\/h3><\/div><ul class=\"ce-bullets ce-bullets-0\"><li>die M\u00f6glichkeit in fast allen Industriebetrieben zu arbeiten<\/li><li>in puncto Technik immer &#8220;die Nase vorn&#8221; zu haben<\/li><\/ul><\/div>\t\t\t\t\t\t\t\t<\/div>\n\t\t\t\t<\/div>\n\t\t\t\t\t<\/div>\n\t\t<\/div>\n\t\t\t\t\t<\/div>\n\t\t<\/section>\n\t\t\t\t<section class=\"elementor-section elementor-top-section elementor-element elementor-element-eb45c9 elementor-section-boxed elementor-section-height-default elementor-section-height-default\" data-id=\"eb45c9\" data-element_type=\"section\" data-e-type=\"section\">\n\t\t\t\t\t\t<div class=\"elementor-container elementor-column-gap-default\">\n\t\t\t\t\t<div class=\"elementor-column elementor-col-100 elementor-top-column elementor-element elementor-element-410ee9ef\" data-id=\"410ee9ef\" data-element_type=\"column\" data-e-type=\"column\">\n\t\t\t<div class=\"elementor-widget-wrap elementor-element-populated\">\n\t\t\t\t\t\t<div class=\"elementor-element elementor-element-46ebd240 elementor-widget elementor-widget-menu-anchor\" data-id=\"46ebd240\" data-element_type=\"widget\" data-e-type=\"widget\" data-widget_type=\"menu-anchor.default\">\n\t\t\t\t<div class=\"elementor-widget-container\">\n\t\t\t\t\t\t\t<div class=\"elementor-menu-anchor\" id=\"ausbildungaufgebautbetriebstechnik\"><\/div>\n\t\t\t\t\t\t<\/div>\n\t\t\t\t<\/div>\n\t\t\t\t<div class=\"elementor-element elementor-element-5820489e elementor-widget elementor-widget-text-editor\" data-id=\"5820489e\" data-element_type=\"widget\" data-e-type=\"widget\" data-widget_type=\"text-editor.default\">\n\t\t\t\t<div class=\"elementor-widget-container\">\n\t\t\t\t\t\t\t\t\t<div id=\"c426\" class=\"csc-frame csc-frame-default\"><div class=\"csc-header csc-header-n12\"><div id=\"c396\" class=\"csc-frame csc-frame-default\"><div class=\"csc-header csc-header-n11\"><h3>Wie ist die Ausbildung aufgebaut?<\/h3><\/div><\/div><div id=\"c397\" class=\"csc-frame csc-frame-default\"><div class=\"csc-header csc-header-n12\"><h4>Zugangsvoraussetzung<\/h4><\/div><p class=\"bodytext\">Grunds\u00e4tzlich ist keine bestimmte Vorbildung f\u00fcr den Lehrbeginn vorgeschrieben. Die Ausbildungsbetriebe erwarten aber mindestens den Hauptschulabschluss, manche auch die Fachoberschulreife (Mittlere Reife).<\/p><\/div><div id=\"c398\" class=\"csc-frame csc-frame-default\"><p class=\"bodytext\">Vor dem Ende des zweiten Ausbildungsjahres findet der erste Teil der gestreckten Abschlusspr\u00fcfung statt. Die Ausbildung endet nach dreieinhalb Jahren mit bestandener Abschlusspr\u00fcfung.<\/p><\/div><div id=\"c399\" class=\"csc-frame csc-frame-default\"><div class=\"csc-header csc-header-n14\"><h4>Ausbildungsverg\u00fctung<\/h4><\/div><p class=\"bodytext\">Die H\u00f6he der Ausbildungsverg\u00fctung ist je nach Wirtschaftsbereich und Region, manchmal sogar je nach Unternehmen sehr unterschiedlich. Die jeweiligen Tarifpartner, also die Arbeitgeberverb\u00e4nde und Gewerkschaften, vereinbaren, wie viel Sie w\u00e4hrend und nach Ihrer Ausbildung verdienen. Sie k\u00f6nnen Ihnen genaue Ausk\u00fcnfte geben. Welcher Arbeitgeberverband bzw. welche Gewerkschaft f\u00fcr Ihren Ausbildungsberuf zust\u00e4ndig ist, erfahren Sie zum Beispiel bei Ihrer Industrie- und Handelskammer, beim Berufsverband oder auch beim Arbeitsamt vor Ort.<\/p><\/div><\/div><\/div>\t\t\t\t\t\t\t\t<\/div>\n\t\t\t\t<\/div>\n\t\t\t\t\t<\/div>\n\t\t<\/div>\n\t\t\t\t\t<\/div>\n\t\t<\/section>\n\t\t\t\t<section class=\"elementor-section elementor-top-section elementor-element elementor-element-86584e5 elementor-section-boxed elementor-section-height-default elementor-section-height-default\" data-id=\"86584e5\" data-element_type=\"section\" data-e-type=\"section\">\n\t\t\t\t\t\t<div class=\"elementor-container elementor-column-gap-default\">\n\t\t\t\t\t<div class=\"elementor-column elementor-col-100 elementor-top-column elementor-element elementor-element-37a25af7\" data-id=\"37a25af7\" data-element_type=\"column\" data-e-type=\"column\">\n\t\t\t<div class=\"elementor-widget-wrap elementor-element-populated\">\n\t\t\t\t\t\t<div class=\"elementor-element elementor-element-523130a9 elementor-widget elementor-widget-menu-anchor\" data-id=\"523130a9\" data-element_type=\"widget\" data-e-type=\"widget\" data-widget_type=\"menu-anchor.default\">\n\t\t\t\t<div class=\"elementor-widget-container\">\n\t\t\t\t\t\t\t<div class=\"elementor-menu-anchor\" id=\"waskannichmachenbetriebstechnik\"><\/div>\n\t\t\t\t\t\t<\/div>\n\t\t\t\t<\/div>\n\t\t\t\t<div class=\"elementor-element elementor-element-6503c5bd elementor-widget elementor-widget-text-editor\" data-id=\"6503c5bd\" data-element_type=\"widget\" data-e-type=\"widget\" data-widget_type=\"text-editor.default\">\n\t\t\t\t<div class=\"elementor-widget-container\">\n\t\t\t\t\t\t\t\t\t<div id=\"c430\" class=\"csc-frame csc-frame-default\"><div class=\"csc-header csc-header-n16\"><div id=\"c400\" class=\"csc-frame csc-frame-default\"><div class=\"csc-header csc-header-n15\"><h3>Was kann ich aus dem Beruf sp\u00e4ter einmal machen?<\/h3><\/div><p class=\"bodytext\">Eine berufliche Ausbildung ist der erste Schritt ins Berufsleben. Danach geht es weiter, beispielsweise als staatlich gepr\u00fcfter Techniker der Fachrichtungen Automatisierungstechnik, Datenverarbeitungstechnik, Mechatronik oder Medizintechnik. Ziel kann nat\u00fcrlich auch die berufliche Selbst\u00e4ndigkeit sein. Klar ist: Keiner muss sein Leben lang immer im gleichen Job dasselbe tun. Im Gegenteil: Wer heutzutage gute Chancen auf dem Arbeitsmarkt bzw. als selbst\u00e4ndiger Unternehmer haben will, muss flexibel sein und sich regelm\u00e4\u00dfig weiterbilden. Es gibt jede Menge Lehrg\u00e4nge, Kurse oder Seminare, um sich zu spezialisieren, z.B.:<\/p><ul><li>Elektrotechnik-Elektronik<\/li><li>Mess-, Steuerungs- und Regelungstechnik<\/li><\/ul><\/div><div id=\"c401\" class=\"csc-frame csc-frame-default\"><p class=\"bodytext\">Unter bestimmten Voraussetzungen, z.B. mehrj\u00e4hriger Berufserfahrung, sind verschiedene Fort- und Weiterbildungen m\u00f6glich, u.a.:<\/p><ul><li>Ausbilder\/-in (verantwortlich f\u00fcr die Ausbildung von Azubis)<\/li><li>Industriemeister\/-in Fachrichtung Elektrotechnik<\/li><li>Techniker\/-in Fachrichtung Elektro- oder Medizintechnik<\/li><li>Techniker\/-in Betriebswissenschaft<\/li><li>Techniker\/-in Mechatronik<\/li><\/ul><\/div><div id=\"c402\" class=\"csc-frame csc-frame-default\"><p class=\"bodytext\">Nach dem Besuch einer Fachoberschule ist das Studium an einer Fachhochschule oder Gesamthochschule m\u00f6glich, u.a.:<\/p><ul><li>Dipl.-Ingenieur Elektrotechnik<\/li><\/ul><\/div><\/div><\/div>\t\t\t\t\t\t\t\t<\/div>\n\t\t\t\t<\/div>\n\t\t\t\t\t<\/div>\n\t\t<\/div>\n\t\t\t\t\t<\/div>\n\t\t<\/section>\n\t\t\t\t<section class=\"elementor-section elementor-top-section elementor-element elementor-element-7e93004b elementor-section-boxed elementor-section-height-default elementor-section-height-default\" data-id=\"7e93004b\" data-element_type=\"section\" data-e-type=\"section\">\n\t\t\t\t\t\t<div class=\"elementor-container elementor-column-gap-default\">\n\t\t\t\t\t<div class=\"elementor-column elementor-col-100 elementor-top-column elementor-element elementor-element-4ed51be3\" data-id=\"4ed51be3\" data-element_type=\"column\" data-e-type=\"column\">\n\t\t\t<div class=\"elementor-widget-wrap elementor-element-populated\">\n\t\t\t\t\t\t<div class=\"elementor-element elementor-element-7c4a5f2c elementor-widget elementor-widget-menu-anchor\" data-id=\"7c4a5f2c\" data-element_type=\"widget\" data-e-type=\"widget\" data-widget_type=\"menu-anchor.default\">\n\t\t\t\t<div class=\"elementor-widget-container\">\n\t\t\t\t\t\t\t<div class=\"elementor-menu-anchor\" id=\"kurzinfobetriebstechnik\"><\/div>\n\t\t\t\t\t\t<\/div>\n\t\t\t\t<\/div>\n\t\t\t\t<div class=\"elementor-element elementor-element-5470bde5 elementor-widget elementor-widget-text-editor\" data-id=\"5470bde5\" data-element_type=\"widget\" data-e-type=\"widget\" data-widget_type=\"text-editor.default\">\n\t\t\t\t<div class=\"elementor-widget-container\">\n\t\t\t\t\t\t\t\t\t<div id=\"c430\" class=\"csc-frame csc-frame-default\"><div class=\"csc-header csc-header-n16\"><div id=\"c432\" class=\"csc-frame csc-frame-default\"><div class=\"csc-header csc-header-n18\"><div id=\"c432\" class=\"csc-frame csc-frame-default\"><div class=\"csc-header csc-header-n18\"><div id=\"c403\" class=\"csc-frame csc-frame-default\"><div class=\"csc-header csc-header-n18\"><h3>Kurzinfo<\/h3><\/div><\/div><div id=\"c404\" class=\"csc-frame csc-frame-default\"><div class=\"csc-header csc-header-n19\"><h4>Elektroniker\/-innen f\u00fcr Betriebstechnik<\/h4><\/div><p class=\"bodytext\">&#8230; montieren elektrotechnische Betriebsanlagen, nehmen sie in Betrieb, betreiben sie und halten sie in Stand.<\/p><\/div><div id=\"c405\" class=\"csc-frame csc-frame-default\"><div class=\"csc-header csc-header-n20\"><h4>Besonders gut ist &#8230;<\/h4><\/div><p class=\"bodytext\">&#8230; die M\u00f6glichkeit, in fast allen Industriebetrieben zu arbeiten und in puncto Technik immer &#8220;die Nase vorn&#8221; zu haben.<\/p><\/div><div id=\"c406\" class=\"csc-frame csc-frame-default\"><div class=\"csc-header csc-header-n21\"><h4>Bewerber\/-innen sollten&#8230;<\/h4><\/div><p class=\"bodytext\">&#8230; technisch interessiert sein, r\u00e4umliches Vorstellungsverm\u00f6gen haben, gute Noten in Mathe und Physik haben, gut sehen und h\u00f6ren, gerne im Team arbeiten.<\/p><\/div><div id=\"c407\" class=\"csc-frame csc-frame-default\"><div class=\"csc-header csc-header-n22\"><h4>Dauer der Ausbildung?<\/h4><\/div><p class=\"bodytext\">3,5 Jahre<\/p><\/div><div id=\"c408\" class=\"csc-frame csc-frame-default\"><div class=\"csc-header csc-header-n23\"><h4>Wer bildet aus?<\/h4><\/div><p class=\"bodytext\">Hersteller von elektrischen Betriebsmitteln und Anlagen sowie vielf\u00e4ltige Produktionsunternehmen; im Hagener Raum sind dies insbesondere Unternehmen der Metallverarbeitenden Industrie.<\/p><\/div><div id=\"c409\" class=\"csc-frame csc-frame-default\"><div class=\"csc-header csc-header-n24\"><h4>Verdienst w\u00e4hrend der Ausbildung und Beruf?<\/h4><\/div><p class=\"bodytext\">Ausk\u00fcnfte dazu geben Kammer, Arbeitsamt, Berufsverband, Arbeitgeberverband und Gewerkschaft<\/p><\/div><div id=\"c410\" class=\"csc-frame csc-frame-default\"><div class=\"csc-header csc-header-n25\"><h4>Berufliche Aufstiegschancen?<\/h4><\/div><p class=\"bodytext\">z.B. Ausbilder\/-in, Industriemeister\/-in Fachrichtung Elektrotechnik, Techniker\/-in Fachrichtung Elektro- \/ Medizintechnik \/ Mechatronik, Techniker\/-in Betriebswissenschaft, Bachelor of Engineering (fr\u00fcher Dipl.-Ing. (FH) Elektrotechnik)<\/p><\/div><\/div><\/div><\/div><\/div><\/div><\/div>\t\t\t\t\t\t\t\t<\/div>\n\t\t\t\t<\/div>\n\t\t\t\t\t<\/div>\n\t\t<\/div>\n\t\t\t\t\t<\/div>\n\t\t<\/section>\n\t\t\t\t<\/div>","protected":false},"excerpt":{"rendered":"<p>Ansprechpartner: \u00a0Herr Br\u00fcggenhorstBereichsleiter: Herr Bolouri\u00a0 Was machen Elektroniker\/-innen f\u00fcr Betriebstechnik? F\u00fcr wen ist der Job geeignet? Was ist besonders gut? Wie ist die Ausbildung aufgebaut? Was kann ich aus dem Beruf sp\u00e4ter einmal machen? Kurzinfo \u00a0 Was machen Elektroniker\/-innen f\u00fcr Betriebstechnik? Sie wissen, dass der Strom nicht einfach nur aus der Steckdose kommt. Bei Elektronikern [&hellip;]<\/p>\n","protected":false},"author":1,"featured_media":0,"parent":0,"menu_order":0,"comment_status":"closed","ping_status":"closed","template":"","meta":{"footnotes":""},"class_list":["post-1124","page","type-page","status-publish","hentry"],"publishpress_future_action":{"enabled":false,"date":"2026-04-16 10:55:33","action":"change-status","newStatus":"draft","terms":[],"taxonomy":"","extraData":[]},"publishpress_future_workflow_manual_trigger":{"enabledWorkflows":[]},"_links":{"self":[{"href":"http:\/\/cuno-berufskolleg.de\/en\/wp-json\/wp\/v2\/pages\/1124","targetHints":{"allow":["GET"]}}],"collection":[{"href":"http:\/\/cuno-berufskolleg.de\/en\/wp-json\/wp\/v2\/pages"}],"about":[{"href":"http:\/\/cuno-berufskolleg.de\/en\/wp-json\/wp\/v2\/types\/page"}],"author":[{"embeddable":true,"href":"http:\/\/cuno-berufskolleg.de\/en\/wp-json\/wp\/v2\/users\/1"}],"replies":[{"embeddable":true,"href":"http:\/\/cuno-berufskolleg.de\/en\/wp-json\/wp\/v2\/comments?post=1124"}],"version-history":[{"count":5,"href":"http:\/\/cuno-berufskolleg.de\/en\/wp-json\/wp\/v2\/pages\/1124\/revisions"}],"predecessor-version":[{"id":4378,"href":"http:\/\/cuno-berufskolleg.de\/en\/wp-json\/wp\/v2\/pages\/1124\/revisions\/4378"}],"wp:attachment":[{"href":"http:\/\/cuno-berufskolleg.de\/en\/wp-json\/wp\/v2\/media?parent=1124"}],"curies":[{"name":"wp","href":"https:\/\/api.w.org\/{rel}","templated":true}]}}