{"id":1114,"date":"2023-07-25T08:15:46","date_gmt":"2023-07-25T06:15:46","guid":{"rendered":"http:\/\/cuno-berufskolleg.de\/?page_id=1114"},"modified":"2024-03-12T08:41:54","modified_gmt":"2024-03-12T07:41:54","slug":"kaufmann-frau-fuer-digitalisierungs-management","status":"publish","type":"page","link":"http:\/\/cuno-berufskolleg.de\/en\/kaufmann-frau-fuer-digitalisierungs-management\/","title":{"rendered":"Kaufmann\/-frau f\u00fcr Digitalisierungsmanagement"},"content":{"rendered":"<div data-elementor-type=\"wp-page\" data-elementor-id=\"1114\" class=\"elementor elementor-1114\" data-elementor-post-type=\"page\">\n\t\t\t\t\t\t<section class=\"elementor-section elementor-top-section elementor-element elementor-element-445a90dd elementor-section-boxed elementor-section-height-default elementor-section-height-default\" data-id=\"445a90dd\" data-element_type=\"section\" data-e-type=\"section\">\n\t\t\t\t\t\t<div class=\"elementor-container elementor-column-gap-default\">\n\t\t\t\t\t<div class=\"elementor-column elementor-col-100 elementor-top-column elementor-element elementor-element-1d2bd36f\" data-id=\"1d2bd36f\" data-element_type=\"column\" data-e-type=\"column\">\n\t\t\t<div class=\"elementor-widget-wrap elementor-element-populated\">\n\t\t\t\t\t\t<div class=\"elementor-element elementor-element-725f5fd8 elementor-widget elementor-widget-text-editor\" data-id=\"725f5fd8\" data-element_type=\"widget\" data-e-type=\"widget\" data-widget_type=\"text-editor.default\">\n\t\t\t\t<div class=\"elementor-widget-container\">\n\t\t\t\t\t\t\t\t\t<div id=\"c238\" class=\"csc-frame csc-frame-default\"><div class=\"csc-header csc-header-n1\"><div id=\"c4358\" class=\"csc-frame csc-frame-default\"><div class=\"csc-textpic csc-textpic-intext-right\"><div class=\"csc-textpic-imagewrap\" data-csc-images=\"1\" data-csc-cols=\"1\"><figure id=\"attachment_3756\" aria-describedby=\"caption-attachment-3756\" style=\"width: 300px\" class=\"wp-caption alignright\"><a href=\"https:\/\/web.arbeitsagentur.de\/berufenet\/beruf\/133555\" target=\"_blank\" rel=\"noopener\"><img decoding=\"async\" class=\"wp-image-3756 size-medium\" src=\"http:\/\/cuno-berufskolleg.de\/wp-content\/uploads\/2024\/02\/Logo_Berufenet-300x76.jpg\" alt=\"\" width=\"300\" height=\"76\" \/><\/a><figcaption id=\"caption-attachment-3756\" class=\"wp-caption-text\">Weitere Informationen finden Sie hier<\/figcaption><\/figure><strong>Ansprechpartner:<\/strong> <a href=\"http:\/\/cuno-berufskolleg.de\/en\/intern\/herr-klein\/\">Herr Klein<\/a><\/div><div class=\"csc-textpic-text\"><p class=\"bodytext\"><strong>Bereichsleiter:<\/strong> <a href=\"http:\/\/cuno-berufskolleg.de\/en\/intern\/herr-klein\/\">Herr Klein<\/a>\u00a0<\/p><\/div><\/div><\/div><div id=\"c4359\" class=\"csc-frame csc-frame-default\"><ul><li><a href=\"#wasmachtdigitalisierungsmanager\">Was machen Kaufleute f\u00fcr Digitalisierungsmanagement?<\/a><\/li><li><a href=\"#fuerwenwasmachtdigitalisierungsmanager\">F\u00fcr wen ist der Job geeignet?<\/a><\/li><li><a href=\"#ausbildungaufgebautdigitalisierungsmanager\">Wie ist die Ausbildung aufgebaut?<\/a><\/li><li><a href=\"#waskannichmachendigitalisierungsmanager\">Was kann ich aus dem Beruf sp\u00e4ter einmal machen?<\/a><\/li><li><p><a href=\"#kurzinfodigitalisierungsmanager\">Kurzinfo<\/a><\/p><\/li><\/ul><\/div><\/div><\/div>\t\t\t\t\t\t\t\t<\/div>\n\t\t\t\t<\/div>\n\t\t\t\t\t<\/div>\n\t\t<\/div>\n\t\t\t\t\t<\/div>\n\t\t<\/section>\n\t\t\t\t<section class=\"elementor-section elementor-top-section elementor-element elementor-element-2391d81f elementor-section-boxed elementor-section-height-default elementor-section-height-default\" data-id=\"2391d81f\" data-element_type=\"section\" data-e-type=\"section\">\n\t\t\t\t\t\t<div class=\"elementor-container elementor-column-gap-default\">\n\t\t\t\t\t<div class=\"elementor-column elementor-col-100 elementor-top-column elementor-element elementor-element-443cf608\" data-id=\"443cf608\" data-element_type=\"column\" data-e-type=\"column\">\n\t\t\t<div class=\"elementor-widget-wrap elementor-element-populated\">\n\t\t\t\t\t\t<div class=\"elementor-element elementor-element-419eb698 elementor-widget elementor-widget-menu-anchor\" data-id=\"419eb698\" data-element_type=\"widget\" data-e-type=\"widget\" data-widget_type=\"menu-anchor.default\">\n\t\t\t\t<div class=\"elementor-widget-container\">\n\t\t\t\t\t\t\t<div class=\"elementor-menu-anchor\" id=\"wasmachtdigitalisierungsmanager\"><\/div>\n\t\t\t\t\t\t<\/div>\n\t\t\t\t<\/div>\n\t\t\t\t<div class=\"elementor-element elementor-element-241cfb1a elementor-widget elementor-widget-text-editor\" data-id=\"241cfb1a\" data-element_type=\"widget\" data-e-type=\"widget\" data-widget_type=\"text-editor.default\">\n\t\t\t\t<div class=\"elementor-widget-container\">\n\t\t\t\t\t\t\t\t\t<div id=\"c418\" class=\"csc-frame csc-frame-default\"><div class=\"csc-header csc-header-n4\"><div id=\"c388\" class=\"csc-frame csc-frame-default\"><div class=\"csc-header csc-header-n4\"><div id=\"c366\" class=\"csc-frame csc-frame-default\"><div class=\"csc-header csc-header-n4\"><div id=\"c4360\" class=\"csc-frame csc-frame-default\"><div class=\"csc-header csc-header-n4\"><h3 style=\"text-align: left;\">Was machen Kaufleute f\u00fcr Digitalisierungsmanagement?<\/h3><\/div><p class=\"bodytext\">Viele Unternehmen sind sich sicher: Die zunehmende Digitalisierung muss in den wirtschaftlichen Erfolg eines Unternehmens umgesetzt werden. Wichtig ist also, die Bed\u00fcrfnisse des Unternehmens mit den M\u00f6glichkeiten der Datenverarbeitung (DV) abzustimmen. Daf\u00fcr muss man im Umgang mit Daten und Prozessen aus der betriebswirtschaftlichen Sicht vertraut sein und dieses Wissen f\u00fcr das Unternehmen mit einem wirtschaftlichen Nutzen verf\u00fcgbar machen. Das ist die Aufgabe von Kaufleuten f\u00fcr Digitalisierungsmanagement. Sie managen die Digitalisierung von Gesch\u00e4fts\u00adprozessen auf der operativen Ebene. Sie finden die richtige EDV-L\u00f6sung, die zum Unternehmen passt und sorgen daf\u00fcr, dass diese Technik auch richtig genutzt wird: Deshalb schulen Kaufleute f\u00fcr Digitalisierungsmanagement auch die Anwender im Unternehmen.<\/p><\/div><div id=\"c4361\" class=\"csc-frame csc-frame-default\"><div class=\"csc-header csc-header-n5\"><h4>Kaufleute f\u00fcr Digitalisierungsmanagement &#8230;<\/h4><\/div><ul class=\"ce-bullets ce-bullets-0\"><li>kennen die Mitarbeiterstruktur, Kunden und Lieferanten eines Unternehmens;<\/li><li>kennen den Waren-, Material- und Informationsfluss im Betrieb;<\/li><li>kennen alle Gesch\u00e4ftsabl\u00e4ufe eines Unternehmens;<\/li><li>stellen &#8211; dazu passend &#8211; das richtige elektronische System zusammen, um diese Abl\u00e4ufe zu unterst\u00fctzen und zu verbessern;<\/li><li>ermitteln Kosten f\u00fcr notwendige Ger\u00e4te, Programme etc.;<\/li><li>pr\u00fcfen Finanzierungsm\u00f6glichkeiten mit Eigen- oder Fremdkapital (Kredite);<\/li><li>erstellen Angebote, kalkulieren Preise und formulieren Kauf- und Wartungsvertr\u00e4ge;<\/li><li>planen den Aufbau und die Softwareinstallationen;<\/li><li>achten auf die Qualit\u00e4tssicherung (Einhaltung bestimmter vorgegebener Qualit\u00e4tsnormen);<\/li><li>schulen die Anwender und helfen bei Problemen.<\/li><\/ul><\/div><div id=\"c4362\" class=\"csc-frame csc-frame-default\"><div class=\"csc-header csc-header-n6\"><h3>Sie arbeiten &#8230;<\/h3><\/div><ul class=\"ce-bullets ce-bullets-0\"><li>im Handel;<\/li><li>in Banken;<\/li><li>in Versicherungen;<\/li><li>im Gesundheitswesen;<\/li><li>bei Dienstleistern (z.B. Spedition);<\/li><li>in der \u00d6ffentlichen Verwaltung.<\/li><\/ul><\/div><div id=\"c613\" class=\"csc-frame csc-frame-default\"><p class=\"bodytext\">Dort werden sie in der Regel auch ausgebildet.<\/p><\/div><\/div><\/div><\/div><\/div><\/div><\/div>\t\t\t\t\t\t\t\t<\/div>\n\t\t\t\t<\/div>\n\t\t\t\t\t<\/div>\n\t\t<\/div>\n\t\t\t\t\t<\/div>\n\t\t<\/section>\n\t\t\t\t<section class=\"elementor-section elementor-top-section elementor-element elementor-element-74d5d063 elementor-section-boxed elementor-section-height-default elementor-section-height-default\" data-id=\"74d5d063\" data-element_type=\"section\" data-e-type=\"section\">\n\t\t\t\t\t\t<div class=\"elementor-container elementor-column-gap-default\">\n\t\t\t\t\t<div class=\"elementor-column elementor-col-100 elementor-top-column elementor-element elementor-element-6997f73e\" data-id=\"6997f73e\" data-element_type=\"column\" data-e-type=\"column\">\n\t\t\t<div class=\"elementor-widget-wrap elementor-element-populated\">\n\t\t\t\t\t\t<div class=\"elementor-element elementor-element-477b36a6 elementor-widget elementor-widget-menu-anchor\" data-id=\"477b36a6\" data-element_type=\"widget\" data-e-type=\"widget\" data-widget_type=\"menu-anchor.default\">\n\t\t\t\t<div class=\"elementor-widget-container\">\n\t\t\t\t\t\t\t<div class=\"elementor-menu-anchor\" id=\"fuerwenwasmachtdigitalisierungsmanager\"><\/div>\n\t\t\t\t\t\t<\/div>\n\t\t\t\t<\/div>\n\t\t\t\t<div class=\"elementor-element elementor-element-51236ecf elementor-widget elementor-widget-text-editor\" data-id=\"51236ecf\" data-element_type=\"widget\" data-e-type=\"widget\" data-widget_type=\"text-editor.default\">\n\t\t\t\t<div class=\"elementor-widget-container\">\n\t\t\t\t\t\t\t\t\t<div id=\"c423\" class=\"csc-frame csc-frame-default\"><div class=\"csc-header csc-header-n9\"><div id=\"c393\" class=\"csc-frame csc-frame-default\"><div class=\"csc-header csc-header-n8\"><div id=\"c370\" class=\"csc-frame csc-frame-default\"><div class=\"csc-header csc-header-n8\"><div id=\"c614\" class=\"csc-frame csc-frame-default\"><div class=\"csc-header csc-header-n8\"><h3>F\u00fcr wen ist der Job geeignet?<\/h3><\/div><\/div><div id=\"c4363\" class=\"csc-frame csc-frame-default\"><div class=\"csc-header csc-header-n9\"><h4>Bewerber\/-innen sollten &#8230;<\/h4><\/div><ul class=\"ce-bullets ce-bullets-0\"><li>sich f\u00fcr betriebliche Zusammenh\u00e4nge wie Arbeitsabl\u00e4ufe, Produkte, Kunden interessieren;<\/li><li>mathematisch und logisch denken k\u00f6nnen;<\/li><li>eine gute Allgemeinbildung sowie sprachliches Ausdrucksverm\u00f6gen mitbringen;<\/li><li>planen und organisieren k\u00f6nnen;<\/li><li>gerne im Team arbeiten.<\/li><\/ul><\/div><\/div><\/div><\/div><\/div><\/div><\/div>\t\t\t\t\t\t\t\t<\/div>\n\t\t\t\t<\/div>\n\t\t\t\t\t<\/div>\n\t\t<\/div>\n\t\t\t\t\t<\/div>\n\t\t<\/section>\n\t\t\t\t<section class=\"elementor-section elementor-top-section elementor-element elementor-element-547ed4bf elementor-section-boxed elementor-section-height-default elementor-section-height-default\" data-id=\"547ed4bf\" data-element_type=\"section\" data-e-type=\"section\">\n\t\t\t\t\t\t<div class=\"elementor-container elementor-column-gap-default\">\n\t\t\t\t\t<div class=\"elementor-column elementor-col-100 elementor-top-column elementor-element elementor-element-337e78bd\" data-id=\"337e78bd\" data-element_type=\"column\" data-e-type=\"column\">\n\t\t\t<div class=\"elementor-widget-wrap elementor-element-populated\">\n\t\t\t\t\t\t<div class=\"elementor-element elementor-element-4c52a829 elementor-widget elementor-widget-menu-anchor\" data-id=\"4c52a829\" data-element_type=\"widget\" data-e-type=\"widget\" data-widget_type=\"menu-anchor.default\">\n\t\t\t\t<div class=\"elementor-widget-container\">\n\t\t\t\t\t\t\t<div class=\"elementor-menu-anchor\" id=\"ausbildungaufgebautdigitalisierungsmanager\"><\/div>\n\t\t\t\t\t\t<\/div>\n\t\t\t\t<\/div>\n\t\t\t\t<div class=\"elementor-element elementor-element-5935f74f elementor-widget elementor-widget-text-editor\" data-id=\"5935f74f\" data-element_type=\"widget\" data-e-type=\"widget\" data-widget_type=\"text-editor.default\">\n\t\t\t\t<div class=\"elementor-widget-container\">\n\t\t\t\t\t\t\t\t\t<div id=\"c426\" class=\"csc-frame csc-frame-default\"><div class=\"csc-header csc-header-n12\"><div id=\"c396\" class=\"csc-frame csc-frame-default\"><div class=\"csc-header csc-header-n11\"><div id=\"c373\" class=\"csc-frame csc-frame-default\"><div class=\"csc-header csc-header-n11\"><div id=\"c617\" class=\"csc-frame csc-frame-default\"><div class=\"csc-header csc-header-n10\"><h3>Wie ist die Ausbildung aufgebaut?<\/h3><\/div><\/div><div id=\"c4364\" class=\"csc-frame csc-frame-default\"><div class=\"csc-header csc-header-n11\"><h4>Zugangsvoraussetzung<\/h4><\/div><p class=\"bodytext\">Grunds\u00e4tzlich ist keine bestimmte Vorbildung f\u00fcr den Ausbildungsbeginn vorgeschrieben. Die meisten Betriebe erwarten allerdings von ihren Bewerbern und Bewerberinnen mindestens einen sehr guten Realschulabschluss, besser noch die Fachhochschulreife oder die allgemeine Hochschulreife (Abitur).<\/p><\/div><div id=\"c4365\" class=\"csc-frame csc-frame-default\"><div class=\"csc-header csc-header-n12\"><h4>Dauer der Ausbildung<\/h4><\/div><p class=\"bodytext\">Die Ausbildung dauert 3 Jahre. Sie kann aber, je nach Ausbildungsvoraussetzung oder Leistungsf\u00e4higkeit, auf 2 oder 2,5 Jahre verk\u00fcrzt werden.<\/p><\/div><div id=\"c4366\" class=\"csc-frame csc-frame-default\"><div class=\"csc-header csc-header-n13\"><h4>Ablauf der Ausbildung<\/h4><\/div><p class=\"bodytext\">Da es sich um eine duale Ausbildung handelt, findet die Ausbildung sowohl in einem Unternehmen als auch in der Berufsschule statt. Es werden an beiden Ausbildungsorten die notwendigen theoretischen und praktischen F\u00e4higkeiten erlernt und die berufs\u00fcbergreifenden Qualifikationen erworben. Dazu geh\u00f6ren z.B. Fremdsprachen oder Projektplanung. Die Grundkenntnisse sind f\u00fcr alle Informatikkaufleute gleich. Im Laufe der Ausbildung kommen dann die speziellen Fachkenntnisse der jeweiligen Schwerpunkte dazu.<\/p><\/div><div id=\"c619\" class=\"csc-frame csc-frame-default\"><div class=\"csc-header csc-header-n14\"><h4>Ausbildungsverg\u00fctung<\/h4><\/div><p class=\"bodytext\">Die H\u00f6he der Ausbildungsverg\u00fctung ist je nach Wirtschaftsbereich und Region, manchmal sogar je nach Unternehmen sehr unterschiedlich. Die jeweiligen Tarifpartner, also die Arbeitgeberverb\u00e4nde und Gewerkschaften, vereinbaren, wieviel Sie w\u00e4hrend und nach Ihrer Ausbildung verdienen. Sie k\u00f6nnen Ihnen genaue Ausk\u00fcnfte geben. Welcher Arbeitgeberverband bzw. welche Gewerkschaft f\u00fcr Ihren Ausbildungsberuf zust\u00e4ndig ist, erfahren Sie zum Beispiel bei Ihrer Industrie- und Handelskammer, beim Berufsverband oder auch beim Arbeitsamt vor Ort.<\/p><\/div><\/div><\/div><\/div><\/div><\/div><\/div>\t\t\t\t\t\t\t\t<\/div>\n\t\t\t\t<\/div>\n\t\t\t\t\t<\/div>\n\t\t<\/div>\n\t\t\t\t\t<\/div>\n\t\t<\/section>\n\t\t\t\t<section class=\"elementor-section elementor-top-section elementor-element elementor-element-23c8bfe5 elementor-section-boxed elementor-section-height-default elementor-section-height-default\" data-id=\"23c8bfe5\" data-element_type=\"section\" data-e-type=\"section\">\n\t\t\t\t\t\t<div class=\"elementor-container elementor-column-gap-default\">\n\t\t\t\t\t<div class=\"elementor-column elementor-col-100 elementor-top-column elementor-element elementor-element-47103516\" data-id=\"47103516\" data-element_type=\"column\" data-e-type=\"column\">\n\t\t\t<div class=\"elementor-widget-wrap elementor-element-populated\">\n\t\t\t\t\t\t<div class=\"elementor-element elementor-element-52dc9e54 elementor-widget elementor-widget-menu-anchor\" data-id=\"52dc9e54\" data-element_type=\"widget\" data-e-type=\"widget\" data-widget_type=\"menu-anchor.default\">\n\t\t\t\t<div class=\"elementor-widget-container\">\n\t\t\t\t\t\t\t<div class=\"elementor-menu-anchor\" id=\"waskannichmachendigitalisierungsmanager\"><\/div>\n\t\t\t\t\t\t<\/div>\n\t\t\t\t<\/div>\n\t\t\t\t<div class=\"elementor-element elementor-element-75beab8f elementor-widget elementor-widget-text-editor\" data-id=\"75beab8f\" data-element_type=\"widget\" data-e-type=\"widget\" data-widget_type=\"text-editor.default\">\n\t\t\t\t<div class=\"elementor-widget-container\">\n\t\t\t\t\t\t\t\t\t<div id=\"c430\" class=\"csc-frame csc-frame-default\"><div class=\"csc-header csc-header-n16\"><div id=\"c400\" class=\"csc-frame csc-frame-default\"><div class=\"csc-header csc-header-n15\"><div id=\"c376\" class=\"csc-frame csc-frame-default\"><div class=\"csc-header csc-header-n14\"><div id=\"c620\" class=\"csc-frame csc-frame-default\"><div class=\"csc-header csc-header-n15\"><h3>Was kann ich aus dem Beruf sp\u00e4ter einmal machen?<\/h3><\/div><\/div><div id=\"c4367\" class=\"csc-frame csc-frame-default\"><p class=\"bodytext\">Eine berufliche Ausbildung ist der erste Schritt ins Berufsleben. Danach geht es weiter. Man kann sich im Unternehmen weiterentwickeln und aufsteigen. Auch die Selbst\u00e4ndigkeit ist m\u00f6glich. Je nach schulischer Voraussetzung ist ein Studium an einer Fachhochschule oder Hochschule m\u00f6glich.<\/p><p class=\"bodytext\">Klar ist: Keiner muss sein Leben lang immer im gleichen Job dasselbe tun.<\/p><p class=\"bodytext\">Im Gegenteil: Wer heutzutage gute Chancen auf dem Arbeitsmarkt bzw. als selbst\u00e4ndige\/-r Unternehmer\/-in haben will, muss flexibel sein und sich regelm\u00e4\u00dfig weiterbilden.<\/p><p class=\"bodytext\">Der Umfang an Weiterbildungsprogrammen w\u00e4chst st\u00e4ndig. Es gibt bundesweit eine Vielzahl verschiedener Qualifizierungsm\u00f6glichkeiten; Anbieter sind die Industrie- und Handelskammern, private Schulungszentren, Berufsbildungszentren und -akademien, zum Beispiel die DAA (Deutsche Angestellten Akademie). Dar\u00fcber hinaus gibt es auch innerbetriebliche Weiterbildungen. Diese Angebote sind im Aufbau sehr unterschiedlich; von Vollzeitangeboten \u00fcber 1- 2-monatige Intensivkurse bis zum berufsbegleitenden Abendkurs.<\/p><\/div><\/div><\/div><\/div><\/div><\/div><\/div>\t\t\t\t\t\t\t\t<\/div>\n\t\t\t\t<\/div>\n\t\t\t\t\t<\/div>\n\t\t<\/div>\n\t\t\t\t\t<\/div>\n\t\t<\/section>\n\t\t\t\t<section class=\"elementor-section elementor-top-section elementor-element elementor-element-39450863 elementor-section-boxed elementor-section-height-default elementor-section-height-default\" data-id=\"39450863\" data-element_type=\"section\" data-e-type=\"section\">\n\t\t\t\t\t\t<div class=\"elementor-container elementor-column-gap-default\">\n\t\t\t\t\t<div class=\"elementor-column elementor-col-100 elementor-top-column elementor-element elementor-element-66e14bd5\" data-id=\"66e14bd5\" data-element_type=\"column\" data-e-type=\"column\">\n\t\t\t<div class=\"elementor-widget-wrap elementor-element-populated\">\n\t\t\t\t\t\t<div class=\"elementor-element elementor-element-f66f172 elementor-widget elementor-widget-menu-anchor\" data-id=\"f66f172\" data-element_type=\"widget\" data-e-type=\"widget\" data-widget_type=\"menu-anchor.default\">\n\t\t\t\t<div class=\"elementor-widget-container\">\n\t\t\t\t\t\t\t<div class=\"elementor-menu-anchor\" id=\"kurzinfodigitalisierungsmanager\"><\/div>\n\t\t\t\t\t\t<\/div>\n\t\t\t\t<\/div>\n\t\t\t\t<div class=\"elementor-element elementor-element-47e1919c elementor-widget elementor-widget-text-editor\" data-id=\"47e1919c\" data-element_type=\"widget\" data-e-type=\"widget\" data-widget_type=\"text-editor.default\">\n\t\t\t\t<div class=\"elementor-widget-container\">\n\t\t\t\t\t\t\t\t\t<div id=\"c430\" class=\"csc-frame csc-frame-default\"><div class=\"csc-header csc-header-n16\"><div id=\"c432\" class=\"csc-frame csc-frame-default\"><div class=\"csc-header csc-header-n18\"><div id=\"c432\" class=\"csc-frame csc-frame-default\"><div class=\"csc-header csc-header-n18\"><div id=\"c403\" class=\"csc-frame csc-frame-default\"><div class=\"csc-header csc-header-n18\"><div id=\"c379\" class=\"csc-frame csc-frame-default\"><div class=\"csc-header csc-header-n17\"><div id=\"c625\" class=\"csc-frame csc-frame-default\"><div class=\"csc-header csc-header-n17\"><h3>Kurzinfo<\/h3><\/div><\/div><div id=\"c4368\" class=\"csc-frame csc-frame-default\"><div class=\"csc-header csc-header-n18\"><h4>Kaufleute f\u00fcr Digitalisierungsmanagement &#8230;<\/h4><\/div><p class=\"bodytext\">&#8230; kennen die Gesch\u00e4ftsabl\u00e4ufe ihres Betriebes und finden die passenden EDV-L\u00f6sungen.<\/p><\/div><div id=\"c627\" class=\"csc-frame csc-frame-default\"><div class=\"csc-header csc-header-n19\"><h4>Besonders gut ist &#8230;<\/h4><\/div><p class=\"bodytext\">&#8230; das selbst\u00e4ndige Arbeiten an einem Projekt von Anfang bis Ende, st\u00e4ndig neue Herausforderungen, finanzielle Verantwortung.<\/p><\/div><div id=\"c628\" class=\"csc-frame csc-frame-default\"><div class=\"csc-header csc-header-n20\"><h4>Bewerber\/-innen sollten &#8230;<\/h4><\/div><p class=\"bodytext\">&#8230;sich f\u00fcr betriebliche Zusammenh\u00e4nge interessieren, mathematisches Verst\u00e4ndnis, technisches und kaufm\u00e4nnisches Interesse haben.<\/p><\/div><div id=\"c629\" class=\"csc-frame csc-frame-default\"><div class=\"csc-header csc-header-n21\"><h4>Wer bildet aus?<\/h4><\/div><p class=\"bodytext\">Industrie, Handel, Banken, Softwareh\u00e4user, Versicherungen, Krankenh\u00e4user, Verwaltungen<\/p><\/div><div id=\"c630\" class=\"csc-frame csc-frame-default\"><div class=\"csc-header csc-header-n22\"><h4>Dauer der Ausbildung?<\/h4><\/div><p class=\"bodytext\">3 Jahre, je nach Ausbildungsvoraussetzung oder Leistungsf\u00e4higkeit kann auf 2 oder 2,5 Jahre verk\u00fcrzt werden.<\/p><\/div><div id=\"c631\" class=\"csc-frame csc-frame-default\"><div class=\"csc-header csc-header-n23\"><h4>Verdienst w\u00e4hrend der Ausbildung und im Beruf?<\/h4><\/div><p class=\"bodytext\">Ausk\u00fcnfte dazu geben Kammer, Arbeitsamt, Berufsverband, Arbeitgeberverband und Gewerkschaft.<\/p><\/div><div id=\"c632\" class=\"csc-frame csc-frame-default\"><div class=\"csc-header csc-header-n24\"><h4>Berufliche Aufstiegschancen?<\/h4><\/div><p class=\"bodytext\">z.B. zum Ausbilder\/-in, Fachwirt\/-in f\u00fcr Computer-Management. Die Inhalte dieses Berufsbildes beruhen auf Informationen des Bundesministeriums f\u00fcr Wirtschaft und Technologie.<\/p><\/div><\/div><\/div><\/div><\/div><\/div><\/div><\/div><\/div><\/div><\/div>\t\t\t\t\t\t\t\t<\/div>\n\t\t\t\t<\/div>\n\t\t\t\t\t<\/div>\n\t\t<\/div>\n\t\t\t\t\t<\/div>\n\t\t<\/section>\n\t\t\t\t<\/div>","protected":false},"excerpt":{"rendered":"<p>Ansprechpartner: Herr Klein Bereichsleiter: Herr Klein\u00a0 Was machen Kaufleute f\u00fcr Digitalisierungsmanagement? F\u00fcr wen ist der Job geeignet? Wie ist die Ausbildung aufgebaut? Was kann ich aus dem Beruf sp\u00e4ter einmal machen? Kurzinfo Was machen Kaufleute f\u00fcr Digitalisierungsmanagement? Viele Unternehmen sind sich sicher: Die zunehmende Digitalisierung muss in den wirtschaftlichen Erfolg eines Unternehmens umgesetzt werden. Wichtig [&hellip;]<\/p>\n","protected":false},"author":1,"featured_media":0,"parent":0,"menu_order":0,"comment_status":"closed","ping_status":"closed","template":"","meta":{"footnotes":""},"class_list":["post-1114","page","type-page","status-publish","hentry"],"publishpress_future_action":{"enabled":false,"date":"2026-04-10 21:35:42","action":"change-status","newStatus":"draft","terms":[],"taxonomy":"","extraData":[]},"publishpress_future_workflow_manual_trigger":{"enabledWorkflows":[]},"_links":{"self":[{"href":"http:\/\/cuno-berufskolleg.de\/en\/wp-json\/wp\/v2\/pages\/1114","targetHints":{"allow":["GET"]}}],"collection":[{"href":"http:\/\/cuno-berufskolleg.de\/en\/wp-json\/wp\/v2\/pages"}],"about":[{"href":"http:\/\/cuno-berufskolleg.de\/en\/wp-json\/wp\/v2\/types\/page"}],"author":[{"embeddable":true,"href":"http:\/\/cuno-berufskolleg.de\/en\/wp-json\/wp\/v2\/users\/1"}],"replies":[{"embeddable":true,"href":"http:\/\/cuno-berufskolleg.de\/en\/wp-json\/wp\/v2\/comments?post=1114"}],"version-history":[{"count":5,"href":"http:\/\/cuno-berufskolleg.de\/en\/wp-json\/wp\/v2\/pages\/1114\/revisions"}],"predecessor-version":[{"id":4402,"href":"http:\/\/cuno-berufskolleg.de\/en\/wp-json\/wp\/v2\/pages\/1114\/revisions\/4402"}],"wp:attachment":[{"href":"http:\/\/cuno-berufskolleg.de\/en\/wp-json\/wp\/v2\/media?parent=1114"}],"curies":[{"name":"wp","href":"https:\/\/api.w.org\/{rel}","templated":true}]}}