{"id":1109,"date":"2023-07-25T08:15:16","date_gmt":"2023-07-25T06:15:16","guid":{"rendered":"http:\/\/cuno-berufskolleg.de\/?page_id=1109"},"modified":"2024-03-12T08:40:48","modified_gmt":"2024-03-12T07:40:48","slug":"kaufmann-frau-fuer-it-system-management","status":"publish","type":"page","link":"http:\/\/cuno-berufskolleg.de\/en\/kaufmann-frau-fuer-it-system-management\/","title":{"rendered":"Kaufmann\/-frau f\u00fcr IT-System-Management"},"content":{"rendered":"<div data-elementor-type=\"wp-page\" data-elementor-id=\"1109\" class=\"elementor elementor-1109\" data-elementor-post-type=\"page\">\n\t\t\t\t<div class=\"elementor-element elementor-element-50612df e-flex e-con-boxed e-con e-parent\" data-id=\"50612df\" data-element_type=\"container\" data-e-type=\"container\">\n\t\t\t\t\t<div class=\"e-con-inner\">\n\t\t\t\t<div class=\"elementor-element elementor-element-4acfd51 elementor-widget elementor-widget-text-editor\" data-id=\"4acfd51\" data-element_type=\"widget\" data-e-type=\"widget\" data-widget_type=\"text-editor.default\">\n\t\t\t\t<div class=\"elementor-widget-container\">\n\t\t\t\t\t\t\t\t\t<div id=\"c4351\" class=\"csc-frame csc-frame-default\"><div id=\"c3240\" class=\"csc-frame csc-frame-default\"><div class=\"csc-textpic csc-textpic-intext-right\"><figure id=\"attachment_3756\" aria-describedby=\"caption-attachment-3756\" style=\"width: 300px\" class=\"wp-caption alignright\"><a href=\"https:\/\/web.arbeitsagentur.de\/berufenet\/beruf\/133558\" target=\"_blank\" rel=\"noopener\"><img decoding=\"async\" class=\"wp-image-3756 size-medium\" src=\"http:\/\/cuno-berufskolleg.de\/wp-content\/uploads\/2024\/02\/Logo_Berufenet-300x76.jpg\" alt=\"\" width=\"300\" height=\"76\" \/><\/a><figcaption id=\"caption-attachment-3756\" class=\"wp-caption-text\">Weitere Informationen finden Sie hier<\/figcaption><\/figure><strong>Ansprechpartner:<\/strong> <a href=\"http:\/\/cuno-berufskolleg.de\/en\/intern\/herr-klein\/\">Herr Klein<\/a><p><b>Bereichsleiter:<\/b> <a href=\"http:\/\/cuno-berufskolleg.de\/en\/intern\/herr-klein\/\">Herr Klein<\/a><\/p><\/div><\/div><div id=\"c3238\" class=\"csc-frame csc-frame-default\"><ul><li><a class=\"internal-link\" title=\"Opens internal link in current window\" href=\"#wasmachtmetalltechnik\">Was machen Fachkr\u00e4fte f\u00fcr IT-System-Management?<\/a><\/li><li><a class=\"internal-link\" title=\"Opens internal link in current window\" href=\"#fuerwenmetalltechnik\">F\u00fcr wen ist der Job geeignet?<\/a><\/li><li><a class=\"internal-link\" title=\"Opens internal link in current window\" href=\"#ausbildungaufgebautmetalltechnik\">Wie ist die Ausbildung aufgebaut?<\/a><\/li><li><a class=\"internal-link\" title=\"Opens internal link in current window\" href=\"#waskannichmachenmetalltechnik\">Was kann ich aus dem Beruf sp\u00e4ter einmal machen?<\/a><\/li><li><p><a class=\"internal-link\" title=\"Opens internal link in current window\" href=\"#kurzinfometalltechnik\">Kurzinfo<\/a><\/p><\/li><\/ul><\/div><\/div>\t\t\t\t\t\t\t\t<\/div>\n\t\t\t\t<\/div>\n\t\t\t\t\t<\/div>\n\t\t\t\t<\/div>\n\t\t\t\t<section class=\"elementor-section elementor-top-section elementor-element elementor-element-11f981d7 elementor-section-boxed elementor-section-height-default elementor-section-height-default\" data-id=\"11f981d7\" data-element_type=\"section\" data-e-type=\"section\">\n\t\t\t\t\t\t<div class=\"elementor-container elementor-column-gap-default\">\n\t\t\t\t\t<div class=\"elementor-column elementor-col-100 elementor-top-column elementor-element elementor-element-22d2e30b\" data-id=\"22d2e30b\" data-element_type=\"column\" data-e-type=\"column\">\n\t\t\t<div class=\"elementor-widget-wrap elementor-element-populated\">\n\t\t\t\t\t\t<div class=\"elementor-element elementor-element-5c15b0a0 elementor-widget elementor-widget-menu-anchor\" data-id=\"5c15b0a0\" data-element_type=\"widget\" data-e-type=\"widget\" data-widget_type=\"menu-anchor.default\">\n\t\t\t\t<div class=\"elementor-widget-container\">\n\t\t\t\t\t\t\t<div class=\"elementor-menu-anchor\" id=\"wasmachtmetalltechnik\"><\/div>\n\t\t\t\t\t\t<\/div>\n\t\t\t\t<\/div>\n\t\t\t\t<div class=\"elementor-element elementor-element-3a93989e elementor-widget elementor-widget-text-editor\" data-id=\"3a93989e\" data-element_type=\"widget\" data-e-type=\"widget\" data-widget_type=\"text-editor.default\">\n\t\t\t\t<div class=\"elementor-widget-container\">\n\t\t\t\t\t\t\t\t\t<div id=\"c418\" class=\"csc-frame csc-frame-default\"><div class=\"csc-header csc-header-n4\"><div id=\"c388\" class=\"csc-frame csc-frame-default\"><div class=\"csc-header csc-header-n4\"><div id=\"c366\" class=\"csc-frame csc-frame-default\"><div class=\"csc-header csc-header-n4\"><div id=\"c3236\" class=\"csc-frame csc-frame-default\"><div class=\"csc-header csc-header-n3\"><div id=\"c662\" class=\"csc-frame csc-frame-default\"><div class=\"csc-header csc-header-n4\"><h2>Was machen Kaufleute f\u00fcr IT-System-Management?<\/h2><\/div><p class=\"bodytext\">Welches Computersystem oder welche Telefonanlage soll es sein? Die Kundenfrage zur beantworten, ist die Aufgabe von Kaufleuten f\u00fcr IT-System-Management. Die Antworten werden immer andere sein, abh\u00e4ngig vom Kunden und von dessen finanziellen Ausstattung. Die Kaufleute f\u00fcr IT-System-Management informieren und beraten Kunden \u00fcber die verschiedenen Computer- und Telekommunikationsanlagen und bieten Ihnen &#8220;ma\u00dfgeschneiderte&#8221; L\u00f6sungen an. Egal ob der Kunde ein neues System einf\u00fchren oder sein altes System erweitern m\u00f6chte: Vom ersten Gespr\u00e4ch bis zur Installation und ggf. auch Administration der IT-Systeme sind Kaufleute f\u00fcr IT-System-Management die Ansprechpartner des Kunden.<\/p><\/div><div id=\"c4352\" class=\"csc-frame csc-frame-default\"><div class=\"csc-header csc-header-n5\"><h4>Kaufleute f\u00fcr IT-System-Management &#8230;<\/h4><\/div><ul class=\"ce-bullets ce-bullets-0\"><li>beobachten und analysieren den Markt, wissen immer, welche neuen Ger\u00e4te oder Programme es gibt und was sie leisten;<\/li><li>machen Informations- und Telekommunikationsprodukte bekannt und verkaufen sie;<\/li><li>erstellen eine Anforderungsanalyse (kl\u00e4ren in einer Firma, welche Ger\u00e4te und Programme gebraucht werden und was sie an Vorteilen, also Arbeits- und Geldersparnis bringen);<\/li><li>stellen das richtige System f\u00fcr den Kunden zusammen und planen den Aufbau und die Softwareinstallationen;<\/li><li>betreuen die Kunden kaufm\u00e4nnisch (beraten \u00fcber Kosten und Finanzierung), technisch (beraten \u00fcber verschiedene M\u00f6glichkeiten und Modelle von Ger\u00e4ten und Programmen), organisatorisch (zeigen wie Kunden neue Ger\u00e4te in ihr altes System einbauen k\u00f6nnen oder welche zus\u00e4tzlichen Ger\u00e4te ihnen die Arbeit erleichtern);<\/li><li>sind f\u00fcr die finanzielle und vertragliche Abwicklung zust\u00e4ndig;<\/li><li>bieten Service, Beratung und Kontrolle, stehen den Anwendern mit Rat und Tat zur Seite.<\/li><\/ul><\/div><div id=\"c4353\" class=\"csc-frame csc-frame-default\"><div class=\"csc-header csc-header-n6\"><h4>Kaufleute f\u00fcr IT-System-Management arbeiten f\u00fcr &#8230;<\/h4><\/div><ul class=\"ce-bullets ce-bullets-0\"><li>Unternehmen der Informations- und Telekommunikationstechnik, die solche Anlagen herstellen und verkaufen;<\/li><li>den \u00d6ffentlichen Dienst.<\/li><\/ul><\/div><div id=\"c665\" class=\"csc-frame csc-frame-default\"><p class=\"bodytext\">Dort werden sie in der Regel auch gut ausgebildet.<\/p><\/div><\/div><\/div><\/div><\/div><\/div><\/div><\/div><\/div>\t\t\t\t\t\t\t\t<\/div>\n\t\t\t\t<\/div>\n\t\t\t\t\t<\/div>\n\t\t<\/div>\n\t\t\t\t\t<\/div>\n\t\t<\/section>\n\t\t\t\t<section class=\"elementor-section elementor-top-section elementor-element elementor-element-238a1190 elementor-section-boxed elementor-section-height-default elementor-section-height-default\" data-id=\"238a1190\" data-element_type=\"section\" data-e-type=\"section\">\n\t\t\t\t\t\t<div class=\"elementor-container elementor-column-gap-default\">\n\t\t\t\t\t<div class=\"elementor-column elementor-col-100 elementor-top-column elementor-element elementor-element-6f7181ee\" data-id=\"6f7181ee\" data-element_type=\"column\" data-e-type=\"column\">\n\t\t\t<div class=\"elementor-widget-wrap elementor-element-populated\">\n\t\t\t\t\t\t<div class=\"elementor-element elementor-element-5e229253 elementor-widget elementor-widget-menu-anchor\" data-id=\"5e229253\" data-element_type=\"widget\" data-e-type=\"widget\" data-widget_type=\"menu-anchor.default\">\n\t\t\t\t<div class=\"elementor-widget-container\">\n\t\t\t\t\t\t\t<div class=\"elementor-menu-anchor\" id=\"fuerwenmetalltechnik\"><\/div>\n\t\t\t\t\t\t<\/div>\n\t\t\t\t<\/div>\n\t\t\t\t<div class=\"elementor-element elementor-element-25395e26 elementor-widget elementor-widget-text-editor\" data-id=\"25395e26\" data-element_type=\"widget\" data-e-type=\"widget\" data-widget_type=\"text-editor.default\">\n\t\t\t\t<div class=\"elementor-widget-container\">\n\t\t\t\t\t\t\t\t\t<div id=\"c423\" class=\"csc-frame csc-frame-default\"><div class=\"csc-header csc-header-n9\"><div id=\"c393\" class=\"csc-frame csc-frame-default\"><div class=\"csc-header csc-header-n8\"><div id=\"c370\" class=\"csc-frame csc-frame-default\"><div class=\"csc-header csc-header-n8\"><div id=\"c3216\" class=\"csc-frame csc-frame-default\"><div class=\"csc-header csc-header-n11\"><div id=\"c666\" class=\"csc-frame csc-frame-default\"><div class=\"csc-header csc-header-n8\"><h2>F\u00fcr wen ist der Job geeignet?<\/h2><\/div><\/div><div id=\"c667\" class=\"csc-frame csc-frame-default\"><div class=\"csc-header csc-header-n9\"><h4>Bewerber sollten &#8230;<\/h4><\/div><ul class=\"ce-bullets ce-bullets-0\"><li>sich f\u00fcr betriebliche Zusammenh\u00e4nge und Arbeitsabl\u00e4ufe interessieren;<\/li><li>mathematisches Verst\u00e4ndnis und logisches Denkverm\u00f6gen haben;<\/li><li>eine gute Allgemeinbildung mitbringen;<\/li><li>ein gutes sprachliches Ausdrucksverm\u00f6gen haben;<\/li><li>eine schnelle Auffassungsgabe besitzen;<\/li><li>anderen gerne als Ansprechpartner und Berater zur Verf\u00fcgung stehen.<\/li><\/ul><\/div><\/div><\/div><\/div><\/div><\/div><\/div><\/div><\/div>\t\t\t\t\t\t\t\t<\/div>\n\t\t\t\t<\/div>\n\t\t\t\t\t<\/div>\n\t\t<\/div>\n\t\t\t\t\t<\/div>\n\t\t<\/section>\n\t\t\t\t<section class=\"elementor-section elementor-top-section elementor-element elementor-element-3162d548 elementor-section-boxed elementor-section-height-default elementor-section-height-default\" data-id=\"3162d548\" data-element_type=\"section\" data-e-type=\"section\">\n\t\t\t\t\t\t<div class=\"elementor-container elementor-column-gap-default\">\n\t\t\t\t\t<div class=\"elementor-column elementor-col-100 elementor-top-column elementor-element elementor-element-4011b10e\" data-id=\"4011b10e\" data-element_type=\"column\" data-e-type=\"column\">\n\t\t\t<div class=\"elementor-widget-wrap elementor-element-populated\">\n\t\t\t\t\t\t<div class=\"elementor-element elementor-element-7e066688 elementor-widget elementor-widget-menu-anchor\" data-id=\"7e066688\" data-element_type=\"widget\" data-e-type=\"widget\" data-widget_type=\"menu-anchor.default\">\n\t\t\t\t<div class=\"elementor-widget-container\">\n\t\t\t\t\t\t\t<div class=\"elementor-menu-anchor\" id=\"ausbildungaufgebautmetalltechnik\"><\/div>\n\t\t\t\t\t\t<\/div>\n\t\t\t\t<\/div>\n\t\t\t\t<div class=\"elementor-element elementor-element-9ba028c elementor-widget elementor-widget-text-editor\" data-id=\"9ba028c\" data-element_type=\"widget\" data-e-type=\"widget\" data-widget_type=\"text-editor.default\">\n\t\t\t\t<div class=\"elementor-widget-container\">\n\t\t\t\t\t\t\t\t\t<div id=\"c426\" class=\"csc-frame csc-frame-default\"><div class=\"csc-header csc-header-n12\"><div id=\"c396\" class=\"csc-frame csc-frame-default\"><div class=\"csc-header csc-header-n11\"><div id=\"c373\" class=\"csc-frame csc-frame-default\"><div class=\"csc-header csc-header-n11\"><div id=\"c3210\" class=\"csc-frame csc-frame-default\"><div class=\"csc-header csc-header-n14\"><div id=\"c669\" class=\"csc-frame csc-frame-default\"><div class=\"csc-header csc-header-n10\"><h2>Wie ist die Ausbildung aufgebaut?<\/h2><\/div><\/div><div id=\"c4354\" class=\"csc-frame csc-frame-default\"><div class=\"csc-header csc-header-n11\"><h4>Zugangsvoraussetzung<\/h4><\/div><p class=\"bodytext\">Grunds\u00e4tzlich ist keine bestimmte Vorbildung f\u00fcr den Lehrbeginn vorgeschrieben. Die meisten Betriebe erwarten allerdings von ihren Bewerbern und Bewerberinnen mindestens einen sehr guten Realschulabschluss, besser noch die Fachhochschulreife oder die allgemeine Hochschulreife (Abitur).<\/p><\/div><div id=\"c4355\" class=\"csc-frame csc-frame-default\"><div class=\"csc-header csc-header-n12\"><h4>Dauer der Ausbildung<\/h4><\/div><p class=\"bodytext\">Die Ausbildung dauert 3 Jahre. Sie kann aber, je nach Ausbildungsvoraussetzung oder Leistungsf\u00e4higkeit, auf 2 oder 2,5 Jahre verk\u00fcrzt werden.<\/p><\/div><div id=\"c4356\" class=\"csc-frame csc-frame-default\"><div class=\"csc-header csc-header-n13\"><h4>Ablauf der Ausbildung<\/h4><\/div><p class=\"bodytext\">Da es sich um eine duale Ausbildung handelt, findet die Ausbildung sowohl in einem Unternehmen als auch in der Berufsschule statt.<\/p><p class=\"bodytext\">Es werden an beiden Ausbildungsorten die notwendigen theoretischen und praktischen F\u00e4higkeiten erlernt und die berufs\u00fcbergreifenden Qualifikationen. Dazu geh\u00f6ren z.B. Fremdsprachen oder Projektplanung. Die Grundkenntnisse sind f\u00fcr alle technisch orientierten IT-Kaufleute gleich. Im Laufe der Ausbildung kommen dann die speziellen Fachkenntnisse der jeweiligen Schwerpunkte dazu.<\/p><\/div><div id=\"c671\" class=\"csc-frame csc-frame-default\"><div class=\"csc-header csc-header-n14\"><h4>Ausbildungsverg\u00fctung<\/h4><\/div><p class=\"bodytext\">Die H\u00f6he der Ausbildungsverg\u00fctung ist je nach Wirtschaftsbereich und Region, manchmal sogar je nach Unternehmen sehr unterschiedlich. Die jeweiligen Tarifpartner, also die Arbeitgeberverb\u00e4nde und Gewerkschaften, vereinbaren, wie viel Sie w\u00e4hrend und nach Ihrer Ausbildung verdienen. Sie k\u00f6nnen Ihnen genaue Ausk\u00fcnfte geben. Welcher Arbeitgeberverband bzw. welche Gewerkschaft f\u00fcr Ihren Ausbildungsberuf zust\u00e4ndig ist, erfahren Sie zum Beispiel bei Ihrer Industrie- und Handelskammer, beim Berufsverband oder auch beim Arbeitsamt vor Ort.<\/p><\/div><\/div><\/div><\/div><\/div><\/div><\/div><\/div><\/div>\t\t\t\t\t\t\t\t<\/div>\n\t\t\t\t<\/div>\n\t\t\t\t\t<\/div>\n\t\t<\/div>\n\t\t\t\t\t<\/div>\n\t\t<\/section>\n\t\t\t\t<section class=\"elementor-section elementor-top-section elementor-element elementor-element-63e97c8d elementor-section-boxed elementor-section-height-default elementor-section-height-default\" data-id=\"63e97c8d\" data-element_type=\"section\" data-e-type=\"section\">\n\t\t\t\t\t\t<div class=\"elementor-container elementor-column-gap-default\">\n\t\t\t\t\t<div class=\"elementor-column elementor-col-100 elementor-top-column elementor-element elementor-element-6ce03fcb\" data-id=\"6ce03fcb\" data-element_type=\"column\" data-e-type=\"column\">\n\t\t\t<div class=\"elementor-widget-wrap elementor-element-populated\">\n\t\t\t\t\t\t<div class=\"elementor-element elementor-element-466deab2 elementor-widget elementor-widget-menu-anchor\" data-id=\"466deab2\" data-element_type=\"widget\" data-e-type=\"widget\" data-widget_type=\"menu-anchor.default\">\n\t\t\t\t<div class=\"elementor-widget-container\">\n\t\t\t\t\t\t\t<div class=\"elementor-menu-anchor\" id=\"waskannichmachenmetalltechnik\"><\/div>\n\t\t\t\t\t\t<\/div>\n\t\t\t\t<\/div>\n\t\t\t\t<div class=\"elementor-element elementor-element-4f9311ea elementor-widget elementor-widget-text-editor\" data-id=\"4f9311ea\" data-element_type=\"widget\" data-e-type=\"widget\" data-widget_type=\"text-editor.default\">\n\t\t\t\t<div class=\"elementor-widget-container\">\n\t\t\t\t\t\t\t\t\t<div id=\"c430\" class=\"csc-frame csc-frame-default\">\n<div class=\"csc-header csc-header-n16\">\n<div id=\"c400\" class=\"csc-frame csc-frame-default\">\n<div class=\"csc-header csc-header-n15\">\n<div id=\"c376\" class=\"csc-frame csc-frame-default\">\n<div class=\"csc-header csc-header-n14\">\n<div id=\"c3204\" class=\"csc-frame csc-frame-default\">\n<div class=\"csc-header csc-header-n17\">\n<div id=\"c672\" class=\"csc-frame csc-frame-default\">\n<div class=\"csc-header csc-header-n15\">\n<h2>Was kann ich aus dem Beruf sp\u00e4ter einmal machen?<\/h2>\n<\/div>\n<\/div>\n<div id=\"c4357\" class=\"csc-frame csc-frame-default\">\n<p class=\"bodytext\">Eine berufliche Ausbildung ist der erste Schritt ins Berufsleben. Danach geht es weiter. Man kann sich im Unternehmen weiterentwickeln und aufsteigen. Auch die Selbst\u00e4ndigkeit ist m\u00f6glich. Je nach schulischer Voraussetzung ist ein Studium an einer Fachhochschule oder Hochschule m\u00f6glich.<\/p>\n<p class=\"bodytext\">Klar ist: Keiner muss sein Leben lang immer im gleichen Job dasselbe tun.<\/p>\n<p class=\"bodytext\">Im Gegenteil: Wer heutzutage gute Chancen auf dem Arbeitsmarkt bzw. als selbst\u00e4ndige\/-r Unternehmer\/-in haben will, muss flexibel sein und sich regelm\u00e4\u00dfig weiterbilden.<\/p>\n<p class=\"bodytext\">Der Umfang an Weiterbildungsprogrammen w\u00e4chst st\u00e4ndig. Es gibt bundesweit eine Vielzahl verschiedener Qualifizierungsm\u00f6glichkeiten; Anbieter sind die Industrie- und Handelskammern, private Schulungszentren, Berufsbildungszentren und -akademien, zum Beispiel die DAA (Deutsche Angestellten Akademie). Dar\u00fcber hinaus gibt es auch innerbetriebliche Weiterbildungen. Diese Angebote sind im Aufbau sehr unterschiedlich; von Vollzeitangeboten \u00fcber 1- 2-monatige Intensivkurse bis zum berufsbegleitenden Abendkurs.<\/p>\n<\/div>\n<\/div>\n<\/div>\n<\/div>\n<\/div>\n<\/div>\n<\/div>\n<\/div>\n<\/div>\t\t\t\t\t\t\t\t<\/div>\n\t\t\t\t<\/div>\n\t\t\t\t\t<\/div>\n\t\t<\/div>\n\t\t\t\t\t<\/div>\n\t\t<\/section>\n\t\t\t\t<section class=\"elementor-section elementor-top-section elementor-element elementor-element-3df4d602 elementor-section-boxed elementor-section-height-default elementor-section-height-default\" data-id=\"3df4d602\" data-element_type=\"section\" data-e-type=\"section\">\n\t\t\t\t\t\t<div class=\"elementor-container elementor-column-gap-default\">\n\t\t\t\t\t<div class=\"elementor-column elementor-col-100 elementor-top-column elementor-element elementor-element-78bff8c0\" data-id=\"78bff8c0\" data-element_type=\"column\" data-e-type=\"column\">\n\t\t\t<div class=\"elementor-widget-wrap elementor-element-populated\">\n\t\t\t\t\t\t<div class=\"elementor-element elementor-element-55c3bb53 elementor-widget elementor-widget-menu-anchor\" data-id=\"55c3bb53\" data-element_type=\"widget\" data-e-type=\"widget\" data-widget_type=\"menu-anchor.default\">\n\t\t\t\t<div class=\"elementor-widget-container\">\n\t\t\t\t\t\t\t<div class=\"elementor-menu-anchor\" id=\"kurzinfometalltechnik\"><\/div>\n\t\t\t\t\t\t<\/div>\n\t\t\t\t<\/div>\n\t\t\t\t<div class=\"elementor-element elementor-element-1f84616c elementor-widget elementor-widget-text-editor\" data-id=\"1f84616c\" data-element_type=\"widget\" data-e-type=\"widget\" data-widget_type=\"text-editor.default\">\n\t\t\t\t<div class=\"elementor-widget-container\">\n\t\t\t\t\t\t\t\t\t<div id=\"c430\" class=\"csc-frame csc-frame-default\"><div class=\"csc-header csc-header-n16\"><div id=\"c432\" class=\"csc-frame csc-frame-default\"><div class=\"csc-header csc-header-n18\"><div id=\"c432\" class=\"csc-frame csc-frame-default\"><div class=\"csc-header csc-header-n18\"><div id=\"c403\" class=\"csc-frame csc-frame-default\"><div class=\"csc-header csc-header-n18\"><div id=\"c379\" class=\"csc-frame csc-frame-default\"><div class=\"csc-header csc-header-n17\"><div id=\"c3192\" class=\"csc-frame csc-frame-default\"><div class=\"csc-header csc-header-n23\"><div id=\"c677\" class=\"csc-frame csc-frame-default\"><div class=\"csc-header csc-header-n17\"><h2>Kurzinfo<\/h2><\/div><\/div><div id=\"c678\" class=\"csc-frame csc-frame-default\"><div class=\"csc-header csc-header-n18\"><h4>Kaufmann\/-frau f\u00fcr IT-System-Management&#8230;<\/h4><\/div><p class=\"bodytext\">&#8230; informieren und beraten Kunden und bieten L\u00f6sungen f\u00fcr ihre Computer- und Telefonanlagen. Sie betreuen die Kunden kaufm\u00e4nnisch, technisch und organisatorisch.<\/p><\/div><div id=\"c679\" class=\"csc-frame csc-frame-default\"><div class=\"csc-header csc-header-n19\"><h4>Besonders gut ist &#8230;<\/h4><\/div><p class=\"bodytext\">&#8230; die selbst\u00e4ndige Arbeit an einem Projekt von Anfang bis Ende, wechselnde Aufgaben, neue technische Entwicklungen kennen zu lernen.<\/p><\/div><div id=\"c680\" class=\"csc-frame csc-frame-default\"><div class=\"csc-header csc-header-n20\"><h4>Bewerber\/-innen sollten &#8230;<\/h4><\/div><p class=\"bodytext\">&#8230; mathematisches und technisches Verst\u00e4ndnis haben, selbst\u00e4ndig arbeiten und teamf\u00e4hig sein, Interesse haben an technischen und kaufm\u00e4nnischen Zusammenh\u00e4ngen.<\/p><\/div><div id=\"c681\" class=\"csc-frame csc-frame-default\"><div class=\"csc-header csc-header-n21\"><h4>Wer bildet aus?<\/h4><\/div><p class=\"bodytext\">Unternehmen der Informations- und Telekommunikationstechnik, die solche Anlagen herstellen oder verkaufen<\/p><\/div><div id=\"c682\" class=\"csc-frame csc-frame-default\"><div class=\"csc-header csc-header-n22\"><h4>Dauer der Ausbildung?<\/h4><\/div><p class=\"bodytext\">3 Jahre, je nach Ausbildungsvoraussetzung oder Leistungsf\u00e4higkeit, kann auf 2 oder 2,5 Jahre verk\u00fcrzt werden<\/p><\/div><div id=\"c683\" class=\"csc-frame csc-frame-default\"><div class=\"csc-header csc-header-n23\"><h4>Verdienst w\u00e4hrend der Ausbildung und im Beruf?<\/h4><\/div><p class=\"bodytext\">Ausk\u00fcnfte dazu geben Kammer, Arbeitsamt, Berufsverband, Arbeitgeberverband und Gewerkschaft.<\/p><\/div><div id=\"c684\" class=\"csc-frame csc-frame-default\"><div class=\"csc-header csc-header-n24\"><h4>Berufliche Aufstiegschancen?<\/h4><\/div><p class=\"bodytext\">z.B. Ausbilder\/-in, Fachwirt\/-in f\u00fcr Computer-Management z.B. in Firmen. Die Inhalte dieses Berufsbildes beruhen auf Informationen des Bundesministeriums f\u00fcr Wirtschaft und Technologie.<\/p><\/div><\/div><\/div><\/div><\/div><\/div><\/div><\/div><\/div><\/div><\/div><\/div><\/div>\t\t\t\t\t\t\t\t<\/div>\n\t\t\t\t<\/div>\n\t\t\t\t\t<\/div>\n\t\t<\/div>\n\t\t\t\t\t<\/div>\n\t\t<\/section>\n\t\t\t\t<\/div>","protected":false},"excerpt":{"rendered":"<p>Ansprechpartner: Herr Klein Bereichsleiter: Herr Klein Was machen Fachkr\u00e4fte f\u00fcr IT-System-Management? F\u00fcr wen ist der Job geeignet? Wie ist die Ausbildung aufgebaut? Was kann ich aus dem Beruf sp\u00e4ter einmal machen? Kurzinfo Was machen Kaufleute f\u00fcr IT-System-Management? Welches Computersystem oder welche Telefonanlage soll es sein? Die Kundenfrage zur beantworten, ist die Aufgabe von Kaufleuten f\u00fcr [&hellip;]<\/p>\n","protected":false},"author":1,"featured_media":0,"parent":0,"menu_order":0,"comment_status":"closed","ping_status":"closed","template":"","meta":{"footnotes":""},"class_list":["post-1109","page","type-page","status-publish","hentry"],"publishpress_future_action":{"enabled":false,"date":"2026-04-12 18:39:47","action":"change-status","newStatus":"draft","terms":[],"taxonomy":"","extraData":[]},"publishpress_future_workflow_manual_trigger":{"enabledWorkflows":[]},"_links":{"self":[{"href":"http:\/\/cuno-berufskolleg.de\/en\/wp-json\/wp\/v2\/pages\/1109","targetHints":{"allow":["GET"]}}],"collection":[{"href":"http:\/\/cuno-berufskolleg.de\/en\/wp-json\/wp\/v2\/pages"}],"about":[{"href":"http:\/\/cuno-berufskolleg.de\/en\/wp-json\/wp\/v2\/types\/page"}],"author":[{"embeddable":true,"href":"http:\/\/cuno-berufskolleg.de\/en\/wp-json\/wp\/v2\/users\/1"}],"replies":[{"embeddable":true,"href":"http:\/\/cuno-berufskolleg.de\/en\/wp-json\/wp\/v2\/comments?post=1109"}],"version-history":[{"count":5,"href":"http:\/\/cuno-berufskolleg.de\/en\/wp-json\/wp\/v2\/pages\/1109\/revisions"}],"predecessor-version":[{"id":4399,"href":"http:\/\/cuno-berufskolleg.de\/en\/wp-json\/wp\/v2\/pages\/1109\/revisions\/4399"}],"wp:attachment":[{"href":"http:\/\/cuno-berufskolleg.de\/en\/wp-json\/wp\/v2\/media?parent=1109"}],"curies":[{"name":"wp","href":"https:\/\/api.w.org\/{rel}","templated":true}]}}