{"id":1000,"date":"2023-07-18T08:36:59","date_gmt":"2023-07-18T06:36:59","guid":{"rendered":"http:\/\/cuno-berufskolleg.de\/?page_id=1000"},"modified":"2024-03-11T11:22:29","modified_gmt":"2024-03-11T10:22:29","slug":"berufsfachschule-ii","status":"publish","type":"page","link":"http:\/\/cuno-berufskolleg.de\/en\/berufsfachschule-ii\/","title":{"rendered":"Berufsfachschule II"},"content":{"rendered":"<div data-elementor-type=\"wp-page\" data-elementor-id=\"1000\" class=\"elementor elementor-1000\" data-elementor-post-type=\"page\">\n\t\t\t\t\t\t<section class=\"elementor-section elementor-top-section elementor-element elementor-element-fa4ef78 elementor-section-boxed elementor-section-height-default elementor-section-height-default\" data-id=\"fa4ef78\" data-element_type=\"section\" data-e-type=\"section\">\n\t\t\t\t\t\t<div class=\"elementor-container elementor-column-gap-default\">\n\t\t\t\t\t<div class=\"elementor-column elementor-col-100 elementor-top-column elementor-element elementor-element-3a037f1\" data-id=\"3a037f1\" data-element_type=\"column\" data-e-type=\"column\">\n\t\t\t<div class=\"elementor-widget-wrap elementor-element-populated\">\n\t\t\t\t\t\t<div class=\"elementor-element elementor-element-d383e45 elementor-widget__width-initial elementor-widget elementor-widget-text-editor\" data-id=\"d383e45\" data-element_type=\"widget\" data-e-type=\"widget\" data-widget_type=\"text-editor.default\">\n\t\t\t\t<div class=\"elementor-widget-container\">\n\t\t\t\t\t\t\t\t\t<div><h4 data-csc-images=\"1\" data-csc-cols=\"1\">Fachbereich: Technik\/Naturwissenschaften<\/h4><div><p><strong>Ansprechpartner:<\/strong>\u00a0\u00a0<a href=\"http:\/\/cuno-berufskolleg.de\/en\/intern\/herr-schatz\/\">Herr Schatz<\/a><br \/><strong>Bereichsleiter:<\/strong>\u00a0<a href=\"http:\/\/cuno-berufskolleg.de\/en\/intern\/herr-biedermann\/\">Herr Biedermann<\/a><\/p><\/div><\/div><div><div><h4>Berufsfelder<\/h4><\/div><p>Metalltechnik oder Elektrotechnik\u00a0\u00a0 (<span style=\"color: #212121;\"><span style=\"background-color: #ffffff;\"><a href=\"http:\/\/www.schueleranmeldung.de\/\">Anmeldung \u00fcber &#8220;sch\u00fcler online&#8221;<\/a><\/span><\/span>)<\/p><\/div><div><div><h4>Voraussetzungen<\/h4><\/div><p>&#8230;f\u00fcr die Aufnahme in die Berufsfachschule (Typ II)\u00a0<b>Metalltechnik<\/b>\u00a0oder\u00a0<b>Elektrotechnik<\/b> ist die Erf\u00fcllung der allgemeinen Schulpflicht und der Erweiterte Erste Schulabschluss (nach Klasse 10, v<span style=\"color: var( --e-global-color-b8ee05b ); font-family: var( --e-global-typography-text-font-family ), Sans-serif; font-weight: var( --e-global-typography-text-font-weight ); font-size: 1rem;\">ormals Hauptschulabschluss nach Klasse 10<\/span><span style=\"color: var( --e-global-color-b8ee05b ); font-family: var( --e-global-typography-text-font-family ), Sans-serif; font-weight: var( --e-global-typography-text-font-weight ); font-size: 1rem;\">) notwendig.<\/span><\/p><\/div><div><div><h4>Ziel<\/h4><\/div><p><span style=\"color: var( --e-global-color-b8ee05b ); font-family: var( --e-global-typography-text-font-family ), Sans-serif; font-weight: var( --e-global-typography-text-font-weight ); font-size: 1rem;\">&#8230;die Berufsfachschule (TYP II) vermittelt in einj\u00e4hriger Vollzeitform berufliche Kenntnisse, F\u00e4higkeiten und Fertigkeiten und mit der Erf\u00fcllung der Anforderungen des Bildungsganges erwerben die Sch\u00fclerinnen und Sch\u00fcler den mittleren Schulabschluss (Fachoberschulreife), ggf. mit der Berechtigung zum Besuch der gymnasialen Oberstufe.<\/span><\/p><\/div><div><div><h4>Kosten<\/h4><\/div><p>Es werden weder Kosten noch Pr\u00fcfungsgeb\u00fchren erhoben. Allerdings besteht anteilige Lehrmittelfreiheit, sodass Schulb\u00fccher und andere Lehrmaterialien zum Teil zu beschaffen sind.<\/p><\/div><div><div><h4>Inhalte<\/h4><\/div><p>Der Unterricht in der Berufsfachschule f\u00fcr\u00a0Metalltechnik oder Elektrotechnik<strong>\u00a0<\/strong>umfasst 32 bis 35 Wochenstunden. Die Stundentafel f\u00fcr das\u00a0<strong>Berufsfeld Metalltechnik<\/strong>\u00a0enth\u00e4lt im berufsbezogenen Lernbereich die F\u00e4cher Fertigungsprozesse, Montage- und Instandhaltungsprozesse, im\u00a0<strong>Berufsfeld Elektrotechnik<\/strong>\u00a0die F\u00e4cher Produktions- und Instandhaltungsprozesse. Die F\u00e4cher Mathematik, Englisch und Wirtschaftslehre, Deutsch\/Kommunikation, Religion, Sport und Politik werden zus\u00e4tzlich unterrichtet sowie zwei weitere F\u00e4cher aus dem Differenzierungsbereich.<\/p><\/div><div><div><h4>Organisation<\/h4><\/div><p>Der Unterricht findet in Vollzeitform statt. Sch\u00fclerinnen und Sch\u00fcler, <span style=\"color: var( --e-global-color-b8ee05b ); font-family: var( --e-global-typography-text-font-family ), Sans-serif; font-weight: var( --e-global-typography-text-font-weight ); font-size: 1rem;\">die mit dem <\/span><span style=\"color: var( --e-global-color-b8ee05b ); font-family: var( --e-global-typography-text-font-family ), Sans-serif; font-size: 1rem;\">Erweiterten Ersten Schulabschluss<\/span><span style=\"color: var( --e-global-color-b8ee05b ); font-family: var( --e-global-typography-text-font-family ), Sans-serif; font-weight: var( --e-global-typography-text-font-weight ); font-size: 1rem;\"> (Hauptschulabschluss Klasse 10)\u00a0in die Berufsfachschule eintreten\u00a0<\/span><span style=\"color: var( --e-global-color-b8ee05b ); font-family: var( --e-global-typography-text-font-family ), Sans-serif; font-size: 1rem;\">und<\/span><span style=\"color: var( --e-global-color-b8ee05b ); font-family: var( --e-global-typography-text-font-family ), Sans-serif; font-weight: var( --e-global-typography-text-font-weight ); font-size: 1rem;\">\u00a0ggf. in den F\u00e4chern Deutsch\/Kommunikation, Mathematik und Englisch gute Leistungen erzielen, erwerben die\u00a0<\/span><b style=\"color: var( --e-global-color-b8ee05b ); font-family: var( --e-global-typography-text-font-family ), Sans-serif; font-size: 1rem;\">Fachoberschulreife<\/b><span style=\"color: var( --e-global-color-b8ee05b ); font-family: var( --e-global-typography-text-font-family ), Sans-serif; font-weight: var( --e-global-typography-text-font-weight ); font-size: 1rem;\">\u00a0und ggf. die Berechtigung zum Besuch der gymnasialen Oberstufe.<\/span><\/p><\/div><div><p>Der Besuch des Bildungsgangs der Berufsfachschule ist\u00a0<strong>freiwillig<\/strong>. Daher m\u00fcssen sich die Sch\u00fclerinnen und Sch\u00fcler f\u00fcr diesen Bildungsgang mit Lebenslauf, dem letzten Zeugnis und der Anschlussvereinbarung aus dem Projekt &#8220;Kein Abschluss ohne Anschluss&#8221; bewerben. Die\u00a0Anmeldung \u00fcber <a style=\"background-color: #ffffff; color: #212121;\" href=\"http:\/\/www.schueleranmeldung.de\/\" target=\"_blank\" rel=\"noopener\">&#8220;<\/a><span style=\"color: #212121;\"><span style=\"background-color: #ffffff;\"><a href=\"http:\/\/www.schueleranmeldung.de\/\">sch\u00fcler online&#8221;<\/a><\/span><\/span> und die Abgabe der Unterlagen, hat bis sp\u00e4testens zwei Wochen nach dem Erhalt der Halbjahreszeugnisse zu erfolgen. Den genauen Anmeldzeitraum entnehmen Sie bitte der Seite <a style=\"background-color: #ffffff; color: #212121;\" href=\"http:\/\/www.schueleranmeldung.de\/\" target=\"_blank\" rel=\"noopener\">&#8220;<\/a><span style=\"color: #212121;\"><span style=\"background-color: #ffffff;\"><a href=\"http:\/\/www.schueleranmeldung.de\/\">sch\u00fcler online&#8221;<\/a><\/span><\/span>.<\/p><\/div>\t\t\t\t\t\t\t\t<\/div>\n\t\t\t\t<\/div>\n\t\t\t\t\t<\/div>\n\t\t<\/div>\n\t\t\t\t\t<\/div>\n\t\t<\/section>\n\t\t<div class=\"elementor-element elementor-element-f57e56d e-flex e-con-boxed e-con e-parent\" data-id=\"f57e56d\" data-element_type=\"container\" data-e-type=\"container\">\n\t\t\t\t\t<div class=\"e-con-inner\">\n\t\t\t\t<div class=\"elementor-element elementor-element-e9ba3f9 elementor-hidden-desktop elementor-hidden-tablet elementor-hidden-mobile elementor-widget elementor-widget-html\" data-id=\"e9ba3f9\" data-element_type=\"widget\" data-e-type=\"widget\" data-widget_type=\"html.default\">\n\t\t\t\t<div class=\"elementor-widget-container\">\n\t\t\t\t\t<iframe width=\"560\" height=\"315\" src=\"https:\/\/www.youtube-nocookie.com\/embed\/bOdVVrRVpoQ\" title=\"YouTube video player\" frameborder=\"0\" allow=\"accelerometer; autoplay; clipboard-write; encrypted-media; gyroscope; picture-in-picture; web-share\" allowfullscreen><\/iframe>\t\t\t\t<\/div>\n\t\t\t\t<\/div>\n\t\t\t\t\t<\/div>\n\t\t\t\t<\/div>\n\t\t\t\t<\/div>","protected":false},"excerpt":{"rendered":"<p>Fachbereich: Technik\/Naturwissenschaften Ansprechpartner:\u00a0\u00a0Herr SchatzBereichsleiter:\u00a0Herr Biedermann Berufsfelder Metalltechnik oder Elektrotechnik\u00a0\u00a0 (Anmeldung \u00fcber &#8220;sch\u00fcler online&#8221;) Voraussetzungen &#8230;f\u00fcr die Aufnahme in die Berufsfachschule (Typ II)\u00a0Metalltechnik\u00a0oder\u00a0Elektrotechnik ist die Erf\u00fcllung der allgemeinen Schulpflicht und der Erweiterte Erste Schulabschluss (nach Klasse 10, vormals Hauptschulabschluss nach Klasse 10) notwendig. Ziel &#8230;die Berufsfachschule (TYP II) vermittelt in einj\u00e4hriger Vollzeitform berufliche Kenntnisse, F\u00e4higkeiten und [&hellip;]<\/p>\n","protected":false},"author":1,"featured_media":0,"parent":0,"menu_order":0,"comment_status":"closed","ping_status":"closed","template":"","meta":{"footnotes":""},"class_list":["post-1000","page","type-page","status-publish","hentry"],"publishpress_future_action":{"enabled":false,"date":"2026-04-10 19:45:14","action":"change-status","newStatus":"draft","terms":[],"taxonomy":"","extraData":[]},"publishpress_future_workflow_manual_trigger":{"enabledWorkflows":[]},"_links":{"self":[{"href":"http:\/\/cuno-berufskolleg.de\/en\/wp-json\/wp\/v2\/pages\/1000","targetHints":{"allow":["GET"]}}],"collection":[{"href":"http:\/\/cuno-berufskolleg.de\/en\/wp-json\/wp\/v2\/pages"}],"about":[{"href":"http:\/\/cuno-berufskolleg.de\/en\/wp-json\/wp\/v2\/types\/page"}],"author":[{"embeddable":true,"href":"http:\/\/cuno-berufskolleg.de\/en\/wp-json\/wp\/v2\/users\/1"}],"replies":[{"embeddable":true,"href":"http:\/\/cuno-berufskolleg.de\/en\/wp-json\/wp\/v2\/comments?post=1000"}],"version-history":[{"count":5,"href":"http:\/\/cuno-berufskolleg.de\/en\/wp-json\/wp\/v2\/pages\/1000\/revisions"}],"predecessor-version":[{"id":4231,"href":"http:\/\/cuno-berufskolleg.de\/en\/wp-json\/wp\/v2\/pages\/1000\/revisions\/4231"}],"wp:attachment":[{"href":"http:\/\/cuno-berufskolleg.de\/en\/wp-json\/wp\/v2\/media?parent=1000"}],"curies":[{"name":"wp","href":"https:\/\/api.w.org\/{rel}","templated":true}]}}